{"id":3923,"date":"2020-03-04T12:06:17","date_gmt":"2020-03-04T12:06:17","guid":{"rendered":"https:\/\/www.ifbaiano.edu.br\/unidades\/serrinha\/?page_id=3923"},"modified":"2026-04-22T09:22:32","modified_gmt":"2026-04-22T12:22:32","slug":"quem-somos-direcaoadm","status":"publish","type":"page","link":"https:\/\/www.ifbaiano.edu.br\/unidades\/serrinha\/diretoria-administrativa\/quem-somos-direcaoadm\/","title":{"rendered":"Quem Somos"},"content":{"rendered":"\n<p>A Dire\u00e7\u00e3o Administrativa \u00e9 o setor respons\u00e1vel por Planejar, Coordenar, Fomentar, Controlar e Aperfei\u00e7oar a Gest\u00e3o Or\u00e7ament\u00e1ria, Financeira, Cont\u00e1bil e Patrimonial do Campus. Para tal, auxilia as Coordena\u00e7\u00f5es e N\u00facleos a ele subordinadas na execu\u00e7\u00e3o das a\u00e7\u00f5es espec\u00edficas de cada \u00e1rea de compet\u00eancia.<\/p>\n\n\n\n<p>Equipe:<\/p>\n\n\n\n<figure class=\"wp-block-image size-full\"><a href=\"https:\/\/www.ifbaiano.edu.br\/unidades\/serrinha\/files\/2026\/04\/8372-Addla.webp\"><img decoding=\"async\" loading=\"lazy\" width=\"1011\" height=\"639\" src=\"https:\/\/www.ifbaiano.edu.br\/unidades\/serrinha\/files\/2026\/04\/8372-Addla.webp\" alt=\"\" class=\"wp-image-8789\" srcset=\"https:\/\/www.ifbaiano.edu.br\/unidades\/serrinha\/files\/2026\/04\/8372-Addla.webp 1011w, https:\/\/www.ifbaiano.edu.br\/unidades\/serrinha\/files\/2026\/04\/8372-Addla-300x190.webp 300w, https:\/\/www.ifbaiano.edu.br\/unidades\/serrinha\/files\/2026\/04\/8372-Addla-768x485.webp 768w, https:\/\/www.ifbaiano.edu.br\/unidades\/serrinha\/files\/2026\/04\/8372-Addla-100x63.webp 100w\" sizes=\"(max-width: 1011px) 100vw, 1011px\" \/><\/a><\/figure>\n\n\n\n<p><b>Coordena\u00e7\u00e3o Financeira e Cont\u00e1bil<\/b><br>Carla Mary Carvalho Sales de Oliveira<br>E-mail:&nbsp;cfc@serrinha.ifbaiano.edu.br<\/p>\n\n\n\n<p><b>N\u00facleo de Execu\u00e7\u00e3o Or\u00e7ament\u00e1ria e Financeira<\/b><br>Ana Rita Carlos Brito<br>E-mail:&nbsp;neof@serrinha.ifbaiano.edu.br<\/p>\n\n\n\n<p><strong>Coordena\u00e7\u00e3o de Suprimentos e Log\u00edstica<\/strong><br>Othon Jos\u00e9 Lima do Sacramento<br>E-mail:&nbsp;csl@serrinha.ifbaiano.edu.br<\/p>\n\n\n\n<p><b>Setor de Compras e Licita\u00e7\u00f5es<\/b><br>La\u00e9rcio dos Santos Cristo<br>E-mail:&nbsp;compras@serrinha.ifbaiano.edu.br<\/p>\n\n\n\n<p><strong>Setor de Contratos<\/strong><br>Thyala do Nascimento Pinheiro<br>E-mail:\u00a0contratos@serrinha.ifbaiano.edu.br<\/p>\n\n\n\n<p><strong>Setor de Almoxarifado e Patrim\u00f4nio<\/strong><br>Suzana Cardoso Carvalho<br>E-mail:\u00a0almoxarifado@serrinha.ifbaiano.edu.br<\/p>\n\n\n\n<p><strong>Setor de Contabilidade<\/strong><br>Givaldo de Oliveira Costa<\/p>\n","protected":false},"excerpt":{"rendered":"<p>A Dire\u00e7\u00e3o Administrativa \u00e9 o setor respons\u00e1vel por Planejar, Coordenar, Fomentar, Controlar e Aperfei\u00e7oar a Gest\u00e3o Or\u00e7ament\u00e1ria, Financeira, Cont\u00e1bil e Patrimonial do Campus. Para tal, auxilia as Coordena\u00e7\u00f5es e N\u00facleos a ele subordinadas na execu\u00e7\u00e3o das a\u00e7\u00f5es espec\u00edficas de cada \u00e1rea de compet\u00eancia. Equipe: Coordena\u00e7\u00e3o Financeira e Cont\u00e1bilCarla Mary Carvalho Sales de OliveiraE-mail:&nbsp;cfc@serrinha.ifbaiano.edu.br N\u00facleo de [&hellip;]<\/p>\n","protected":false},"author":98,"featured_media":0,"parent":90,"menu_order":0,"comment_status":"closed","ping_status":"closed","template":"","meta":[],"_links":{"self":[{"href":"https:\/\/www.ifbaiano.edu.br\/unidades\/serrinha\/wp-json\/wp\/v2\/pages\/3923"}],"collection":[{"href":"https:\/\/www.ifbaiano.edu.br\/unidades\/serrinha\/wp-json\/wp\/v2\/pages"}],"about":[{"href":"https:\/\/www.ifbaiano.edu.br\/unidades\/serrinha\/wp-json\/wp\/v2\/types\/page"}],"author":[{"embeddable":true,"href":"https:\/\/www.ifbaiano.edu.br\/unidades\/serrinha\/wp-json\/wp\/v2\/users\/98"}],"replies":[{"embeddable":true,"href":"https:\/\/www.ifbaiano.edu.br\/unidades\/serrinha\/wp-json\/wp\/v2\/comments?post=3923"}],"version-history":[{"count":4,"href":"https:\/\/www.ifbaiano.edu.br\/unidades\/serrinha\/wp-json\/wp\/v2\/pages\/3923\/revisions"}],"predecessor-version":[{"id":8791,"href":"https:\/\/www.ifbaiano.edu.br\/unidades\/serrinha\/wp-json\/wp\/v2\/pages\/3923\/revisions\/8791"}],"up":[{"embeddable":true,"href":"https:\/\/www.ifbaiano.edu.br\/unidades\/serrinha\/wp-json\/wp\/v2\/pages\/90"}],"wp:attachment":[{"href":"https:\/\/www.ifbaiano.edu.br\/unidades\/serrinha\/wp-json\/wp\/v2\/media?parent=3923"}],"curies":[{"name":"wp","href":"https:\/\/api.w.org\/{rel}","templated":true}]}}