{"id":3965,"date":"2020-03-11T20:16:54","date_gmt":"2020-03-11T20:16:54","guid":{"rendered":"https:\/\/www.ifbaiano.edu.br\/unidades\/serrinha\/?page_id=3965"},"modified":"2020-03-11T20:22:30","modified_gmt":"2020-03-11T20:22:30","slug":"solicitacao-de-comunicacao","status":"publish","type":"page","link":"https:\/\/www.ifbaiano.edu.br\/unidades\/serrinha\/nucleo-de-comunicacao\/solicitacao-de-comunicacao\/","title":{"rendered":"Solicita\u00e7\u00e3o de Comunica\u00e7\u00e3o"},"content":{"rendered":"\n<p> O N\u00facleo de Comunica\u00e7\u00e3o (NUCOM) \u00e9 um \u00f3rg\u00e3o de apoio e assessoramento do IF Baiano \u2013 Campus Serrinha nas \u00e1reas de Publicidade e Propaganda, Imprensa, Rela\u00e7\u00f5es P\u00fablicas, Produ\u00e7\u00e3o Audiovisual e Internet. Este formul\u00e1rio tem por objetivo receber as solicita\u00e7\u00f5es relacionadas a publica\u00e7\u00f5es no site institucional, divulga\u00e7\u00e3o e cobertura de eventos, e confec\u00e7\u00e3o de materiais gr\u00e1ficos. <\/p>\n\n\n\n\n<div class=\"wpcf7 no-js\" id=\"wpcf7-f3862-o1\" lang=\"pt-BR\" dir=\"ltr\">\n<div class=\"screen-reader-response\"><p role=\"status\" aria-live=\"polite\" aria-atomic=\"true\"><\/p> <ul><\/ul><\/div>\n<form action=\"\/unidades\/serrinha\/wp-json\/wp\/v2\/pages\/3965#wpcf7-f3862-o1\" method=\"post\" class=\"wpcf7-form init\" aria-label=\"Formul\u00e1rios de contato\" enctype=\"multipart\/form-data\" novalidate=\"novalidate\" data-status=\"init\">\n<div style=\"display: none;\">\n<input type=\"hidden\" name=\"_wpcf7\" value=\"3862\" \/>\n<input type=\"hidden\" name=\"_wpcf7_version\" value=\"5.7.6\" \/>\n<input type=\"hidden\" name=\"_wpcf7_locale\" value=\"pt_BR\" \/>\n<input type=\"hidden\" name=\"_wpcf7_unit_tag\" value=\"wpcf7-f3862-o1\" \/>\n<input type=\"hidden\" name=\"_wpcf7_container_post\" value=\"0\" \/>\n<input type=\"hidden\" name=\"_wpcf7_posted_data_hash\" value=\"\" \/>\n<\/div>\n<p><label>Solicitante*<\/label><br \/>\n<span class=\"wpcf7-form-control-wrap\" data-name=\"nome\"><input size=\"40\" class=\"wpcf7-form-control wpcf7-text wpcf7-validates-as-required\" aria-required=\"true\" aria-invalid=\"false\" value=\"\" type=\"text\" name=\"nome\" \/><\/span>\n<\/p>\n<p><label> V\u00ednculo* <\/label><br \/>\n<span class=\"wpcf7-form-control-wrap\" data-name=\"vinculo\"><select class=\"wpcf7-form-control wpcf7-select wpcf7-validates-as-required\" aria-required=\"true\" aria-invalid=\"false\" name=\"vinculo\"><option value=\"\">&#8212;Escolha uma op\u00e7\u00e3o&#8212;<\/option><option value=\"T\u00e9cnico Administrativo\">T\u00e9cnico Administrativo<\/option><option value=\"Docente\">Docente<\/option><option value=\"Estudante\">Estudante<\/option><option value=\"P\u00fablico Externo\">P\u00fablico Externo<\/option><\/select><\/span>\n<\/p>\n<p><label> E-mail*<br \/>\n<span class=\"wpcf7-form-control-wrap\" data-name=\"email\"><input size=\"40\" class=\"wpcf7-form-control wpcf7-text wpcf7-email wpcf7-validates-as-required wpcf7-validates-as-email\" aria-required=\"true\" aria-invalid=\"false\" value=\"\" type=\"email\" name=\"email\" \/><\/span> <\/label>\n<\/p>\n<p><label> Telefone*<br \/>\n<span class=\"wpcf7-form-control-wrap\" data-name=\"telefone\"><input size=\"40\" class=\"wpcf7-form-control wpcf7-text wpcf7-tel wpcf7-validates-as-required wpcf7-validates-as-tel\" aria-required=\"true\" aria-invalid=\"false\" value=\"\" type=\"tel\" name=\"telefone\" \/><\/span><\/label>\n<\/p>\n<p><label> Tipo de Servi\u00e7o*<br \/>\n<span class=\"wpcf7-form-control-wrap\" data-name=\"servico\"><select class=\"wpcf7-form-control wpcf7-select wpcf7-validates-as-required\" aria-required=\"true\" aria-invalid=\"false\" name=\"servico\"><option value=\"\">&#8212;Escolha uma op\u00e7\u00e3o&#8212;<\/option><option value=\"Cobertura de eventos\/fotos\">Cobertura de eventos\/fotos<\/option><option value=\"Confec\u00e7\u00e3o de material gr\u00e1fico (impresso\/digital)\">Confec\u00e7\u00e3o de material gr\u00e1fico (impresso\/digital)<\/option><option value=\"Divulga\u00e7\u00e3o de eventos\/atividades\">Divulga\u00e7\u00e3o de eventos\/atividades<\/option><option value=\"Publica\u00e7\u00e3o no site institucional\">Publica\u00e7\u00e3o no site institucional<\/option><option value=\"Outros\">Outros<\/option><\/select><\/span><\/label>\n<\/p>\n<p><label> Assunto\/Tema<br \/>\n<span class=\"wpcf7-form-control-wrap\" data-name=\"assunto\"><input size=\"40\" class=\"wpcf7-form-control wpcf7-text\" aria-invalid=\"false\" value=\"\" type=\"text\" name=\"assunto\" \/><\/span> <\/label>\n<\/p>\n<p><label> Data<br \/>\n<span class=\"wpcf7-form-control-wrap\" data-name=\"data\"><input class=\"wpcf7-form-control wpcf7-date wpcf7-validates-as-date\" aria-invalid=\"false\" value=\"\" type=\"date\" name=\"data\" \/><\/span><\/label>\n<\/p>\n<p><label> Hor\u00e1rio <\/label>\n<\/p>\n<p><label> Local<br \/>\n<span class=\"wpcf7-form-control-wrap\" data-name=\"local\"><input size=\"40\" class=\"wpcf7-form-control wpcf7-text\" aria-invalid=\"false\" value=\"\" type=\"text\" name=\"local\" \/><\/span> <\/label>\n<\/p>\n<p><label> P\u00fablico Alvo* <\/label><br \/>\n<span class=\"wpcf7-form-control-wrap\" data-name=\"publico-alvo\"><select class=\"wpcf7-form-control wpcf7-select wpcf7-validates-as-required\" aria-required=\"true\" aria-invalid=\"false\" name=\"publico-alvo\"><option value=\"\">&#8212;Escolha uma op\u00e7\u00e3o&#8212;<\/option><option value=\"P\u00fablico Interno\">P\u00fablico Interno<\/option><option value=\"P\u00fablico Externo\">P\u00fablico Externo<\/option><option value=\"P\u00fablico Interno e Externo\">P\u00fablico Interno e Externo<\/option><option value=\"Outros\">Outros<\/option><\/select><\/span>\n<\/p>\n<p><span class=\"wpcf7-form-control-wrap\" data-name=\"outrospa\"><input size=\"40\" class=\"wpcf7-form-control wpcf7-text\" aria-invalid=\"false\" placeholder=\"Especificar Outros\" value=\"\" type=\"text\" name=\"outrospa\" \/><\/span>\n<\/p>\n<p><label> Objetivos<br \/>\n<span class=\"wpcf7-form-control-wrap\" data-name=\"objetivos\"><textarea cols=\"40\" rows=\"10\" class=\"wpcf7-form-control wpcf7-textarea\" aria-invalid=\"false\" name=\"objetivos\"><\/textarea><\/span> <\/label>\n<\/p>\n<p><label> Observa\u00e7\u00f5es<br \/>\n<span class=\"wpcf7-form-control-wrap\" data-name=\"observacoes\"><textarea cols=\"40\" rows=\"10\" class=\"wpcf7-form-control wpcf7-textarea\" aria-invalid=\"false\" name=\"observacoes\"><\/textarea><\/span> <\/label>\n<\/p>\n<p><span class=\"wpcf7-form-control-wrap\" data-name=\"anexo\"><input size=\"40\" class=\"wpcf7-form-control wpcf7-file\" accept=\"audio\/*,video\/*,image\/*\" aria-invalid=\"false\" type=\"file\" name=\"anexo\" \/><\/span>\n<\/p>\n<p><input class=\"wpcf7-form-control has-spinner wpcf7-submit\" type=\"submit\" value=\"Enviar\" \/>\n<\/p><p style=\"display: none !important;\" class=\"akismet-fields-container\" data-prefix=\"_wpcf7_ak_\"><label>&#916;<textarea name=\"_wpcf7_ak_hp_textarea\" cols=\"45\" rows=\"8\" maxlength=\"100\"><\/textarea><\/label><input type=\"hidden\" id=\"ak_js_1\" name=\"_wpcf7_ak_js\" value=\"54\"\/><script>document.getElementById( \"ak_js_1\" ).setAttribute( \"value\", ( new Date() ).getTime() );<\/script><\/p><div class=\"wpcf7-response-output\" aria-hidden=\"true\"><\/div>\n<\/form>\n<\/div>\n\n","protected":false},"excerpt":{"rendered":"<p>O N\u00facleo de Comunica\u00e7\u00e3o (NUCOM) \u00e9 um \u00f3rg\u00e3o de apoio e assessoramento do IF Baiano \u2013 Campus Serrinha nas \u00e1reas de Publicidade e Propaganda, Imprensa, Rela\u00e7\u00f5es P\u00fablicas, Produ\u00e7\u00e3o Audiovisual e Internet. Este formul\u00e1rio tem por objetivo receber as solicita\u00e7\u00f5es relacionadas a publica\u00e7\u00f5es no site institucional, divulga\u00e7\u00e3o e cobertura de eventos, e confec\u00e7\u00e3o de materiais gr\u00e1ficos.<\/p>\n","protected":false},"author":98,"featured_media":0,"parent":3865,"menu_order":0,"comment_status":"closed","ping_status":"closed","template":"","meta":[],"_links":{"self":[{"href":"https:\/\/www.ifbaiano.edu.br\/unidades\/serrinha\/wp-json\/wp\/v2\/pages\/3965"}],"collection":[{"href":"https:\/\/www.ifbaiano.edu.br\/unidades\/serrinha\/wp-json\/wp\/v2\/pages"}],"about":[{"href":"https:\/\/www.ifbaiano.edu.br\/unidades\/serrinha\/wp-json\/wp\/v2\/types\/page"}],"author":[{"embeddable":true,"href":"https:\/\/www.ifbaiano.edu.br\/unidades\/serrinha\/wp-json\/wp\/v2\/users\/98"}],"replies":[{"embeddable":true,"href":"https:\/\/www.ifbaiano.edu.br\/unidades\/serrinha\/wp-json\/wp\/v2\/comments?post=3965"}],"version-history":[{"count":3,"href":"https:\/\/www.ifbaiano.edu.br\/unidades\/serrinha\/wp-json\/wp\/v2\/pages\/3965\/revisions"}],"predecessor-version":[{"id":3972,"href":"https:\/\/www.ifbaiano.edu.br\/unidades\/serrinha\/wp-json\/wp\/v2\/pages\/3965\/revisions\/3972"}],"up":[{"embeddable":true,"href":"https:\/\/www.ifbaiano.edu.br\/unidades\/serrinha\/wp-json\/wp\/v2\/pages\/3865"}],"wp:attachment":[{"href":"https:\/\/www.ifbaiano.edu.br\/unidades\/serrinha\/wp-json\/wp\/v2\/media?parent=3965"}],"curies":[{"name":"wp","href":"https:\/\/api.w.org\/{rel}","templated":true}]}}