{"id":3978,"date":"2020-03-12T12:46:20","date_gmt":"2020-03-12T12:46:20","guid":{"rendered":"https:\/\/www.ifbaiano.edu.br\/unidades\/serrinha\/?page_id=3978"},"modified":"2021-03-30T20:40:29","modified_gmt":"2021-03-30T20:40:29","slug":"informes-geraisdg","status":"publish","type":"page","link":"https:\/\/www.ifbaiano.edu.br\/unidades\/serrinha\/informes-direcaogeral\/informes-geraisdg\/","title":{"rendered":"Informes Gerais"},"content":{"rendered":"\n<p><strong>Orienta\u00e7\u00f5es quanto \u00e0 condu\u00e7\u00e3o remota da Audi\u00eancia P\u00fablica no \u00e2mbito de realiza\u00e7\u00e3o do Estudo de Demanda<\/strong><\/p>\n\n\n\n<p><a rel=\"noreferrer noopener\" href=\"https:\/\/www.ifbaiano.edu.br\/unidades\/serrinha\/files\/2021\/03\/AVISO-DE-AUDIENCIA-PUBLICA.pdf\" target=\"_blank\">Aviso de Audi\u00eancia P\u00fablica<\/a><\/p>\n\n\n\n<p><a href=\"https:\/\/www.ifbaiano.edu.br\/unidades\/serrinha\/files\/2021\/03\/REGULAMENTO-AUDIENCIA-PUBLICA.pdf\" target=\"_blank\" rel=\"noreferrer noopener\">Regulamento da Audi\u00eancia<\/a><\/p>\n\n\n\n<p><a href=\"https:\/\/www.ifbaiano.edu.br\/unidades\/serrinha\/files\/2021\/03\/Relatorio-Final-do-Estudo-de-Demanda.pdf\" target=\"_blank\" rel=\"noreferrer noopener\">Relat\u00f3rio Final do Estudo de Demanda<\/a><\/p>\n","protected":false},"excerpt":{"rendered":"<p>Orienta\u00e7\u00f5es quanto \u00e0 condu\u00e7\u00e3o remota da Audi\u00eancia P\u00fablica no \u00e2mbito de realiza\u00e7\u00e3o do Estudo de Demanda Aviso de Audi\u00eancia P\u00fablica Regulamento da Audi\u00eancia Relat\u00f3rio Final do Estudo de Demanda<\/p>\n","protected":false},"author":98,"featured_media":0,"parent":3914,"menu_order":0,"comment_status":"closed","ping_status":"closed","template":"","meta":[],"_links":{"self":[{"href":"https:\/\/www.ifbaiano.edu.br\/unidades\/serrinha\/wp-json\/wp\/v2\/pages\/3978"}],"collection":[{"href":"https:\/\/www.ifbaiano.edu.br\/unidades\/serrinha\/wp-json\/wp\/v2\/pages"}],"about":[{"href":"https:\/\/www.ifbaiano.edu.br\/unidades\/serrinha\/wp-json\/wp\/v2\/types\/page"}],"author":[{"embeddable":true,"href":"https:\/\/www.ifbaiano.edu.br\/unidades\/serrinha\/wp-json\/wp\/v2\/users\/98"}],"replies":[{"embeddable":true,"href":"https:\/\/www.ifbaiano.edu.br\/unidades\/serrinha\/wp-json\/wp\/v2\/comments?post=3978"}],"version-history":[{"count":8,"href":"https:\/\/www.ifbaiano.edu.br\/unidades\/serrinha\/wp-json\/wp\/v2\/pages\/3978\/revisions"}],"predecessor-version":[{"id":4913,"href":"https:\/\/www.ifbaiano.edu.br\/unidades\/serrinha\/wp-json\/wp\/v2\/pages\/3978\/revisions\/4913"}],"up":[{"embeddable":true,"href":"https:\/\/www.ifbaiano.edu.br\/unidades\/serrinha\/wp-json\/wp\/v2\/pages\/3914"}],"wp:attachment":[{"href":"https:\/\/www.ifbaiano.edu.br\/unidades\/serrinha\/wp-json\/wp\/v2\/media?parent=3978"}],"curies":[{"name":"wp","href":"https:\/\/api.w.org\/{rel}","templated":true}]}}