{"id":41,"date":"2015-10-11T01:35:31","date_gmt":"2015-10-11T01:35:31","guid":{"rendered":"http:\/\/www.ifbaiano.edu.br\/unidades\/serrinha\/?page_id=41"},"modified":"2026-04-28T09:42:59","modified_gmt":"2026-04-28T12:42:59","slug":"editais","status":"publish","type":"page","link":"https:\/\/www.ifbaiano.edu.br\/unidades\/serrinha\/editais\/","title":{"rendered":"Editais de Extens\u00e3o"},"content":{"rendered":"\n<p><\/p>\n\n\n\n<p><a href=\"https:\/\/concurso.ifbaiano.edu.br\/portal\/pibiex-junior-fevereiro-2026\/\" target=\"_blank\" rel=\"noreferrer noopener\">PIBIEX &#8211; Modalidade J\u00fanior &#8211; 2026<\/a>\u00a0 <\/p>\n\n\n\n<p><a href=\"https:\/\/concurso.ifbaiano.edu.br\/portal\/pibiex-superior-fevereiro-2026\/\" target=\"_blank\" rel=\"noreferrer noopener\">PIBIEX &#8211; MODALIDADE SUPERIOR &#8211; 2026<\/a>\u00a0 <\/p>\n\n\n\n<p><a href=\"https:\/\/concurso.ifbaiano.edu.br\/portal\/pibiex-junior-marco-2025\/\" target=\"_blank\" rel=\"noreferrer noopener\">PIBIEX &#8211; Modalidade J\u00fanior &#8211; 2025<\/a>\u00a0 <\/p>\n\n\n\n<p><a href=\"https:\/\/concurso.ifbaiano.edu.br\/portal\/pibiex-superior-marco-2025\/\" target=\"_blank\" rel=\"noreferrer noopener\">PIBIEX &#8211; Modalidade Superior &#8211; 2025<\/a>\u00a0 <\/p>\n\n\n\n<p><a href=\"https:\/\/concurso.ifbaiano.edu.br\/portal\/pibiex-junior-marco-2024\/\" target=\"_blank\" rel=\"noreferrer noopener\">PIBIEX &#8211; Modalidade Junior &#8211; 2024<\/a>\u00a0 <\/p>\n\n\n\n<p><a href=\"https:\/\/concurso.ifbaiano.edu.br\/portal\/pibiex-superior-marco-2024\/\" target=\"_blank\" rel=\"noreferrer noopener\">PIBIEX &#8211; Modalidade Superior &#8211; 2024<\/a>\u00a0 <\/p>\n\n\n\n<p><a href=\"https:\/\/concurso.ifbaiano.edu.br\/portal\/pibiex-junior-2023\/\" target=\"_blank\" rel=\"noreferrer noopener\">PIBIEX &#8211; Modalidade J\u00fanior &#8211; 2023<\/a>\u00a0 <\/p>\n\n\n\n<p><a rel=\"noreferrer noopener\" href=\"https:\/\/concurso.ifbaiano.edu.br\/portal\/pibiex-superior-2023\/\" target=\"_blank\">PIBIEX &#8211; Modalidade Superior &#8211; 2023<\/a>\u00a0 <\/p>\n\n\n\n<p><a href=\"https:\/\/concurso.ifbaiano.edu.br\/portal\/pibiex-junior-2022\/\" target=\"_blank\" rel=\"noreferrer noopener\">PIBIEX &#8211; Modalidade J\u00fanior &#8211; 2022<\/a>\u00a0 <\/p>\n\n\n\n<p><a href=\"https:\/\/concurso.ifbaiano.edu.br\/portal\/pibiex-superior-2022\/\" target=\"_blank\" rel=\"noreferrer noopener\">PIBIEX &#8211; Modalidade Superior &#8211; 2022<\/a>\u00a0 <\/p>\n\n\n\n<p><a href=\"https:\/\/concurso.ifbaiano.edu.br\/portal\/pibiex-junior-2021\/\" target=\"_blank\" rel=\"noreferrer noopener\">PIBIEX &#8211; Modalidade J\u00fanior &#8211; 2021<\/a>\u00a0 <\/p>\n\n\n\n<p><a href=\"https:\/\/concurso.ifbaiano.edu.br\/portal\/pibiex-superior-2021\/\" target=\"_blank\" rel=\"noreferrer noopener\">PIBIEX &#8211; Modalidade Superior &#8211; 2021<\/a>\u00a0 <\/p>\n\n\n\n<p><a href=\"http:\/\/www.ifbaiano.edu.br\/unidades\/serrinha\/files\/2015\/10\/Edital-N\u00ba-20-de-2019-Inscri\u00e7\u00f5es-homologadas-p\u00f3s-recursos.pdf\" target=\"_blank\" rel=\"noreferrer noopener\">EDITAIS PROEX 2020<\/a>\u00a0 <\/p>\n\n\n\n<p><a href=\"http:\/\/www.ifbaiano.edu.br\/unidades\/serrinha\/files\/2015\/10\/Edital-N\u00ba-20-de-2019-Inscri\u00e7\u00f5es-homologadas-p\u00f3s-recursos.pdf\">Edital N\u00ba 20 de 2019 &#8211; Inscri\u00e7\u00f5es homologadas p\u00f3s recursos<\/a>\u00a0 <\/p>\n\n\n\n<p><a href=\"http:\/\/www.ifbaiano.edu.br\/unidades\/serrinha\/files\/2015\/10\/Edital-N\u00ba-20-de-2019-Resultado-dos-recursos-interpostos.pdf\">Edital N\u00ba 20 de 2019 &#8211; Resultado dos recursos interpostos<\/a><\/p>\n\n\n\n<p><a href=\"http:\/\/www.ifbaiano.edu.br\/unidades\/serrinha\/files\/2015\/10\/Edital-N\u00ba-20-de-2019-Inscri\u00e7\u00f5es-homologadas.pdf\">Edital N\u00ba 20 de 2019 &#8211; Inscri\u00e7\u00f5es homologadas<\/a><\/p>\n\n\n\n<p><a href=\"http:\/\/www.ifbaiano.edu.br\/unidades\/serrinha\/files\/2019\/03\/EDITAL-N\u00ba-20-CURSO-FIC-EDUCA\u00c7\u00c3O-DO-COOPERATIVISMO-SOLID\u00c1RIO.pdf\">EDITAL N\u00ba 20 CURSO FIC &#8211; EDUCA\u00c7\u00c3O DO COOPERATIVISMO SOLID\u00c1RIO<\/a><\/p>\n\n\n\n<p>Cursos de Forma\u00e7\u00e3o Inicial e Continuada &#8211; FIC<\/p>\n\n\n\n<p>Edital N\u00ba 10&nbsp;<a href=\"http:\/\/www.ifbaiano.edu.br\/unidades\/serrinha\/2019\/01\/31\/oferta-de-cursos-fic\/\">Oferta de cursos FIC &#8211; 2019.1<\/a><\/p>\n\n\n\n<p>Documentos necess\u00e1rios \u00e0 submiss\u00e3o de&nbsp;projetos:<\/p>\n\n\n\n<p><a href=\"http:\/\/www.ifbaiano.edu.br\/unidades\/serrinha\/files\/2015\/10\/Fwd-KIT-FIC-FORMA\u00c7\u00c3O-INICIAL.zip\">KIT FIC &#8211; FORMA\u00c7\u00c3O INICIAL<\/a><\/p>\n\n\n\n<p>Para oferta de cursos na modalidade &#8220;Forma\u00e7\u00e3o Inicial&#8221;, favor acessar o <a href=\"http:\/\/spp.mec.gov.br\/public\/pdf\/guia-cursos-fic.pdf\">Guia Pronatec de Cursos FIC<\/a><\/p>\n\n\n\n<p><a href=\"http:\/\/www.ifbaiano.edu.br\/unidades\/serrinha\/files\/2015\/10\/anexomanual-II-formulario_proposta_projeto.doc\">anexomanual-II-formulario_proposta_projeto<\/a><\/p>\n\n\n\n<p><a href=\"http:\/\/www.ifbaiano.edu.br\/unidades\/serrinha\/files\/2015\/10\/anexo-manual-III-formulario_curso_extensao.doc\">anexo-manual-III-formulario_curso_extensao<\/a><\/p>\n\n\n\n<p><a href=\"http:\/\/www.ifbaiano.edu.br\/unidades\/serrinha\/files\/2015\/10\/anexo-manual-IV-formulario_proposta_evento.doc\">anexo-manual-IV-formulario_proposta_evento<\/a><\/p>\n\n\n\n<p><a href=\"http:\/\/www.ifbaiano.edu.br\/unidades\/serrinha\/files\/2015\/10\/anexo-manual-V-formulario_solicitacao_visita_tecnica.doc\">anexo-manual-V-formulario_solicitacao_visita_tecnica<\/a><\/p>\n\n\n\n<p><a href=\"http:\/\/www.ifbaiano.edu.br\/unidades\/serrinha\/files\/2015\/10\/FORMUL\u00c1RIO-CURSOS-DE-FORMA\u00c7\u00c3O-CONTINUADA-Final.odt\">FORMUL\u00c1RIO-CURSOS-DE-FORMA\u00c7\u00c3O-CONTINUADA-Final<\/a><\/p>\n\n\n\n<p><a href=\"http:\/\/www.ifbaiano.edu.br\/unidades\/serrinha\/files\/2015\/10\/Infogr\u00e1fico-da-Resolu\u00e7\u00e3o-N\u00ba-11-2018-Cursos-FIC.pdf\">Infogr\u00e1fico-da-Resolu\u00e7\u00e3o-N\u00ba-11-2018-Cursos-FIC<\/a><\/p>\n\n\n\n<p><a href=\"http:\/\/www.ifbaiano.edu.br\/unidades\/serrinha\/files\/2015\/10\/MODELO-EDITAL.doc\">MODELO-EDITAL<\/a> <a href=\"http:\/\/www.ifbaiano.edu.br\/unidades\/serrinha\/files\/2015\/10\/ORIENTA\u00c7\u00d5ES-PARA-OFERTA-DE-CURSOS-FIC.odt\">ORIENTA\u00c7\u00d5ES-PARA-OFERTA-DE-CURSOS-FIC<\/a><\/p>\n\n\n\n<p><a href=\"http:\/\/www.ifbaiano.edu.br\/unidades\/serrinha\/files\/2015\/10\/Resolu\u00e7\u00e3o-62-2016-Regulamento-Cursos-FIC.pdf\">Resolu\u00e7\u00e3o-62-2016-Regulamento-Cursos-FIC<\/a><\/p>\n","protected":false},"excerpt":{"rendered":"<p>PIBIEX &#8211; Modalidade J\u00fanior &#8211; 2026\u00a0 PIBIEX &#8211; MODALIDADE SUPERIOR &#8211; 2026\u00a0 PIBIEX &#8211; Modalidade J\u00fanior &#8211; 2025\u00a0 PIBIEX &#8211; Modalidade Superior &#8211; 2025\u00a0 PIBIEX &#8211; Modalidade Junior &#8211; 2024\u00a0 PIBIEX &#8211; Modalidade Superior &#8211; 2024\u00a0 PIBIEX &#8211; Modalidade J\u00fanior &#8211; 2023\u00a0 PIBIEX &#8211; Modalidade Superior &#8211; 2023\u00a0 PIBIEX &#8211; Modalidade J\u00fanior &#8211; 2022\u00a0 PIBIEX [&hellip;]<\/p>\n","protected":false},"author":70,"featured_media":0,"parent":0,"menu_order":0,"comment_status":"open","ping_status":"open","template":"","meta":[],"_links":{"self":[{"href":"https:\/\/www.ifbaiano.edu.br\/unidades\/serrinha\/wp-json\/wp\/v2\/pages\/41"}],"collection":[{"href":"https:\/\/www.ifbaiano.edu.br\/unidades\/serrinha\/wp-json\/wp\/v2\/pages"}],"about":[{"href":"https:\/\/www.ifbaiano.edu.br\/unidades\/serrinha\/wp-json\/wp\/v2\/types\/page"}],"author":[{"embeddable":true,"href":"https:\/\/www.ifbaiano.edu.br\/unidades\/serrinha\/wp-json\/wp\/v2\/users\/70"}],"replies":[{"embeddable":true,"href":"https:\/\/www.ifbaiano.edu.br\/unidades\/serrinha\/wp-json\/wp\/v2\/comments?post=41"}],"version-history":[{"count":18,"href":"https:\/\/www.ifbaiano.edu.br\/unidades\/serrinha\/wp-json\/wp\/v2\/pages\/41\/revisions"}],"predecessor-version":[{"id":8815,"href":"https:\/\/www.ifbaiano.edu.br\/unidades\/serrinha\/wp-json\/wp\/v2\/pages\/41\/revisions\/8815"}],"wp:attachment":[{"href":"https:\/\/www.ifbaiano.edu.br\/unidades\/serrinha\/wp-json\/wp\/v2\/media?parent=41"}],"curies":[{"name":"wp","href":"https:\/\/api.w.org\/{rel}","templated":true}]}}