{"id":4136,"date":"2020-04-28T19:21:06","date_gmt":"2020-04-28T19:21:06","guid":{"rendered":"https:\/\/www.ifbaiano.edu.br\/unidades\/serrinha\/?page_id=4136"},"modified":"2023-05-19T15:29:10","modified_gmt":"2023-05-19T18:29:10","slug":"orientacoes-gerais","status":"publish","type":"page","link":"https:\/\/www.ifbaiano.edu.br\/unidades\/serrinha\/estagio\/orientacoes-gerais\/","title":{"rendered":"Orienta\u00e7\u00f5es Gerais"},"content":{"rendered":"\n<p>\u00a0<strong>Cursos T\u00e9cnicos de N\u00edvel M\u00e9dio<\/strong><\/p>\n\n\n\n<div class=\"wp-block-file\"><a id=\"wp-block-file--media-d4af235b-1411-4e37-baac-da6c8305743a\" href=\"https:\/\/www.ifbaiano.edu.br\/unidades\/serrinha\/files\/2023\/05\/Tecnico-em-Agroecologia-Integrado-ao-Ensino-Medio.pdf\" target=\"_blank\" rel=\"noreferrer noopener\">T\u00e9cnico em Agroecologia Integrado ao Ensino M\u00e9dio<\/a><\/div>\n\n\n\n<div class=\"wp-block-file\"><a id=\"wp-block-file--media-067f5723-3e35-4788-8e64-65f1f0e4a036\" href=\"https:\/\/www.ifbaiano.edu.br\/unidades\/serrinha\/files\/2023\/05\/Tecnico-em-Alimentos-Integrado-ao-Ensino-Medio.pdf\" target=\"_blank\" rel=\"noreferrer noopener\">T\u00e9cnico em Alimentos Integrado ao Ensino M\u00e9dio<\/a><\/div>\n\n\n\n<div class=\"wp-block-file\"><a id=\"wp-block-file--media-89e6a450-2f1a-4164-9e8a-6b97a3bc404a\" href=\"https:\/\/www.ifbaiano.edu.br\/unidades\/serrinha\/files\/2023\/05\/Tecnico-em-Agroindustria-Integrado-ao-Ensino-Medio-PROEJA.pdf\" target=\"_blank\" rel=\"noreferrer noopener\">T\u00e9cnico em Agroind\u00fastria Integrado ao Ensino M\u00e9dio (PROEJA)<\/a><\/div>\n\n\n\n<div class=\"wp-block-file\"><a id=\"wp-block-file--media-1f37ee09-71dd-40c9-981e-ae36a10c1522\" href=\"https:\/\/www.ifbaiano.edu.br\/unidades\/serrinha\/files\/2023\/05\/Tecnico-em-Agropecuaria-Subsequente-ao-Ensino-Medio.pdf\" target=\"_blank\" rel=\"noreferrer noopener\">T\u00e9cnico em Agropecu\u00e1ria Subsequente ao Ensino M\u00e9dio<\/a><\/div>\n\n\n\n<div class=\"wp-block-file\"><a id=\"wp-block-file--media-684e8fc8-6d8a-4c05-a09c-23e7e700cec0\" href=\"https:\/\/www.ifbaiano.edu.br\/unidades\/serrinha\/files\/2023\/05\/Tecnico-em-Instrumento-Musical-Subsequente-ao-Ensino-Medio.pdf\" target=\"_blank\" rel=\"noreferrer noopener\">T\u00e9cnico em Instrumento Musical Subsequente ao Ensino M\u00e9dio<\/a><\/div>\n\n\n\n<p><strong>Cursos Superiores<\/strong><\/p>\n\n\n\n<div class=\"wp-block-file\"><a id=\"wp-block-file--media-a0c9e169-28cb-4918-8467-ca0ce0d605c5\" href=\"https:\/\/www.ifbaiano.edu.br\/unidades\/serrinha\/files\/2023\/05\/Tecnologia-em-Gestao-de-Cooperativas.pdf\" target=\"_blank\" rel=\"noreferrer noopener\">Tecnologia em Gest\u00e3o de Cooperativas<\/a><\/div>\n\n\n\n<div class=\"wp-block-file\"><a id=\"wp-block-file--media-9c405c64-d8d7-4b2e-9c3a-1c4faa88cad1\" href=\"https:\/\/www.ifbaiano.edu.br\/unidades\/serrinha\/files\/2023\/05\/Licenciatura-em-Ciencias-Biologicas.pdf\" target=\"_blank\" rel=\"noreferrer noopener\">Licenciatura em Ci\u00eancias Biol\u00f3gicas<\/a><\/div>\n","protected":false},"excerpt":{"rendered":"<p>\u00a0Cursos T\u00e9cnicos de N\u00edvel M\u00e9dio Cursos Superiores<\/p>\n","protected":false},"author":186,"featured_media":0,"parent":3685,"menu_order":0,"comment_status":"closed","ping_status":"closed","template":"","meta":[],"_links":{"self":[{"href":"https:\/\/www.ifbaiano.edu.br\/unidades\/serrinha\/wp-json\/wp\/v2\/pages\/4136"}],"collection":[{"href":"https:\/\/www.ifbaiano.edu.br\/unidades\/serrinha\/wp-json\/wp\/v2\/pages"}],"about":[{"href":"https:\/\/www.ifbaiano.edu.br\/unidades\/serrinha\/wp-json\/wp\/v2\/types\/page"}],"author":[{"embeddable":true,"href":"https:\/\/www.ifbaiano.edu.br\/unidades\/serrinha\/wp-json\/wp\/v2\/users\/186"}],"replies":[{"embeddable":true,"href":"https:\/\/www.ifbaiano.edu.br\/unidades\/serrinha\/wp-json\/wp\/v2\/comments?post=4136"}],"version-history":[{"count":3,"href":"https:\/\/www.ifbaiano.edu.br\/unidades\/serrinha\/wp-json\/wp\/v2\/pages\/4136\/revisions"}],"predecessor-version":[{"id":7375,"href":"https:\/\/www.ifbaiano.edu.br\/unidades\/serrinha\/wp-json\/wp\/v2\/pages\/4136\/revisions\/7375"}],"up":[{"embeddable":true,"href":"https:\/\/www.ifbaiano.edu.br\/unidades\/serrinha\/wp-json\/wp\/v2\/pages\/3685"}],"wp:attachment":[{"href":"https:\/\/www.ifbaiano.edu.br\/unidades\/serrinha\/wp-json\/wp\/v2\/media?parent=4136"}],"curies":[{"name":"wp","href":"https:\/\/api.w.org\/{rel}","templated":true}]}}