{"id":4353,"date":"2020-08-13T18:11:26","date_gmt":"2020-08-13T18:11:26","guid":{"rendered":"https:\/\/www.ifbaiano.edu.br\/unidades\/serrinha\/?page_id=4353"},"modified":"2022-05-17T10:06:34","modified_gmt":"2022-05-17T13:06:34","slug":"registros-fotograficos-cpa","status":"publish","type":"page","link":"https:\/\/www.ifbaiano.edu.br\/unidades\/serrinha\/cpa\/registros-fotograficos-cpa\/","title":{"rendered":"Registros Fotogr\u00e1ficos e Apresenta\u00e7\u00f5es da CPA"},"content":{"rendered":"\n<div class=\"wp-block-file\"><a href=\"https:\/\/www.ifbaiano.edu.br\/unidades\/serrinha\/files\/2022\/05\/Apresentacao_CPA_Local_04_mai_2022_Reuniao_Geral-1-1.pdf\" target=\"_blank\" rel=\"noreferrer noopener\">Apresenta\u00e7\u00e3o_CPA_Local_04_mai_2022_Reuniao_Geral<\/a><\/div>\n\n\n\n<div class=\"wp-block-file\"><a href=\"https:\/\/www.ifbaiano.edu.br\/unidades\/serrinha\/files\/2022\/05\/Apresentacao_CPA_Semana_Academica_27_set_2021-1.pdf\" target=\"_blank\" rel=\"noreferrer noopener\"> Apresenta\u00e7\u00e3o_CPA_Semana_Academica_27_set_2021<\/a><\/div>\n\n\n\n<div class=\"wp-block-file\"><a href=\"https:\/\/www.ifbaiano.edu.br\/unidades\/serrinha\/files\/2022\/05\/Apresentacao_CPA_Reuniao_Gestao_14_ago_2020_e_Reuniao_Geral_19_ago_2020-1.pdf\" target=\"_blank\" rel=\"noreferrer noopener\"> Apresenta\u00e7\u00e3o_CPA_Reuniao_Gestao_14_ago_2020_e_Reuniao_Geral_19_ago_2020<\/a><\/div>\n\n\n\n<div class=\"wp-block-file\"><a href=\"https:\/\/www.ifbaiano.edu.br\/unidades\/serrinha\/files\/2022\/05\/Apresentacao_CPA_17_out_2019-1.pdf\" target=\"_blank\" rel=\"noreferrer noopener\"> Apresenta\u00e7\u00e3o _CPA_17_out_2019<\/a><\/div>\n\n\n\n<div class=\"wp-block-file\"><a href=\"https:\/\/www.ifbaiano.edu.br\/unidades\/serrinha\/files\/2022\/05\/Apresentacao_CPA_Local_05_dez_2018_Sensibilizacao_comunidade-1.pdf\" target=\"_blank\" rel=\"noreferrer noopener\"> Apresenta\u00e7\u00e3o_CPA_Local_05_dez_2018_Sensibiliza\u00e7\u00e3o_comunidade<\/a><\/div>\n\n\n\n<div class=\"wp-block-file\"><a href=\"https:\/\/www.ifbaiano.edu.br\/unidades\/serrinha\/files\/2022\/05\/Murais-Eixo-1-e-2-Missao-e-Diretrizes-1.pdf\" target=\"_blank\" rel=\"noreferrer noopener\">Murais &#8211; Eixo 1 e 2 Miss\u00e3o e Diretrizes<\/a><\/div>\n\n\n\n<div class=\"wp-block-file\"><a href=\"https:\/\/www.ifbaiano.edu.br\/unidades\/serrinha\/files\/2022\/05\/Agradecimentos.Resultados-1.pdf\" target=\"_blank\" rel=\"noreferrer noopener\">Agradecimentos.Resultados<\/a><\/div>\n\n\n\n<figure class=\"wp-block-gallery columns-5 is-cropped wp-block-gallery-1 is-layout-flex\"><ul class=\"blocks-gallery-grid\"><li class=\"blocks-gallery-item\"><figure><a href=\"https:\/\/www.ifbaiano.edu.br\/unidades\/serrinha\/files\/2022\/05\/Card-CPA-2020-ano-de-referencia-2019.jpeg\"><img decoding=\"async\" loading=\"lazy\" width=\"1000\" height=\"1000\" src=\"https:\/\/www.ifbaiano.edu.br\/unidades\/serrinha\/files\/2022\/05\/Card-CPA-2020-ano-de-referencia-2019.jpeg\" alt=\"\" data-id=\"6166\" data-link=\"https:\/\/www.ifbaiano.edu.br\/unidades\/serrinha\/card-cpa-2020-ano-de-referencia-2019\/\" class=\"wp-image-6166\" \/><\/a><\/figure><\/li><li class=\"blocks-gallery-item\"><figure><a href=\"https:\/\/www.ifbaiano.edu.br\/unidades\/serrinha\/files\/2022\/05\/card-2022-ano-de-referencia-2021.jpg\"><img decoding=\"async\" loading=\"lazy\" width=\"1080\" height=\"1080\" src=\"https:\/\/www.ifbaiano.edu.br\/unidades\/serrinha\/files\/2022\/05\/card-2022-ano-de-referencia-2021.jpg\" alt=\"\" data-id=\"6165\" data-link=\"https:\/\/www.ifbaiano.edu.br\/unidades\/serrinha\/card-2022-ano-de-referencia-2021\/\" class=\"wp-image-6165\" \/><\/a><\/figure><\/li><li class=\"blocks-gallery-item\"><figure><a href=\"https:\/\/www.ifbaiano.edu.br\/unidades\/serrinha\/files\/2022\/05\/card-2021-ano-de-referencia-2020.jpeg\"><img decoding=\"async\" loading=\"lazy\" width=\"960\" height=\"960\" src=\"https:\/\/www.ifbaiano.edu.br\/unidades\/serrinha\/files\/2022\/05\/card-2021-ano-de-referencia-2020.jpeg\" alt=\"\" data-id=\"6164\" data-link=\"https:\/\/www.ifbaiano.edu.br\/unidades\/serrinha\/card-2021-ano-de-referencia-2020\/\" class=\"wp-image-6164\" \/><\/a><\/figure><\/li><li class=\"blocks-gallery-item\"><figure><a href=\"https:\/\/www.ifbaiano.edu.br\/unidades\/serrinha\/files\/2022\/05\/Divulgacao-Relatorio-Final.jpeg\"><img decoding=\"async\" loading=\"lazy\" width=\"850\" height=\"850\" src=\"https:\/\/www.ifbaiano.edu.br\/unidades\/serrinha\/files\/2022\/05\/Divulgacao-Relatorio-Final.jpeg\" alt=\"\" data-id=\"6167\" data-link=\"https:\/\/www.ifbaiano.edu.br\/unidades\/serrinha\/divulgacao-relatorio-final\/\" class=\"wp-image-6167\" \/><\/a><\/figure><\/li><li class=\"blocks-gallery-item\"><figure><a href=\"https:\/\/www.ifbaiano.edu.br\/unidades\/serrinha\/files\/2022\/05\/Campus_Participativo-2019-ano-de-referencia-2018-1.jpg\"><img decoding=\"async\" loading=\"lazy\" width=\"363\" height=\"468\" src=\"https:\/\/www.ifbaiano.edu.br\/unidades\/serrinha\/files\/2022\/05\/Campus_Participativo-2019-ano-de-referencia-2018-1.jpg\" alt=\"\" data-id=\"6198\" data-link=\"https:\/\/www.ifbaiano.edu.br\/unidades\/serrinha\/cpa\/registros-fotograficos-cpa\/campus_participativo-2019-ano-de-referencia-2018-1\/\" class=\"wp-image-6198\" \/><\/a><\/figure><\/li><li class=\"blocks-gallery-item\"><figure><a href=\"https:\/\/www.ifbaiano.edu.br\/unidades\/serrinha\/files\/2022\/05\/Adesivo-participacao-2019-ano-de-referencia-2018-3.png\"><img decoding=\"async\" loading=\"lazy\" width=\"467\" height=\"130\" src=\"https:\/\/www.ifbaiano.edu.br\/unidades\/serrinha\/files\/2022\/05\/Adesivo-participacao-2019-ano-de-referencia-2018-3.png\" alt=\"\" data-id=\"6202\" data-link=\"https:\/\/www.ifbaiano.edu.br\/unidades\/serrinha\/cpa\/registros-fotograficos-cpa\/adesivo-participacao-2019-ano-de-referencia-2018-3\/\" class=\"wp-image-6202\" \/><\/a><\/figure><\/li><\/ul><\/figure>\n\n\n\n<div style=\"height:31px\" aria-hidden=\"true\" class=\"wp-block-spacer\"><\/div>\n\n\n\n<div id=\"TituloMenu\" class=\"dnone\" align=\"center\">Jingle da CPA Local<\/div>\n\n\n\n<figure class=\"wp-block-audio\"><audio controls src=\"https:\/\/www.ifbaiano.edu.br\/unidades\/serrinha\/files\/2022\/05\/Jingle-CPA-Local.mp3\"><\/audio><\/figure>\n","protected":false},"excerpt":{"rendered":"<p>Jingle da CPA Local<\/p>\n","protected":false},"author":186,"featured_media":0,"parent":4338,"menu_order":0,"comment_status":"closed","ping_status":"closed","template":"","meta":[],"_links":{"self":[{"href":"https:\/\/www.ifbaiano.edu.br\/unidades\/serrinha\/wp-json\/wp\/v2\/pages\/4353"}],"collection":[{"href":"https:\/\/www.ifbaiano.edu.br\/unidades\/serrinha\/wp-json\/wp\/v2\/pages"}],"about":[{"href":"https:\/\/www.ifbaiano.edu.br\/unidades\/serrinha\/wp-json\/wp\/v2\/types\/page"}],"author":[{"embeddable":true,"href":"https:\/\/www.ifbaiano.edu.br\/unidades\/serrinha\/wp-json\/wp\/v2\/users\/186"}],"replies":[{"embeddable":true,"href":"https:\/\/www.ifbaiano.edu.br\/unidades\/serrinha\/wp-json\/wp\/v2\/comments?post=4353"}],"version-history":[{"count":7,"href":"https:\/\/www.ifbaiano.edu.br\/unidades\/serrinha\/wp-json\/wp\/v2\/pages\/4353\/revisions"}],"predecessor-version":[{"id":6206,"href":"https:\/\/www.ifbaiano.edu.br\/unidades\/serrinha\/wp-json\/wp\/v2\/pages\/4353\/revisions\/6206"}],"up":[{"embeddable":true,"href":"https:\/\/www.ifbaiano.edu.br\/unidades\/serrinha\/wp-json\/wp\/v2\/pages\/4338"}],"wp:attachment":[{"href":"https:\/\/www.ifbaiano.edu.br\/unidades\/serrinha\/wp-json\/wp\/v2\/media?parent=4353"}],"curies":[{"name":"wp","href":"https:\/\/api.w.org\/{rel}","templated":true}]}}