{"id":4600,"date":"2020-10-30T15:09:42","date_gmt":"2020-10-30T15:09:42","guid":{"rendered":"https:\/\/www.ifbaiano.edu.br\/unidades\/serrinha\/?page_id=4600"},"modified":"2020-10-30T15:09:42","modified_gmt":"2020-10-30T15:09:42","slug":"pregao-eletronico-tradicional-09-2018-contratacao-de-servicos-de-mao-de-obra-terceirizada-de-natureza-continua-apoio-administrativo-e-limpeza","status":"publish","type":"page","link":"https:\/\/www.ifbaiano.edu.br\/unidades\/serrinha\/pregao-eletronico-tradicional-09-2018-contratacao-de-servicos-de-mao-de-obra-terceirizada-de-natureza-continua-apoio-administrativo-e-limpeza\/","title":{"rendered":"Preg\u00e3o Eletr\u00f4nico Tradicional 09\/2018 \u2013 Contrata\u00e7\u00e3o de servi\u00e7os de m\u00e3o de obra terceirizada, de natureza cont\u00ednua (Apoio Administrativo e Limpeza)"},"content":{"rendered":"\n<div class=\"wp-block-file\"><a href=\"https:\/\/www.ifbaiano.edu.br\/unidades\/serrinha\/files\/2020\/10\/EDITAL-CAMPUS-SERRINHA-1.pdf\">EDITAL CAMPUS SERRINHA<\/a><\/div>\n\n\n\n<div class=\"wp-block-file\"><a href=\"https:\/\/www.ifbaiano.edu.br\/unidades\/serrinha\/files\/2020\/10\/ANEXO-I-Termo-de-Referencia-Serrinha-1.pdf\">ANEXO I &#8211; Termo de Referencia &#8211; Serrinha<\/a><\/div>\n\n\n\n<div class=\"wp-block-file\"><a href=\"https:\/\/www.ifbaiano.edu.br\/unidades\/serrinha\/files\/2020\/10\/ANEXO-II-Termo-de-Contrato-1.pdf\">ANEXO II &#8211; Termo-de-Contrato<\/a><\/div>\n\n\n\n<div class=\"wp-block-file\"><a href=\"https:\/\/www.ifbaiano.edu.br\/unidades\/serrinha\/files\/2020\/10\/ANEXO-III-Planilha-Modelo-para-elaboracao-proposta-1.ods\">ANEXO III &#8211; Planilha-Modelo-para-elaboracao-proposta<\/a><\/div>\n\n\n\n<div class=\"wp-block-file\"><a href=\"https:\/\/www.ifbaiano.edu.br\/unidades\/serrinha\/files\/2020\/10\/ANEXO-IV-Acordo-de-Niveis-de-Servicos-1.pdf\">ANEXO IV &#8211; Acordo-de-Niveis-de-Servicos<\/a><\/div>\n\n\n\n<div class=\"wp-block-file\"><a href=\"https:\/\/www.ifbaiano.edu.br\/unidades\/serrinha\/files\/2020\/10\/ANEXO-V-Modelo-de-declaracao-de-contratos-firmados-1.pdf\">ANEXO V &#8211; Modelo-de-declaracao-de-contratos-firmados<\/a><\/div>\n\n\n\n<div class=\"wp-block-file\"><a href=\"https:\/\/www.ifbaiano.edu.br\/unidades\/serrinha\/files\/2020\/10\/ANEXOV2-1.pdf\">ANEXO VI &#8211; Declara\u00e7\u00e3o de inexist\u00eancia de vinculo familiar<\/a><\/div>\n\n\n\n<div class=\"wp-block-file\"><a href=\"https:\/\/www.ifbaiano.edu.br\/unidades\/serrinha\/files\/2020\/10\/ANEXO-VII-Modelo-Declaracao-LDO-1.pdf\">ANEXO VII &#8211; Modelo-Declaracao-LDO<\/a><\/div>\n\n\n\n<div class=\"wp-block-file\"><a href=\"https:\/\/www.ifbaiano.edu.br\/unidades\/serrinha\/files\/2020\/10\/ANEXO-VIII-Termo-de-Conciliacao-Judicial-MPT-x-AGU-1.pdf\">ANEXO VIII &#8211; Termo-de-Conciliacao-Judicial-MPT-x-AGU<\/a><\/div>\n\n\n\n<div class=\"wp-block-file\"><a href=\"https:\/\/www.ifbaiano.edu.br\/unidades\/serrinha\/files\/2020\/10\/ANF38B1-1.pdf\">ANEXO IX &#8211; Modelo de Autoriza\u00e7\u00e3o de Utiliza\u00e7\u00e3o da Garantia e de Pagamento Direto<\/a><\/div>\n\n\n\n<div class=\"wp-block-file\"><a href=\"https:\/\/www.ifbaiano.edu.br\/unidades\/serrinha\/files\/2020\/10\/ANEXOX1-1.pdf\">ANEXO X &#8211; Autoriza\u00e7\u00e3o para solicita\u00e7\u00e3o de abertura de conta vinculada<\/a><\/div>\n\n\n\n<div class=\"wp-block-file\"><a href=\"https:\/\/www.ifbaiano.edu.br\/unidades\/serrinha\/files\/2020\/10\/DECLAR1-1.pdf\">Declara\u00e7\u00e3o de Valor cobrado &#8211; Transporte Alternativo &#8211; Municipio de SerrinhaBA<\/a><\/div>\n\n\n\n<div class=\"wp-block-file\"><a href=\"https:\/\/www.ifbaiano.edu.br\/unidades\/serrinha\/files\/2020\/10\/RESULTADO-POR-FORNECEDOR-3.pdf\">RESULTADO-POR-FORNECEDOR<\/a><\/div>\n\n\n\n<div class=\"wp-block-file\"><a href=\"https:\/\/www.ifbaiano.edu.br\/unidades\/serrinha\/files\/2020\/10\/TERMO-DE-HOMOLOGACAO-3.pdf\">TERMO-DE-HOMOLOGACAO<\/a><\/div>\n\n\n\n<div class=\"wp-block-file\"><a href=\"https:\/\/www.ifbaiano.edu.br\/unidades\/serrinha\/files\/2020\/10\/TERMO-DE-JULGAMENTO-ADJUDICACAO-1.pdf\">TERMO-DE-JULGAMENTO-ADJUDICACAO<\/a><\/div>\n\n\n\n<p><\/p>\n","protected":false},"excerpt":{"rendered":"","protected":false},"author":186,"featured_media":0,"parent":0,"menu_order":0,"comment_status":"closed","ping_status":"closed","template":"","meta":[],"_links":{"self":[{"href":"https:\/\/www.ifbaiano.edu.br\/unidades\/serrinha\/wp-json\/wp\/v2\/pages\/4600"}],"collection":[{"href":"https:\/\/www.ifbaiano.edu.br\/unidades\/serrinha\/wp-json\/wp\/v2\/pages"}],"about":[{"href":"https:\/\/www.ifbaiano.edu.br\/unidades\/serrinha\/wp-json\/wp\/v2\/types\/page"}],"author":[{"embeddable":true,"href":"https:\/\/www.ifbaiano.edu.br\/unidades\/serrinha\/wp-json\/wp\/v2\/users\/186"}],"replies":[{"embeddable":true,"href":"https:\/\/www.ifbaiano.edu.br\/unidades\/serrinha\/wp-json\/wp\/v2\/comments?post=4600"}],"version-history":[{"count":1,"href":"https:\/\/www.ifbaiano.edu.br\/unidades\/serrinha\/wp-json\/wp\/v2\/pages\/4600\/revisions"}],"predecessor-version":[{"id":4617,"href":"https:\/\/www.ifbaiano.edu.br\/unidades\/serrinha\/wp-json\/wp\/v2\/pages\/4600\/revisions\/4617"}],"wp:attachment":[{"href":"https:\/\/www.ifbaiano.edu.br\/unidades\/serrinha\/wp-json\/wp\/v2\/media?parent=4600"}],"curies":[{"name":"wp","href":"https:\/\/api.w.org\/{rel}","templated":true}]}}