{"id":4622,"date":"2020-10-30T15:20:24","date_gmt":"2020-10-30T15:20:24","guid":{"rendered":"https:\/\/www.ifbaiano.edu.br\/unidades\/serrinha\/?page_id=4622"},"modified":"2020-10-30T15:20:24","modified_gmt":"2020-10-30T15:20:24","slug":"pregao-eletronico-tradicional-01-2020-servico-de-alimentacao","status":"publish","type":"page","link":"https:\/\/www.ifbaiano.edu.br\/unidades\/serrinha\/pregao-eletronico-tradicional-01-2020-servico-de-alimentacao\/","title":{"rendered":"Preg\u00e3o Eletr\u00f4nico Tradicional 01\/2020 \u2013 Servi\u00e7o de Alimenta\u00e7\u00e3o"},"content":{"rendered":"\n<div class=\"wp-block-file\"><a href=\"https:\/\/www.ifbaiano.edu.br\/unidades\/serrinha\/files\/2020\/10\/EDITAL-ALIMENTACAO-01.2020-FORNECIMENTO-DE-REFEICAO-OK.pdf\">EDITAL &#8211; ALIMENTACAO-01.2020-FORNECIMENTO-DE-REFEICAO<\/a><\/div>\n\n\n\n<div class=\"wp-block-file\"><a href=\"https:\/\/www.ifbaiano.edu.br\/unidades\/serrinha\/files\/2020\/10\/ANEXO-I-TERMO-DE-REFERENCIA-CONTRATO-REFEICOES-2019-1-OK.pdf\">ANEXO I &#8211; TERMO-DE-REFERENCIA-CONTRATO-REFEICOES-2019-1<\/a><\/div>\n\n\n\n<div class=\"wp-block-file\"><a href=\"https:\/\/www.ifbaiano.edu.br\/unidades\/serrinha\/files\/2020\/10\/ANEXO-II-MODELO-DE-CARDAPIO-OK.pdf\">ANEXO II &#8211; MODELO-DE-CARDAPIO<\/a><\/div>\n\n\n\n<div class=\"wp-block-file\"><a href=\"https:\/\/www.ifbaiano.edu.br\/unidades\/serrinha\/files\/2020\/10\/ANEXO-III-MINUTA-DE-TERMO-DE-CONTRATO-OK.pdf\">ANEXO III &#8211; MINUTA-DE-TERMO-DE-CONTRATO<\/a><\/div>\n\n\n\n<div class=\"wp-block-file\"><a href=\"https:\/\/www.ifbaiano.edu.br\/unidades\/serrinha\/files\/2020\/10\/RESULTADO-POR-FORNECEDOR-4.pdf\">RESULTADO-POR-FORNECEDOR<\/a><\/div>\n\n\n\n<div class=\"wp-block-file\"><a href=\"https:\/\/www.ifbaiano.edu.br\/unidades\/serrinha\/files\/2020\/10\/TERMO-DE-ADJUDICACAO-2.pdf\">TERMO-DE-ADJUDICA\u00c7\u00c3O<\/a><\/div>\n\n\n\n<div class=\"wp-block-file\"><a href=\"https:\/\/www.ifbaiano.edu.br\/unidades\/serrinha\/files\/2020\/10\/TERMO-DE-HOMOLOGACAO-4.pdf\">TERMO-DE-HOMOLOGA\u00c7\u00c3O<\/a><\/div>\n","protected":false},"excerpt":{"rendered":"","protected":false},"author":186,"featured_media":0,"parent":0,"menu_order":0,"comment_status":"closed","ping_status":"closed","template":"","meta":[],"_links":{"self":[{"href":"https:\/\/www.ifbaiano.edu.br\/unidades\/serrinha\/wp-json\/wp\/v2\/pages\/4622"}],"collection":[{"href":"https:\/\/www.ifbaiano.edu.br\/unidades\/serrinha\/wp-json\/wp\/v2\/pages"}],"about":[{"href":"https:\/\/www.ifbaiano.edu.br\/unidades\/serrinha\/wp-json\/wp\/v2\/types\/page"}],"author":[{"embeddable":true,"href":"https:\/\/www.ifbaiano.edu.br\/unidades\/serrinha\/wp-json\/wp\/v2\/users\/186"}],"replies":[{"embeddable":true,"href":"https:\/\/www.ifbaiano.edu.br\/unidades\/serrinha\/wp-json\/wp\/v2\/comments?post=4622"}],"version-history":[{"count":1,"href":"https:\/\/www.ifbaiano.edu.br\/unidades\/serrinha\/wp-json\/wp\/v2\/pages\/4622\/revisions"}],"predecessor-version":[{"id":4631,"href":"https:\/\/www.ifbaiano.edu.br\/unidades\/serrinha\/wp-json\/wp\/v2\/pages\/4622\/revisions\/4631"}],"wp:attachment":[{"href":"https:\/\/www.ifbaiano.edu.br\/unidades\/serrinha\/wp-json\/wp\/v2\/media?parent=4622"}],"curies":[{"name":"wp","href":"https:\/\/api.w.org\/{rel}","templated":true}]}}