{"id":4665,"date":"2020-11-25T14:25:38","date_gmt":"2020-11-25T14:25:38","guid":{"rendered":"https:\/\/www.ifbaiano.edu.br\/unidades\/serrinha\/?page_id=4665"},"modified":"2020-11-25T14:25:38","modified_gmt":"2020-11-25T14:25:38","slug":"pregao-eletronico-03-2020-registro-de-precos-para-eventual-aquisicao-de-materiais-de-manutencao-reforma-adaptacoes-reparos-consertos-de-bens-imoveis-do-instituto-federal-de-educacao-ciencia-e-t","status":"publish","type":"page","link":"https:\/\/www.ifbaiano.edu.br\/unidades\/serrinha\/pregao-eletronico-03-2020-registro-de-precos-para-eventual-aquisicao-de-materiais-de-manutencao-reforma-adaptacoes-reparos-consertos-de-bens-imoveis-do-instituto-federal-de-educacao-ciencia-e-t\/","title":{"rendered":"Preg\u00e3o Eletr\u00f4nico 03\/2020 &#8211; Registro de Pre\u00e7os para eventual aquisi\u00e7\u00e3o de materiais de manuten\u00e7\u00e3o, reforma, adapta\u00e7\u00f5es, reparos, consertos de bens imoveis do Instituto Federal de Educa\u00e7\u00e3o, Ci\u00eancia e Tecnologia Baiano \u2013 Campus Serrinha"},"content":{"rendered":"\n<div class=\"wp-block-file\"><a href=\"https:\/\/www.ifbaiano.edu.br\/unidades\/serrinha\/files\/2020\/11\/AVISO-DE-LICITACAO.pdf\">AVISO DE LICITA\u00c7\u00c3O<\/a><\/div>\n\n\n\n<div class=\"wp-block-file\"><a href=\"https:\/\/www.ifbaiano.edu.br\/unidades\/serrinha\/files\/2020\/11\/Anexo-I-Termo-de-Referencia-Pregao-03.2020.pdf\">Anexo I &#8211; Termo de Refer\u00eancia &#8211; Preg\u00e3o &#8211; 03.2020<\/a><\/div>\n\n\n\n<div class=\"wp-block-file\"><a href=\"https:\/\/www.ifbaiano.edu.br\/unidades\/serrinha\/files\/2020\/11\/Anexo-II-ARP-Pregao-03.2020.pdf\">Anexo II &#8211; ARP &#8211; Preg\u00e3o &#8211; 03.2020<\/a><\/div>\n\n\n\n<div class=\"wp-block-file\"><a href=\"https:\/\/www.ifbaiano.edu.br\/unidades\/serrinha\/files\/2020\/11\/Edital-08.2020-Pregao-SRP-03.2020.pdf\">Edital &#8211; 08.2020 &#8211; Pregao-SRP-03.2020<\/a><\/div>\n","protected":false},"excerpt":{"rendered":"","protected":false},"author":186,"featured_media":0,"parent":0,"menu_order":0,"comment_status":"closed","ping_status":"closed","template":"","meta":[],"_links":{"self":[{"href":"https:\/\/www.ifbaiano.edu.br\/unidades\/serrinha\/wp-json\/wp\/v2\/pages\/4665"}],"collection":[{"href":"https:\/\/www.ifbaiano.edu.br\/unidades\/serrinha\/wp-json\/wp\/v2\/pages"}],"about":[{"href":"https:\/\/www.ifbaiano.edu.br\/unidades\/serrinha\/wp-json\/wp\/v2\/types\/page"}],"author":[{"embeddable":true,"href":"https:\/\/www.ifbaiano.edu.br\/unidades\/serrinha\/wp-json\/wp\/v2\/users\/186"}],"replies":[{"embeddable":true,"href":"https:\/\/www.ifbaiano.edu.br\/unidades\/serrinha\/wp-json\/wp\/v2\/comments?post=4665"}],"version-history":[{"count":1,"href":"https:\/\/www.ifbaiano.edu.br\/unidades\/serrinha\/wp-json\/wp\/v2\/pages\/4665\/revisions"}],"predecessor-version":[{"id":4670,"href":"https:\/\/www.ifbaiano.edu.br\/unidades\/serrinha\/wp-json\/wp\/v2\/pages\/4665\/revisions\/4670"}],"wp:attachment":[{"href":"https:\/\/www.ifbaiano.edu.br\/unidades\/serrinha\/wp-json\/wp\/v2\/media?parent=4665"}],"curies":[{"name":"wp","href":"https:\/\/api.w.org\/{rel}","templated":true}]}}