{"id":468,"date":"2016-01-28T12:46:47","date_gmt":"2016-01-28T12:46:47","guid":{"rendered":"http:\/\/www.ifbaiano.edu.br\/unidades\/serrinha\/?page_id=468"},"modified":"2024-08-15T20:47:08","modified_gmt":"2024-08-15T23:47:08","slug":"concursos","status":"publish","type":"page","link":"https:\/\/www.ifbaiano.edu.br\/unidades\/serrinha\/concursos\/","title":{"rendered":"Concursos"},"content":{"rendered":"\n<div id=\"TituloMenu\" class=\"dnone\" align=\"center\">2024<\/div>\n\n\n\n<p><a rel=\"noreferrer noopener\" href=\"https:\/\/www.ifbaiano.edu.br\/unidades\/serrinha\/r9hv\" target=\"_blank\">PROCESSO ELEITORAL PARA ESCOLHA DOS INTEGRANTES DOS NPPDS BI\u00caNIO 2024-2026<\/a><\/p>\n\n\n\n<div id=\"TituloMenu\" class=\"dnone\" align=\"center\">2017<\/div>\n\n\n<h3>Professor Substituto:<\/h3>\n<p>Sendo\u00a0<strong>01<\/strong>\u00a0vaga para a \u00e1rea de\u00a0<strong>Agronomia\/ Agroecologia<\/strong>\u00a0e\u00a0<strong>01<\/strong>\u00a0vaga para \u00e1rea de\u00a0<strong>Educa\u00e7\u00e3o F\u00edsica<\/strong>.<\/p>\n<p>O\u00a0Per\u00edodo de inscri\u00e7\u00e3o vai de\u00a0<strong>14 de agosto a 30 de agosto de 2017<\/strong>.<\/p>\n<p><a href=\"http:\/\/www.ifbaiano.edu.br\/unidades\/serrinha\/files\/2016\/01\/RESULTADO-P\u00d3S-RECURSO.pdf\">RESULTADO FINAL<\/a><\/p>\n<p><a href=\"http:\/\/www.ifbaiano.edu.br\/unidades\/serrinha\/files\/2017\/09\/RESULTADO-PRELIMINAR.pdf\">RESULTADO PRELIMINAR<\/a><\/p>\n<p><a href=\"http:\/\/www.ifbaiano.edu.br\/unidades\/serrinha\/files\/2016\/01\/SORTEIO-DE-PONTOS-CONVOCA\u00c7\u00c3O.pdf\">SORTEIO DE PONTOS &#8211; CONVOCA\u00c7\u00c3O<\/a><\/p>\n<p><a href=\"http:\/\/www.ifbaiano.edu.br\/unidades\/serrinha\/files\/2016\/01\/Retifica\u00e7\u00e3o-Professor-Substituto-2017.pdf\">Retifica\u00e7\u00e3o do edital n\u00b0102 &#8211; Professor Substituto <\/a><\/p>\n<p><a href=\"http:\/\/www.ifbaiano.edu.br\/unidades\/serrinha\/files\/2016\/01\/INSCRITOS.pdf\">RELA\u00c7\u00c3O DEFINITIVA DOS CANDIDATOS INSCRITOS<\/a><\/p>\n<p><a href=\"http:\/\/www.ifbaiano.edu.br\/unidades\/serrinha\/files\/2016\/01\/Homologa\u00e7\u00e3o-corrigida-2.pdf\">Homologa\u00e7\u00e3o das Inscri\u00e7\u00f5es<\/a><\/p>\n<p><a href=\"http:\/\/www.ifbaiano.edu.br\/unidades\/serrinha\/files\/2017\/08\/Edital-n%C2%B0102-Professor-Substituto-2017.pdf\">Edital n\u00b0102\/2017 Professor Substituto<\/a><\/p>\n<p>\u00a0<\/p>\n<h3>Tradutor\/Int\u00e9rprete de Libras:<\/h3>\n<p><a href=\"http:\/\/concurso.ifbaiano.edu.br\/portal\/temporario-libras-julho-2017\/wp-content\/uploads\/sites\/107\/2017\/08\/edital-Prosel-Libras-RETIFICADO.pdf\">Retifica\u00e7\u00e3o Edital<\/a><\/p>\n<p><a href=\"http:\/\/concurso.ifbaiano.edu.br\/portal\/temporario-libras-julho-2017\/wp-content\/uploads\/sites\/107\/2017\/08\/Edital-n090.pdf\">Edital Libras<\/a><\/p>\n<p>\u00a0<\/p>\n<h3>______________________________________________________________<\/h3>\n<h3>Ano 2016<\/h3>\n<h3>CONCURSO PARA PROFESSORES SUBSTITUTOS OU TEMPOR\u00c1RIOS<\/h3>\n<h3>PROCESSO SELETIVO SIMPLIFICADO PARA CONTRATA\u00c7\u00c3O TEMPOR\u00c1RIA DE PROFISSIONAIS TRADUTORES\/INT\u00c9RPRETES DA L\u00cdNGUA BRASILEIRA DE SINAIS &#8211; LIBRAS<\/h3>\n<p><a href=\"http:\/\/www.ifbaiano.edu.br\/unidades\/serrinha\/files\/2016\/01\/RESULTADO-FINAL.pdf\">RESULTADO FINAL<\/a><\/p>\n<p><a href=\"http:\/\/www.ifbaiano.edu.br\/unidades\/serrinha\/files\/2016\/01\/altera\u00e7\u00e3odocronograma1.pdf\">Novo Cronograma<\/a><\/p>\n<p><a href=\"http:\/\/www.ifbaiano.edu.br\/unidades\/serrinha\/files\/2016\/01\/RESULTADO-PRELIMINAR_ASSINADO1.pdf\">Resultado Preliminar<\/a><\/p>\n<p><a href=\"http:\/\/www.ifbaiano.edu.br\/unidades\/serrinha\/files\/2016\/01\/provapr\u00e1tica.pdf\">Hor\u00e1rios de Realiza\u00e7\u00e3o da Prova Did\u00e1tica<\/a><\/p>\n<p><a href=\"http:\/\/www.ifbaiano.edu.br\/unidades\/serrinha\/files\/2016\/01\/altera\u00e7\u00e3odocronograma.pdf\">Altera\u00e7\u00e3o do Cronograma<\/a><\/p>\n<p><a href=\"http:\/\/www.ifbaiano.edu.br\/unidades\/serrinha\/files\/2016\/01\/Homologa\u00e7\u00e3o.pdf\">Homologa\u00e7\u00e3o de inscri\u00e7\u00f5es<\/a><\/p>\n<p><a href=\"http:\/\/www.ifbaiano.edu.br\/unidades\/serrinha\/files\/2016\/01\/EDITAL-N\u00ba-Processo-Seletivo-Int\u00e9rprete-de-libras_Serrinha.pdf\">EDITAL N\u00ba Processo Seletivo Int\u00e9rprete de libras_Serrinha<\/a><\/p>\n<h3>______________________________________________________________<\/h3>\n<h3>Ano 2015<\/h3>\n<h3>EDITAIS DE REMO\u00c7\u00c3O DE SERVIDORES<\/h3>\n<p><a href=\"http:\/\/concurso.ifbaiano.edu.br\/portal\/remocao20151\/\" target=\"_blank\" rel=\"noopener\">Resultado do Edital Interno de Remo\u00e7\u00e3o de Servidores para o Campus Serrinha<\/a><\/p>","protected":false},"excerpt":{"rendered":"<p>2024 PROCESSO ELEITORAL PARA ESCOLHA DOS INTEGRANTES DOS NPPDS BI\u00caNIO 2024-2026 2017 Professor Substituto: Sendo\u00a001\u00a0vaga para a \u00e1rea de\u00a0Agronomia\/ Agroecologia\u00a0e\u00a001\u00a0vaga para \u00e1rea de\u00a0Educa\u00e7\u00e3o F\u00edsica. O\u00a0Per\u00edodo de inscri\u00e7\u00e3o vai de\u00a014 de agosto a 30 de agosto de 2017. RESULTADO FINAL RESULTADO PRELIMINAR SORTEIO DE PONTOS &#8211; CONVOCA\u00c7\u00c3O Retifica\u00e7\u00e3o do edital n\u00b0102 &#8211; Professor Substituto RELA\u00c7\u00c3O DEFINITIVA [&hellip;]<\/p>\n","protected":false},"author":73,"featured_media":0,"parent":0,"menu_order":0,"comment_status":"open","ping_status":"open","template":"","meta":[],"_links":{"self":[{"href":"https:\/\/www.ifbaiano.edu.br\/unidades\/serrinha\/wp-json\/wp\/v2\/pages\/468"}],"collection":[{"href":"https:\/\/www.ifbaiano.edu.br\/unidades\/serrinha\/wp-json\/wp\/v2\/pages"}],"about":[{"href":"https:\/\/www.ifbaiano.edu.br\/unidades\/serrinha\/wp-json\/wp\/v2\/types\/page"}],"author":[{"embeddable":true,"href":"https:\/\/www.ifbaiano.edu.br\/unidades\/serrinha\/wp-json\/wp\/v2\/users\/73"}],"replies":[{"embeddable":true,"href":"https:\/\/www.ifbaiano.edu.br\/unidades\/serrinha\/wp-json\/wp\/v2\/comments?post=468"}],"version-history":[{"count":29,"href":"https:\/\/www.ifbaiano.edu.br\/unidades\/serrinha\/wp-json\/wp\/v2\/pages\/468\/revisions"}],"predecessor-version":[{"id":8375,"href":"https:\/\/www.ifbaiano.edu.br\/unidades\/serrinha\/wp-json\/wp\/v2\/pages\/468\/revisions\/8375"}],"wp:attachment":[{"href":"https:\/\/www.ifbaiano.edu.br\/unidades\/serrinha\/wp-json\/wp\/v2\/media?parent=468"}],"curies":[{"name":"wp","href":"https:\/\/api.w.org\/{rel}","templated":true}]}}