{"id":47,"date":"2015-10-11T01:37:34","date_gmt":"2015-10-11T01:37:34","guid":{"rendered":"http:\/\/www.ifbaiano.edu.br\/unidades\/serrinha\/?page_id=47"},"modified":"2024-09-04T10:08:04","modified_gmt":"2024-09-04T13:08:04","slug":"projetos-de-extensao","status":"publish","type":"page","link":"https:\/\/www.ifbaiano.edu.br\/unidades\/serrinha\/projetos-de-extensao\/","title":{"rendered":"Projetos de Extens\u00e3o"},"content":{"rendered":"\n<div class=\"wp-block-file\"><a id=\"wp-block-file--media-a6dc6e6f-76a2-44cc-b94f-5c1ce5efd241\" href=\"https:\/\/www.ifbaiano.edu.br\/unidades\/serrinha\/files\/2024\/09\/Cartilha-Ret.-para-grafica-2.pdf\" target=\"_blank\" rel=\"noreferrer noopener\">Serrinha e seu Patrim\u00f4nio Arquitet\u00f4nico em Perspectiva Hist\u00f3rica<\/a><\/div>\n\n\n\n<p><a rel=\"noreferrer noopener\" href=\"https:\/\/www.ifbaiano.edu.br\/unidades\/serrinha\/projeto-passarinhar\/\" target=\"_blank\">Projeto Passarinhar<\/a><\/p>\n\n\n\n<div class=\"wp-block-file\"><a id=\"wp-block-file--media-786d1102-d104-4a37-a28a-eacfc31f3c8d\" href=\"https:\/\/www.ifbaiano.edu.br\/unidades\/serrinha\/files\/2022\/08\/Sensibilizacao-Ambiental-a-partir-da-Observacao-de-Aves-Projeto-Passarinhar.pdf\" target=\"_blank\" rel=\"noreferrer noopener\">Sensibiliza\u00e7\u00e3o Ambiental a partir da Observa\u00e7\u00e3o de Aves &#8211; Projeto Passarinhar<\/a><\/div>\n\n\n\n<div class=\"wp-block-file\"><a id=\"wp-block-file--media-7eb8ef1a-0e7a-4f56-970e-d83b797f7208\" href=\"https:\/\/www.ifbaiano.edu.br\/unidades\/serrinha\/files\/2022\/08\/Jardim-Sensorial-Inclusao-Social.pdf\" target=\"_blank\" rel=\"noreferrer noopener\">Jardim Sensorial &amp; Inclus\u00e3o Social<\/a><\/div>\n\n\n\n<div class=\"wp-block-file\"><a id=\"wp-block-file--media-52e8e11f-a8d1-4e63-b5ba-80a75f481ef1\" href=\"https:\/\/www.ifbaiano.edu.br\/unidades\/serrinha\/files\/2022\/08\/I-Semana-de-Biologia.pdf\" target=\"_blank\" rel=\"noreferrer noopener\">I Semana de Biologia<\/a><\/div>\n\n\n\n<div class=\"wp-block-file\"><a id=\"wp-block-file--media-b1bcab9d-b850-432f-a31a-c8c10eb0a639\" href=\"https:\/\/www.ifbaiano.edu.br\/unidades\/serrinha\/files\/2022\/08\/Feminismo-enm-Rede.pdf\" target=\"_blank\" rel=\"noreferrer noopener\">Feminismo em Rede<\/a><\/div>\n\n\n\n<div class=\"wp-block-file\"><a id=\"wp-block-file--media-dbaf1bbd-ce3f-46c6-abcd-cffc3314a535\" href=\"https:\/\/www.ifbaiano.edu.br\/unidades\/serrinha\/files\/2022\/08\/Faces-do-Ser-tao-um-autorretrato-a-partir-das-narrativas-das-comunidades-rurais-tradicionais-do-Territorio-do-Sisal.pdf\" target=\"_blank\" rel=\"noreferrer noopener\">Faces do Ser-t\u00e3o um autorretrato a partir das narrativas das comunidades rurais-tradicionais do Territ\u00f3rio do Sisal<\/a><\/div>\n\n\n\n<div class=\"wp-block-file\"><a id=\"wp-block-file--media-e014b0f3-4d4d-43c9-8fbf-1821cb8e518a\" href=\"https:\/\/www.ifbaiano.edu.br\/unidades\/serrinha\/files\/2022\/08\/Ensinar-Botanica-e-agora.pdf\" target=\"_blank\" rel=\"noreferrer noopener\">Ensinar Bot\u00e2nica &#8211; e agora<\/a><\/div>\n\n\n\n<div class=\"wp-block-file\"><a id=\"wp-block-file--media-84544fd9-2faa-47f7-bad6-8928b83e44f5\" href=\"https:\/\/www.ifbaiano.edu.br\/unidades\/serrinha\/files\/2022\/08\/Capacitacao-para-Docentes-e-Alunos-de-Licenciatura-sobre-Adaptacoes-Curriculares-voltado-ao-Ensino-de-Ciencias.pdf\" target=\"_blank\" rel=\"noreferrer noopener\">Capacita\u00e7\u00e3o para Docentes e Alunos de Licenciatura sobre Adapta\u00e7\u00f5es Curriculares voltado ao Ensino de Ci\u00eancias<\/a><\/div>\n\n\n\n<div class=\"wp-block-file\"><a id=\"wp-block-file--media-15bcd447-8ea2-44b1-94fd-85a2bf8a7bb2\" href=\"https:\/\/www.ifbaiano.edu.br\/unidades\/serrinha\/files\/2022\/08\/A-meliponicultura-como-uma-proposta-socioambiental-para-o-semiarido.pdf\" target=\"_blank\" rel=\"noreferrer noopener\">A meliponicultura como uma proposta socioambiental para \u201co semi\u00e1rido\u201d<\/a><\/div>\n\n\n\n<div class=\"wp-block-file\"><a id=\"wp-block-file--media-9cb3383a-2042-4cb9-96a0-49959a63a209\" href=\"https:\/\/www.ifbaiano.edu.br\/unidades\/serrinha\/files\/2022\/08\/A-meliponicultura-Comunitaria-como-Estrategia-de-Desenvolvimento-Rural-Sustentavel-no-Territorio-do-Sisal.pdf\" target=\"_blank\" rel=\"noreferrer noopener\">A meliponicultura Comunit\u00e1ria como Estrat\u00e9gia de Desenvolvimento Rural Sustent\u00e1vel no Territ\u00f3rio do Sisal<\/a><\/div>\n\n\n\n<div class=\"wp-block-file\"><a id=\"wp-block-file--media-00646f7f-946b-43c9-aaf6-a6c0dc656333\" href=\"https:\/\/www.ifbaiano.edu.br\/unidades\/serrinha\/files\/2022\/08\/Expo-Serrinha-2022-Relatorio.pdf\" target=\"_blank\" rel=\"noreferrer noopener\">Expo Serrinha 2022 &#8211; Relat\u00f3rio<\/a><\/div>\n\n\n\n<div class=\"wp-block-file\"><a id=\"wp-block-file--media-a228137b-b337-4305-af6b-0129f2a8a396\" href=\"https:\/\/www.ifbaiano.edu.br\/unidades\/serrinha\/files\/2023\/05\/Cartilha-Jardim-Sensorial_compressed.pdf\" target=\"_blank\" rel=\"noreferrer noopener\">Cartilha Jardim Sensorial<\/a><\/div>\n","protected":false},"excerpt":{"rendered":"<p>Projeto Passarinhar<\/p>\n","protected":false},"author":70,"featured_media":0,"parent":0,"menu_order":0,"comment_status":"open","ping_status":"open","template":"","meta":[],"_links":{"self":[{"href":"https:\/\/www.ifbaiano.edu.br\/unidades\/serrinha\/wp-json\/wp\/v2\/pages\/47"}],"collection":[{"href":"https:\/\/www.ifbaiano.edu.br\/unidades\/serrinha\/wp-json\/wp\/v2\/pages"}],"about":[{"href":"https:\/\/www.ifbaiano.edu.br\/unidades\/serrinha\/wp-json\/wp\/v2\/types\/page"}],"author":[{"embeddable":true,"href":"https:\/\/www.ifbaiano.edu.br\/unidades\/serrinha\/wp-json\/wp\/v2\/users\/70"}],"replies":[{"embeddable":true,"href":"https:\/\/www.ifbaiano.edu.br\/unidades\/serrinha\/wp-json\/wp\/v2\/comments?post=47"}],"version-history":[{"count":10,"href":"https:\/\/www.ifbaiano.edu.br\/unidades\/serrinha\/wp-json\/wp\/v2\/pages\/47\/revisions"}],"predecessor-version":[{"id":8425,"href":"https:\/\/www.ifbaiano.edu.br\/unidades\/serrinha\/wp-json\/wp\/v2\/pages\/47\/revisions\/8425"}],"wp:attachment":[{"href":"https:\/\/www.ifbaiano.edu.br\/unidades\/serrinha\/wp-json\/wp\/v2\/media?parent=47"}],"curies":[{"name":"wp","href":"https:\/\/api.w.org\/{rel}","templated":true}]}}