{"id":4803,"date":"2021-01-22T18:45:37","date_gmt":"2021-01-22T18:45:37","guid":{"rendered":"https:\/\/www.ifbaiano.edu.br\/unidades\/serrinha\/?page_id=4803"},"modified":"2021-04-28T17:13:56","modified_gmt":"2021-04-28T17:13:56","slug":"apnp-atividades-pedagogicas-nao-presenciais","status":"publish","type":"page","link":"https:\/\/www.ifbaiano.edu.br\/unidades\/serrinha\/apnp-atividades-pedagogicas-nao-presenciais-2\/apnp-atividades-pedagogicas-nao-presenciais\/","title":{"rendered":"APNP &#8211; Atividades Pedag\u00f3gicas N\u00e3o Presenciais &#8211; Semestre 2020.1"},"content":{"rendered":"\n<p><strong>Documentos:<\/strong><\/p>\n\n\n\n<div class=\"wp-block-file\"><a href=\"https:\/\/www.ifbaiano.edu.br\/unidades\/serrinha\/files\/2021\/01\/GUIA-para-APNPS-IF-Baiano-Campus-Serrinha-1.pdf\">GUIA para APNPS IF Baiano Campus Serrinha<\/a><\/div>\n\n\n\n<div class=\"wp-block-file\"><a href=\"https:\/\/www.ifbaiano.edu.br\/unidades\/serrinha\/files\/2021\/04\/Calendario-Academico-2020-Graduacao-Alteracao-APNP-Versao-30.03.2021.pdf\">Calend\u00e1rio Acad\u00eamico 2020 &#8211; Gradua\u00e7\u00e3o (Altera\u00e7\u00e3o &#8211; APNP) [Vers\u00e3o 30.03.2021]<\/a><\/div>\n\n\n\n<div class=\"wp-block-file\"><a href=\"https:\/\/www.ifbaiano.edu.br\/unidades\/serrinha\/files\/2021\/03\/Calendario-Academico-2020-Agropecuaria-Subsequente-Alteracao-APNP-Versao-05.03.2021.pdf\">Calend\u00e1rio Acad\u00eamico 2020 &#8211; Agropecu\u00e1ria Subsequente (Altera\u00e7\u00e3o &#8211; APNP) [Vers\u00e3o 05.03.2021]<\/a><\/div>\n\n\n\n<div class=\"wp-block-file\"><a href=\"https:\/\/www.ifbaiano.edu.br\/unidades\/serrinha\/files\/2021\/03\/Calendario-Academico-2020-Agroindustria-PROEJA-Alteracao-APNP-Versao-05.03.2021.pdf\">Calend\u00e1rio Acad\u00eamico 2020 &#8211; Agroind\u00fastria PROEJA (Altera\u00e7\u00e3o &#8211; APNP) [Vers\u00e3o 05.03.2021]<\/a><\/div>\n\n\n\n<div class=\"wp-block-file\"><a href=\"https:\/\/www.ifbaiano.edu.br\/unidades\/serrinha\/files\/2021\/02\/Horario-de-Atencimento-Individual-ao-Discente-.pdf\">Hor\u00e1rio de Atendimento Individual ao Discente<\/a><\/div>\n\n\n\n<div class=\"wp-block-file\"><a href=\"https:\/\/www.ifbaiano.edu.br\/unidades\/serrinha\/files\/2021\/01\/Resolucao-90_2020-OS-CONSUP_IFBAIANO-com-anexo.pdf\">Resolu\u00e7\u00e3o 90_2020 &#8211; OS-CONSUP_IFBAIANO<\/a><\/div>\n\n\n\n<div class=\"wp-block-file\"><a href=\"https:\/\/www.ifbaiano.edu.br\/unidades\/serrinha\/files\/2021\/01\/Anexos-I-II-III-e-IV-Para-implementacao-das-APNPS-Campus-Serrinha.pdf\">Anexos I, II, III e IV &#8211; Para implementa\u00e7\u00e3o das APNPS Campus Serrinha<\/a><\/div>\n\n\n\n<div class=\"wp-block-file\"><a href=\"https:\/\/www.ifbaiano.edu.br\/unidades\/serrinha\/files\/2021\/01\/Anexo-V-Tutorial-Planos-de-Ensino-APNP.pdf\">Anexo V &#8211; Tutorial Planos de Ensino APNP<\/a><\/div>\n\n\n\n<div class=\"wp-block-file\"><a href=\"https:\/\/www.ifbaiano.edu.br\/unidades\/serrinha\/files\/2021\/01\/ANEXO-VI-Sintese-com-prazos-de-documentos-refentes-as-APNP.pdf\">ANEXO VI &#8211; S\u00edntese com prazos de documentos refentes \u00e0s APNP<\/a><\/div>\n\n\n\n<p><strong>Hor\u00e1rio das Atividades:<\/strong><\/p>\n\n\n\n<div class=\"wp-block-file\"><a href=\"https:\/\/www.ifbaiano.edu.br\/unidades\/serrinha\/files\/2021\/01\/Horario-Agroecologia-Modulo-III-APNP.pdf\">Hor\u00e1rio Agroecologia &#8211; M\u00f3dulo III APNP<\/a><\/div>\n\n\n\n<div class=\"wp-block-file\"><a href=\"https:\/\/www.ifbaiano.edu.br\/unidades\/serrinha\/files\/2021\/01\/Horario-Agropecuaria-Modulo-III-APNP.pdf\">Hor\u00e1rio Agropecuaria M\u00f3dulo III &#8211; APNP<\/a><\/div>\n\n\n\n<div class=\"wp-block-file\"><a href=\"https:\/\/www.ifbaiano.edu.br\/unidades\/serrinha\/files\/2021\/02\/agropecuaria_IV.pdf\">Hor\u00e1rio Agropecu\u00e1ria M\u00f3dulo IV &#8211; APNP<\/a><\/div>\n\n\n\n<div class=\"wp-block-file\"><a href=\"https:\/\/www.ifbaiano.edu.br\/unidades\/serrinha\/files\/2021\/02\/Horario-2020.1-Agroecologia-APNP-modulo-IV-3.pdf\">Hor\u00e1rio 2020.1 &#8211; Agroecologia APNP m\u00f3dulo IV <\/a><\/div>\n\n\n\n<div class=\"wp-block-file\"><a href=\"https:\/\/www.ifbaiano.edu.br\/unidades\/serrinha\/files\/2021\/01\/Horario-APNP-Agroindustria-III-modulo.pdf\">Hor\u00e1rio APNP Agroind\u00fastria &#8211; III m\u00f3dulo<\/a><\/div>\n\n\n\n<div class=\"wp-block-file\"><a href=\"https:\/\/www.ifbaiano.edu.br\/unidades\/serrinha\/files\/2021\/02\/Horario-APNP-AI-2020.1-mod-V.pdf\">Hor\u00e1rio APNP Agroind\u00fastria 2020.1 &#8211; m\u00f3dulo V<\/a><\/div>\n\n\n\n<div class=\"wp-block-file\"><a href=\"https:\/\/www.ifbaiano.edu.br\/unidades\/serrinha\/files\/2021\/02\/Horario-APNP-AI-2020.1-mod-VI.pdf\">Hor\u00e1rio APNP Agroind\u00fastria 2020.1 &#8211; m\u00f3dulo VI<\/a><\/div>\n\n\n\n<div class=\"wp-block-file\"><a href=\"https:\/\/www.ifbaiano.edu.br\/unidades\/serrinha\/files\/2021\/02\/Horario-APNP-AI-2020.1-mod-VII.pdf\">Hor\u00e1rio APNP Agroind\u00fastria 2020.1 &#8211; m\u00f3dulo VII<\/a><\/div>\n\n\n\n<div class=\"wp-block-file\"><a href=\"https:\/\/www.ifbaiano.edu.br\/unidades\/serrinha\/files\/2021\/01\/Horarios_Gestao-de-Cooperativas-Modulo-III-1o-3o-e-5o-semestres.pdf\">Hor\u00e1rios_Gest\u00e3o de Cooperativas (M\u00f3dulo III &#8211; 1\u00ba 3\u00ba e 5\u00ba semestres)<\/a><\/div>\n\n\n\n<div class=\"wp-block-file\"><a href=\"https:\/\/www.ifbaiano.edu.br\/unidades\/serrinha\/files\/2021\/02\/Gestao-de-Cooperativas-1o-semestre-HORARIO-MODULOS-5-A-7.pdf\">Gest\u00e3o de Cooperativas &#8211; 1\u00ba semestre &#8211; HOR\u00c1RIO &#8211; M\u00d3DULOS 5 A 7<\/a><\/div>\n\n\n\n<div class=\"wp-block-file\"><a href=\"https:\/\/www.ifbaiano.edu.br\/unidades\/serrinha\/files\/2021\/02\/Gestao-de-Cooperativas-3o-semestre-HORARIO-MODULOS-5-A-7_2021.pdf\">Gest\u00e3o de Cooperativas &#8211;  3\u00ba semestre &#8211; HOR\u00c1RIO &#8211; M\u00d3DULOS 5 A 7_2021<\/a><\/div>\n\n\n\n<div class=\"wp-block-file\"><a href=\"https:\/\/www.ifbaiano.edu.br\/unidades\/serrinha\/files\/2021\/02\/Horario_Ciencias-Biologicas-modulos-03-e-04.pdf\">Hor\u00e1rio_Ci\u00eancias Biol\u00f3gicas (m\u00f3dulos 03 e 04)<\/a><\/div>\n\n\n\n<div class=\"wp-block-file\"><a href=\"https:\/\/www.ifbaiano.edu.br\/unidades\/serrinha\/files\/2021\/02\/Horario_Ciencias-Biologicas_2020.1-APNP-modulos-05-e-06.pdf\">Horario_Ciencias-Biologicas_2020.1-APNP-modulos-05-e-06<\/a><\/div>\n\n\n\n<p><\/p>\n","protected":false},"excerpt":{"rendered":"<p>Documentos: Hor\u00e1rio das Atividades:<\/p>\n","protected":false},"author":186,"featured_media":0,"parent":5015,"menu_order":0,"comment_status":"closed","ping_status":"closed","template":"","meta":[],"_links":{"self":[{"href":"https:\/\/www.ifbaiano.edu.br\/unidades\/serrinha\/wp-json\/wp\/v2\/pages\/4803"}],"collection":[{"href":"https:\/\/www.ifbaiano.edu.br\/unidades\/serrinha\/wp-json\/wp\/v2\/pages"}],"about":[{"href":"https:\/\/www.ifbaiano.edu.br\/unidades\/serrinha\/wp-json\/wp\/v2\/types\/page"}],"author":[{"embeddable":true,"href":"https:\/\/www.ifbaiano.edu.br\/unidades\/serrinha\/wp-json\/wp\/v2\/users\/186"}],"replies":[{"embeddable":true,"href":"https:\/\/www.ifbaiano.edu.br\/unidades\/serrinha\/wp-json\/wp\/v2\/comments?post=4803"}],"version-history":[{"count":18,"href":"https:\/\/www.ifbaiano.edu.br\/unidades\/serrinha\/wp-json\/wp\/v2\/pages\/4803\/revisions"}],"predecessor-version":[{"id":5019,"href":"https:\/\/www.ifbaiano.edu.br\/unidades\/serrinha\/wp-json\/wp\/v2\/pages\/4803\/revisions\/5019"}],"up":[{"embeddable":true,"href":"https:\/\/www.ifbaiano.edu.br\/unidades\/serrinha\/wp-json\/wp\/v2\/pages\/5015"}],"wp:attachment":[{"href":"https:\/\/www.ifbaiano.edu.br\/unidades\/serrinha\/wp-json\/wp\/v2\/media?parent=4803"}],"curies":[{"name":"wp","href":"https:\/\/api.w.org\/{rel}","templated":true}]}}