{"id":5014,"date":"2021-04-27T13:46:06","date_gmt":"2021-04-27T13:46:06","guid":{"rendered":"https:\/\/www.ifbaiano.edu.br\/unidades\/serrinha\/?page_id=5014"},"modified":"2021-07-20T19:20:17","modified_gmt":"2021-07-20T19:20:17","slug":"apnp-atividades-pedagogicas-nao-presenciais-semestre-2020-2","status":"publish","type":"page","link":"https:\/\/www.ifbaiano.edu.br\/unidades\/serrinha\/apnp-atividades-pedagogicas-nao-presenciais-2\/apnp-atividades-pedagogicas-nao-presenciais\/apnp-atividades-pedagogicas-nao-presenciais-semestre-2020-2\/","title":{"rendered":"APNP &#8211; Atividades Pedag\u00f3gicas N\u00e3o Presenciais &#8211; Semestre 2020.2"},"content":{"rendered":"\n<p><strong>Documentos:<\/strong><\/p>\n\n\n\n<div class=\"wp-block-file\"><a href=\"https:\/\/www.ifbaiano.edu.br\/unidades\/serrinha\/files\/2021\/04\/1.-Resolucao-90_2020-Regulamentacao-das-APNP-no-IF-Baiano-Consolidada.pdf\">1. Resolu\u00e7\u00e3o 90_2020 &#8211; Regulamenta\u00e7\u00e3o das APNP no IF Baiano (Consolidada)<\/a><\/div>\n\n\n\n<div class=\"wp-block-file\"><a href=\"https:\/\/www.ifbaiano.edu.br\/unidades\/serrinha\/files\/2021\/04\/2.-Guia-para-APNP-2020.2-IF-Baiano-Campus-Serrinha.pdf\">2. Guia para APNP 2020.2 &#8211; IF Baiano Campus Serrinha<\/a><\/div>\n\n\n\n<div class=\"wp-block-file\"><a href=\"https:\/\/www.ifbaiano.edu.br\/unidades\/serrinha\/files\/2021\/04\/3.-Guia-para-APNP-ANEXO-I-Tutorial-Planos-de-Ensino-APNP-Docentes.pdf\">3. Guia para APNP &#8211; ANEXO I &#8211; Tutorial &#8211; Planos de Ensino APNP (Docentes)<\/a><\/div>\n\n\n\n<div class=\"wp-block-file\"><a href=\"https:\/\/www.ifbaiano.edu.br\/unidades\/serrinha\/files\/2021\/04\/4.-Guia-para-APNP-ANEXO-II-Sintese-dos-prazos-para-APNP-impressas-2020.2.pdf\">4. Guia para APNP &#8211; ANEXO II &#8211; S\u00edntese dos prazos para APNP impressas 2020.2<\/a><\/div>\n\n\n\n<div class=\"wp-block-file\"><a href=\"https:\/\/www.ifbaiano.edu.br\/unidades\/serrinha\/files\/2021\/04\/5.-Guia-para-APNP-ANEXO-III-GTs-de-Apoio-as-APNP-Campus-Serrinha.pdf\">5. Guia para APNP &#8211; ANEXO III &#8211; GTs de Apoio \u00e0s APNP (Campus Serrinha)<\/a><\/div>\n\n\n\n<div class=\"wp-block-file\"><a href=\"https:\/\/www.ifbaiano.edu.br\/unidades\/serrinha\/files\/2021\/07\/Atendimento-ao-estudante-APNP-2020.2-Final.pdf\">6. Atendimento ao estudante (APNP 2020.2) [Vers\u00e3o 20.07.2021] <\/a><\/div>\n\n\n\n<p><strong>Hor\u00e1rio das Atividades<\/strong>:<\/p>\n\n\n\n<p><strong>1. Curso T\u00e9cnico em Agroecologia Integrado<\/strong><\/p>\n\n\n\n<div class=\"wp-block-file\"><a href=\"https:\/\/www.ifbaiano.edu.br\/unidades\/serrinha\/files\/2021\/04\/Calendario-Academico-2020-Agroecologia-Alteracao-APNP-Versao-18.12.2020.pdf\">Calend\u00e1rio Acad\u00eamico 2020 &#8211; Agroecologia (Altera\u00e7\u00e3o &#8211; APNP) [Vers\u00e3o 18.12.2020]<\/a><\/div>\n\n\n\n<div class=\"wp-block-file\"><a href=\"https:\/\/www.ifbaiano.edu.br\/unidades\/serrinha\/files\/2021\/04\/Horario-APNP-2020.2-Modulo-I-ao-IV-Agroecologia-Integrado-1a-2a-e-3a-Serie.pdf\">Hor\u00e1rio APNP 2020.2 &#8211; M\u00f3dulo I ao IV &#8211; Agroecologia Integrado (1\u00aa, 2\u00aa e 3\u00aa S\u00e9rie)<\/a><\/div>\n\n\n\n<div class=\"wp-block-file\"><a href=\"https:\/\/www.ifbaiano.edu.br\/unidades\/serrinha\/files\/2021\/05\/Horarios-APNP-2020.2-com-CH-assincrona-ATUALIZADO-Modulo-2-Agroecologia.pdf\">Hor\u00e1rios APNP 2020.2 com CH ass\u00edncrona &#8211; M\u00f3dulo II &#8211; Agroecologia (1\u00aa, 2\u00aa e 3\u00aa S\u00e9rie) &#8211; ATUALIZADO<\/a><\/div>\n\n\n\n<p><strong><br>2. Curso T\u00e9cnico em Agroind\u00fastria Integrado (PROEJA):<\/strong><\/p>\n\n\n\n<div class=\"wp-block-file\"><a href=\"https:\/\/www.ifbaiano.edu.br\/unidades\/serrinha\/files\/2021\/04\/Calendario-Academico-2020-Agroindustria-PROEJA-Alteracao-APNP-Versao-05.03.2021.pdf\">Calend\u00e1rio Acad\u00eamico 2020 &#8211; Agroind\u00fastria PROEJA (Altera\u00e7\u00e3o &#8211; APNP) [Vers\u00e3o 05.03.2021]<\/a><\/div>\n\n\n\n<div class=\"wp-block-file\"><a href=\"https:\/\/www.ifbaiano.edu.br\/unidades\/serrinha\/files\/2021\/04\/Horario-APNP-2020.2-Modulo-I-Agroindustria-PROEJA-1a-2a-e-3a-Serie.pdf\">Hor\u00e1rio APNP 2020.2 &#8211; M\u00f3dulo I &#8211; Agroind\u00fastria PROEJA (1\u00aa, 2\u00aa e 3\u00aa S\u00e9rie)<\/a><\/div>\n\n\n\n<div class=\"wp-block-file\"><a href=\"https:\/\/www.ifbaiano.edu.br\/unidades\/serrinha\/files\/2021\/04\/Horario-APNP-2020.2-Modulo-II-Agroindustria-PROEJA-1a-2a-e-3a-Serie.pdf\">Hor\u00e1rio APNP 2020.2 &#8211; M\u00f3dulo II &#8211; Agroind\u00fastria PROEJA (1\u00aa, 2\u00aa e 3\u00aa S\u00e9rie)<\/a><\/div>\n\n\n\n<div class=\"wp-block-file\"><a href=\"https:\/\/www.ifbaiano.edu.br\/unidades\/serrinha\/files\/2021\/04\/Horario-APNP-2020.2-Modulo-III-Agroindustria-PROEJA-1a-2a-e-3a-Serie.pdf\">Hor\u00e1rio APNP 2020.2 &#8211; M\u00f3dulo III &#8211; Agroind\u00fastria PROEJA (1\u00aa, 2\u00aa e 3\u00aa S\u00e9rie)<\/a><\/div>\n\n\n\n<div class=\"wp-block-file\"><a href=\"https:\/\/www.ifbaiano.edu.br\/unidades\/serrinha\/files\/2021\/04\/Horario-APNP-2020.2-Modulo-IV-Agroindustria-PROEJA-1a-2a-e-3a-Serie.pdf\">Hor\u00e1rio APNP 2020.2 &#8211; M\u00f3dulo IV &#8211; Agroind\u00fastria PROEJA (1\u00aa, 2\u00aa e 3\u00aa S\u00e9rie)<\/a><\/div>\n\n\n\n<p><strong>3.<\/strong> <strong><strong>Curso T\u00e9cnico em Agropecu\u00e1ria Subsequente<\/strong><\/strong>:<\/p>\n\n\n\n<div class=\"wp-block-file\"><a href=\"https:\/\/www.ifbaiano.edu.br\/unidades\/serrinha\/files\/2021\/04\/Calendario-Academico-2020-Agropecuaria-Subsequente-Alteracao-APNP-Versao-05.03.2021.pdf\">Calend\u00e1rio Acad\u00eamico 2020 &#8211; Agropecu\u00e1ria Subsequente (Altera\u00e7\u00e3o &#8211; APNP) [Vers\u00e3o 05.03.2021]<\/a><\/div>\n\n\n\n<div class=\"wp-block-file\"><a href=\"https:\/\/www.ifbaiano.edu.br\/unidades\/serrinha\/files\/2021\/04\/Horario-APNP-2020.2-Modulo-I-ao-IV-Agropecuaria-Subsequente-II-Semestre.pdf\">Hor\u00e1rio APNP 2020.2 &#8211; M\u00f3dulo I ao IV &#8211; Agropecu\u00e1ria Subsequente (II Semestre)<\/a><\/div>\n\n\n\n<p><strong>4.<\/strong> <strong><strong>Gradua\u00e7\u00e3o: Licenciatura em Ci\u00eancias Biol\u00f3gicas e Tecnologia em Gest\u00e3o de Cooperativas<\/strong><\/strong>:<\/p>\n\n\n\n<div class=\"wp-block-file\"><a href=\"https:\/\/www.ifbaiano.edu.br\/unidades\/serrinha\/files\/2021\/04\/Calendario-Academico-2020-Graduacao-Alteracao-APNP-Versao-30.03.2021-1.pdf\">Calend\u00e1rio Acad\u00eamico 2020 &#8211; Gradua\u00e7\u00e3o (Altera\u00e7\u00e3o &#8211; APNP) [Vers\u00e3o 30.03.2021]<\/a><\/div>\n\n\n\n<div class=\"wp-block-file\"><a href=\"https:\/\/www.ifbaiano.edu.br\/unidades\/serrinha\/files\/2021\/04\/Horario-APNP-2020.2-Modulo-I-ao-IV-Tec.-Gestao-de-Cooperativas-II-Semestre-Turma-2020.1.pdf\">Hor\u00e1rio APNP 2020.2 &#8211; M\u00f3dulo I ao IV &#8211; Tec. Gest\u00e3o de Cooperativas (II Semestre &#8211; Turma 2020.1)<\/a><\/div>\n\n\n\n<div class=\"wp-block-file\"><a href=\"https:\/\/www.ifbaiano.edu.br\/unidades\/serrinha\/files\/2021\/04\/Horario-APNP-2020.2-Modulo-I-ao-IV-Tec.-Gestao-de-Cooperativas-IV-Semestre-Turma-2019.1.pdf\">Hor\u00e1rio APNP 2020.2 &#8211; M\u00f3dulo I ao IV &#8211; Tec. Gest\u00e3o de Cooperativas (IV Semestre &#8211; Turma 2019.1)<\/a><\/div>\n\n\n\n<div class=\"wp-block-file\"><a href=\"https:\/\/www.ifbaiano.edu.br\/unidades\/serrinha\/files\/2021\/04\/Horario-APNP-2020.2-Modulo-I-ao-IV-Tec.-Gestao-de-Cooperativas-VI-Semestre-Turma-2018.1.pdf\">Hor\u00e1rio APNP 2020.2 &#8211; M\u00f3dulo I ao IV &#8211; Tec. Gest\u00e3o de Cooperativas (VI Semestre &#8211; Turma 2018.1)<\/a><\/div>\n\n\n\n<div class=\"wp-block-file\"><a href=\"https:\/\/www.ifbaiano.edu.br\/unidades\/serrinha\/files\/2021\/04\/Horario-APNP-2020.2-Modulo-I-ao-IV-Lic.-Ciencias-Biologicas-II-Semestre-Turma-2020.1.pdf\">Hor\u00e1rio APNP 2020.2 &#8211; M\u00f3dulo I ao IV &#8211; Lic. Ci\u00eancias Biol\u00f3gicas (II Semestre &#8211; Turma 2020.1)<\/a><\/div>\n\n\n\n<div class=\"wp-block-file\"><a href=\"https:\/\/www.ifbaiano.edu.br\/unidades\/serrinha\/files\/2021\/04\/Horario-APNP-2020.2-Modulo-I-ao-IV-Lic.-Ciencias-Biologicas-IV-Semestre-Turma-2019.1.pdf\">Hor\u00e1rio APNP 2020.2 &#8211; M\u00f3dulo I ao IV &#8211; Lic. Ci\u00eancias Biol\u00f3gicas (IV Semestre &#8211; Turma 2019.1)<\/a><\/div>\n\n\n\n<div class=\"wp-block-file\"><a href=\"https:\/\/www.ifbaiano.edu.br\/unidades\/serrinha\/files\/2021\/05\/IV-Semestre-HORARIO-CIENCIAS-BIOLOGICAS-2020.2-Modulo-2-ALTERACOES.pdf\">Hor\u00e1rio APNP 2020.2 &#8211; M\u00f3dulo II &#8211; Lic. Ci\u00eancias Biol\u00f3gicas &#8211; (IV Semestre &#8211; Turma 2019.1) &#8211; ALTERA\u00c7\u00d5ES<\/a><\/div>\n\n\n\n<div class=\"wp-block-file\"><a href=\"https:\/\/www.ifbaiano.edu.br\/unidades\/serrinha\/files\/2021\/04\/Horario-APNP-2020.2-Modulo-I-ao-IV-Lic.-Ciencias-Biologicas-VI-Semestre-Turma-2018.1.pdf\">Hor\u00e1rio APNP 2020.2 &#8211; M\u00f3dulo I ao IV &#8211; Lic. Ci\u00eancias Biol\u00f3gicas (VI Semestre &#8211; Turma 2018.1)<\/a><\/div>\n\n\n\n<div class=\"wp-block-file\"><a href=\"https:\/\/www.ifbaiano.edu.br\/unidades\/serrinha\/files\/2021\/05\/VI-Semestre-HORARIO-CIENCIAS-BIOLOGICAS-2020.2-Modulo-2-ALTERACOES.pdf\">Hor\u00e1rio APNP 2020.2 &#8211; M\u00f3dulo II &#8211; Lic. Ci\u00eancias Biol\u00f3gicas (VI Semestre &#8211; Turma 2018.1) &#8211; ALTERA\u00c7\u00d5ES<\/a><\/div>\n","protected":false},"excerpt":{"rendered":"<p>Documentos: Hor\u00e1rio das Atividades: 1. Curso T\u00e9cnico em Agroecologia Integrado 2. Curso T\u00e9cnico em Agroind\u00fastria Integrado (PROEJA): 3. Curso T\u00e9cnico em Agropecu\u00e1ria Subsequente: 4. Gradua\u00e7\u00e3o: Licenciatura em Ci\u00eancias Biol\u00f3gicas e Tecnologia em Gest\u00e3o de Cooperativas:<\/p>\n","protected":false},"author":186,"featured_media":0,"parent":4803,"menu_order":0,"comment_status":"closed","ping_status":"closed","template":"","meta":[],"_links":{"self":[{"href":"https:\/\/www.ifbaiano.edu.br\/unidades\/serrinha\/wp-json\/wp\/v2\/pages\/5014"}],"collection":[{"href":"https:\/\/www.ifbaiano.edu.br\/unidades\/serrinha\/wp-json\/wp\/v2\/pages"}],"about":[{"href":"https:\/\/www.ifbaiano.edu.br\/unidades\/serrinha\/wp-json\/wp\/v2\/types\/page"}],"author":[{"embeddable":true,"href":"https:\/\/www.ifbaiano.edu.br\/unidades\/serrinha\/wp-json\/wp\/v2\/users\/186"}],"replies":[{"embeddable":true,"href":"https:\/\/www.ifbaiano.edu.br\/unidades\/serrinha\/wp-json\/wp\/v2\/comments?post=5014"}],"version-history":[{"count":12,"href":"https:\/\/www.ifbaiano.edu.br\/unidades\/serrinha\/wp-json\/wp\/v2\/pages\/5014\/revisions"}],"predecessor-version":[{"id":5278,"href":"https:\/\/www.ifbaiano.edu.br\/unidades\/serrinha\/wp-json\/wp\/v2\/pages\/5014\/revisions\/5278"}],"up":[{"embeddable":true,"href":"https:\/\/www.ifbaiano.edu.br\/unidades\/serrinha\/wp-json\/wp\/v2\/pages\/4803"}],"wp:attachment":[{"href":"https:\/\/www.ifbaiano.edu.br\/unidades\/serrinha\/wp-json\/wp\/v2\/media?parent=5014"}],"curies":[{"name":"wp","href":"https:\/\/api.w.org\/{rel}","templated":true}]}}