{"id":5230,"date":"2021-06-11T20:41:53","date_gmt":"2021-06-11T20:41:53","guid":{"rendered":"https:\/\/www.ifbaiano.edu.br\/unidades\/serrinha\/?page_id=5230"},"modified":"2021-06-11T20:42:04","modified_gmt":"2021-06-11T20:42:04","slug":"portarias-2021","status":"publish","type":"page","link":"https:\/\/www.ifbaiano.edu.br\/unidades\/serrinha\/portarias-2021\/","title":{"rendered":"Portarias &#8211; 2021"},"content":{"rendered":"\n<div class=\"wp-block-file\"><a href=\"https:\/\/www.ifbaiano.edu.br\/unidades\/serrinha\/files\/2021\/06\/PORTARIA-1_2021-SER-GAB-SER-DG_RET_IFBAIANO-Altera-a-composicao-do-NAP-Curso-Alimentos.pdf\">PORTARIA 1_2021 &#8211; SER-GAB-SER-DG_RET_IFBAIANO &#8211; Altera a composi\u00e7\u00e3o do NAP Curso Alimentos<\/a><a href=\"https:\/\/www.ifbaiano.edu.br\/unidades\/serrinha\/files\/2021\/06\/PORTARIA-1_2021-SER-GAB-SER-DG_RET_IFBAIANO-Altera-a-composicao-do-NAP-Curso-Alimentos.pdf\" class=\"wp-block-file__button\" download>Baixar<\/a><\/div>\n\n\n\n<div class=\"wp-block-file\"><a href=\"https:\/\/www.ifbaiano.edu.br\/unidades\/serrinha\/files\/2021\/06\/PORTARIA-2_2021-SER-GAB-SER-DG_RET_IFBAIANO-Comissao-de-Escoamento.pdf\">PORTARIA 2_2021 &#8211; SER-GAB-SER-DG_RET_IFBAIANO &#8211; Comiss\u00e3o de Escoamento<\/a><a href=\"https:\/\/www.ifbaiano.edu.br\/unidades\/serrinha\/files\/2021\/06\/PORTARIA-2_2021-SER-GAB-SER-DG_RET_IFBAIANO-Comissao-de-Escoamento.pdf\" class=\"wp-block-file__button\" download>Baixar<\/a><\/div>\n\n\n\n<div class=\"wp-block-file\"><a href=\"https:\/\/www.ifbaiano.edu.br\/unidades\/serrinha\/files\/2021\/06\/PORTARIA-3_2021-SER-GAB-SER-DG_RET_IFBAIANO-Composicao-colegiado-curso-gestao-de-cooperativas..pdf\">PORTARIA 3_2021 &#8211; SER-GAB-SER-DG_RET_IFBAIANO &#8211; Composi\u00e7\u00e3o colegiado curso gest\u00e3o de cooperativas.<\/a><a href=\"https:\/\/www.ifbaiano.edu.br\/unidades\/serrinha\/files\/2021\/06\/PORTARIA-3_2021-SER-GAB-SER-DG_RET_IFBAIANO-Composicao-colegiado-curso-gestao-de-cooperativas..pdf\" class=\"wp-block-file__button\" download>Baixar<\/a><\/div>\n\n\n\n<div class=\"wp-block-file\"><a href=\"https:\/\/www.ifbaiano.edu.br\/unidades\/serrinha\/files\/2021\/06\/PORTARIA-4_2021-SER-GAB-SER-DG_RET_IFBAIANO-Composicao-NDE-Gestao-de-Cooperativas.pdf\">PORTARIA 4_2021 &#8211; SER-GAB-SER-DG_RET_IFBAIANO &#8211; Composi\u00e7\u00e3o NDE Gest\u00e3o de Cooperativas<\/a><a href=\"https:\/\/www.ifbaiano.edu.br\/unidades\/serrinha\/files\/2021\/06\/PORTARIA-4_2021-SER-GAB-SER-DG_RET_IFBAIANO-Composicao-NDE-Gestao-de-Cooperativas.pdf\" class=\"wp-block-file__button\" download>Baixar<\/a><\/div>\n\n\n\n<div class=\"wp-block-file\"><a href=\"https:\/\/www.ifbaiano.edu.br\/unidades\/serrinha\/files\/2021\/06\/PORTARIA-5_2021-SER-GAB-SER-DG_RET_IFBAIANO-Fiscal-do-contrato-de-servico-de-impressao-departamental..pdf\">PORTARIA 5_2021 &#8211; SER-GAB-SER-DG_RET_IFBAIANO &#8211; Fiscal contrato servi\u00e7o de impress\u00e3o departamental.<\/a><a href=\"https:\/\/www.ifbaiano.edu.br\/unidades\/serrinha\/files\/2021\/06\/PORTARIA-5_2021-SER-GAB-SER-DG_RET_IFBAIANO-Fiscal-do-contrato-de-servico-de-impressao-departamental..pdf\" class=\"wp-block-file__button\" download>Baixar<\/a><\/div>\n\n\n\n<div class=\"wp-block-file\"><a href=\"https:\/\/www.ifbaiano.edu.br\/unidades\/serrinha\/files\/2021\/06\/PORTARIA-6_2021-SER-GAB-SER-DG_RET_IFBAIANO-GT-Teletrabalho.pdf\">PORTARIA 6_2021 &#8211; SER-GAB-SER-DG_RET_IFBAIANO &#8211; GT Teletrabalho<\/a><a href=\"https:\/\/www.ifbaiano.edu.br\/unidades\/serrinha\/files\/2021\/06\/PORTARIA-6_2021-SER-GAB-SER-DG_RET_IFBAIANO-GT-Teletrabalho.pdf\" class=\"wp-block-file__button\" download>Baixar<\/a><\/div>\n\n\n\n<div class=\"wp-block-file\"><a href=\"https:\/\/www.ifbaiano.edu.br\/unidades\/serrinha\/files\/2021\/06\/PORTARIA-7_2021-SER-GAB-SER-DG_RET_IFBAIANO-Designar-composicao-da-comissao-local-do-PROSEL_2021.pdf\">PORTARIA 7_2021 &#8211; SER-GAB-SER-DG_RET_IFBAIANO &#8211; Designar composi\u00e7\u00e3o comiss\u00e3o local PROSEL_2021<\/a><a href=\"https:\/\/www.ifbaiano.edu.br\/unidades\/serrinha\/files\/2021\/06\/PORTARIA-7_2021-SER-GAB-SER-DG_RET_IFBAIANO-Designar-composicao-da-comissao-local-do-PROSEL_2021.pdf\" class=\"wp-block-file__button\" download>Baixar<\/a><\/div>\n\n\n\n<div class=\"wp-block-file\"><a href=\"https:\/\/www.ifbaiano.edu.br\/unidades\/serrinha\/files\/2021\/06\/PORTARIA-8_2021-SER-GAB-SER-DG_RET_IFBAIANO-Designar-membros-para-compor-CLAE_2021.pdf\">PORTARIA 8_2021 &#8211; SER-GAB-SER-DG_RET_IFBAIANO &#8211; Designar membros para compor CLAE_2021<\/a><a href=\"https:\/\/www.ifbaiano.edu.br\/unidades\/serrinha\/files\/2021\/06\/PORTARIA-8_2021-SER-GAB-SER-DG_RET_IFBAIANO-Designar-membros-para-compor-CLAE_2021.pdf\" class=\"wp-block-file__button\" download>Baixar<\/a><\/div>\n\n\n\n<div class=\"wp-block-file\"><a href=\"https:\/\/www.ifbaiano.edu.br\/unidades\/serrinha\/files\/2021\/06\/PORTARIA-9_2021-SER-GAB-SER-DG_RET_IFBAIANO-Alterar-a-composicao-da-Comissao-Local-PROSEL_2021.pdf\">PORTARIA 9_2021 &#8211; SER-GAB-SER-DG_RET_IFBAIANO &#8211; Alterar composi\u00e7\u00e3o da Comiss\u00e3o Local PROSEL_2021<\/a><a href=\"https:\/\/www.ifbaiano.edu.br\/unidades\/serrinha\/files\/2021\/06\/PORTARIA-9_2021-SER-GAB-SER-DG_RET_IFBAIANO-Alterar-a-composicao-da-Comissao-Local-PROSEL_2021.pdf\" class=\"wp-block-file__button\" download>Baixar<\/a><\/div>\n\n\n\n<div class=\"wp-block-file\"><a href=\"https:\/\/www.ifbaiano.edu.br\/unidades\/serrinha\/files\/2021\/06\/PORTARIA-10_2021-SER-GAB-SER-DG_RET_IFBAIANO-Alterar-a-composicao-da-Comissao-Local-do-PNAE_COVID-19..pdf\">PORTARIA 10_2021 &#8211; SER-GAB-SER-DG_RET_IFBAIANO &#8211; Alterar composi\u00e7\u00e3o Comiss\u00e3o Local PNAECOVID-19.<\/a><a href=\"https:\/\/www.ifbaiano.edu.br\/unidades\/serrinha\/files\/2021\/06\/PORTARIA-10_2021-SER-GAB-SER-DG_RET_IFBAIANO-Alterar-a-composicao-da-Comissao-Local-do-PNAE_COVID-19..pdf\" class=\"wp-block-file__button\" download>Baixar<\/a><\/div>\n\n\n\n<div class=\"wp-block-file\"><a href=\"https:\/\/www.ifbaiano.edu.br\/unidades\/serrinha\/files\/2021\/06\/PORTARIA-11_2021-SER-GAB-SER-DG_RET_IFBAIANO-Constituir-Comissao-Organizadora-do-I-Seminario-do-Curso-de-Pos-Graduacao-em-Ciencias-Ambientais.pdf\">PORTARIA 11_2021 &#8211; SER-GAB-SER-DG_RET_IFBAIANO &#8211; Constituir Comiss\u00e3o Organizadora do I Semin\u00e1rio do Curso de P\u00f3s-Gradua\u00e7\u00e3o em Ci\u00eancias Ambientais<\/a><a href=\"https:\/\/www.ifbaiano.edu.br\/unidades\/serrinha\/files\/2021\/06\/PORTARIA-11_2021-SER-GAB-SER-DG_RET_IFBAIANO-Constituir-Comissao-Organizadora-do-I-Seminario-do-Curso-de-Pos-Graduacao-em-Ciencias-Ambientais.pdf\" class=\"wp-block-file__button\" download>Baixar<\/a><\/div>\n\n\n\n<div class=\"wp-block-file\"><a href=\"https:\/\/www.ifbaiano.edu.br\/unidades\/serrinha\/files\/2021\/06\/PORTARIA-12_2021-SER-GAB-SER-DG_RET_IFBAIANO-Alterar-a-composicao-da-Comissao-Local-PROSEL_2021.pdf\">PORTARIA 12_2021 &#8211; SER-GAB-SER-DG_RET_IFBAIANO &#8211; Alterar composi\u00e7\u00e3o Comiss\u00e3o Local PROSEL_2021<\/a><a href=\"https:\/\/www.ifbaiano.edu.br\/unidades\/serrinha\/files\/2021\/06\/PORTARIA-12_2021-SER-GAB-SER-DG_RET_IFBAIANO-Alterar-a-composicao-da-Comissao-Local-PROSEL_2021.pdf\" class=\"wp-block-file__button\" download>Baixar<\/a><\/div>\n\n\n\n<div class=\"wp-block-file\"><a href=\"https:\/\/www.ifbaiano.edu.br\/unidades\/serrinha\/files\/2021\/06\/PORTARIA-13_2021-SER-GAB-SER-DG_RET_IFBAIANO-Alterar-composicao-do-NDE-Curso-Ciencias-Biologicas..pdf\">PORTARIA 13_2021 &#8211; SER-GAB-SER-DG_RET_IFBAIANO &#8211; Alterar composi\u00e7\u00e3o NDE Curso Ci\u00eancias Biol\u00f3gicas.<\/a><a href=\"https:\/\/www.ifbaiano.edu.br\/unidades\/serrinha\/files\/2021\/06\/PORTARIA-13_2021-SER-GAB-SER-DG_RET_IFBAIANO-Alterar-composicao-do-NDE-Curso-Ciencias-Biologicas..pdf\" class=\"wp-block-file__button\" download>Baixar<\/a><\/div>\n\n\n\n<div class=\"wp-block-file\"><a href=\"https:\/\/www.ifbaiano.edu.br\/unidades\/serrinha\/files\/2021\/06\/PORTARIA-14_2021-SER-GAB-SER-DG_RET_IFBAIANO-Comissao-de-Organizacao-do-Processo-Seletivo-2021-para-o-curso-de-especializacao-em-Educacao-do-Campo..pdf\">PORTARIA 14_2021 &#8211; SER-GAB-SER-DG_RET_IFBAIANO &#8211; Comiss\u00e3o de Organiza\u00e7\u00e3o do Processo Seletivo 2021 para o curso de especializa\u00e7\u00e3o em Educa\u00e7\u00e3o do Campo.<\/a><a href=\"https:\/\/www.ifbaiano.edu.br\/unidades\/serrinha\/files\/2021\/06\/PORTARIA-14_2021-SER-GAB-SER-DG_RET_IFBAIANO-Comissao-de-Organizacao-do-Processo-Seletivo-2021-para-o-curso-de-especializacao-em-Educacao-do-Campo..pdf\" class=\"wp-block-file__button\" download>Baixar<\/a><\/div>\n\n\n\n<div class=\"wp-block-file\"><a href=\"https:\/\/www.ifbaiano.edu.br\/unidades\/serrinha\/files\/2021\/06\/PORTARIA-15_2021-SER-GAB-SER-DG_RET_IFBAIANO-Alterar-a-Portaria-n.o-82_2020-que-designa-servidores-e-estudantes-para-compor-o-Colegiado-do-Curso-Licenciatura-em-Ciencias-Biologicas..pdf\">PORTARIA 15_2021 &#8211; SER-GAB-SER-DG_RET_IFBAIANO &#8211; Alterar a Portaria n.\u00ba 82_2020 que designa servidores e estudantes para compor o Colegiado do Curso Licenciatura em Ci\u00eancias Biol\u00f3gicas.<\/a><a href=\"https:\/\/www.ifbaiano.edu.br\/unidades\/serrinha\/files\/2021\/06\/PORTARIA-15_2021-SER-GAB-SER-DG_RET_IFBAIANO-Alterar-a-Portaria-n.o-82_2020-que-designa-servidores-e-estudantes-para-compor-o-Colegiado-do-Curso-Licenciatura-em-Ciencias-Biologicas..pdf\" class=\"wp-block-file__button\" download>Baixar<\/a><\/div>\n\n\n\n<div class=\"wp-block-file\"><a href=\"https:\/\/www.ifbaiano.edu.br\/unidades\/serrinha\/files\/2021\/06\/PORTARIA-16_2021-SER-GAB-SER-DG_RET_IFBAIANO-Comissao-de-Elaboracao-dos-Calendarios-Academicos-2021.pdf\">PORTARIA 16_2021 &#8211; SER-GAB-SER-DG_RET_IFBAIANO &#8211; Comiss\u00e3o de Elabora\u00e7\u00e3o dos Calend\u00e1rios Acad\u00eamicos 2021<\/a><a href=\"https:\/\/www.ifbaiano.edu.br\/unidades\/serrinha\/files\/2021\/06\/PORTARIA-16_2021-SER-GAB-SER-DG_RET_IFBAIANO-Comissao-de-Elaboracao-dos-Calendarios-Academicos-2021.pdf\" class=\"wp-block-file__button\" download>Baixar<\/a><\/div>\n\n\n\n<div class=\"wp-block-file\"><a href=\"https:\/\/www.ifbaiano.edu.br\/unidades\/serrinha\/files\/2021\/06\/PORTARIA-17_2021-SER-GAB-SER-DG_RET_IFBAIANO-Revogar-a-portaria-49_2020-SER-GAB_SER-DG-e-alterar-a-composicao-do-Conselho-do-Curso-Tecnico-em-Agropecuaria.pdf\">PORTARIA 17_2021 &#8211; SER-GAB-SER-DG_RET_IFBAIANO &#8211; Revogar a portaria 49_2020 &#8211; SER-GAB_SER-DG, e alterar a composi\u00e7\u00e3o do Conselho do Curso T\u00e9cnico em Agropecu\u00e1ria<\/a><a href=\"https:\/\/www.ifbaiano.edu.br\/unidades\/serrinha\/files\/2021\/06\/PORTARIA-17_2021-SER-GAB-SER-DG_RET_IFBAIANO-Revogar-a-portaria-49_2020-SER-GAB_SER-DG-e-alterar-a-composicao-do-Conselho-do-Curso-Tecnico-em-Agropecuaria.pdf\" class=\"wp-block-file__button\" download>Baixar<\/a><\/div>\n\n\n\n<div class=\"wp-block-file\"><a href=\"https:\/\/www.ifbaiano.edu.br\/unidades\/serrinha\/files\/2021\/06\/PORTARIA-18_2021-SER-GAB-SER-DG_RET_IFBAIANO-Constituir-Comissao-de-Avaliacao-Interna-da-Certificacao-do-Ensino-Medio..pdf\">PORTARIA 18_2021 &#8211; SER-GAB-SER-DG_RET_IFBAIANO -Constituir Comiss\u00e3o de Avalia\u00e7\u00e3o Interna da Certifica\u00e7\u00e3o do Ensino M\u00e9dio.<\/a><a href=\"https:\/\/www.ifbaiano.edu.br\/unidades\/serrinha\/files\/2021\/06\/PORTARIA-18_2021-SER-GAB-SER-DG_RET_IFBAIANO-Constituir-Comissao-de-Avaliacao-Interna-da-Certificacao-do-Ensino-Medio..pdf\" class=\"wp-block-file__button\" download>Baixar<\/a><\/div>\n\n\n\n<div class=\"wp-block-file\"><a href=\"https:\/\/www.ifbaiano.edu.br\/unidades\/serrinha\/files\/2021\/06\/PORTARIA-19_2021-SER-GAB-SER-DG_RET_IFBAIANO-Constituir-o-Conselho-de-Curso-para-o-curso-Tecnico-em-Agroindustria-Integrado-ao-ensino-medio-PROEJA..pdf\">PORTARIA 19_2021 &#8211; SER-GAB-SER-DG_RET_IFBAIANO &#8211; Constituir o Conselho de Curso para o curso T\u00e9cnico em Agroind\u00fastria Integrado ao ensino m\u00e9dio &#8211; PROEJA.<\/a><a href=\"https:\/\/www.ifbaiano.edu.br\/unidades\/serrinha\/files\/2021\/06\/PORTARIA-19_2021-SER-GAB-SER-DG_RET_IFBAIANO-Constituir-o-Conselho-de-Curso-para-o-curso-Tecnico-em-Agroindustria-Integrado-ao-ensino-medio-PROEJA..pdf\" class=\"wp-block-file__button\" download>Baixar<\/a><\/div>\n\n\n\n\n\n<div class=\"wp-block-file\"><a href=\"https:\/\/www.ifbaiano.edu.br\/unidades\/serrinha\/files\/2021\/06\/PORTARIA-20_2021-SER-GAB-SER-DG_RET_IFBAIANO-Revogar-a-portaria-3_2021-SER-GAB_SER-DG_RET_IFBAIANO-alterar-a-composicao-do-Colegiado-do-Curso-de-Tecnologia-em-Gestao-de-Cooperativas..pdf\">PORTARIA 20_2021 &#8211; SER-GAB-SER-DG_RET_IFBAIANO &#8211; Revogar a portaria 3_2021 &#8211; SER-GAB_SER-DG_RET_IFBAIANO, alterar a composi\u00e7\u00e3o do Colegiado do Curso de Tecnologia em Gest\u00e3o de Cooperativas.<\/a><a href=\"https:\/\/www.ifbaiano.edu.br\/unidades\/serrinha\/files\/2021\/06\/PORTARIA-20_2021-SER-GAB-SER-DG_RET_IFBAIANO-Revogar-a-portaria-3_2021-SER-GAB_SER-DG_RET_IFBAIANO-alterar-a-composicao-do-Colegiado-do-Curso-de-Tecnologia-em-Gestao-de-Cooperativas..pdf\" class=\"wp-block-file__button\" download>Baixar<\/a><\/div>\n\n\n\n<div class=\"wp-block-file\"><a href=\"https:\/\/www.ifbaiano.edu.br\/unidades\/serrinha\/files\/2021\/06\/PORTARIA-21_2021-SER-GAB-SER-DG_RET_IFBAIANO-Revogar-a-portaria-no-65_2020-SER-GAB_SER-DG_RET_IFBAIANO-e-alterar-a-composicao-do-Nucleo-de-Estudos-em-Agroecologia-_NEA_-Abelmanto..pdf\">PORTARIA 21_2021 &#8211; SER-GAB-SER-DG_RET_IFBAIANO -Revogar a portaria n\u00ba 65_2020 &#8211; SER-GAB_SER-DG_RET_IFBAIANO, e alterar a composi\u00e7\u00e3o do N\u00facleo de Estudos em Agroecologia _NEA_ Abelmanto.<\/a><a href=\"https:\/\/www.ifbaiano.edu.br\/unidades\/serrinha\/files\/2021\/06\/PORTARIA-21_2021-SER-GAB-SER-DG_RET_IFBAIANO-Revogar-a-portaria-no-65_2020-SER-GAB_SER-DG_RET_IFBAIANO-e-alterar-a-composicao-do-Nucleo-de-Estudos-em-Agroecologia-_NEA_-Abelmanto..pdf\" class=\"wp-block-file__button\" download>Baixar<\/a><\/div>\n","protected":false},"excerpt":{"rendered":"","protected":false},"author":143,"featured_media":0,"parent":0,"menu_order":0,"comment_status":"closed","ping_status":"closed","template":"","meta":[],"_links":{"self":[{"href":"https:\/\/www.ifbaiano.edu.br\/unidades\/serrinha\/wp-json\/wp\/v2\/pages\/5230"}],"collection":[{"href":"https:\/\/www.ifbaiano.edu.br\/unidades\/serrinha\/wp-json\/wp\/v2\/pages"}],"about":[{"href":"https:\/\/www.ifbaiano.edu.br\/unidades\/serrinha\/wp-json\/wp\/v2\/types\/page"}],"author":[{"embeddable":true,"href":"https:\/\/www.ifbaiano.edu.br\/unidades\/serrinha\/wp-json\/wp\/v2\/users\/143"}],"replies":[{"embeddable":true,"href":"https:\/\/www.ifbaiano.edu.br\/unidades\/serrinha\/wp-json\/wp\/v2\/comments?post=5230"}],"version-history":[{"count":1,"href":"https:\/\/www.ifbaiano.edu.br\/unidades\/serrinha\/wp-json\/wp\/v2\/pages\/5230\/revisions"}],"predecessor-version":[{"id":5231,"href":"https:\/\/www.ifbaiano.edu.br\/unidades\/serrinha\/wp-json\/wp\/v2\/pages\/5230\/revisions\/5231"}],"wp:attachment":[{"href":"https:\/\/www.ifbaiano.edu.br\/unidades\/serrinha\/wp-json\/wp\/v2\/media?parent=5230"}],"curies":[{"name":"wp","href":"https:\/\/api.w.org\/{rel}","templated":true}]}}