{"id":5472,"date":"2021-10-21T15:22:33","date_gmt":"2021-10-21T18:22:33","guid":{"rendered":"https:\/\/www.ifbaiano.edu.br\/unidades\/serrinha\/?page_id=5472"},"modified":"2021-10-21T15:23:30","modified_gmt":"2021-10-21T18:23:30","slug":"apnp-atividades-pedagogicas-nao-presenciais-semestre-2021-1","status":"publish","type":"page","link":"https:\/\/www.ifbaiano.edu.br\/unidades\/serrinha\/apnp-atividades-pedagogicas-nao-presenciais-2\/apnp-atividades-pedagogicas-nao-presenciais-semestre-2021-1\/","title":{"rendered":"APNP \u2013 Atividades Pedag\u00f3gicas N\u00e3o Presenciais \u2013 Semestre 2021.1"},"content":{"rendered":"\n<div id=\"TituloMenu\" class=\"dnone\">\nDOCUMENTOS\n<\/div><\/a>\n\n\n\n<div class=\"wp-block-file\"><a href=\"https:\/\/www.ifbaiano.edu.br\/unidades\/serrinha\/files\/2021\/10\/Guia-para-APNP-IF-Baiano-Campus-Serrinha-2021.1.pdf\" target=\"_blank\" rel=\"noreferrer noopener\">Guia para APNP IF Baiano Campus Serrinha 2021.1<\/a><\/div>\n\n\n\n<div class=\"wp-block-file\"><a href=\"https:\/\/www.ifbaiano.edu.br\/unidades\/serrinha\/files\/2021\/10\/Atendimento-ao-estudante-2021.1.pdf\" target=\"_blank\" rel=\"noreferrer noopener\">Atendimento ao estudante 2021.1<\/a><\/div>\n\n\n\n<div id=\"TituloMenu\" class=\"dnone\">\nHOR\u00c1RIO DAS ATIVIDADES\n<\/div><\/a>\n\n\n\n<div class=\"wp-block-file\"><a href=\"https:\/\/www.ifbaiano.edu.br\/unidades\/serrinha\/files\/2021\/10\/Agroecologia-Horarios-2021-1-1a-serie-Modulos-1-a-4.pdf\" target=\"_blank\" rel=\"noreferrer noopener\">Agroecologia Hor\u00e1rios 2021 1 &#8211; 1\u00aa s\u00e9rie &#8211; M\u00f3dulos 1 a 4<\/a><\/div>\n\n\n\n<div class=\"wp-block-file\"><a href=\"https:\/\/www.ifbaiano.edu.br\/unidades\/serrinha\/files\/2021\/10\/Agroecologia-Horarios-2021-1-2a-serie-Modulos-1-a-4.pdf\" target=\"_blank\" rel=\"noreferrer noopener\">Agroecologia Hor\u00e1rios 2021 1 &#8211; 2\u00aa s\u00e9rie &#8211; M\u00f3dulos 1 a 4<\/a><\/div>\n\n\n\n<div class=\"wp-block-file\"><a href=\"https:\/\/www.ifbaiano.edu.br\/unidades\/serrinha\/files\/2021\/10\/Agroecologia-Horarios-2021-1-3a-serie-Modulos-1-a-4.pdf\" target=\"_blank\" rel=\"noreferrer noopener\">Agroecologia Hor\u00e1rios 2021 1 &#8211; 3\u00aa s\u00e9rie &#8211; M\u00f3dulos 1 a 4<\/a><\/div>\n\n\n\n<div class=\"wp-block-file\"><a href=\"https:\/\/www.ifbaiano.edu.br\/unidades\/serrinha\/files\/2021\/10\/Agroindustria-Horario-2021-1-Modulo-I.pdf\" target=\"_blank\" rel=\"noreferrer noopener\">Agroind\u00fastria Hor\u00e1rio 2021 1 M\u00f3dulo I<\/a><\/div>\n\n\n\n<div class=\"wp-block-file\"><a href=\"https:\/\/www.ifbaiano.edu.br\/unidades\/serrinha\/files\/2021\/10\/Agroindustria-Horario-2021-1-Modulo-II.pdf\" target=\"_blank\" rel=\"noreferrer noopener\">Agroind\u00fastria Hor\u00e1rio 2021 1 M\u00f3dulo II<\/a><\/div>\n\n\n\n<div class=\"wp-block-file\"><a href=\"https:\/\/www.ifbaiano.edu.br\/unidades\/serrinha\/files\/2021\/10\/Agroindustria-Horario-2021-1-Modulo-III.pdf\" target=\"_blank\" rel=\"noreferrer noopener\">Agroind\u00fastria Hor\u00e1rio 2021 1 M\u00f3dulo III<\/a><\/div>\n\n\n\n<div class=\"wp-block-file\"><a href=\"https:\/\/www.ifbaiano.edu.br\/unidades\/serrinha\/files\/2021\/10\/Agroindustria-Horario-2021-1-Modulo-IV.pdf\" target=\"_blank\" rel=\"noreferrer noopener\">Agroind\u00fastria Hor\u00e1rio 2021 1 M\u00f3dulo IV<\/a><\/div>\n\n\n\n<div class=\"wp-block-file\"><a href=\"https:\/\/www.ifbaiano.edu.br\/unidades\/serrinha\/files\/2021\/10\/Agropecuaria-Horario-2021-1-I-e-III-Semestre-Modulos-1-a-4.pdf\" target=\"_blank\" rel=\"noreferrer noopener\">Agropecu\u00e1ria Hor\u00e1rio 2021 1 I e III Semestre M\u00f3dulos 1 a 4<\/a><\/div>\n\n\n\n<div class=\"wp-block-file\"><a href=\"https:\/\/www.ifbaiano.edu.br\/unidades\/serrinha\/files\/2021\/10\/Alimentos-Horario-2021-1-1\u00b0-Serie-Modulo-1.pdf\" target=\"_blank\" rel=\"noreferrer noopener\">Alimentos Hor\u00e1rio 2021 1 &#8211; 1\u00b0 S\u00e9rie &#8211; M\u00f3dulo 1<\/a><\/div>\n\n\n\n<div class=\"wp-block-file\"><a href=\"https:\/\/www.ifbaiano.edu.br\/unidades\/serrinha\/files\/2021\/10\/Alimentos-Horario-2021-1-1\u00b0-Serie-Modulo-2.pdf\" target=\"_blank\" rel=\"noreferrer noopener\">Alimentos Hor\u00e1rio 2021 1 &#8211; 1\u00b0 S\u00e9rie &#8211; M\u00f3dulo 2<\/a><\/div>\n\n\n\n<div class=\"wp-block-file\"><a href=\"https:\/\/www.ifbaiano.edu.br\/unidades\/serrinha\/files\/2021\/10\/Alimentos-Horario-2021-1-1\u00b0-Serie-Modulo-3.pdf\" target=\"_blank\" rel=\"noreferrer noopener\">Alimentos Hor\u00e1rio 2021 1 &#8211; 1\u00b0 S\u00e9rie &#8211; M\u00f3dulo 3<\/a><\/div>\n\n\n\n<div class=\"wp-block-file\"><a href=\"https:\/\/www.ifbaiano.edu.br\/unidades\/serrinha\/files\/2021\/10\/Alimentos-Horario-2021-1-1\u00b0-Serie-Modulo-4.pdf\" target=\"_blank\" rel=\"noreferrer noopener\">Alimentos Hor\u00e1rio 2021 1 &#8211; 1\u00b0 S\u00e9rie &#8211; M\u00f3dulo 4<\/a><\/div>\n\n\n\n<div class=\"wp-block-file\"><a href=\"https:\/\/www.ifbaiano.edu.br\/unidades\/serrinha\/files\/2021\/10\/Biologia-Horario-2021-1-I-Semestre-Modulos-1-a-4.pdf\" target=\"_blank\" rel=\"noreferrer noopener\">Biologia Hor\u00e1rio 2021 1 &#8211; I Semestre &#8211; M\u00f3dulos 1 a 4<\/a><\/div>\n\n\n\n<div class=\"wp-block-file\"><a href=\"https:\/\/www.ifbaiano.edu.br\/unidades\/serrinha\/files\/2021\/10\/Biologia-Horario-2021-1-III-Semestre-Modulo-1-a-4.pdf\" target=\"_blank\" rel=\"noreferrer noopener\">Biologia Hor\u00e1rio 2021 1 &#8211; III Semestre &#8211; M\u00f3dulo 1 a 4<\/a><\/div>\n\n\n\n<div class=\"wp-block-file\"><a href=\"https:\/\/www.ifbaiano.edu.br\/unidades\/serrinha\/files\/2021\/10\/Biologia-Horario-2021-1-V-Semestre-Modulos-1-a-4.pdf\" target=\"_blank\" rel=\"noreferrer noopener\">Biologia Hor\u00e1rio 2021 1 &#8211; V Semestre &#8211; M\u00f3dulos 1 a 4<\/a><\/div>\n\n\n\n<div class=\"wp-block-file\"><a href=\"https:\/\/www.ifbaiano.edu.br\/unidades\/serrinha\/files\/2021\/10\/Biologia-Horario-2021-1-VII-Semestre-Modulos-1-a-4.pdf\" target=\"_blank\" rel=\"noreferrer noopener\">Biologia Hor\u00e1rio 2021 1 &#8211; VII Semestre &#8211; M\u00f3dulos 1 a 4<\/a><\/div>\n\n\n\n<div class=\"wp-block-file\"><a href=\"https:\/\/www.ifbaiano.edu.br\/unidades\/serrinha\/files\/2021\/10\/Cooperativas-Horarios-2021-1-I-semestre-Modulos-1-a-4.pdf\" target=\"_blank\" rel=\"noreferrer noopener\">Cooperativas Hor\u00e1rios 2021 1 &#8211; I semestre &#8211; M\u00f3dulos 1 a 4<\/a><\/div>\n\n\n\n<div class=\"wp-block-file\"><a href=\"https:\/\/www.ifbaiano.edu.br\/unidades\/serrinha\/files\/2021\/10\/Cooperativas-Horarios-2021-1-III-semestre-Modulos-1-a-4.pdf\" target=\"_blank\" rel=\"noreferrer noopener\">Cooperativas Hor\u00e1rios 2021 1 &#8211; III semestre- M\u00f3dulos 1 a 4<\/a><\/div>\n\n\n\n<div class=\"wp-block-file\"><a href=\"https:\/\/www.ifbaiano.edu.br\/unidades\/serrinha\/files\/2021\/10\/Cooperativas-Horarios-2021-1-V-semestre-Modulos-1-a-4.pdf\" target=\"_blank\" rel=\"noreferrer noopener\">Cooperativas Hor\u00e1rios 2021 1 &#8211; V semestre &#8211; M\u00f3dulos 1 a 4<\/a><\/div>\n","protected":false},"excerpt":{"rendered":"<p>DOCUMENTOS HOR\u00c1RIO DAS ATIVIDADES<\/p>\n","protected":false},"author":186,"featured_media":0,"parent":5015,"menu_order":0,"comment_status":"closed","ping_status":"closed","template":"","meta":[],"_links":{"self":[{"href":"https:\/\/www.ifbaiano.edu.br\/unidades\/serrinha\/wp-json\/wp\/v2\/pages\/5472"}],"collection":[{"href":"https:\/\/www.ifbaiano.edu.br\/unidades\/serrinha\/wp-json\/wp\/v2\/pages"}],"about":[{"href":"https:\/\/www.ifbaiano.edu.br\/unidades\/serrinha\/wp-json\/wp\/v2\/types\/page"}],"author":[{"embeddable":true,"href":"https:\/\/www.ifbaiano.edu.br\/unidades\/serrinha\/wp-json\/wp\/v2\/users\/186"}],"replies":[{"embeddable":true,"href":"https:\/\/www.ifbaiano.edu.br\/unidades\/serrinha\/wp-json\/wp\/v2\/comments?post=5472"}],"version-history":[{"count":2,"href":"https:\/\/www.ifbaiano.edu.br\/unidades\/serrinha\/wp-json\/wp\/v2\/pages\/5472\/revisions"}],"predecessor-version":[{"id":5495,"href":"https:\/\/www.ifbaiano.edu.br\/unidades\/serrinha\/wp-json\/wp\/v2\/pages\/5472\/revisions\/5495"}],"up":[{"embeddable":true,"href":"https:\/\/www.ifbaiano.edu.br\/unidades\/serrinha\/wp-json\/wp\/v2\/pages\/5015"}],"wp:attachment":[{"href":"https:\/\/www.ifbaiano.edu.br\/unidades\/serrinha\/wp-json\/wp\/v2\/media?parent=5472"}],"curies":[{"name":"wp","href":"https:\/\/api.w.org\/{rel}","templated":true}]}}