{"id":5534,"date":"2021-11-25T09:52:55","date_gmt":"2021-11-25T12:52:55","guid":{"rendered":"https:\/\/www.ifbaiano.edu.br\/unidades\/serrinha\/?page_id=5534"},"modified":"2021-11-25T09:56:48","modified_gmt":"2021-11-25T12:56:48","slug":"pregao-eletronico-01-2021-aquisicao-de-materiais-cuec","status":"publish","type":"page","link":"https:\/\/www.ifbaiano.edu.br\/unidades\/serrinha\/diretoria-administrativa\/licitacoes-e-contratos\/licitacoes\/pregao-eletronico-01-2021-aquisicao-de-materiais-cuec\/","title":{"rendered":"Preg\u00e3o Eletr\u00f4nico SRP 01\/2021 &#8211; Aquisi\u00e7\u00e3o de materiais e equipamentos para a utiliza\u00e7\u00e3o em atividades relacionadas a Coordena\u00e7\u00e3o de Unidades Educativas do Campos &#8211; CUEC do Instituto Federal Baiano Campus Serrinha"},"content":{"rendered":"\n<div class=\"wp-block-file\"><a href=\"https:\/\/www.ifbaiano.edu.br\/unidades\/serrinha\/files\/2021\/11\/AVISO-DE-LICITACAO-DOU-Imprensa-Nacional.pdf\" target=\"_blank\" rel=\"noreferrer noopener\">AVISO DE LICITA\u00c7\u00c3O &#8211; DOU &#8211; Imprensa Nacional<\/a><\/div>\n\n\n\n<div class=\"wp-block-file\"><a href=\"https:\/\/www.ifbaiano.edu.br\/unidades\/serrinha\/files\/2021\/11\/Documentos-para-Divulgacao.-Edital.TR-e-Ata-de-Regiistro-de-Precos.pdf\" target=\"_blank\" rel=\"noreferrer noopener\">Documentos para Divulga\u00e7\u00e3o. Edital.TR e Ata de Regiistro de Pre\u00e7os<\/a><\/div>\n\n\n\n<p><\/p>\n","protected":false},"excerpt":{"rendered":"","protected":false},"author":186,"featured_media":0,"parent":1674,"menu_order":0,"comment_status":"closed","ping_status":"closed","template":"","meta":[],"_links":{"self":[{"href":"https:\/\/www.ifbaiano.edu.br\/unidades\/serrinha\/wp-json\/wp\/v2\/pages\/5534"}],"collection":[{"href":"https:\/\/www.ifbaiano.edu.br\/unidades\/serrinha\/wp-json\/wp\/v2\/pages"}],"about":[{"href":"https:\/\/www.ifbaiano.edu.br\/unidades\/serrinha\/wp-json\/wp\/v2\/types\/page"}],"author":[{"embeddable":true,"href":"https:\/\/www.ifbaiano.edu.br\/unidades\/serrinha\/wp-json\/wp\/v2\/users\/186"}],"replies":[{"embeddable":true,"href":"https:\/\/www.ifbaiano.edu.br\/unidades\/serrinha\/wp-json\/wp\/v2\/comments?post=5534"}],"version-history":[{"count":2,"href":"https:\/\/www.ifbaiano.edu.br\/unidades\/serrinha\/wp-json\/wp\/v2\/pages\/5534\/revisions"}],"predecessor-version":[{"id":5540,"href":"https:\/\/www.ifbaiano.edu.br\/unidades\/serrinha\/wp-json\/wp\/v2\/pages\/5534\/revisions\/5540"}],"up":[{"embeddable":true,"href":"https:\/\/www.ifbaiano.edu.br\/unidades\/serrinha\/wp-json\/wp\/v2\/pages\/1674"}],"wp:attachment":[{"href":"https:\/\/www.ifbaiano.edu.br\/unidades\/serrinha\/wp-json\/wp\/v2\/media?parent=5534"}],"curies":[{"name":"wp","href":"https:\/\/api.w.org\/{rel}","templated":true}]}}