{"id":5750,"date":"2022-03-15T16:01:15","date_gmt":"2022-03-15T19:01:15","guid":{"rendered":"https:\/\/www.ifbaiano.edu.br\/unidades\/serrinha\/?page_id=5750"},"modified":"2023-02-27T14:04:45","modified_gmt":"2023-02-27T17:04:45","slug":"licitacoes-2022","status":"publish","type":"page","link":"https:\/\/www.ifbaiano.edu.br\/unidades\/serrinha\/diretoria-administrativa\/licitacoes-e-contratos\/licitacoes\/licitacoes-2022\/","title":{"rendered":"Licita\u00e7\u00f5es &#8211; 2022"},"content":{"rendered":"\n<p><a href=\"https:\/\/www.ifbaiano.edu.br\/unidades\/serrinha\/2022\/07\/21\/chamada-publica-01-2022-aquisicao-de-generos-alimenticios-atraves-do-pnae\/\" target=\"_blank\" rel=\"noreferrer noopener\">Chamada P\u00fablica 01\/2022 &#8211; Aquisi\u00e7\u00e3o de G\u00eaneros Aliment\u00edcios atrav\u00e9s do PNAE<\/a><\/p>\n\n\n\n<div class=\"wp-block-file\"><a href=\"https:\/\/www.ifbaiano.edu.br\/unidades\/serrinha\/files\/2021\/05\/Relatorio-do-Plano-Anual-PGC.PAC-2022-IF-BAIANO-CAMPUS-SERRINHA.pdf\">Relat\u00f3rio do Plano Anual PGC.PAC 2022 &#8211; IF BAIANO &#8211; CAMPUS SERRINHA<\/a><\/div>\n\n\n\n<div class=\"wp-block-file\"><a href=\"https:\/\/www.ifbaiano.edu.br\/unidades\/serrinha\/files\/2022\/12\/Adesao-a-Ata-de-Registro-de-Precos-38-2022-Orgao-Gerenciador-UFES-Objeto-Aquisicao-de-cadeiras-escolares-para-o-IF-Baiano-Campus-Serrinha.pdf\" target=\"_blank\" rel=\"noreferrer noopener\">Ades\u00e3o a Ata de Registro de Pre\u00e7os 38\/2022 &#8211; \u00d3rg\u00e3o Gerenciador UFES &#8211; Objeto: Aquisi\u00e7\u00e3o de cadeiras escolares para o IF Baiano &#8211; Campus Serrinha<\/a><\/div>\n\n\n\n<div class=\"wp-block-file\"><a href=\"https:\/\/www.ifbaiano.edu.br\/unidades\/serrinha\/files\/2022\/12\/Adesao-a-Ata-de-Registro-de-Precos-05-2022-Orgao-Gerenciador-IF-Baiano-Campus-Itapetinga-Objeto-Aquisicao-de-nobreaks-para-o-IF-Baiano-Campus-Serrinha.pdf\" target=\"_blank\" rel=\"noreferrer noopener\">Ades\u00e3o a Ata de Registro de Pre\u00e7os 05\/2022 &#8211; \u00d3rg\u00e3o Gerenciador: IF Baiano &#8211; Campus Itapetinga Objeto: Aquisi\u00e7\u00e3o de nobreaks para o IF Baiano &#8211; Campus Serrinha<\/a><\/div>\n\n\n\n<div id=\"TituloMenu\" class=\"dnone\" align=\"center\">Preg\u00e3o Eletr\u00f4nico<\/div>\n\n\n\n<div class=\"wp-block-file\"><a href=\"https:\/\/www.ifbaiano.edu.br\/unidades\/serrinha\/files\/2023\/01\/Processo-Completo-e-Finalizado-05.01.2023.pdf\" target=\"_blank\" rel=\"noreferrer noopener\">Aquisi\u00e7\u00e3o de Aparelho de ar condicionado de 12.000 BTUs para o IF Baiano &#8211; Campus Serrinha, oriundo do Preg\u00e3o Eletr\u00f4nico SRP 03\/2022<\/a><\/div>\n\n\n\n<div class=\"wp-block-file\"><a href=\"https:\/\/www.ifbaiano.edu.br\/unidades\/serrinha\/files\/2023\/01\/Aquisicao-de-aparelhos-de-ar-condicionado-Pregao-03.2022-IFBA.pdf\" target=\"_blank\" rel=\"noreferrer noopener\">Aquisi\u00e7\u00e3o de Aparelho de ar condicionado de 24.0000 e 12.000 BTUs para o IF Baiano &#8211; Campus Serrinha, oriundo do Preg\u00e3o Eletr\u00f4nico SRP 03\/2022<\/a><\/div>\n\n\n\n<div class=\"wp-block-file\"><a href=\"https:\/\/www.ifbaiano.edu.br\/unidades\/serrinha\/files\/2023\/01\/Aquisicao-de-Aparelho-de-ar-condicionado-de-12000-BTUs-para-o-IF-Baiano-Campus-Serrinha-oriundo-do-Pregao-Eletronico-SRP-03-2022.pdf\" target=\"_blank\" rel=\"noreferrer noopener\">Aquisi\u00e7\u00e3o de Aparelho de ar condicionado de 12000 BTUs para o IF Baiano &#8211; Campus Serrinha, oriundo do Preg\u00e3o Eletr\u00f4nico SRP 03\/2022 &#8211; DADM<\/a><\/div>\n\n\n\n<div style=\"height:20px\" aria-hidden=\"true\" class=\"wp-block-spacer\"><\/div>\n\n\n\n<div class=\"wp-block-file\"><a href=\"https:\/\/www.ifbaiano.edu.br\/unidades\/serrinha\/files\/2022\/12\/Processo-completo-no-SUAP-19.12.2022.pdf\" target=\"_blank\" rel=\"noreferrer noopener\">Ades\u00e3o a Ata de Registro de Pre\u00e7os &#8211; IF Sergipe &#8211; Objeto: Aquisi\u00e7\u00e3o de Cadeira Caixa (Banqueta) para o IF Baiano &#8211; Campus Serrinha<\/a><\/div>\n\n\n\n<div class=\"wp-block-file\"><a href=\"https:\/\/www.ifbaiano.edu.br\/unidades\/serrinha\/files\/2022\/12\/Aquisicao-de-aparelhos-de-ar-condicionado-Pregao-03.2022-IFBA.pdf\" target=\"_blank\" rel=\"noreferrer noopener\">Participante do Preg\u00e3o Eletr\u00f4nico SRP 03\/2022 &#8211; \u00d3rg\u00e3o Gerenciador IFBA &#8211; Objeto: Aquisi\u00e7\u00e3o de Aparelhos de Ar-Condicionado &#8211; IF Baiano &#8211; Campus Serrinha<\/a><\/div>\n\n\n\n<p><a href=\"https:\/\/www.ifbaiano.edu.br\/unidades\/serrinha\/pregao-eletronico-03-2022-aquisicao-de-materiais-e-servicos-graficos-para-o-programa-eja-integrada\/\" target=\"_blank\" rel=\"noreferrer noopener\">Preg\u00e3o Eletr\u00f4nico 03\/2022 &#8211; Aquisi\u00e7\u00e3o de materiais e servi\u00e7os gr\u00e1ficos para o Programa EJA Integrada<\/a><\/p>\n\n\n\n<p><a rel=\"noreferrer noopener\" href=\"https:\/\/www.ifbaiano.edu.br\/unidades\/serrinha\/diretoria-administrativa\/licitacoes-e-contratos\/licitacoes\/licitacoes-2022\/pregao-eletronico-02-2022-aquisicao-de-material-de-expediente\/\" target=\"_blank\">Preg\u00e3o Eletr\u00f4nico 02\/2022 &#8211; Aquisi\u00e7\u00e3o de Material de Expediente<\/a> <\/p>\n\n\n\n<div class=\"wp-block-file\"><a href=\"https:\/\/www.ifbaiano.edu.br\/unidades\/serrinha\/files\/2022\/08\/Participante-no-Pregao-Eletronico-032022.pdf\" target=\"_blank\" rel=\"noreferrer noopener\">Participante no Preg\u00e3o Eletr\u00f4nico 03\/2022 &#8211; \u00d3rg\u00e3o Gerenciador IF Baiano: Campus Itapetinga. Objeto: Aquisi\u00e7\u00e3o de Nobreak &#8211; NGTI<\/a><\/div>\n\n\n\n<div class=\"wp-block-file\"><a href=\"https:\/\/www.ifbaiano.edu.br\/unidades\/serrinha\/files\/2022\/08\/PROCESSO-COMPLETO-NO-SUAP-05.08.2022.pdf\" target=\"_blank\" rel=\"noreferrer noopener\">Participante do Preg\u00e3o Eletr\u00f4nico 01\/2022 &#8211; \u00d3rg\u00e3o Gerenciador IF Baiano: Campus Governador Mangabeira. Objeto: Contrata\u00e7\u00e3o de Ativos de Rede NGTI<\/a><\/div>\n\n\n\n<div class=\"wp-block-file\"><a href=\"https:\/\/www.ifbaiano.edu.br\/unidades\/serrinha\/files\/2022\/06\/Participacao-no-Pregao-Eletronico-SRP-06-2022-Orgao-Gerenciador-IF-Baiano-Campus-Governador-Mangabeira.-Objeto-Aquisicao-de-SWITCH-Area-tecnica-requisitante-NGTI.pdf\" target=\"_blank\" rel=\"noreferrer noopener\">Participa\u00e7\u00e3o no Preg\u00e3o Eletr\u00f4nico SRP 06-2022 &#8211; \u00d3rg\u00e3o Gerenciador IF Baiano Campus Governador Mangabeira. Objeto: Aquisi\u00e7\u00e3o de SWITCH &#8211; \u00c1rea t\u00e9cnica requisitante: NGTI<\/a><\/div>\n\n\n\n<div class=\"wp-block-file\"><a href=\"https:\/\/www.ifbaiano.edu.br\/unidades\/serrinha\/files\/2022\/06\/Pregao-Eletronico-SRP-06-2022-Orgao-Gerenciador-IF-Baiano-Campus-Governador-Mangabeira-Objeto-Aquisicao-de-Motopoda-e-Rocadeira-CUEC.pdf\" target=\"_blank\" rel=\"noreferrer noopener\">Participa\u00e7\u00e3o no Preg\u00e3o Eletr\u00f4nico SRP 06\/2022 &#8211; \u00d3rg\u00e3o Gerenciador IF Baiano Campus Governador Mangabeira &#8211; Objeto: Aquisi\u00e7\u00e3o de Motopoda e Ro\u00e7adeira &#8211; \u00c1rea t\u00e9cnica requisitante: CUEC<\/a><\/div>\n\n\n\n<p><a href=\"https:\/\/www.ifbaiano.edu.br\/unidades\/serrinha\/diretoria-administrativa\/licitacoes-e-contratos\/licitacoes\/licitacoes-2022\/pregao-eletronico-01-2022-aquisicao-de-instrumentos-musicais-setor-de-musica-diretoria-academica\/\" target=\"_blank\" rel=\"noreferrer noopener\">Preg\u00e3o Eletr\u00f4nico 01\/2022 &#8211; Aquisi\u00e7\u00e3o de Instrumentos Musicais &#8211; Setor de M\u00fasica &#8211; Diretoria Acad\u00eamica<\/a><\/p>\n\n\n\n<div id=\"TituloMenu\" class=\"dnone\" align=\"center\">Inexigibilidade de Licita\u00e7\u00e3o<\/div>\n\n\n\n<div style=\"height:20px\" aria-hidden=\"true\" class=\"wp-block-spacer\"><\/div>\n\n\n\n<div class=\"wp-block-file\"><a href=\"https:\/\/www.ifbaiano.edu.br\/unidades\/serrinha\/files\/2022\/08\/Inexigibilidade-de-Licitacao-02-2022-Curso-de-Capacitacao-para-a-Servidora-Suzana-Cardoso-CUEC.pdf\" target=\"_blank\" rel=\"noreferrer noopener\">Inexigibilidade de Licita\u00e7\u00e3o 02\/2022 &#8211; Curso de Capacita\u00e7\u00e3o para a Servidora Suzana Cardoso &#8211; CUEC<\/a><\/div>\n\n\n\n<div class=\"wp-block-file\"><a href=\"https:\/\/www.ifbaiano.edu.br\/unidades\/serrinha\/files\/2022\/05\/Inexigibilidade-de-Licitacao-01-2022-Aquisicao-Contratacao-de-Software-para-programacao-de-aulas-Coordenacao-de-Ensino-Diretoria-Academica.pdf\" target=\"_blank\" rel=\"noreferrer noopener\">Inexigibilidade de Licita\u00e7\u00e3o 01\/2022 &#8211; Aquisi\u00e7\u00e3o\/Contrata\u00e7\u00e3o de Software para programa\u00e7\u00e3o de aulas &#8211; Coordena\u00e7\u00e3o de Ensino &#8211; Diretoria Acad\u00eamica<\/a><\/div>\n\n\n\n<div id=\"TituloMenu\" class=\"dnone\" align=\"center\">Dispensa de Licita\u00e7\u00e3o<\/div>\n\n\n\n<div style=\"height:20px\" aria-hidden=\"true\" class=\"wp-block-spacer\"><\/div>\n\n\n\n<div class=\"wp-block-file\"><a href=\"https:\/\/www.ifbaiano.edu.br\/unidades\/serrinha\/files\/2022\/12\/Dispensa-de-Licitacao-132022-Aquisicao-de-Material-e-insumos-para-o-Setor-de-Enfermaria-IF-Baiano-Campus-Serrinha.pdf\" target=\"_blank\" rel=\"noreferrer noopener\">Dispensa de Licita\u00e7\u00e3o 13\/2022 &#8211; Aquisi\u00e7\u00e3o de Material e insumos para o Setor de Enfermaria<\/a><\/div>\n\n\n\n<div class=\"wp-block-file\"><a href=\"https:\/\/www.ifbaiano.edu.br\/unidades\/serrinha\/files\/2022\/11\/Dispensa-de-Licitacao-12-2022-Aquisicao-de-Material-Equipamento-Insumo-CUEC.pdf\" target=\"_blank\" rel=\"noreferrer noopener\">Dispensa de Licita\u00e7\u00e3o 12\/2022 &#8211; Aquisi\u00e7\u00e3o de Material\/Equipamento\/Insumo &#8211; CUEC<\/a><\/div>\n\n\n\n<div class=\"wp-block-file\"><a href=\"https:\/\/www.ifbaiano.edu.br\/unidades\/serrinha\/files\/2022\/10\/PROCESSO-COMPLETO-E-FINALIZADO-NO-DIA-26.09.2022.pdf\" target=\"_blank\" rel=\"noreferrer noopener\">Dispensa Eletr\u00f4nica 11\/2022 &#8211; Aquisi\u00e7\u00e3o de Material Esportivo &#8211; \u00c1rea de Educa\u00e7\u00e3o F\u00edsica &#8211; Diretoria Acad\u00eamica<\/a><\/div>\n\n\n\n<div class=\"wp-block-file\"><a href=\"https:\/\/www.ifbaiano.edu.br\/unidades\/serrinha\/files\/2022\/12\/Dispensa-de-Licitacao-10-2022-Aquisicao-de-Material-e-insumos-para-a-Coordenacao-de-Unidades-Educativas-do-Campo-CUEC-IF-Baiano-Campus-Serrinha.pdf\" target=\"_blank\" rel=\"noreferrer noopener\">Dispensa de Licita\u00e7\u00e3o 10\/2022 &#8211; Aquisi\u00e7\u00e3o de Material e insumos para a Coordena\u00e7\u00e3o de Unidades Educativas do Campo &#8211; CUEC &#8211; IF Baiano &#8211; Campus Serrinha<\/a><\/div>\n\n\n\n<div class=\"wp-block-file\"><a href=\"https:\/\/www.ifbaiano.edu.br\/unidades\/serrinha\/files\/2022\/11\/PROCESSO-COMPLETO-E-FINALIZADO-23-11.pdf\" target=\"_blank\" rel=\"noreferrer noopener\">Resultado Final da Dispensa Eletr\u00f4nica 10\/2022 &#8211; Aquisi\u00e7\u00e3o de Material para a CUEC &#8211; Diretoria Acad\u00eamica <\/a><\/div>\n\n\n\n<div class=\"wp-block-file\"><a href=\"https:\/\/www.ifbaiano.edu.br\/unidades\/serrinha\/files\/2022\/12\/Dispensa-de-Licitacao-09-2022-Chamada-Publica-01-2022-PNAE-IF-Baiano-Campus-Serrinha.pdf\" target=\"_blank\" rel=\"noreferrer noopener\">Dispensa de Licita\u00e7\u00e3o 09\/2022 &#8211; Chamada Publica 01-2022 &#8211; PNAE &#8211; IF Baiano &#8211; Campus Serrinha<\/a><\/div>\n\n\n\n<div class=\"wp-block-file\"><a href=\"https:\/\/www.ifbaiano.edu.br\/unidades\/serrinha\/files\/2022\/06\/Dispensa-Eletronica-08-2022-Servicos-de-Confeccao-de-camisas-e-sacolas-para-a-Jornada-Pedagogica-Ano-2022.pdf\" target=\"_blank\" rel=\"noreferrer noopener\">Dispensa  de Licita\u00e7\u00e3o  08\/2022 &#8211; Servi\u00e7os de Confec\u00e7\u00e3o de camisas e sacolas para a Jornada Pedag\u00f3gica Ano 2022<\/a><\/div>\n\n\n\n<div class=\"wp-block-file\"><a href=\"https:\/\/www.ifbaiano.edu.br\/unidades\/serrinha\/files\/2022\/08\/PROCESSO-COMPLETO-NO-SUAP-05.08.2022-2.pdf\" target=\"_blank\" rel=\"noreferrer noopener\">Dispensa Eletr\u00f4nica 07\/2022 &#8211; Aquisi\u00e7\u00e3o de materiais para a CUEC- Diretoria Acad\u00eamica &#8211; IF &#8211; Baiano &#8211; Campus Serrinha<\/a><\/div>\n\n\n\n<div class=\"wp-block-file\"><a href=\"https:\/\/www.ifbaiano.edu.br\/unidades\/serrinha\/files\/2022\/05\/Processo-Completo-e-Finalizado-no-SUAP-Recarga-de-extintores.pdf\" target=\"_blank\" rel=\"noreferrer noopener\">Dispensa de Licita\u00e7\u00e3o 06\/2022 &#8211; Servi\u00e7os de Contrata\u00e7\u00e3o de empresa para recarga de Extintores &#8211; Coordena\u00e7\u00e3o de Suprimentos e Log\u00edstica<\/a><\/div>\n\n\n\n<div class=\"wp-block-file\"><a href=\"https:\/\/www.ifbaiano.edu.br\/unidades\/serrinha\/files\/2022\/05\/Dispensa-de-Licitacao-05-2022-Servicos-de-Conectividade-de-Software-WIFI-Diretoria-Administrativa.pdf\" target=\"_blank\" rel=\"noreferrer noopener\">Dispensa de Licita\u00e7\u00e3o 05-2022 &#8211; Servi\u00e7os de Conectividade de Software (WIFI) &#8211; Diretoria Administrativa<\/a><\/div>\n\n\n\n<div class=\"wp-block-file\"><a href=\"https:\/\/www.ifbaiano.edu.br\/unidades\/serrinha\/files\/2022\/05\/Dispensa-de-Licitacao-04-2022-Aquisicao-de-Bibliocanto-Biblioteca.pdf\" target=\"_blank\" rel=\"noreferrer noopener\">Dispensa de Licita\u00e7\u00e3o 04-2022 &#8211; Aquisi\u00e7\u00e3o de Bibliocanto &#8211; Biblioteca<\/a><\/div>\n\n\n\n<div class=\"wp-block-file\"><a href=\"https:\/\/www.ifbaiano.edu.br\/unidades\/serrinha\/files\/2022\/05\/Processo-concluido-no-SUAP.pdf\" target=\"_blank\" rel=\"noreferrer noopener\">Dispensa de Licita\u00e7\u00e3o 03\/2022 &#8211; Aquisi\u00e7\u00e3o de Ant\u00edgeno e Ra\u00e7\u00e3o &#8211; CUEC <\/a><\/div>\n\n\n\n<div class=\"wp-block-file\"><a href=\"https:\/\/www.ifbaiano.edu.br\/unidades\/serrinha\/files\/2022\/03\/Dispensa-de-Licitacao-02-2022-Confeccao-de-Outdoor-e-Faixas-PROSEL-2022.pdf\" target=\"_blank\" rel=\"noreferrer noopener\">Dispensa de Licita\u00e7\u00e3o 02-2022 &#8211; Confec\u00e7\u00e3o de Outdoor e Faixas &#8211; PROSEL 2022<\/a><\/div>\n\n\n\n<div class=\"wp-block-file\"><a href=\"https:\/\/www.ifbaiano.edu.br\/unidades\/serrinha\/files\/2022\/03\/DISPENSA-DE-LICITACAO-01.2022.pdf\" target=\"_blank\" rel=\"noreferrer noopener\">DISPENSA DE LICITA\u00c7\u00c3O 01-2022 &#8211; Servi\u00e7os de Instala\u00e7\u00e3o de Projetores (Data Show) nas salas de aula<\/a><\/div>\n","protected":false},"excerpt":{"rendered":"<p>Chamada P\u00fablica 01\/2022 &#8211; Aquisi\u00e7\u00e3o de G\u00eaneros Aliment\u00edcios atrav\u00e9s do PNAE Preg\u00e3o Eletr\u00f4nico Preg\u00e3o Eletr\u00f4nico 03\/2022 &#8211; Aquisi\u00e7\u00e3o de materiais e servi\u00e7os gr\u00e1ficos para o Programa EJA Integrada Preg\u00e3o Eletr\u00f4nico 02\/2022 &#8211; Aquisi\u00e7\u00e3o de Material de Expediente Preg\u00e3o Eletr\u00f4nico 01\/2022 &#8211; Aquisi\u00e7\u00e3o de Instrumentos Musicais &#8211; Setor de M\u00fasica &#8211; Diretoria Acad\u00eamica Inexigibilidade de Licita\u00e7\u00e3o [&hellip;]<\/p>\n","protected":false},"author":186,"featured_media":0,"parent":1674,"menu_order":0,"comment_status":"closed","ping_status":"closed","template":"","meta":[],"_links":{"self":[{"href":"https:\/\/www.ifbaiano.edu.br\/unidades\/serrinha\/wp-json\/wp\/v2\/pages\/5750"}],"collection":[{"href":"https:\/\/www.ifbaiano.edu.br\/unidades\/serrinha\/wp-json\/wp\/v2\/pages"}],"about":[{"href":"https:\/\/www.ifbaiano.edu.br\/unidades\/serrinha\/wp-json\/wp\/v2\/types\/page"}],"author":[{"embeddable":true,"href":"https:\/\/www.ifbaiano.edu.br\/unidades\/serrinha\/wp-json\/wp\/v2\/users\/186"}],"replies":[{"embeddable":true,"href":"https:\/\/www.ifbaiano.edu.br\/unidades\/serrinha\/wp-json\/wp\/v2\/comments?post=5750"}],"version-history":[{"count":36,"href":"https:\/\/www.ifbaiano.edu.br\/unidades\/serrinha\/wp-json\/wp\/v2\/pages\/5750\/revisions"}],"predecessor-version":[{"id":7149,"href":"https:\/\/www.ifbaiano.edu.br\/unidades\/serrinha\/wp-json\/wp\/v2\/pages\/5750\/revisions\/7149"}],"up":[{"embeddable":true,"href":"https:\/\/www.ifbaiano.edu.br\/unidades\/serrinha\/wp-json\/wp\/v2\/pages\/1674"}],"wp:attachment":[{"href":"https:\/\/www.ifbaiano.edu.br\/unidades\/serrinha\/wp-json\/wp\/v2\/media?parent=5750"}],"curies":[{"name":"wp","href":"https:\/\/api.w.org\/{rel}","templated":true}]}}