{"id":5756,"date":"2022-03-15T16:14:34","date_gmt":"2022-03-15T19:14:34","guid":{"rendered":"https:\/\/www.ifbaiano.edu.br\/unidades\/serrinha\/?page_id=5756"},"modified":"2022-03-16T09:50:05","modified_gmt":"2022-03-16T12:50:05","slug":"licitacoes-2020","status":"publish","type":"page","link":"https:\/\/www.ifbaiano.edu.br\/unidades\/serrinha\/diretoria-administrativa\/licitacoes-e-contratos\/licitacoes\/licitacoes-2020\/","title":{"rendered":"Licita\u00e7\u00f5es &#8211; 2020"},"content":{"rendered":"\n<p><a rel=\"noreferrer noopener\" href=\"https:\/\/www.ifbaiano.edu.br\/unidades\/serrinha\/files\/2020\/12\/AVISO-DE-SUSPENSAO-AVISO-DE-SUSPENSAO-DOU-Imprensa-Nacional.pdf\" target=\"_blank\">Suspens\u00e3o do Preg\u00e3o Eletr\u00f4nico SRP 05\/2020 &#8211; Contrata\u00e7\u00e3o de empresa especializada para presta\u00e7\u00e3o de servi\u00e7o continuado de manuten\u00e7\u00e3o corretiva e preventiva em 02 (duas) plataformas elevat\u00f3rias &nbsp;instaladas no Instituto Federal Baiano &#8211; Campus Serrinha.<\/a><\/p>\n\n\n\n<p><a href=\"https:\/\/www.ifbaiano.edu.br\/unidades\/serrinha\/diretoria-administrativa\/licitacoes-e-contratos\/licitacoes\/pregao-eletronico-srp-05-2020-contratacao-de-empresa-especializada-para-prestacao-de-servico-continuado-de-manutencao-corretiva-e-preventiva-em-02-duas-plataformas-elevatorias-instaladas-no-insti\/\" target=\"_blank\" rel=\"noreferrer noopener\">Preg\u00e3o Eletr\u00f4nico SRP 05\/2020 &#8211; Contrata\u00e7\u00e3o de empresa especializada para presta\u00e7\u00e3o de servi\u00e7o continuado de manuten\u00e7\u00e3o corretiva e preventiva em 02 (duas) plataformas elevat\u00f3rias instaladas no Instituto Federal Baiano &#8211; Campus Serrinha.<\/a><\/p>\n\n\n\n<p>________________________________________________________________________<\/p>\n\n\n\n<p><a href=\"https:\/\/www.ifbaiano.edu.br\/unidades\/serrinha\/pregao-eletronico-03-2020-registro-de-precos-para-eventual-aquisicao-de-materiais-de-manutencao-reforma-adaptacoes-reparos-consertos-de-bens-imoveis-do-instituto-federal-de-educacao-ciencia-e-t\/\" target=\"_blank\" rel=\"noreferrer noopener\">Preg\u00e3o Eletr\u00f4nico 03\/2020 &#8211; Registro de Pre\u00e7os para eventual aquisi\u00e7\u00e3o de materiais de manuten\u00e7\u00e3o, reforma, adapta\u00e7\u00f5es, reparos, consertos de bens imoveis do Instituto Federal de Educa\u00e7\u00e3o, Ci\u00eancia e Tecnologia Baiano \u2013 Campus Serrinha<\/a><\/p>\n\n\n\n<p>________________________________________________________________________<\/p>\n\n\n\n<p><strong><a href=\"https:\/\/www.ifbaiano.edu.br\/unidades\/serrinha\/?page_id=4622\" target=\"_blank\" rel=\"noreferrer noopener\">Preg\u00e3o Eletr\u00f4nico Tradicional 01\/2020 \u2013 Servi\u00e7o de Alimenta\u00e7\u00e3o<\/a><\/strong><\/p>\n\n\n\n<p> ________________________________________________________________________ <\/p>\n\n\n\n<div class=\"wp-block-file\"><a href=\"https:\/\/www.ifbaiano.edu.br\/unidades\/serrinha\/files\/2020\/08\/Processo-Completo-Cota\u00e7\u00e3o-Eletronica-06-2020-Aquisi\u00e7\u00e3o-de-insumos-pra-produ\u00e7\u00e3o-de-\u00c1lcool-em-Gel-COVID-19.pdf\">Processo Finalizado &#8211; Cota\u00e7\u00e3o Eletr\u00f4nica 06\/2020 &#8211; Aquisi\u00e7\u00e3o de Insumos para Produ\u00e7\u00e3o de \u00c1lcool em Gel (COVID-19) &#8211; IF Baiano &#8211; Campus Serrinha<\/a><\/div>\n\n\n\n<p> ________________________________________________________________________ <\/p>\n\n\n\n<p><strong>Processo PNAE Emergencial 2020 (COVID-19)<\/strong><\/p>\n\n\n\n<div class=\"wp-block-file\"><a href=\"https:\/\/www.ifbaiano.edu.br\/unidades\/serrinha\/files\/2020\/11\/PROCESSO-COMPLETO-NO-SUAP-PNAE-novo.pdf\"><\/a><a href=\"https:\/\/www.ifbaiano.edu.br\/unidades\/serrinha\/files\/2020\/06\/Processo-PNAE-2020-Digitalizado.pdf\">Processo PNAE Emergencial 2020 (COVID-19)<\/a><\/div>\n\n\n\n<p>________________________________________________________________________  <\/p>\n\n\n\n<p> <strong>Preg\u00e3o Eletr\u00f4nico para Contrata\u00e7\u00e3o de empresa especializada em servi\u00e7os de vigil\u00e2ncia Ostensiva no IF Baiano &#8211; Campus Serrinha<\/strong> <\/p>\n\n\n\n<p><a href=\"https:\/\/www.ifbaiano.edu.br\/unidades\/serrinha\/pregao-eletronico-02-2020-vigilancia-eletronica-2\/\" target=\"_blank\" rel=\"noreferrer noopener\">Preg\u00e3o Eletr\u00f4nico 02\/2020 &#8211; Vigil\u00e2ncia Eletr\u00f4nica<\/a><\/p>\n\n\n\n<p>________________________________________________________________________   <\/p>\n\n\n\n<p><strong>PGC &#8211; Planejamento e Gerenciamento de Contrata\u00e7\u00f5es&nbsp; 2020 &#8211; IF Baiano &#8211; Campus Serrinha<\/strong><\/p>\n\n\n\n<p><a href=\"http:\/\/www.ifbaiano.edu.br\/unidades\/serrinha\/files\/2020\/02\/Nota-Informativa.odt\">Nota Informativa<\/a><\/p>\n\n\n\n<p><a href=\"http:\/\/www.ifbaiano.edu.br\/unidades\/serrinha\/files\/2020\/02\/Relat\u00f3rio-de-Itens-do-Plano-Anual-2020.pdf\">Relat\u00f3rio de Itens do Plano Anual 2020<\/a><\/p>\n","protected":false},"excerpt":{"rendered":"<p>Suspens\u00e3o do Preg\u00e3o Eletr\u00f4nico SRP 05\/2020 &#8211; Contrata\u00e7\u00e3o de empresa especializada para presta\u00e7\u00e3o de servi\u00e7o continuado de manuten\u00e7\u00e3o corretiva e preventiva em 02 (duas) plataformas elevat\u00f3rias &nbsp;instaladas no Instituto Federal Baiano &#8211; Campus Serrinha. Preg\u00e3o Eletr\u00f4nico SRP 05\/2020 &#8211; Contrata\u00e7\u00e3o de empresa especializada para presta\u00e7\u00e3o de servi\u00e7o continuado de manuten\u00e7\u00e3o corretiva e preventiva em 02 [&hellip;]<\/p>\n","protected":false},"author":186,"featured_media":0,"parent":1674,"menu_order":0,"comment_status":"closed","ping_status":"closed","template":"","meta":[],"_links":{"self":[{"href":"https:\/\/www.ifbaiano.edu.br\/unidades\/serrinha\/wp-json\/wp\/v2\/pages\/5756"}],"collection":[{"href":"https:\/\/www.ifbaiano.edu.br\/unidades\/serrinha\/wp-json\/wp\/v2\/pages"}],"about":[{"href":"https:\/\/www.ifbaiano.edu.br\/unidades\/serrinha\/wp-json\/wp\/v2\/types\/page"}],"author":[{"embeddable":true,"href":"https:\/\/www.ifbaiano.edu.br\/unidades\/serrinha\/wp-json\/wp\/v2\/users\/186"}],"replies":[{"embeddable":true,"href":"https:\/\/www.ifbaiano.edu.br\/unidades\/serrinha\/wp-json\/wp\/v2\/comments?post=5756"}],"version-history":[{"count":2,"href":"https:\/\/www.ifbaiano.edu.br\/unidades\/serrinha\/wp-json\/wp\/v2\/pages\/5756\/revisions"}],"predecessor-version":[{"id":5762,"href":"https:\/\/www.ifbaiano.edu.br\/unidades\/serrinha\/wp-json\/wp\/v2\/pages\/5756\/revisions\/5762"}],"up":[{"embeddable":true,"href":"https:\/\/www.ifbaiano.edu.br\/unidades\/serrinha\/wp-json\/wp\/v2\/pages\/1674"}],"wp:attachment":[{"href":"https:\/\/www.ifbaiano.edu.br\/unidades\/serrinha\/wp-json\/wp\/v2\/media?parent=5756"}],"curies":[{"name":"wp","href":"https:\/\/api.w.org\/{rel}","templated":true}]}}