{"id":5757,"date":"2022-03-15T16:25:21","date_gmt":"2022-03-15T19:25:21","guid":{"rendered":"https:\/\/www.ifbaiano.edu.br\/unidades\/serrinha\/?page_id=5757"},"modified":"2022-03-15T16:31:15","modified_gmt":"2022-03-15T19:31:15","slug":"pregao-eletronico-02-2020-vigilancia-eletronica-2","status":"publish","type":"page","link":"https:\/\/www.ifbaiano.edu.br\/unidades\/serrinha\/pregao-eletronico-02-2020-vigilancia-eletronica-2\/","title":{"rendered":"PREG\u00c3O ELETR\u00d4NICO 02\/2020 &#8211; VIGIL\u00c2NCIA ELETR\u00d4NICA"},"content":{"rendered":"\n<div class=\"wp-block-file\"><a href=\"https:\/\/www.ifbaiano.edu.br\/unidades\/serrinha\/files\/2020\/08\/PREG\u00c3O-ELETRONICO-02-2020-VIGILANCIA-ELETRONICA.pdf\">PREG\u00c3O ELETRONICO 02 2020 &#8211; VIGILANCIA ELETRONICA<\/a><\/div>\n\n\n\n<div class=\"wp-block-file\"><a href=\"https:\/\/www.ifbaiano.edu.br\/unidades\/serrinha\/files\/2020\/04\/EDITAL-Preg\u00e3o-02.2020.pdf\">EDITAL Preg\u00e3o &#8211; 02.2020<\/a><\/div>\n\n\n\n<div class=\"wp-block-file\"><a href=\"https:\/\/www.ifbaiano.edu.br\/unidades\/serrinha\/files\/2020\/04\/Aviso-de-Licita\u00e7\u00e3o-D.O.U-Preg\u00e3o-Eletronico-02-2020.pdf\">Aviso de Licita\u00e7\u00e3o -D.O.U &#8211; Preg\u00e3o Eletronico &#8211; 02-2020<\/a><\/div>\n\n\n\n<div class=\"wp-block-file\"><a href=\"https:\/\/www.ifbaiano.edu.br\/unidades\/serrinha\/files\/2020\/04\/Anexo-01-Termo-de-Refer\u00eancia.pdf\">Anexo 01 &#8211; Termo de Refer\u00eancia<\/a><\/div>\n\n\n\n<div class=\"wp-block-file\"><a href=\"https:\/\/www.ifbaiano.edu.br\/unidades\/serrinha\/files\/2020\/04\/Anexo-02-Contrato.pdf\">Anexo 02 &#8211; Contrato<\/a><\/div>\n\n\n\n<div class=\"wp-block-file\"><a href=\"https:\/\/www.ifbaiano.edu.br\/unidades\/serrinha\/files\/2020\/04\/Anexo-03-Termo-de-Concilia\u00e7\u00e3o-Judicial-MPT-x-AGU-1.pdf\">Anexo 03 &#8211; Termo de Concilia\u00e7\u00e3o Judicial &#8211; MPT x AGU<\/a><\/div>\n\n\n\n<div class=\"wp-block-file\"><a href=\"https:\/\/www.ifbaiano.edu.br\/unidades\/serrinha\/files\/2020\/04\/Anexo-04-Planilha-de-forma\u00e7\u00e3o-de-pre\u00e7os.pdf\">Anexo 04 &#8211; Planilha de forma\u00e7\u00e3o de pre\u00e7os<\/a><\/div>\n\n\n\n<div class=\"wp-block-file\"><a href=\"https:\/\/www.ifbaiano.edu.br\/unidades\/serrinha\/files\/2020\/04\/Anexo-05-Autoriza\u00e7\u00e3o-Utiliza\u00e7\u00e3o-Garantia-e-Pagamento-Direto.pdf\">Anexo 05 &#8211; Autoriza\u00e7\u00e3o Utiliza\u00e7\u00e3o Garantia e Pagamento Direto<\/a><\/div>\n\n\n\n<div class=\"wp-block-file\"><a href=\"https:\/\/www.ifbaiano.edu.br\/unidades\/serrinha\/files\/2020\/04\/Anexo-06-Autoriza\u00e7\u00e3o-para-Solicita\u00e7\u00e3o-de-Abertura-de-Conta-Vinculada.pdf\">Anexo 06 &#8211; Autoriza\u00e7\u00e3o para Solicita\u00e7\u00e3o de Abertura de Conta Vinculada<\/a><\/div>\n\n\n\n<div class=\"wp-block-file\"><a href=\"https:\/\/www.ifbaiano.edu.br\/unidades\/serrinha\/files\/2020\/04\/Anexo-07-Declara\u00e7\u00e3o-de-Contratos-Firmados.pdf\">Anexo 07 &#8211; Declara\u00e7\u00e3o de Contratos Firmados<\/a><\/div>\n\n\n\n<div class=\"wp-block-file\"><a href=\"https:\/\/www.ifbaiano.edu.br\/unidades\/serrinha\/files\/2020\/04\/Anexo-08-Acordo-de-N\u00edveis-de-Servi\u00e7os.pdf\">Anexo 08 &#8211; Acordo de N\u00edveis de Servi\u00e7os<\/a><\/div>\n\n\n\n<div class=\"wp-block-file\"><a href=\"https:\/\/www.ifbaiano.edu.br\/unidades\/serrinha\/files\/2020\/04\/Anexo-09-Modelo-Declara\u00e7\u00e3o-Ldo.pdf\">Anexo 09 &#8211; Modelo Declara\u00e7\u00e3o Ldo<\/a><\/div>\n\n\n\n<div class=\"wp-block-file\"><a href=\"https:\/\/www.ifbaiano.edu.br\/unidades\/serrinha\/files\/2020\/04\/Anexo-10-Modelo-de-minuta-termo-de-coopera\u00e7\u00e3o-t\u00e9cnica.pdf\">Anexo 10 &#8211; Modelo de minuta termo de coopera\u00e7\u00e3o t\u00e9cnica<\/a><\/div>\n\n\n\n<div class=\"wp-block-file\"><a href=\"https:\/\/www.ifbaiano.edu.br\/unidades\/serrinha\/files\/2020\/04\/Anexo-11-Atestado-de-Responsabilidade-Vistoria.pdf\">Anexo 11 &#8211; Atestado de Responsabilidade Vistoria<\/a><\/div>\n","protected":false},"excerpt":{"rendered":"<p>EDITAL Preg\u00e3o &#8211; 02.2020 Aviso de Licita\u00e7\u00e3o -D.O.U &#8211; Preg\u00e3o Eletronico &#8211; 02-2020 Anexo 01 &#8211; Termo de Refer\u00eancia Anexo 02 &#8211; Contrato Anexo 03 &#8211; Termo de Concilia\u00e7\u00e3o Judicial &#8211; MPT x AGU Anexo 04 &#8211; Planilha de forma\u00e7\u00e3o de pre\u00e7os Anexo 05 &#8211; Autoriza\u00e7\u00e3o Utiliza\u00e7\u00e3o Garantia e Pagamento Direto Anexo 06 &#8211; Autoriza\u00e7\u00e3o [&hellip;]<\/p>\n","protected":false},"author":186,"featured_media":0,"parent":0,"menu_order":0,"comment_status":"closed","ping_status":"closed","template":"","meta":[],"_links":{"self":[{"href":"https:\/\/www.ifbaiano.edu.br\/unidades\/serrinha\/wp-json\/wp\/v2\/pages\/5757"}],"collection":[{"href":"https:\/\/www.ifbaiano.edu.br\/unidades\/serrinha\/wp-json\/wp\/v2\/pages"}],"about":[{"href":"https:\/\/www.ifbaiano.edu.br\/unidades\/serrinha\/wp-json\/wp\/v2\/types\/page"}],"author":[{"embeddable":true,"href":"https:\/\/www.ifbaiano.edu.br\/unidades\/serrinha\/wp-json\/wp\/v2\/users\/186"}],"replies":[{"embeddable":true,"href":"https:\/\/www.ifbaiano.edu.br\/unidades\/serrinha\/wp-json\/wp\/v2\/comments?post=5757"}],"version-history":[{"count":2,"href":"https:\/\/www.ifbaiano.edu.br\/unidades\/serrinha\/wp-json\/wp\/v2\/pages\/5757\/revisions"}],"predecessor-version":[{"id":5763,"href":"https:\/\/www.ifbaiano.edu.br\/unidades\/serrinha\/wp-json\/wp\/v2\/pages\/5757\/revisions\/5763"}],"wp:attachment":[{"href":"https:\/\/www.ifbaiano.edu.br\/unidades\/serrinha\/wp-json\/wp\/v2\/media?parent=5757"}],"curies":[{"name":"wp","href":"https:\/\/api.w.org\/{rel}","templated":true}]}}