{"id":5759,"date":"2022-03-15T16:42:37","date_gmt":"2022-03-15T19:42:37","guid":{"rendered":"https:\/\/www.ifbaiano.edu.br\/unidades\/serrinha\/?page_id=5759"},"modified":"2022-03-16T09:37:48","modified_gmt":"2022-03-16T12:37:48","slug":"licitacoes-2019","status":"publish","type":"page","link":"https:\/\/www.ifbaiano.edu.br\/unidades\/serrinha\/diretoria-administrativa\/licitacoes-e-contratos\/licitacoes\/licitacoes-2019\/","title":{"rendered":"Licita\u00e7\u00f5es &#8211; 2019"},"content":{"rendered":"\n<p> ________________________________________________________________________ <\/p>\n\n\n\n<p> <strong><a rel=\"noreferrer noopener\" href=\"https:\/\/www.ifbaiano.edu.br\/unidades\/serrinha\/?page_id=4578\" target=\"_blank\">PREG\u00c3O ELETR\u00d4NICO SRP 03\/2019 &#8211; Aquisi\u00e7\u00e3o de Material\/Equipamentos Odontol\u00f3gicos<\/a><\/strong> <\/p>\n\n\n\n<p> ________________________________________________________________________ <\/p>\n\n\n\n<p><a rel=\"noreferrer noopener\" href=\"https:\/\/www.ifbaiano.edu.br\/unidades\/serrinha\/pregao-eletronico-srp-06-2019\/\" target=\"_blank\">Preg\u00e3o Eletr\u00f4nico SRP 06\/2019 &#8211; <a rel=\"noreferrer noopener\" href=\"https:\/\/www.ifbaiano.edu.br\/unidades\/serrinha\/pregao-eletronico-srp-06-2019\/\" target=\"_blank\">Aquisi\u00e7\u00e3o de materiais e produtos para manuten\u00e7\u00e3o e aulas praticas de Campo no IF Baiano Campus Serrinha<\/a><\/a><\/p>\n\n\n\n<p>________________________________________________________________________  <\/p>\n\n\n\n<p><a href=\"https:\/\/www.ifbaiano.edu.br\/unidades\/serrinha\/pregao-eletronico-02-2019-cessao-onerosa-de-uso-do-espaco-fisico-destinado-a-implantacao-e-exploracao-da-lanchonete-cantina\/\" target=\"_blank\" rel=\"noreferrer noopener\">Preg\u00e3o Eletr\u00f4nico 02\/2019 &#8211; Cess\u00e3o onerosa de uso do espa\u00e7o f\u00edsico destinado \u00e0 implanta\u00e7\u00e3o e explora\u00e7\u00e3o da lanchonete\/cantina<\/a><\/p>\n\n\n\n<p>________________________________________________________________________  <\/p>\n\n\n\n<p><a rel=\"noreferrer noopener\" href=\"https:\/\/www.ifbaiano.edu.br\/unidades\/serrinha\/pnae-2019-dispensa-de-licitacao\/\" target=\"_blank\">PNAE 2019 &#8211; Dispensa de Licita\u00e7\u00e3o<\/a><\/p>\n\n\n\n<p>________________________________________________________________________  <\/p>\n\n\n\n<p><a href=\"https:\/\/www.ifbaiano.edu.br\/unidades\/serrinha\/pregao-eletronico-05-2019-contratacao-de-empresa-especializada-na-prestacao-de-servico-de-manutencao-corretiva-e-preventiva\/\" target=\"_blank\" rel=\"noreferrer noopener\">Preg\u00e3o Eletr\u00f4nico 05\/2019 &#8211; Contrata\u00e7\u00e3o de empresa especializada na presta\u00e7\u00e3o de servi\u00e7o de manuten\u00e7\u00e3o corretiva e preventiva<\/a><\/p>\n\n\n\n<p>________________________________________________________________________  <\/p>\n\n\n\n<p><a href=\"https:\/\/www.ifbaiano.edu.br\/unidades\/serrinha\/pregao-eletronico-01-2019-aquisicao-de-computadores\/\" target=\"_blank\" rel=\"noreferrer noopener\"> Preg\u00e3o Eletr\u00f4nico 01\/2019 &#8211; Aquisi\u00e7\u00e3o de Computadores<\/a><\/p>\n\n\n\n<p>________________________________________________________________________   <\/p>\n","protected":false},"excerpt":{"rendered":"<p>________________________________________________________________________ PREG\u00c3O ELETR\u00d4NICO SRP 03\/2019 &#8211; Aquisi\u00e7\u00e3o de Material\/Equipamentos Odontol\u00f3gicos ________________________________________________________________________ Preg\u00e3o Eletr\u00f4nico SRP 06\/2019 &#8211; Aquisi\u00e7\u00e3o de materiais e produtos para manuten\u00e7\u00e3o e aulas praticas de Campo no IF Baiano Campus Serrinha ________________________________________________________________________ Preg\u00e3o Eletr\u00f4nico 02\/2019 &#8211; Cess\u00e3o onerosa de uso do espa\u00e7o f\u00edsico destinado \u00e0 implanta\u00e7\u00e3o e explora\u00e7\u00e3o da lanchonete\/cantina ________________________________________________________________________ PNAE 2019 [&hellip;]<\/p>\n","protected":false},"author":186,"featured_media":0,"parent":1674,"menu_order":0,"comment_status":"closed","ping_status":"closed","template":"","meta":[],"_links":{"self":[{"href":"https:\/\/www.ifbaiano.edu.br\/unidades\/serrinha\/wp-json\/wp\/v2\/pages\/5759"}],"collection":[{"href":"https:\/\/www.ifbaiano.edu.br\/unidades\/serrinha\/wp-json\/wp\/v2\/pages"}],"about":[{"href":"https:\/\/www.ifbaiano.edu.br\/unidades\/serrinha\/wp-json\/wp\/v2\/types\/page"}],"author":[{"embeddable":true,"href":"https:\/\/www.ifbaiano.edu.br\/unidades\/serrinha\/wp-json\/wp\/v2\/users\/186"}],"replies":[{"embeddable":true,"href":"https:\/\/www.ifbaiano.edu.br\/unidades\/serrinha\/wp-json\/wp\/v2\/comments?post=5759"}],"version-history":[{"count":2,"href":"https:\/\/www.ifbaiano.edu.br\/unidades\/serrinha\/wp-json\/wp\/v2\/pages\/5759\/revisions"}],"predecessor-version":[{"id":5811,"href":"https:\/\/www.ifbaiano.edu.br\/unidades\/serrinha\/wp-json\/wp\/v2\/pages\/5759\/revisions\/5811"}],"up":[{"embeddable":true,"href":"https:\/\/www.ifbaiano.edu.br\/unidades\/serrinha\/wp-json\/wp\/v2\/pages\/1674"}],"wp:attachment":[{"href":"https:\/\/www.ifbaiano.edu.br\/unidades\/serrinha\/wp-json\/wp\/v2\/media?parent=5759"}],"curies":[{"name":"wp","href":"https:\/\/api.w.org\/{rel}","templated":true}]}}