{"id":5767,"date":"2022-03-15T16:36:47","date_gmt":"2022-03-15T19:36:47","guid":{"rendered":"https:\/\/www.ifbaiano.edu.br\/unidades\/serrinha\/?page_id=5767"},"modified":"2022-03-15T16:36:47","modified_gmt":"2022-03-15T19:36:47","slug":"pregao-eletronico-02-2019-cessao-onerosa-de-uso-do-espaco-fisico-destinado-a-implantacao-e-exploracao-da-lanchonete-cantina","status":"publish","type":"page","link":"https:\/\/www.ifbaiano.edu.br\/unidades\/serrinha\/pregao-eletronico-02-2019-cessao-onerosa-de-uso-do-espaco-fisico-destinado-a-implantacao-e-exploracao-da-lanchonete-cantina\/","title":{"rendered":"Preg\u00e3o Eletr\u00f4nico 02\/2019 &#8211; Cess\u00e3o onerosa de uso do espa\u00e7o f\u00edsico destinado \u00e0 implanta\u00e7\u00e3o e explora\u00e7\u00e3o da lanchonete\/cantina"},"content":{"rendered":"\n<p><a href=\"http:\/\/www.ifbaiano.edu.br\/unidades\/serrinha\/files\/2019\/11\/TERMO-DE-HOMOLOGA\u00c7\u00c3O-CANTINA.pdf\" target=\"_blank\" rel=\"noreferrer noopener\" aria-label=\"Termo de Homologa\u00e7\u00e3o do Preg\u00e3o Eletr\u00f4nico 02\/2019 - objeto: Cess\u00e3o onerosa de uso do espa\u00e7o f\u00edsico destinado \u00e0 implanta\u00e7\u00e3o e explora\u00e7\u00e3o da lanchonete\/cantina. (abre numa nova aba)\">Termo de Homologa\u00e7\u00e3o do Preg\u00e3o Eletr\u00f4nico 02\/2019 &#8211; objeto: Cess\u00e3o onerosa de uso do espa\u00e7o f\u00edsico destinado \u00e0 implanta\u00e7\u00e3o e explora\u00e7\u00e3o da lanchonete\/cantina.<\/a><\/p>\n\n\n\n<p><a href=\"http:\/\/www.ifbaiano.edu.br\/unidades\/serrinha\/files\/2019\/10\/Preg\u00e3o-Eletr\u00f4nico-02-2019.pdf\" target=\"_blank\" rel=\"noopener noreferrer\">Preg\u00e3o Eletr\u00f4nico 02\/2019, objeto: Cess\u00e3o onerosa de uso do espa\u00e7o f\u00edsico destinado \u00e0 implanta\u00e7\u00e3o e explora\u00e7\u00e3o da lanchonete\/cantina.<\/a><\/p>\n\n\n\n<p><a href=\"http:\/\/www.ifbaiano.edu.br\/unidades\/serrinha\/files\/2019\/10\/Edital-e-demais-anexos.zip\" target=\"_blank\" rel=\"noopener noreferrer\">Edital e demais anexos<\/a><\/p>\n","protected":false},"excerpt":{"rendered":"<p>Termo de Homologa\u00e7\u00e3o do Preg\u00e3o Eletr\u00f4nico 02\/2019 &#8211; objeto: Cess\u00e3o onerosa de uso do espa\u00e7o f\u00edsico destinado \u00e0 implanta\u00e7\u00e3o e explora\u00e7\u00e3o da lanchonete\/cantina. Preg\u00e3o Eletr\u00f4nico 02\/2019, objeto: Cess\u00e3o onerosa de uso do espa\u00e7o f\u00edsico destinado \u00e0 implanta\u00e7\u00e3o e explora\u00e7\u00e3o da lanchonete\/cantina. Edital e demais anexos<\/p>\n","protected":false},"author":186,"featured_media":0,"parent":0,"menu_order":0,"comment_status":"closed","ping_status":"closed","template":"","meta":[],"_links":{"self":[{"href":"https:\/\/www.ifbaiano.edu.br\/unidades\/serrinha\/wp-json\/wp\/v2\/pages\/5767"}],"collection":[{"href":"https:\/\/www.ifbaiano.edu.br\/unidades\/serrinha\/wp-json\/wp\/v2\/pages"}],"about":[{"href":"https:\/\/www.ifbaiano.edu.br\/unidades\/serrinha\/wp-json\/wp\/v2\/types\/page"}],"author":[{"embeddable":true,"href":"https:\/\/www.ifbaiano.edu.br\/unidades\/serrinha\/wp-json\/wp\/v2\/users\/186"}],"replies":[{"embeddable":true,"href":"https:\/\/www.ifbaiano.edu.br\/unidades\/serrinha\/wp-json\/wp\/v2\/comments?post=5767"}],"version-history":[{"count":1,"href":"https:\/\/www.ifbaiano.edu.br\/unidades\/serrinha\/wp-json\/wp\/v2\/pages\/5767\/revisions"}],"predecessor-version":[{"id":5768,"href":"https:\/\/www.ifbaiano.edu.br\/unidades\/serrinha\/wp-json\/wp\/v2\/pages\/5767\/revisions\/5768"}],"wp:attachment":[{"href":"https:\/\/www.ifbaiano.edu.br\/unidades\/serrinha\/wp-json\/wp\/v2\/media?parent=5767"}],"curies":[{"name":"wp","href":"https:\/\/api.w.org\/{rel}","templated":true}]}}