{"id":5769,"date":"2022-03-15T16:38:22","date_gmt":"2022-03-15T19:38:22","guid":{"rendered":"https:\/\/www.ifbaiano.edu.br\/unidades\/serrinha\/?page_id=5769"},"modified":"2022-03-15T16:38:22","modified_gmt":"2022-03-15T19:38:22","slug":"pnae-2019-dispensa-de-licitacao","status":"publish","type":"page","link":"https:\/\/www.ifbaiano.edu.br\/unidades\/serrinha\/pnae-2019-dispensa-de-licitacao\/","title":{"rendered":"PNAE 2019 &#8211; Dispensa de Licita\u00e7\u00e3o"},"content":{"rendered":"\n<p><a href=\"http:\/\/www.ifbaiano.edu.br\/unidades\/serrinha\/files\/2019\/10\/Aviso-de-Reabertura-de-Prazo-PNAE-2019-18-10-2019.pdf\">Aviso de reabertura de prazo PNAE 2019<\/a>\n<\/p>\n\n\n\n<p><a href=\"http:\/\/www.ifbaiano.edu.br\/unidades\/serrinha\/files\/2019\/10\/Nota-Informativa-Altera\u00e7\u00e3o-de-Data-da-Sess\u00e3o-P\u00fablica-PNAE-2019.pdf\">Nota Informativa &#8211; Altera\u00e7\u00e3o de Data da Sess\u00e3o P\u00fablica PNAE 2019<\/a><\/p>\n\n\n\n<p><a href=\"http:\/\/www.ifbaiano.edu.br\/unidades\/serrinha\/files\/2019\/09\/Aviso-de-Chamada-Publica-PNAE-23-09-2019.pdf\" target=\"_blank\" rel=\"noopener noreferrer\">Dispensa de licita\u00e7\u00e3o &#8211; Chamada p\u00fablica PNAE 2019<\/a><\/p>\n\n\n\n<p><a href=\"http:\/\/www.ifbaiano.edu.br\/unidades\/serrinha\/files\/2019\/09\/PNAE-2019-DOCUMENTOS-PARA-DIVULGA\u00c7\u00c3O.zip\" target=\"_blank\" rel=\"noopener noreferrer\">Edital e demais anexos<\/a><\/p>\n","protected":false},"excerpt":{"rendered":"<p>Aviso de reabertura de prazo PNAE 2019 Nota Informativa &#8211; Altera\u00e7\u00e3o de Data da Sess\u00e3o P\u00fablica PNAE 2019 Dispensa de licita\u00e7\u00e3o &#8211; Chamada p\u00fablica PNAE 2019 Edital e demais anexos<\/p>\n","protected":false},"author":186,"featured_media":0,"parent":0,"menu_order":0,"comment_status":"closed","ping_status":"closed","template":"","meta":[],"_links":{"self":[{"href":"https:\/\/www.ifbaiano.edu.br\/unidades\/serrinha\/wp-json\/wp\/v2\/pages\/5769"}],"collection":[{"href":"https:\/\/www.ifbaiano.edu.br\/unidades\/serrinha\/wp-json\/wp\/v2\/pages"}],"about":[{"href":"https:\/\/www.ifbaiano.edu.br\/unidades\/serrinha\/wp-json\/wp\/v2\/types\/page"}],"author":[{"embeddable":true,"href":"https:\/\/www.ifbaiano.edu.br\/unidades\/serrinha\/wp-json\/wp\/v2\/users\/186"}],"replies":[{"embeddable":true,"href":"https:\/\/www.ifbaiano.edu.br\/unidades\/serrinha\/wp-json\/wp\/v2\/comments?post=5769"}],"version-history":[{"count":1,"href":"https:\/\/www.ifbaiano.edu.br\/unidades\/serrinha\/wp-json\/wp\/v2\/pages\/5769\/revisions"}],"predecessor-version":[{"id":5770,"href":"https:\/\/www.ifbaiano.edu.br\/unidades\/serrinha\/wp-json\/wp\/v2\/pages\/5769\/revisions\/5770"}],"wp:attachment":[{"href":"https:\/\/www.ifbaiano.edu.br\/unidades\/serrinha\/wp-json\/wp\/v2\/media?parent=5769"}],"curies":[{"name":"wp","href":"https:\/\/api.w.org\/{rel}","templated":true}]}}