{"id":5771,"date":"2022-03-15T16:40:10","date_gmt":"2022-03-15T19:40:10","guid":{"rendered":"https:\/\/www.ifbaiano.edu.br\/unidades\/serrinha\/?page_id=5771"},"modified":"2022-03-15T16:40:11","modified_gmt":"2022-03-15T19:40:11","slug":"pregao-eletronico-05-2019-contratacao-de-empresa-especializada-na-prestacao-de-servico-de-manutencao-corretiva-e-preventiva","status":"publish","type":"page","link":"https:\/\/www.ifbaiano.edu.br\/unidades\/serrinha\/pregao-eletronico-05-2019-contratacao-de-empresa-especializada-na-prestacao-de-servico-de-manutencao-corretiva-e-preventiva\/","title":{"rendered":"Preg\u00e3o Eletr\u00f4nico 05\/2019 &#8211; Contrata\u00e7\u00e3o de empresa especializada na presta\u00e7\u00e3o de servi\u00e7o de manuten\u00e7\u00e3o corretiva e preventiva"},"content":{"rendered":"\n<p><a href=\"http:\/\/www.ifbaiano.edu.br\/unidades\/serrinha\/files\/2019\/08\/Aviso-de-Licita\u00e7\u00e3o-Plataformas-Elevatorias.pdf\" target=\"_blank\" rel=\"noreferrer noopener\" aria-label=\" (abre numa nova aba)\">Aviso de Licita\u00e7\u00e3o<\/a><\/p>\n\n\n\n<p><a href=\"http:\/\/www.ifbaiano.edu.br\/unidades\/serrinha\/files\/2019\/08\/ANEXO-I-Termo-de-Refer\u00eancia-OK.odt\" target=\"_blank\" rel=\"noreferrer noopener\" aria-label=\" (abre numa nova aba)\">ANEXO I &#8211; Termo de Refer\u00eancia<\/a><\/p>\n\n\n\n<p><a href=\"http:\/\/www.ifbaiano.edu.br\/unidades\/serrinha\/files\/2019\/08\/ANEXO-II-Minuta-de-Contrato-OK.odt\" target=\"_blank\" rel=\"noreferrer noopener\" aria-label=\" (abre numa nova aba)\">ANEXO II &#8211; Minuta de Contrato<\/a><\/p>\n\n\n\n<p><a href=\"http:\/\/www.ifbaiano.edu.br\/unidades\/serrinha\/files\/2019\/08\/Ata-de-Registro-de-Pre\u00e7os-OK.odt\" target=\"_blank\" rel=\"noreferrer noopener\" aria-label=\" (abre numa nova aba)\">Ata de Registro de Pre\u00e7os<\/a><\/p>\n\n\n\n<p><a href=\"http:\/\/www.ifbaiano.edu.br\/unidades\/serrinha\/files\/2019\/08\/EDITAL-Plataformas-elevat\u00f3rias-OK.odt\" target=\"_blank\" rel=\"noreferrer noopener\" aria-label=\" (abre numa nova aba)\">EDITAL &#8211; Plataformas elevat\u00f3rias<\/a><\/p>\n\n\n\n<p><a href=\"http:\/\/www.ifbaiano.edu.br\/unidades\/serrinha\/files\/2019\/09\/Resultado-de-Julgamento-Plataformas-Elevatorias.pdf\" target=\"_blank\" rel=\"noreferrer noopener\" aria-label=\" (abre numa nova aba)\">Resultado de Julgamento &#8211; Plataformas Elevat\u00f3rias<\/a><\/p>\n","protected":false},"excerpt":{"rendered":"<p>Aviso de Licita\u00e7\u00e3o ANEXO I &#8211; Termo de Refer\u00eancia ANEXO II &#8211; Minuta de Contrato Ata de Registro de Pre\u00e7os EDITAL &#8211; Plataformas elevat\u00f3rias Resultado de Julgamento &#8211; Plataformas Elevat\u00f3rias<\/p>\n","protected":false},"author":186,"featured_media":0,"parent":0,"menu_order":0,"comment_status":"closed","ping_status":"closed","template":"","meta":[],"_links":{"self":[{"href":"https:\/\/www.ifbaiano.edu.br\/unidades\/serrinha\/wp-json\/wp\/v2\/pages\/5771"}],"collection":[{"href":"https:\/\/www.ifbaiano.edu.br\/unidades\/serrinha\/wp-json\/wp\/v2\/pages"}],"about":[{"href":"https:\/\/www.ifbaiano.edu.br\/unidades\/serrinha\/wp-json\/wp\/v2\/types\/page"}],"author":[{"embeddable":true,"href":"https:\/\/www.ifbaiano.edu.br\/unidades\/serrinha\/wp-json\/wp\/v2\/users\/186"}],"replies":[{"embeddable":true,"href":"https:\/\/www.ifbaiano.edu.br\/unidades\/serrinha\/wp-json\/wp\/v2\/comments?post=5771"}],"version-history":[{"count":1,"href":"https:\/\/www.ifbaiano.edu.br\/unidades\/serrinha\/wp-json\/wp\/v2\/pages\/5771\/revisions"}],"predecessor-version":[{"id":5772,"href":"https:\/\/www.ifbaiano.edu.br\/unidades\/serrinha\/wp-json\/wp\/v2\/pages\/5771\/revisions\/5772"}],"wp:attachment":[{"href":"https:\/\/www.ifbaiano.edu.br\/unidades\/serrinha\/wp-json\/wp\/v2\/media?parent=5771"}],"curies":[{"name":"wp","href":"https:\/\/api.w.org\/{rel}","templated":true}]}}