{"id":5773,"date":"2022-03-15T16:42:02","date_gmt":"2022-03-15T19:42:02","guid":{"rendered":"https:\/\/www.ifbaiano.edu.br\/unidades\/serrinha\/?page_id=5773"},"modified":"2022-03-15T16:42:02","modified_gmt":"2022-03-15T19:42:02","slug":"pregao-eletronico-01-2019-aquisicao-de-computadores","status":"publish","type":"page","link":"https:\/\/www.ifbaiano.edu.br\/unidades\/serrinha\/pregao-eletronico-01-2019-aquisicao-de-computadores\/","title":{"rendered":"Preg\u00e3o Eletr\u00f4nico 01\/2019  &#8211; Aquisi\u00e7\u00e3o de Computadores"},"content":{"rendered":"\n<p><a href=\"http:\/\/www.ifbaiano.edu.br\/unidades\/serrinha\/files\/2019\/05\/Dou-de-24-05-2019.pdf\">Aviso de licita\u00e7\u00e3o<\/a><\/p>\n\n\n\n<p><a href=\"http:\/\/www.ifbaiano.edu.br\/unidades\/serrinha\/files\/2019\/05\/ANEXO-I-TERMO-DE-REFER\u00caNCIA-Preg\u00e3o-01.2019.doc\">ANEXO I &#8211; TERMO DE REFER\u00caNCIA &#8211; Preg\u00e3o 01.2019<\/a><\/p>\n\n\n\n<p><a href=\"http:\/\/www.ifbaiano.edu.br\/unidades\/serrinha\/files\/2019\/05\/ATA-DE-REGISTRO-DE-PRE\u00c7OS-PE-01.2019-OK.doc\">ATA DE REGISTRO DE PRE\u00c7OS PE 01.2019 <\/a><\/p>\n\n\n\n<p><a href=\"http:\/\/www.ifbaiano.edu.br\/unidades\/serrinha\/files\/2019\/05\/EDITAL-Preg\u00e3o-01.2019-1.doc\">EDITAL &#8211; Preg\u00e3o 01.2019 (1)<\/a><\/p>\n\n\n\n<p><a href=\"http:\/\/www.ifbaiano.edu.br\/unidades\/serrinha\/files\/2019\/09\/Resultado-de-Julgamento-do-Preg%C3%A3o.pdf\" target=\"_blank\" rel=\"noopener noreferrer\">Resultado do Preg\u00e3o Eletr\u00f4nico 01\/2019<\/a><\/p>\n","protected":false},"excerpt":{"rendered":"<p>Aviso de licita\u00e7\u00e3o ANEXO I &#8211; TERMO DE REFER\u00caNCIA &#8211; Preg\u00e3o 01.2019 ATA DE REGISTRO DE PRE\u00c7OS PE 01.2019 EDITAL &#8211; Preg\u00e3o 01.2019 (1) Resultado do Preg\u00e3o Eletr\u00f4nico 01\/2019<\/p>\n","protected":false},"author":186,"featured_media":0,"parent":0,"menu_order":0,"comment_status":"closed","ping_status":"closed","template":"","meta":[],"_links":{"self":[{"href":"https:\/\/www.ifbaiano.edu.br\/unidades\/serrinha\/wp-json\/wp\/v2\/pages\/5773"}],"collection":[{"href":"https:\/\/www.ifbaiano.edu.br\/unidades\/serrinha\/wp-json\/wp\/v2\/pages"}],"about":[{"href":"https:\/\/www.ifbaiano.edu.br\/unidades\/serrinha\/wp-json\/wp\/v2\/types\/page"}],"author":[{"embeddable":true,"href":"https:\/\/www.ifbaiano.edu.br\/unidades\/serrinha\/wp-json\/wp\/v2\/users\/186"}],"replies":[{"embeddable":true,"href":"https:\/\/www.ifbaiano.edu.br\/unidades\/serrinha\/wp-json\/wp\/v2\/comments?post=5773"}],"version-history":[{"count":1,"href":"https:\/\/www.ifbaiano.edu.br\/unidades\/serrinha\/wp-json\/wp\/v2\/pages\/5773\/revisions"}],"predecessor-version":[{"id":5774,"href":"https:\/\/www.ifbaiano.edu.br\/unidades\/serrinha\/wp-json\/wp\/v2\/pages\/5773\/revisions\/5774"}],"wp:attachment":[{"href":"https:\/\/www.ifbaiano.edu.br\/unidades\/serrinha\/wp-json\/wp\/v2\/media?parent=5773"}],"curies":[{"name":"wp","href":"https:\/\/api.w.org\/{rel}","templated":true}]}}