{"id":5776,"date":"2022-03-16T09:16:49","date_gmt":"2022-03-16T12:16:49","guid":{"rendered":"https:\/\/www.ifbaiano.edu.br\/unidades\/serrinha\/?page_id=5776"},"modified":"2022-03-16T09:24:01","modified_gmt":"2022-03-16T12:24:01","slug":"licitacoes-2018","status":"publish","type":"page","link":"https:\/\/www.ifbaiano.edu.br\/unidades\/serrinha\/diretoria-administrativa\/licitacoes-e-contratos\/licitacoes\/licitacoes-2018\/","title":{"rendered":"Licita\u00e7\u00f5es &#8211; 2018"},"content":{"rendered":"\n<p>____________________________________________________<\/p>\n\n\n\n<p><strong><a href=\"https:\/\/www.ifbaiano.edu.br\/unidades\/serrinha\/?page_id=4600\" target=\"_blank\" rel=\"noreferrer noopener\">Preg\u00e3o Eletr\u00f4nico Tradicional 09\/2018 \u2013 Contrata\u00e7\u00e3o de servi\u00e7os de m\u00e3o de obra terceirizada, de natureza cont\u00ednua (Apoio Administrativo e Limpeza)<\/a><\/strong><\/p>\n\n\n\n<p>____________________________________________________<\/p>\n\n\n\n<p><a href=\"https:\/\/www.ifbaiano.edu.br\/unidades\/serrinha\/tomada-de-preco-n1-2018-contratacao-de-pessoa-juridica-especializada-em-obras-e-servicos-de-engenharia-construcao-da-quadra-poliesportiva\/\" target=\"_blank\" rel=\"noreferrer noopener\">*Tomada de Pre\u00e7o n\u00b01\/2018 &#8211; Contrata\u00e7\u00e3o de Pessoa Jur\u00eddica Especializada em obras e servi\u00e7os de engenharia &#8211; Constru\u00e7\u00e3o da Quadra Poliesportiva<\/a><\/p>\n\n\n\n<p>____________________________________________________ <\/p>\n\n\n\n<p><a rel=\"noreferrer noopener\" href=\"https:\/\/www.ifbaiano.edu.br\/unidades\/serrinha\/pregao-eletronico-n07-2018-servicos-de-vigilancia-armada-e-desarmada\/\" target=\"_blank\">Preg\u00e3o\u00a0Eletr\u00f4nico N\u00b007\/2018 &#8211; <span id=\"zv__CLV-main__CV__header_subject\" class=\"subject\" title=\"Aviso de Licita\u00e7\u00e3o - Servi\u00e7os de Vigil\u00e2ncia Armada e Desarmada\">Servi\u00e7os de Vigil\u00e2ncia Armada e Desarmada<\/span><\/a> <\/p>\n\n\n\n<p>____________________________________________________  <\/p>\n\n\n\n<p><a rel=\"noreferrer noopener\" href=\"https:\/\/www.ifbaiano.edu.br\/unidades\/serrinha\/pregao-eletronico-n03-2018-processo-materiais-de-expediente\/\" target=\"_blank\">Preg\u00e3o\u00a0Eletr\u00f4nico N\u00b003\/2018 &#8211; Processo\u00a0Materiais de Expediente<\/a> <\/p>\n\n\n\n<p>____________________________________________________   <\/p>\n\n\n\n<p><a href=\"https:\/\/www.ifbaiano.edu.br\/unidades\/serrinha\/diretoria-administrativa\/licitacoes-e-contratos\/licitacoes\/licitacoes-2018\/processo-cantina-pregao-eletronico-n05-2018\/\" target=\"_blank\" rel=\"noreferrer noopener\">Preg\u00e3o\u00a0Eletr\u00f4nico N\u00b005\/2018 &#8211; Processo\u00a0Cantina <\/a><\/p>\n\n\n\n<p>____________________________________________________   <\/p>\n\n\n\n<p><a href=\"https:\/\/www.ifbaiano.edu.br\/unidades\/serrinha\/diretoria-administrativa\/licitacoes-e-contratos\/licitacoes\/licitacoes-2018\/pregao-eletronico-n06-2018-processo-refeitorio\/\" target=\"_blank\" rel=\"noreferrer noopener\">Preg\u00e3o\u00a0Eletr\u00f4nico N\u00b006\/2018 &#8211; Processo Refeit\u00f3rio<\/a>   <\/p>\n\n\n\n<p>____________________________________________________   <\/p>\n\n\n\n<p><a href=\"https:\/\/www.ifbaiano.edu.br\/unidades\/serrinha\/diretoria-administrativa\/licitacoes-e-contratos\/licitacoes\/licitacoes-2018\/pregao-eletronico-n01-2018-processo-laboratorio\/\" target=\"_blank\" rel=\"noreferrer noopener\">Preg\u00e3o Eletr\u00f4nico N\u00b001\/2018 &#8211; Processo Laborat\u00f3rio<\/a><\/p>\n\n\n\n<p>____________________________________________________   <\/p>\n\n\n\n<p><\/p>\n","protected":false},"excerpt":{"rendered":"<p>____________________________________________________ Preg\u00e3o Eletr\u00f4nico Tradicional 09\/2018 \u2013 Contrata\u00e7\u00e3o de servi\u00e7os de m\u00e3o de obra terceirizada, de natureza cont\u00ednua (Apoio Administrativo e Limpeza) ____________________________________________________ *Tomada de Pre\u00e7o n\u00b01\/2018 &#8211; Contrata\u00e7\u00e3o de Pessoa Jur\u00eddica Especializada em obras e servi\u00e7os de engenharia &#8211; Constru\u00e7\u00e3o da Quadra Poliesportiva ____________________________________________________ Preg\u00e3o\u00a0Eletr\u00f4nico N\u00b007\/2018 &#8211; Servi\u00e7os de Vigil\u00e2ncia Armada e Desarmada ____________________________________________________ Preg\u00e3o\u00a0Eletr\u00f4nico [&hellip;]<\/p>\n","protected":false},"author":186,"featured_media":0,"parent":1674,"menu_order":0,"comment_status":"closed","ping_status":"closed","template":"","meta":[],"_links":{"self":[{"href":"https:\/\/www.ifbaiano.edu.br\/unidades\/serrinha\/wp-json\/wp\/v2\/pages\/5776"}],"collection":[{"href":"https:\/\/www.ifbaiano.edu.br\/unidades\/serrinha\/wp-json\/wp\/v2\/pages"}],"about":[{"href":"https:\/\/www.ifbaiano.edu.br\/unidades\/serrinha\/wp-json\/wp\/v2\/types\/page"}],"author":[{"embeddable":true,"href":"https:\/\/www.ifbaiano.edu.br\/unidades\/serrinha\/wp-json\/wp\/v2\/users\/186"}],"replies":[{"embeddable":true,"href":"https:\/\/www.ifbaiano.edu.br\/unidades\/serrinha\/wp-json\/wp\/v2\/comments?post=5776"}],"version-history":[{"count":2,"href":"https:\/\/www.ifbaiano.edu.br\/unidades\/serrinha\/wp-json\/wp\/v2\/pages\/5776\/revisions"}],"predecessor-version":[{"id":5791,"href":"https:\/\/www.ifbaiano.edu.br\/unidades\/serrinha\/wp-json\/wp\/v2\/pages\/5776\/revisions\/5791"}],"up":[{"embeddable":true,"href":"https:\/\/www.ifbaiano.edu.br\/unidades\/serrinha\/wp-json\/wp\/v2\/pages\/1674"}],"wp:attachment":[{"href":"https:\/\/www.ifbaiano.edu.br\/unidades\/serrinha\/wp-json\/wp\/v2\/media?parent=5776"}],"curies":[{"name":"wp","href":"https:\/\/api.w.org\/{rel}","templated":true}]}}