{"id":5777,"date":"2022-03-16T09:10:33","date_gmt":"2022-03-16T12:10:33","guid":{"rendered":"https:\/\/www.ifbaiano.edu.br\/unidades\/serrinha\/?page_id=5777"},"modified":"2022-03-16T09:10:33","modified_gmt":"2022-03-16T12:10:33","slug":"tomada-de-preco-n1-2018-contratacao-de-pessoa-juridica-especializada-em-obras-e-servicos-de-engenharia-construcao-da-quadra-poliesportiva","status":"publish","type":"page","link":"https:\/\/www.ifbaiano.edu.br\/unidades\/serrinha\/tomada-de-preco-n1-2018-contratacao-de-pessoa-juridica-especializada-em-obras-e-servicos-de-engenharia-construcao-da-quadra-poliesportiva\/","title":{"rendered":"Tomada de Pre\u00e7o n\u00b01\/2018 &#8211; Contrata\u00e7\u00e3o de Pessoa Jur\u00eddica Especializada em obras e servi\u00e7os de engenharia &#8211; Constru\u00e7\u00e3o da Quadra Poliesportiva"},"content":{"rendered":"\n<p><a href=\"http:\/\/www.ifbaiano.edu.br\/unidades\/serrinha\/files\/2017\/11\/Aviso-de-licita\u00e7\u00e3o.pdf\">Aviso de licita\u00e7\u00e3o &#8211; Constru\u00e7\u00e3o de Quadra Poliesportiva<\/a><\/p>\n\n\n\n<p><a href=\"http:\/\/www.ifbaiano.edu.br\/unidades\/serrinha\/files\/2017\/11\/Tomada-de-Pre\u00e7os-012018.zip\">Edital e anexos<\/a><\/p>\n\n\n\n<p><a href=\"http:\/\/www.ifbaiano.edu.br\/unidades\/serrinha\/files\/2018\/10\/Comunicado.pdf\">COMUNICADO<\/a><\/p>\n\n\n\n<p><a href=\"http:\/\/www.ifbaiano.edu.br\/unidades\/serrinha\/files\/2017\/11\/resultado.pdf\">Resultado Tomada de Pre\u00e7o n\u00b01\/2018<\/a><\/p>\n","protected":false},"excerpt":{"rendered":"<p>Aviso de licita\u00e7\u00e3o &#8211; Constru\u00e7\u00e3o de Quadra Poliesportiva Edital e anexos COMUNICADO Resultado Tomada de Pre\u00e7o n\u00b01\/2018<\/p>\n","protected":false},"author":186,"featured_media":0,"parent":0,"menu_order":0,"comment_status":"closed","ping_status":"closed","template":"","meta":[],"_links":{"self":[{"href":"https:\/\/www.ifbaiano.edu.br\/unidades\/serrinha\/wp-json\/wp\/v2\/pages\/5777"}],"collection":[{"href":"https:\/\/www.ifbaiano.edu.br\/unidades\/serrinha\/wp-json\/wp\/v2\/pages"}],"about":[{"href":"https:\/\/www.ifbaiano.edu.br\/unidades\/serrinha\/wp-json\/wp\/v2\/types\/page"}],"author":[{"embeddable":true,"href":"https:\/\/www.ifbaiano.edu.br\/unidades\/serrinha\/wp-json\/wp\/v2\/users\/186"}],"replies":[{"embeddable":true,"href":"https:\/\/www.ifbaiano.edu.br\/unidades\/serrinha\/wp-json\/wp\/v2\/comments?post=5777"}],"version-history":[{"count":1,"href":"https:\/\/www.ifbaiano.edu.br\/unidades\/serrinha\/wp-json\/wp\/v2\/pages\/5777\/revisions"}],"predecessor-version":[{"id":5778,"href":"https:\/\/www.ifbaiano.edu.br\/unidades\/serrinha\/wp-json\/wp\/v2\/pages\/5777\/revisions\/5778"}],"wp:attachment":[{"href":"https:\/\/www.ifbaiano.edu.br\/unidades\/serrinha\/wp-json\/wp\/v2\/media?parent=5777"}],"curies":[{"name":"wp","href":"https:\/\/api.w.org\/{rel}","templated":true}]}}