{"id":5781,"date":"2022-03-16T09:15:49","date_gmt":"2022-03-16T12:15:49","guid":{"rendered":"https:\/\/www.ifbaiano.edu.br\/unidades\/serrinha\/?page_id=5781"},"modified":"2022-03-16T09:17:14","modified_gmt":"2022-03-16T12:17:14","slug":"pregao-eletronico-n03-2018-processo-materiais-de-expediente","status":"publish","type":"page","link":"https:\/\/www.ifbaiano.edu.br\/unidades\/serrinha\/diretoria-administrativa\/licitacoes-e-contratos\/licitacoes\/licitacoes-2018\/pregao-eletronico-n03-2018-processo-materiais-de-expediente\/","title":{"rendered":"Preg\u00e3o\u00a0Eletr\u00f4nico N\u00b003\/2018 &#8211; Processo\u00a0Materiais de Expediente"},"content":{"rendered":"\n<p><a href=\"http:\/\/www.ifbaiano.edu.br\/unidades\/serrinha\/files\/2017\/11\/Aviso-de-Adiamento-do-Preg\u00e3o-Eletr\u00f4nico-Material-de-Expediente.pdf\">Aviso de Adiamento do Preg\u00e3o Eletr\u00f4nico &#8211; Material de Expediente<\/a><\/p>\n\n\n\n<p><a href=\"http:\/\/www.ifbaiano.edu.br\/unidades\/serrinha\/files\/2017\/11\/Aviso-de-Licita\u00e7\u00e3o-Material-de-Expediente.pdf\">Aviso de Licita\u00e7\u00e3o &#8211; Material de Expediente<\/a><\/p>\n\n\n\n<p><a href=\"http:\/\/www.ifbaiano.edu.br\/unidades\/serrinha\/files\/2017\/11\/Edital-e-Anexos-Preg\u00e3o-02018-Material-de-Expediente.zip\">Edital e Anexos<\/a><\/p>\n\n\n\n<p><a href=\"http:\/\/www.ifbaiano.edu.br\/unidades\/serrinha\/files\/2017\/11\/Termo-de-Homologa\u00e7\u00e3o-Preg\u00e3o-032018.pdf\">Termo de Homologa\u00e7\u00e3o &#8211; Preg\u00e3o 032018<\/a><\/p>\n","protected":false},"excerpt":{"rendered":"<p>Aviso de Adiamento do Preg\u00e3o Eletr\u00f4nico &#8211; Material de Expediente Aviso de Licita\u00e7\u00e3o &#8211; Material de Expediente Edital e Anexos Termo de Homologa\u00e7\u00e3o &#8211; Preg\u00e3o 032018<\/p>\n","protected":false},"author":186,"featured_media":0,"parent":5776,"menu_order":0,"comment_status":"closed","ping_status":"closed","template":"","meta":[],"_links":{"self":[{"href":"https:\/\/www.ifbaiano.edu.br\/unidades\/serrinha\/wp-json\/wp\/v2\/pages\/5781"}],"collection":[{"href":"https:\/\/www.ifbaiano.edu.br\/unidades\/serrinha\/wp-json\/wp\/v2\/pages"}],"about":[{"href":"https:\/\/www.ifbaiano.edu.br\/unidades\/serrinha\/wp-json\/wp\/v2\/types\/page"}],"author":[{"embeddable":true,"href":"https:\/\/www.ifbaiano.edu.br\/unidades\/serrinha\/wp-json\/wp\/v2\/users\/186"}],"replies":[{"embeddable":true,"href":"https:\/\/www.ifbaiano.edu.br\/unidades\/serrinha\/wp-json\/wp\/v2\/comments?post=5781"}],"version-history":[{"count":1,"href":"https:\/\/www.ifbaiano.edu.br\/unidades\/serrinha\/wp-json\/wp\/v2\/pages\/5781\/revisions"}],"predecessor-version":[{"id":5782,"href":"https:\/\/www.ifbaiano.edu.br\/unidades\/serrinha\/wp-json\/wp\/v2\/pages\/5781\/revisions\/5782"}],"up":[{"embeddable":true,"href":"https:\/\/www.ifbaiano.edu.br\/unidades\/serrinha\/wp-json\/wp\/v2\/pages\/5776"}],"wp:attachment":[{"href":"https:\/\/www.ifbaiano.edu.br\/unidades\/serrinha\/wp-json\/wp\/v2\/media?parent=5781"}],"curies":[{"name":"wp","href":"https:\/\/api.w.org\/{rel}","templated":true}]}}