{"id":5787,"date":"2022-03-16T09:21:17","date_gmt":"2022-03-16T12:21:17","guid":{"rendered":"https:\/\/www.ifbaiano.edu.br\/unidades\/serrinha\/?page_id=5787"},"modified":"2022-03-16T09:21:17","modified_gmt":"2022-03-16T12:21:17","slug":"pregao-eletronico-n06-2018-processo-refeitorio","status":"publish","type":"page","link":"https:\/\/www.ifbaiano.edu.br\/unidades\/serrinha\/diretoria-administrativa\/licitacoes-e-contratos\/licitacoes\/licitacoes-2018\/pregao-eletronico-n06-2018-processo-refeitorio\/","title":{"rendered":"Preg\u00e3o\u00a0Eletr\u00f4nico N\u00b006\/2018 &#8211; Processo Refeit\u00f3rio"},"content":{"rendered":"\n<p><a href=\"http:\/\/www.ifbaiano.edu.br\/unidades\/serrinha\/files\/2017\/11\/AVISO-DE-LICITA\u00c7\u00c3O-PREG\u00c3O-06-2018.pdf\">AVISO DE LICITA\u00c7\u00c3O &#8211; PREG\u00c3O 06 2018<\/a><\/p>\n\n\n\n<p><a href=\"http:\/\/www.ifbaiano.edu.br\/unidades\/serrinha\/files\/2017\/11\/Aviso-de-Licita\u00e7\u00e3o-e-Anexos-do-Preg\u00e3o-Eletr\u00f4nico-062018.zip\">Edital e anexos<\/a><\/p>\n\n\n\n<p><a href=\"http:\/\/www.ifbaiano.edu.br\/unidades\/serrinha\/files\/2017\/11\/Termo-de-Homologa\u00e7\u00e3o-Preg\u00e3o-062018.pdf\">Termo de Homologa\u00e7\u00e3o &#8211; Preg\u00e3o 062018<\/a><\/p>\n","protected":false},"excerpt":{"rendered":"<p>AVISO DE LICITA\u00c7\u00c3O &#8211; PREG\u00c3O 06 2018 Edital e anexos Termo de Homologa\u00e7\u00e3o &#8211; Preg\u00e3o 062018<\/p>\n","protected":false},"author":186,"featured_media":0,"parent":5776,"menu_order":0,"comment_status":"closed","ping_status":"closed","template":"","meta":[],"_links":{"self":[{"href":"https:\/\/www.ifbaiano.edu.br\/unidades\/serrinha\/wp-json\/wp\/v2\/pages\/5787"}],"collection":[{"href":"https:\/\/www.ifbaiano.edu.br\/unidades\/serrinha\/wp-json\/wp\/v2\/pages"}],"about":[{"href":"https:\/\/www.ifbaiano.edu.br\/unidades\/serrinha\/wp-json\/wp\/v2\/types\/page"}],"author":[{"embeddable":true,"href":"https:\/\/www.ifbaiano.edu.br\/unidades\/serrinha\/wp-json\/wp\/v2\/users\/186"}],"replies":[{"embeddable":true,"href":"https:\/\/www.ifbaiano.edu.br\/unidades\/serrinha\/wp-json\/wp\/v2\/comments?post=5787"}],"version-history":[{"count":1,"href":"https:\/\/www.ifbaiano.edu.br\/unidades\/serrinha\/wp-json\/wp\/v2\/pages\/5787\/revisions"}],"predecessor-version":[{"id":5788,"href":"https:\/\/www.ifbaiano.edu.br\/unidades\/serrinha\/wp-json\/wp\/v2\/pages\/5787\/revisions\/5788"}],"up":[{"embeddable":true,"href":"https:\/\/www.ifbaiano.edu.br\/unidades\/serrinha\/wp-json\/wp\/v2\/pages\/5776"}],"wp:attachment":[{"href":"https:\/\/www.ifbaiano.edu.br\/unidades\/serrinha\/wp-json\/wp\/v2\/media?parent=5787"}],"curies":[{"name":"wp","href":"https:\/\/api.w.org\/{rel}","templated":true}]}}