{"id":5789,"date":"2022-03-16T09:22:47","date_gmt":"2022-03-16T12:22:47","guid":{"rendered":"https:\/\/www.ifbaiano.edu.br\/unidades\/serrinha\/?page_id=5789"},"modified":"2022-03-16T09:22:48","modified_gmt":"2022-03-16T12:22:48","slug":"pregao-eletronico-n01-2018-processo-laboratorio","status":"publish","type":"page","link":"https:\/\/www.ifbaiano.edu.br\/unidades\/serrinha\/diretoria-administrativa\/licitacoes-e-contratos\/licitacoes\/licitacoes-2018\/pregao-eletronico-n01-2018-processo-laboratorio\/","title":{"rendered":"Preg\u00e3o Eletr\u00f4nico N\u00b001\/2018 &#8211; Processo Laborat\u00f3rio"},"content":{"rendered":"\n<p><a href=\"http:\/\/www.ifbaiano.edu.br\/unidades\/serrinha\/files\/2017\/11\/AVISO-Preg\u00e3o-de-laboratorio.pdf\">AVISO &#8211; Preg\u00e3o de laborat\u00f3rio<\/a><\/p>\n\n\n\n<p><a href=\"http:\/\/www.ifbaiano.edu.br\/unidades\/serrinha\/files\/2017\/11\/Edital-e-anexos-Processo-Laborat\u00f3rio.zip\">Edital e anexos &#8211; Processo Laborat\u00f3rio<\/a><\/p>\n\n\n\n<p><a href=\"http:\/\/www.ifbaiano.edu.br\/unidades\/serrinha\/files\/2017\/11\/Resultado-do-Preg%C3%A3o-Eletr%C3%B4nico-SRP-01-2018-Equipamentos-Laboratoriais-e-Quimicos.pdf\">Resultado do Preg\u00e3o 01\/2018 &#8211; Equipamentos Laboratoriais e Qu\u00edmicos<\/a><\/p>\n\n\n\n<p><a href=\"http:\/\/www.ifbaiano.edu.br\/unidades\/serrinha\/files\/2017\/11\/Termo-de-Homologa\u00e7\u00e3o-Preg\u00e3o-012018.pdf\">Termo de Homologa\u00e7\u00e3o &#8211; Preg\u00e3o 012018<\/a><\/p>\n","protected":false},"excerpt":{"rendered":"<p>AVISO &#8211; Preg\u00e3o de laborat\u00f3rio Edital e anexos &#8211; Processo Laborat\u00f3rio Resultado do Preg\u00e3o 01\/2018 &#8211; Equipamentos Laboratoriais e Qu\u00edmicos Termo de Homologa\u00e7\u00e3o &#8211; Preg\u00e3o 012018<\/p>\n","protected":false},"author":186,"featured_media":0,"parent":5776,"menu_order":0,"comment_status":"closed","ping_status":"closed","template":"","meta":[],"_links":{"self":[{"href":"https:\/\/www.ifbaiano.edu.br\/unidades\/serrinha\/wp-json\/wp\/v2\/pages\/5789"}],"collection":[{"href":"https:\/\/www.ifbaiano.edu.br\/unidades\/serrinha\/wp-json\/wp\/v2\/pages"}],"about":[{"href":"https:\/\/www.ifbaiano.edu.br\/unidades\/serrinha\/wp-json\/wp\/v2\/types\/page"}],"author":[{"embeddable":true,"href":"https:\/\/www.ifbaiano.edu.br\/unidades\/serrinha\/wp-json\/wp\/v2\/users\/186"}],"replies":[{"embeddable":true,"href":"https:\/\/www.ifbaiano.edu.br\/unidades\/serrinha\/wp-json\/wp\/v2\/comments?post=5789"}],"version-history":[{"count":1,"href":"https:\/\/www.ifbaiano.edu.br\/unidades\/serrinha\/wp-json\/wp\/v2\/pages\/5789\/revisions"}],"predecessor-version":[{"id":5790,"href":"https:\/\/www.ifbaiano.edu.br\/unidades\/serrinha\/wp-json\/wp\/v2\/pages\/5789\/revisions\/5790"}],"up":[{"embeddable":true,"href":"https:\/\/www.ifbaiano.edu.br\/unidades\/serrinha\/wp-json\/wp\/v2\/pages\/5776"}],"wp:attachment":[{"href":"https:\/\/www.ifbaiano.edu.br\/unidades\/serrinha\/wp-json\/wp\/v2\/media?parent=5789"}],"curies":[{"name":"wp","href":"https:\/\/api.w.org\/{rel}","templated":true}]}}