{"id":5793,"date":"2022-03-16T09:26:12","date_gmt":"2022-03-16T12:26:12","guid":{"rendered":"https:\/\/www.ifbaiano.edu.br\/unidades\/serrinha\/?page_id=5793"},"modified":"2022-03-16T09:27:14","modified_gmt":"2022-03-16T12:27:14","slug":"resultados-por-fornecedor-2017","status":"publish","type":"page","link":"https:\/\/www.ifbaiano.edu.br\/unidades\/serrinha\/diretoria-administrativa\/licitacoes-e-contratos\/licitacoes\/licitacoes-2017\/resultados-por-fornecedor-2017\/","title":{"rendered":"Resultados por Fornecedor &#8211; 2017"},"content":{"rendered":"\n<p><a href=\"http:\/\/www.ifbaiano.edu.br\/unidades\/serrinha\/files\/2017\/11\/Resultado-por-fornecedor-Preg\u00e3o-09-Industriais-e-diversos.pdf\">Resultado por fornecedor- Preg\u00e3o 09\/2017<\/a><a href=\"http:\/\/www.ifbaiano.edu.br\/unidades\/serrinha\/files\/2017\/11\/Resultado-por-fornecedor-Preg\u00e3o-09-Industriais-e-diversos.pdf\"> &#8211; Industriais e diversos<\/a><\/p>\n\n\n\n<p><a href=\"http:\/\/www.ifbaiano.edu.br\/unidades\/serrinha\/files\/2017\/11\/Resultado-por-fornecedor-Preg\u00e3o-11-Equipamentos-e-materiais-em-Braille.pdf\">Resultado por fornecedor- Preg\u00e3o 11\/2017 -Equipamentos e materiais em Braille<\/a><\/p>\n\n\n\n<p><a href=\"http:\/\/www.ifbaiano.edu.br\/unidades\/serrinha\/files\/2017\/11\/Resultado-por-fornecedor-Preg\u00e3o-12-Internet.pdf\">Resultado por fornecedor- Preg\u00e3o 12\/2017 &#8211; Internet<\/a><\/p>\n\n\n\n<p><a href=\"http:\/\/www.ifbaiano.edu.br\/unidades\/serrinha\/files\/2017\/11\/TERMO-DE-HOMOLOGA\u00c7\u00c3O-PREGAO-05.2017.pdf\">Resultado por Fornecedor \u2013 Preg\u00e3o 05\/2017 \u2013 Equipamentos e utens\u00edlios para agroind\u00fastria<\/a><br><a href=\"http:\/\/www.ifbaiano.edu.br\/unidades\/serrinha\/files\/2017\/11\/TERMO-DE-HOMOLOGA\u00c7\u00c3O-PREGAO-07.2017-AR-CONDICIONADO.pdf\">Resultado por Fornecedor \u2013 Preg\u00e3o 07\/2017 \u2013 Aquisi\u00e7\u00e3o de condicionares de ar<\/a><\/p>\n\n\n\n<p><a href=\"http:\/\/www.ifbaiano.edu.br\/unidades\/serrinha\/files\/2017\/11\/PREG\u00c3O-02.2017-Letreiro-visual-TERMO-DE-HOMOLOGA\u00c7\u00c3O.pdf\">Resultado por Fornecedor \u2013 Preg\u00e3o 02\/2017 \u2013 Confec\u00e7\u00e3o de Letreiro de identifica\u00e7\u00e3o<\/a><\/p>\n\n\n\n<p><a href=\"http:\/\/www.ifbaiano.edu.br\/unidades\/serrinha\/files\/2017\/11\/PREG\u00c3O-03.2017-FORNECIMENTO-DE-REFEI\u00c7\u00d5ES-TERMO-DE-HOMOLOGA\u00c7\u00c3O.pdf\">Resultado por Fornecedor \u2013 Preg\u00e3o 03\/2017 \u2013 Contrata\u00e7\u00e3o de empresa para fornecimento de refei\u00e7\u00f5es<\/a><\/p>\n\n\n\n<p><a href=\"http:\/\/www.ifbaiano.edu.br\/unidades\/serrinha\/files\/2017\/11\/PREG\u00c3O-01.2017-TERMO-DE-HOMOLOGA\u00c7\u00c3O.pdf\">Resultado por Fornecedor &#8211; Preg\u00e3o 012017 &#8211; Concess\u00e3o de Uso da Cantina<\/a><\/p>\n\n\n\n<p><a href=\"http:\/\/www.ifbaiano.edu.br\/unidades\/serrinha\/files\/2017\/11\/RESULTADO-Preg\u00e3o-13.pdf\">Resultado por Fornecedor &#8211; Preg\u00e3o 132017 &#8211; \u00c1udio V\u00eddeo e Foto<\/a><\/p>\n","protected":false},"excerpt":{"rendered":"<p>Resultado por fornecedor- Preg\u00e3o 09\/2017 &#8211; Industriais e diversos Resultado por fornecedor- Preg\u00e3o 11\/2017 -Equipamentos e materiais em Braille Resultado por fornecedor- Preg\u00e3o 12\/2017 &#8211; Internet Resultado por Fornecedor \u2013 Preg\u00e3o 05\/2017 \u2013 Equipamentos e utens\u00edlios para agroind\u00fastriaResultado por Fornecedor \u2013 Preg\u00e3o 07\/2017 \u2013 Aquisi\u00e7\u00e3o de condicionares de ar Resultado por Fornecedor \u2013 Preg\u00e3o 02\/2017 [&hellip;]<\/p>\n","protected":false},"author":186,"featured_media":0,"parent":5792,"menu_order":0,"comment_status":"closed","ping_status":"closed","template":"","meta":[],"_links":{"self":[{"href":"https:\/\/www.ifbaiano.edu.br\/unidades\/serrinha\/wp-json\/wp\/v2\/pages\/5793"}],"collection":[{"href":"https:\/\/www.ifbaiano.edu.br\/unidades\/serrinha\/wp-json\/wp\/v2\/pages"}],"about":[{"href":"https:\/\/www.ifbaiano.edu.br\/unidades\/serrinha\/wp-json\/wp\/v2\/types\/page"}],"author":[{"embeddable":true,"href":"https:\/\/www.ifbaiano.edu.br\/unidades\/serrinha\/wp-json\/wp\/v2\/users\/186"}],"replies":[{"embeddable":true,"href":"https:\/\/www.ifbaiano.edu.br\/unidades\/serrinha\/wp-json\/wp\/v2\/comments?post=5793"}],"version-history":[{"count":1,"href":"https:\/\/www.ifbaiano.edu.br\/unidades\/serrinha\/wp-json\/wp\/v2\/pages\/5793\/revisions"}],"predecessor-version":[{"id":5795,"href":"https:\/\/www.ifbaiano.edu.br\/unidades\/serrinha\/wp-json\/wp\/v2\/pages\/5793\/revisions\/5795"}],"up":[{"embeddable":true,"href":"https:\/\/www.ifbaiano.edu.br\/unidades\/serrinha\/wp-json\/wp\/v2\/pages\/5792"}],"wp:attachment":[{"href":"https:\/\/www.ifbaiano.edu.br\/unidades\/serrinha\/wp-json\/wp\/v2\/media?parent=5793"}],"curies":[{"name":"wp","href":"https:\/\/api.w.org\/{rel}","templated":true}]}}