{"id":5799,"date":"2022-03-16T09:29:01","date_gmt":"2022-03-16T12:29:01","guid":{"rendered":"https:\/\/www.ifbaiano.edu.br\/unidades\/serrinha\/?page_id=5799"},"modified":"2022-03-16T09:29:01","modified_gmt":"2022-03-16T12:29:01","slug":"pregao-15-2017-vigilancia","status":"publish","type":"page","link":"https:\/\/www.ifbaiano.edu.br\/unidades\/serrinha\/diretoria-administrativa\/licitacoes-e-contratos\/licitacoes\/licitacoes-2017\/pregao-15-2017-vigilancia\/","title":{"rendered":"Preg\u00e3o 15\/2017 &#8211; Vigil\u00e2ncia"},"content":{"rendered":"\n<p><a href=\"http:\/\/www.ifbaiano.edu.br\/unidades\/serrinha\/files\/2017\/11\/EDITAL-CAMPUS-SERRINHA.pdf\">EDITAL<\/a><\/p>\n\n\n\n<p><a href=\"http:\/\/www.ifbaiano.edu.br\/unidades\/serrinha\/files\/2017\/11\/Anexo-I-Termo-de-Refer\u00acncia.pdf\">Anexo I &#8211; Termo de Refer\u00eancia<\/a><\/p>\n\n\n\n<p><a href=\"http:\/\/www.ifbaiano.edu.br\/unidades\/serrinha\/files\/2017\/11\/Anexo-II-Contrato.pdf\">Anexo II &#8211; Contrato<\/a><\/p>\n\n\n\n<p><a href=\"http:\/\/www.ifbaiano.edu.br\/unidades\/serrinha\/files\/2017\/11\/Anexo-III-Termo-de-Concilia\u00ba\u00fao-Judicial-MPT-x-AGU.pdf\">Anexo III &#8211; Termo de Concilia\u00e7\u00e3o Judicial MPT x AGU<\/a><\/p>\n\n\n\n<p><a href=\"http:\/\/www.ifbaiano.edu.br\/unidades\/serrinha\/files\/2017\/11\/Anexo-IV-Planilha-de-cota\u00ba\u00fao-Vigil\u00f3ncia-2018.pdf\">Anexo IV &#8211; Planilha de cota\u00e7\u00e3o<\/a><\/p>\n\n\n\n<p><a href=\"http:\/\/www.ifbaiano.edu.br\/unidades\/serrinha\/files\/2017\/11\/Anexo-V-Autoriza\u00ba\u00fao-Utiliza\u00ba\u00fao-Garantia-e-Pagamento-Direto.pdf\">Anexo V &#8211; Autoriza\u00e7\u00e3o Utiliza\u00e7\u00e3o Garantia e Pagamento Direto<\/a><\/p>\n\n\n\n<p><a href=\"http:\/\/www.ifbaiano.edu.br\/unidades\/serrinha\/files\/2017\/11\/Anexo-VI-Autoriza\u00ba\u00fao-para-Solicita\u00ba\u00fao-de-Abertura-de-Conta-Vinculada.pdf\">Anexo VI &#8211; Autoriza\u00e7\u00e3o para Solicita\u00e7\u00e3o de Abertura de Conta Vinculada<\/a><\/p>\n\n\n\n<p><a href=\"http:\/\/www.ifbaiano.edu.br\/unidades\/serrinha\/files\/2017\/11\/Anexo-VII-Declara\u00ba\u00fao-de-Contratos-Firmados-1.pdf\">Anexo VII &#8211; Declara\u00e7\u00e3o de Contratos Firmados<\/a><\/p>\n\n\n\n<p><a href=\"http:\/\/www.ifbaiano.edu.br\/unidades\/serrinha\/files\/2017\/11\/Anexo-VIII-Acordo-de-N\u00a1veis-de-Servi\u00baos.pdf\">Anexo VIII &#8211; Acordo de N\u00edveis de Servi\u00e7os<\/a><\/p>\n\n\n\n<p><a href=\"http:\/\/www.ifbaiano.edu.br\/unidades\/serrinha\/files\/2017\/11\/Anexo-IX-Modelo-Declara\u00ba\u00fao-Ldo.pdf\">Anexo IX &#8211; Modelo Declara\u00e7\u00e3o Ldo<\/a><\/p>\n\n\n\n<p><a href=\"http:\/\/www.ifbaiano.edu.br\/unidades\/serrinha\/files\/2017\/11\/Anexo-X-Modelo-de-minuta-termo-de-coopera\u00ba\u00fao-t\u00aecnica.pdf\">Anexo X &#8211; Modelo de minuta termo de coopera\u00e7\u00e3o t\u00e9cnica<\/a><\/p>\n\n\n\n<p><a href=\"http:\/\/www.ifbaiano.edu.br\/unidades\/serrinha\/files\/2017\/11\/Anexo-XI-Mapa-de-Riscos.pdf\">Anexo XI &#8211; Mapa de Riscos<\/a><\/p>\n","protected":false},"excerpt":{"rendered":"<p>EDITAL Anexo I &#8211; Termo de Refer\u00eancia Anexo II &#8211; Contrato Anexo III &#8211; Termo de Concilia\u00e7\u00e3o Judicial MPT x AGU Anexo IV &#8211; Planilha de cota\u00e7\u00e3o Anexo V &#8211; Autoriza\u00e7\u00e3o Utiliza\u00e7\u00e3o Garantia e Pagamento Direto Anexo VI &#8211; Autoriza\u00e7\u00e3o para Solicita\u00e7\u00e3o de Abertura de Conta Vinculada Anexo VII &#8211; Declara\u00e7\u00e3o de Contratos Firmados Anexo [&hellip;]<\/p>\n","protected":false},"author":186,"featured_media":0,"parent":5792,"menu_order":0,"comment_status":"closed","ping_status":"closed","template":"","meta":[],"_links":{"self":[{"href":"https:\/\/www.ifbaiano.edu.br\/unidades\/serrinha\/wp-json\/wp\/v2\/pages\/5799"}],"collection":[{"href":"https:\/\/www.ifbaiano.edu.br\/unidades\/serrinha\/wp-json\/wp\/v2\/pages"}],"about":[{"href":"https:\/\/www.ifbaiano.edu.br\/unidades\/serrinha\/wp-json\/wp\/v2\/types\/page"}],"author":[{"embeddable":true,"href":"https:\/\/www.ifbaiano.edu.br\/unidades\/serrinha\/wp-json\/wp\/v2\/users\/186"}],"replies":[{"embeddable":true,"href":"https:\/\/www.ifbaiano.edu.br\/unidades\/serrinha\/wp-json\/wp\/v2\/comments?post=5799"}],"version-history":[{"count":1,"href":"https:\/\/www.ifbaiano.edu.br\/unidades\/serrinha\/wp-json\/wp\/v2\/pages\/5799\/revisions"}],"predecessor-version":[{"id":5800,"href":"https:\/\/www.ifbaiano.edu.br\/unidades\/serrinha\/wp-json\/wp\/v2\/pages\/5799\/revisions\/5800"}],"up":[{"embeddable":true,"href":"https:\/\/www.ifbaiano.edu.br\/unidades\/serrinha\/wp-json\/wp\/v2\/pages\/5792"}],"wp:attachment":[{"href":"https:\/\/www.ifbaiano.edu.br\/unidades\/serrinha\/wp-json\/wp\/v2\/media?parent=5799"}],"curies":[{"name":"wp","href":"https:\/\/api.w.org\/{rel}","templated":true}]}}