{"id":5802,"date":"2022-03-16T09:32:10","date_gmt":"2022-03-16T12:32:10","guid":{"rendered":"https:\/\/www.ifbaiano.edu.br\/unidades\/serrinha\/?page_id=5802"},"modified":"2022-08-11T11:21:00","modified_gmt":"2022-08-11T14:21:00","slug":"legislacoes-pertinentes-da-area-de-licitacoes-e-compras","status":"publish","type":"page","link":"https:\/\/www.ifbaiano.edu.br\/unidades\/serrinha\/diretoria-administrativa\/licitacoes-e-contratos\/licitacoes-nova\/legislacoes-pertinentes-da-area-de-licitacoes-e-compras\/","title":{"rendered":"Legisla\u00e7\u00f5es pertinentes da \u00e1rea de licita\u00e7\u00f5es e compras"},"content":{"rendered":"\n<div class=\"wp-block-file\"><a href=\"https:\/\/www.ifbaiano.edu.br\/unidades\/serrinha\/files\/2022\/08\/IN-58.2022-ETP-Lei-14.133.2021.pdf\" target=\"_blank\" rel=\"noreferrer noopener\">IN 58.2022 &#8211; ETP &#8211; Lei 14.133.2021<\/a><\/div>\n\n\n\n<div class=\"wp-block-file\"><a href=\"https:\/\/www.ifbaiano.edu.br\/unidades\/serrinha\/files\/2021\/12\/Decreto-9488.2018-Sistema-de-Registro-de-Precos.pdf\" target=\"_blank\" rel=\"noreferrer noopener\">Decreto 9488.2018 &#8211; Sistema de Registro de Pre\u00e7os<\/a><\/div>\n\n\n\n<div class=\"wp-block-file\"><a href=\"https:\/\/www.ifbaiano.edu.br\/unidades\/serrinha\/files\/2021\/12\/INSTRUCAO-NORMATIVA-SEGES-_ME-No-65-DE-7-DE-JULHO-DE-2021-Pesquisa-de-Precos-para-a-Lei-14.133.2021-DOU.pdf\" target=\"_blank\" rel=\"noreferrer noopener\">INSTRU\u00c7\u00c3O NORMATIVA SEGES _ME N\u00ba 65, DE 7 DE JULHO DE 2021 &#8211; Pesquisa de Pre\u00e7os para a Lei 14.133.2021 &#8211; DOU<\/a><\/div>\n\n\n\n<div class=\"wp-block-file\"><a href=\"https:\/\/www.ifbaiano.edu.br\/unidades\/serrinha\/files\/2021\/12\/INSTRUCAO-NORMATIVA-SEGES_ME-No-67-DE-8-DE-JULHO-DE-2021-DISPENSA-ELETRONICA-PARA-A-LEI-14.133.2021-DOU.pdf\" target=\"_blank\" rel=\"noreferrer noopener\">INSTRU\u00c7\u00c3O NORMATIVA SEGES_ME N\u00ba 67, DE 8 DE JULHO DE 2021 &#8211; DISPENSA ELETRONICA PARA A LEI 14.133.2021 &#8211; DOU<\/a><\/div>\n\n\n\n<div class=\"wp-block-file\"><a href=\"https:\/\/www.ifbaiano.edu.br\/unidades\/serrinha\/files\/2021\/12\/LEI-No-14.133-DE-1o-DE-ABRIL-DE-2021-Nova-Lei-de-Licitacoes-DOU-Imprensa-Nacional.pdf\" target=\"_blank\" rel=\"noreferrer noopener\">LEI N\u00ba 14.133, DE 1\u00ba DE ABRIL DE 2021 &#8211; Nova Lei de Licita\u00e7\u00f5es &#8211; DOU &#8211; Imprensa Nacional<\/a><\/div>\n\n\n\n<div class=\"wp-block-file\"><a href=\"https:\/\/www.ifbaiano.edu.br\/unidades\/serrinha\/files\/2020\/08\/INSTRU\u00c7\u00c3O-NORMATIVA-N\u00ba-40-DE-22-DE-MAIO-DE-2020-ETP-Estudos-Tecnicos-Preliminares.pdf\">IN n\u00ba40 de 22 de maio de 2020 &#8211; ETP &#8211; Estudos Tecnicos  Preliminares<\/a><\/div>\n\n\n\n<div class=\"wp-block-file\"><a href=\"https:\/\/www.ifbaiano.edu.br\/unidades\/serrinha\/files\/2020\/08\/INSTRU\u00c7\u00c3O-NORMATIVA-N\u00ba-73-DE-5-DE-AGOSTO-DE-2020-INSTRU\u00c7\u00c3O-NORMATIVA-N\u00ba-73-DE-5-DE-AGOSTO-DE-2020-DOU-Imprensa-Nacional-Pesquisa-de-Pre\u00e7os.pdf\">IN n\u00ba73 de 5 de Agosto de 2020 &#8211; DOU- Imprensa Nacional &#8211; Pesquisa de Pre\u00e7os<\/a><\/div>\n\n\n\n<div class=\"wp-block-file\"><a href=\"https:\/\/www.ifbaiano.edu.br\/unidades\/serrinha\/files\/2020\/08\/LEI-N\u00ba-13.979-DE-6-DE-FEVEREIRO-DE-2020-LEI-N\u00ba-13.979-DE-6-DE-FEVEREIRO-DE-2020-DOU-LEI-DA-COVID-19.pdf\">LEI-N\u00ba-13.979-DE-6-DE-FEVEREIRO-DE-2020 &#8211; DOU &#8211; LEI DA COVID-19<\/a><\/div>\n\n\n\n<p><a href=\"http:\/\/www.ifbaiano.edu.br\/unidades\/serrinha\/files\/2017\/11\/Ac\u00f3rd\u00e3o-3516.2007-TCU-1\u00aa-C\u00c2MARA.pdf\">Ac\u00f3rd\u00e3o 3516.2007 &#8211; TCU &#8211; 1\u00aa C\u00c2MARA<\/a><\/p>\n\n\n\n<p><a href=\"http:\/\/www.ifbaiano.edu.br\/unidades\/serrinha\/files\/2017\/11\/Decreto-3.555-de-8-de-agosto-de-2000..pdf\">Decreto 3.555 de 8 de agosto de 2000.<\/a><\/p>\n\n\n\n<p><a href=\"http:\/\/www.ifbaiano.edu.br\/unidades\/serrinha\/files\/2017\/11\/Decreto-5.450-de-31-de-maio-de-2005..pdf\">Decreto 5.450 de 31 de maio de 2005.<\/a><\/p>\n\n\n\n<p><a href=\"http:\/\/www.ifbaiano.edu.br\/unidades\/serrinha\/files\/2017\/11\/Decreto-n\u00ba-3.722-de-9-de-janeiro-de-2001.pdf\">Decreto n\u00ba 3.722, de 9 de janeiro de 2001<\/a><\/p>\n\n\n\n<p><a href=\"http:\/\/www.ifbaiano.edu.br\/unidades\/serrinha\/files\/2017\/11\/Decreto-n\u00ba-9.412-de-18-de-junho-de-2018.pdf\">Decreto n\u00ba 9.412 de 18 de junho de 2018<\/a><\/p>\n\n\n\n<p><a href=\"http:\/\/www.ifbaiano.edu.br\/unidades\/serrinha\/files\/2017\/11\/Decreto-n\u00ba-7892-de-23-de-janeiro-de-2013.pdf\">Decreto n\u00ba 7892 de 23 de janeiro de 2013<\/a><\/p>\n\n\n\n<p><a href=\"http:\/\/www.ifbaiano.edu.br\/unidades\/serrinha\/files\/2017\/11\/Decreto-n\u00ba-8538-de-6-de-outubro-de-2015.pdf\">Decreto n\u00ba 8538 de 6 de outubro de 2015<\/a><\/p>\n\n\n\n<p><a href=\"http:\/\/www.ifbaiano.edu.br\/unidades\/serrinha\/files\/2017\/11\/IN-n\u00ba-05-de-26-de-maio-de-2017.pdf\">IN n\u00ba 05 de 26 de maio de 2017<\/a><\/p>\n\n\n\n<p><a href=\"http:\/\/www.ifbaiano.edu.br\/unidades\/serrinha\/files\/2017\/11\/Lei-8.666-de-21-de-junho-de-1993.pdf\">Lei 8.666 de 21 de junho de 1993<\/a><\/p>\n\n\n\n<p><a href=\"http:\/\/www.ifbaiano.edu.br\/unidades\/serrinha\/files\/2017\/11\/Lei-10.520-de-17-de-julho-de-2002..pdf\">Lei 10.520 de 17 de julho de 2002.<\/a><\/p>\n\n\n\n<p><a href=\"http:\/\/www.ifbaiano.edu.br\/unidades\/serrinha\/files\/2017\/11\/Lei-Complementar-123-de-14-de-dezembro-de-2006.pdf\">Lei Complementar 123 de 14 de dezembro de 2006<\/a><\/p>\n\n\n\n<p><a href=\"http:\/\/www.ifbaiano.edu.br\/unidades\/serrinha\/files\/2017\/11\/Portaria-n\u00ba-306-de-13-de-dezembro-de-2001..pdf\">Portaria n\u00ba 306 de 13 de dezembro de 2001.<\/a><\/p>\n\n\n\n<p><a href=\"http:\/\/www.ifbaiano.edu.br\/unidades\/serrinha\/files\/2017\/11\/Lei-n\u00ba-7210-de-11-de-julho-de-1984.pdf\">Lei n\u00ba 7210 de 11 de julho de 1984<\/a><\/p>\n\n\n\n<p><a href=\"http:\/\/www.ifbaiano.edu.br\/unidades\/serrinha\/files\/2017\/11\/Decreto-n\u00ba-9450-de-24-de-julho-de-2018.pdf\">Decreto n\u00ba 9450 de 24 de julho de 2018<\/a><\/p>\n\n\n\n<p><a href=\"http:\/\/www.ifbaiano.edu.br\/unidades\/serrinha\/files\/2017\/11\/PORTARIA-INTERMINISTERIAL-N\u00ba-3-DE-11-DE-SETEMBRO-DE-2018-Di\u00e1rio-Oficial-da-Uni\u00e3o-Imprensa-Nacional.pdf\">PORTARIA INTERMINISTERIAL N\u00ba 3, DE 11 DE SETEMBRO DE 2018 &#8211; Di\u00e1rio Oficial da Uni\u00e3o &#8211; Imprensa Nacional<\/a><\/p>\n","protected":false},"excerpt":{"rendered":"<p>Ac\u00f3rd\u00e3o 3516.2007 &#8211; TCU &#8211; 1\u00aa C\u00c2MARA Decreto 3.555 de 8 de agosto de 2000. Decreto 5.450 de 31 de maio de 2005. Decreto n\u00ba 3.722, de 9 de janeiro de 2001 Decreto n\u00ba 9.412 de 18 de junho de 2018 Decreto n\u00ba 7892 de 23 de janeiro de 2013 Decreto n\u00ba 8538 de 6 [&hellip;]<\/p>\n","protected":false},"author":186,"featured_media":0,"parent":5803,"menu_order":0,"comment_status":"closed","ping_status":"closed","template":"","meta":[],"_links":{"self":[{"href":"https:\/\/www.ifbaiano.edu.br\/unidades\/serrinha\/wp-json\/wp\/v2\/pages\/5802"}],"collection":[{"href":"https:\/\/www.ifbaiano.edu.br\/unidades\/serrinha\/wp-json\/wp\/v2\/pages"}],"about":[{"href":"https:\/\/www.ifbaiano.edu.br\/unidades\/serrinha\/wp-json\/wp\/v2\/types\/page"}],"author":[{"embeddable":true,"href":"https:\/\/www.ifbaiano.edu.br\/unidades\/serrinha\/wp-json\/wp\/v2\/users\/186"}],"replies":[{"embeddable":true,"href":"https:\/\/www.ifbaiano.edu.br\/unidades\/serrinha\/wp-json\/wp\/v2\/comments?post=5802"}],"version-history":[{"count":2,"href":"https:\/\/www.ifbaiano.edu.br\/unidades\/serrinha\/wp-json\/wp\/v2\/pages\/5802\/revisions"}],"predecessor-version":[{"id":6569,"href":"https:\/\/www.ifbaiano.edu.br\/unidades\/serrinha\/wp-json\/wp\/v2\/pages\/5802\/revisions\/6569"}],"up":[{"embeddable":true,"href":"https:\/\/www.ifbaiano.edu.br\/unidades\/serrinha\/wp-json\/wp\/v2\/pages\/5803"}],"wp:attachment":[{"href":"https:\/\/www.ifbaiano.edu.br\/unidades\/serrinha\/wp-json\/wp\/v2\/media?parent=5802"}],"curies":[{"name":"wp","href":"https:\/\/api.w.org\/{rel}","templated":true}]}}