{"id":5803,"date":"2022-03-16T09:31:52","date_gmt":"2022-03-16T12:31:52","guid":{"rendered":"https:\/\/www.ifbaiano.edu.br\/unidades\/serrinha\/?page_id=5803"},"modified":"2025-02-26T15:18:43","modified_gmt":"2025-02-26T18:18:43","slug":"licitacoes-nova","status":"publish","type":"page","link":"https:\/\/www.ifbaiano.edu.br\/unidades\/serrinha\/diretoria-administrativa\/licitacoes-e-contratos\/licitacoes-nova\/","title":{"rendered":"Licita\u00e7\u00f5es"},"content":{"rendered":"\n<div class=\"wp-block-buttons is-layout-flex\">\n<div class=\"wp-block-button is-style-outline\"><a class=\"wp-block-button__link has-text-color wp-element-button\" href=\"https:\/\/www.ifbaiano.edu.br\/unidades\/serrinha\/diretoria-administrativa\/licitacoes-e-contratos\/licitacoes-nova\/licitacoes-2025\/\" style=\"color:#03651a\"><strong>202<\/strong>5<\/a><\/div>\n\n\n\n<div class=\"wp-block-button is-style-outline\"><a class=\"wp-block-button__link has-text-color wp-element-button\" href=\"https:\/\/www.ifbaiano.edu.br\/unidades\/serrinha\/diretoria-administrativa\/licitacoes-e-contratos\/licitacoes-nova\/licitacoes-2024\/\" style=\"color:#03651a\" target=\"_blank\" rel=\"noreferrer noopener\"><strong>202<\/strong>4<\/a><\/div>\n\n\n\n<div class=\"wp-block-button is-style-outline\"><a class=\"wp-block-button__link has-text-color wp-element-button\" href=\"https:\/\/www.ifbaiano.edu.br\/unidades\/serrinha\/diretoria-administrativa\/licitacoes-e-contratos\/licitacoes-nova\/licitacoes-2023\/\" style=\"color:#03651a\" target=\"_blank\" rel=\"noreferrer noopener\"><strong>2023<\/strong><\/a><\/div>\n\n\n\n<div class=\"wp-block-button is-style-outline\"><a class=\"wp-block-button__link has-text-color wp-element-button\" href=\"https:\/\/www.ifbaiano.edu.br\/unidades\/serrinha\/diretoria-administrativa\/licitacoes-e-contratos\/licitacoes\/licitacoes-2022\/\" style=\"color:#03651a\" target=\"_blank\" rel=\"noreferrer noopener\"><strong>2022<\/strong><\/a><\/div>\n\n\n\n<div class=\"wp-block-button is-style-outline\"><a class=\"wp-block-button__link has-text-color wp-element-button\" href=\"https:\/\/www.ifbaiano.edu.br\/unidades\/serrinha\/diretoria-administrativa\/licitacoes-e-contratos\/licitacoes\/licitacoes-2021\/\" style=\"color:#03651a\" target=\"_blank\" rel=\"noreferrer noopener\"><strong>2021<\/strong><\/a><\/div>\n\n\n\n<div class=\"wp-block-button is-style-outline\"><a class=\"wp-block-button__link has-text-color wp-element-button\" href=\"https:\/\/www.ifbaiano.edu.br\/unidades\/serrinha\/diretoria-administrativa\/licitacoes-e-contratos\/licitacoes\/licitacoes-2020\/\" style=\"color:#03651a\" target=\"_blank\" rel=\"noreferrer noopener\"><strong>2020<\/strong><\/a><\/div>\n\n\n\n<div class=\"wp-block-button is-style-outline\"><a class=\"wp-block-button__link has-text-color wp-element-button\" href=\"https:\/\/www.ifbaiano.edu.br\/unidades\/serrinha\/diretoria-administrativa\/licitacoes-e-contratos\/licitacoes\/licitacoes-2019\/\" style=\"color:#03651a\" target=\"_blank\" rel=\"noreferrer noopener\"><strong>2019<\/strong><\/a><\/div>\n\n\n\n<div class=\"wp-block-button is-style-outline\"><a class=\"wp-block-button__link has-text-color wp-element-button\" href=\"https:\/\/www.ifbaiano.edu.br\/unidades\/serrinha\/diretoria-administrativa\/licitacoes-e-contratos\/licitacoes\/licitacoes-2018\/\" style=\"color:#03651a\" target=\"_blank\" rel=\"noreferrer noopener\"><strong>2018<\/strong><\/a><\/div>\n\n\n\n<div class=\"wp-block-button is-style-outline\"><a class=\"wp-block-button__link has-text-color wp-element-button\" href=\"https:\/\/www.ifbaiano.edu.br\/unidades\/serrinha\/diretoria-administrativa\/licitacoes-e-contratos\/licitacoes\/licitacoes-2017\/\" style=\"color:#03651a\" target=\"_blank\" rel=\"noreferrer noopener\"><strong>2017<\/strong><\/a><\/div>\n<\/div>\n\n\n\n<div style=\"height:33px\" aria-hidden=\"true\" class=\"wp-block-spacer\"><\/div>\n\n\n\n<div class=\"wp-block-buttons is-layout-flex\">\n<div class=\"wp-block-button is-style-outline\"><a class=\"wp-block-button__link has-text-color wp-element-button\" href=\"https:\/\/www.ifbaiano.edu.br\/unidades\/serrinha\/legislacoes-pertinentes-da-area-de-licitacoes-e-compras\/\" style=\"color:#03651a\" target=\"_blank\" rel=\"noreferrer noopener\"><strong>Legisla\u00e7\u00f5es Pertinentes da \u00c1rea de Licita\u00e7\u00f5es e Compras<\/strong><\/a><\/div>\n<\/div>\n\n\n\n<div style=\"height:33px\" aria-hidden=\"true\" class=\"wp-block-spacer\"><\/div>\n\n\n\n<div class=\"wp-block-buttons is-layout-flex\">\n<div class=\"wp-block-button is-style-outline\"><a class=\"wp-block-button__link has-text-color wp-element-button\" href=\"https:\/\/www.ifbaiano.edu.br\/unidades\/serrinha\/diretoria-administrativa\/licitacoes-e-contratos\/licitacoes-nova\/documentacoes\/\" style=\"color:#03651a\" target=\"_blank\" rel=\"noreferrer noopener\"><strong>Documenta\u00e7\u00f5es<\/strong><\/a><\/div>\n<\/div>\n\n\n\n<p><\/p>\n","protected":false},"excerpt":{"rendered":"","protected":false},"author":186,"featured_media":0,"parent":4487,"menu_order":0,"comment_status":"closed","ping_status":"closed","template":"","meta":[],"_links":{"self":[{"href":"https:\/\/www.ifbaiano.edu.br\/unidades\/serrinha\/wp-json\/wp\/v2\/pages\/5803"}],"collection":[{"href":"https:\/\/www.ifbaiano.edu.br\/unidades\/serrinha\/wp-json\/wp\/v2\/pages"}],"about":[{"href":"https:\/\/www.ifbaiano.edu.br\/unidades\/serrinha\/wp-json\/wp\/v2\/types\/page"}],"author":[{"embeddable":true,"href":"https:\/\/www.ifbaiano.edu.br\/unidades\/serrinha\/wp-json\/wp\/v2\/users\/186"}],"replies":[{"embeddable":true,"href":"https:\/\/www.ifbaiano.edu.br\/unidades\/serrinha\/wp-json\/wp\/v2\/comments?post=5803"}],"version-history":[{"count":10,"href":"https:\/\/www.ifbaiano.edu.br\/unidades\/serrinha\/wp-json\/wp\/v2\/pages\/5803\/revisions"}],"predecessor-version":[{"id":8586,"href":"https:\/\/www.ifbaiano.edu.br\/unidades\/serrinha\/wp-json\/wp\/v2\/pages\/5803\/revisions\/8586"}],"up":[{"embeddable":true,"href":"https:\/\/www.ifbaiano.edu.br\/unidades\/serrinha\/wp-json\/wp\/v2\/pages\/4487"}],"wp:attachment":[{"href":"https:\/\/www.ifbaiano.edu.br\/unidades\/serrinha\/wp-json\/wp\/v2\/media?parent=5803"}],"curies":[{"name":"wp","href":"https:\/\/api.w.org\/{rel}","templated":true}]}}