{"id":5844,"date":"2022-03-29T10:27:31","date_gmt":"2022-03-29T13:27:31","guid":{"rendered":"https:\/\/www.ifbaiano.edu.br\/unidades\/serrinha\/?page_id=5844"},"modified":"2025-09-11T15:55:00","modified_gmt":"2025-09-11T18:55:00","slug":"instrumento-musical","status":"publish","type":"page","link":"https:\/\/www.ifbaiano.edu.br\/unidades\/serrinha\/instrumento-musical\/","title":{"rendered":"Instrumento Musical"},"content":{"rendered":"\n<p><strong>Informa\u00e7\u00f5es sobre o Curso T\u00e9cnico em Instrumento Musical Subsequente ao Ensino M\u00e9dio:<\/strong><\/p>\n\n\n\n<figure class=\"wp-block-table is-style-regular\"><table border=\"1\" class=\"has-fixed-layout\"><tbody><tr><td>Curso<\/td><td>T\u00e9cnico em Instrumento Musical<\/td><\/tr><tr><td>Habilita\u00e7\u00f5es<\/td><td>Viol\u00e3o, Flauta Transversal e Teclado<\/td><\/tr><tr><td>Forma<\/td><td>Subsequente<\/td><\/tr><tr><td>Ato Autorizativo<\/td><td>00000000000<\/td><\/tr><tr><td>T\u00edtulo acad\u00eamico conferido<\/td><td>T\u00e9cnico em Instrumento Musical<\/td><\/tr><tr><td>Turno de funcionamento<\/td><td>Vespertino<\/td><\/tr><tr><td>Eixo<\/td><td>Produ\u00e7\u00e3o Cultural e Design<\/td><\/tr><tr><td>Regime acad\u00eamico<\/td><td>Semestral<\/td><\/tr><tr><td>N\u00famero de Vagas<\/td><td>20<\/td><\/tr><tr><td>Tempo de integraliza\u00e7\u00e3o<\/td><td>M\u00ednimo de 1,5 e m\u00e1ximo de 3 anos<\/td><\/tr><tr><td>Forma de ingresso<\/td><td>Processo Seletivo<\/td><\/tr><tr><td>Carga Hor\u00e1ria<\/td><td>1200 horas<\/td><\/tr><tr><td>Perfil do Curso<\/td><td>Forma m\u00fasicos t\u00e9cnicos de n\u00edvel m\u00e9dio qualificados para atua\u00e7\u00e3o profissional no campo da M\u00fasica, como m\u00fasicos instrumentistas, professores de instrumento ou mesmo seguirem nos estudos acad\u00eamicos em cursos de gradua\u00e7\u00e3o e\/ou especializa\u00e7\u00e3o na \u00e1rea de M\u00fasica. Forma profissionais com habilidades em leitura, escrita, percep\u00e7\u00e3o, execu\u00e7\u00e3o e interpreta\u00e7\u00e3o de repert\u00f3rio com o instrumento escolhido no curso.<\/td><\/tr><\/tbody><\/table><\/figure>\n\n\n\n<p><\/p>\n\n\n\n<div style=\"height:35px\" aria-hidden=\"true\" class=\"wp-block-spacer\"><\/div>\n\n\n\n<p>Para visualizar a <strong>Matriz Curricular<\/strong> do Curso Subsequente em Instrumento Musical, clique no link a seguir:<\/p>\n\n\n\n<div class=\"wp-block-file\"><a id=\"wp-block-file--media-67aa0660-4fcf-46f2-8ccc-67525d688dfa\" href=\"https:\/\/www.ifbaiano.edu.br\/unidades\/serrinha\/files\/2022\/03\/6-MATRIZ-CURRICULAR.pdf\" target=\"_blank\" rel=\"noreferrer noopener\">Matriz Curricular<\/a><\/div>\n\n\n\n<p>Para visualizar o <strong>Projeto Pedag\u00f3gico do Curso (PPC)<\/strong> Subsequente em Instrumento Musical, clique no link a seguir:<\/p>\n\n\n\n<div class=\"wp-block-file\"><a id=\"wp-block-file--media-695af55a-d592-47fb-84d5-ffb482cfdfdf\" href=\"https:\/\/www.ifbaiano.edu.br\/unidades\/serrinha\/files\/2025\/09\/PPC_Curso-Tecnico-em-Instrumento-Musical_IF-Baiano_2025.pdf\" target=\"_blank\" rel=\"noreferrer noopener\">Projeto Pedag\u00f3gico do Curso<\/a><\/div>\n\n\n\n<p><\/p>\n","protected":false},"excerpt":{"rendered":"<p>Informa\u00e7\u00f5es sobre o Curso T\u00e9cnico em Instrumento Musical Subsequente ao Ensino M\u00e9dio: Curso T\u00e9cnico em Instrumento Musical Habilita\u00e7\u00f5es Viol\u00e3o, Flauta Transversal e Teclado Forma Subsequente Ato Autorizativo 00000000000 T\u00edtulo acad\u00eamico conferido T\u00e9cnico em Instrumento Musical Turno de funcionamento Vespertino Eixo Produ\u00e7\u00e3o Cultural e Design Regime acad\u00eamico Semestral N\u00famero de Vagas 20 Tempo de integraliza\u00e7\u00e3o M\u00ednimo [&hellip;]<\/p>\n","protected":false},"author":186,"featured_media":0,"parent":0,"menu_order":0,"comment_status":"closed","ping_status":"closed","template":"","meta":[],"_links":{"self":[{"href":"https:\/\/www.ifbaiano.edu.br\/unidades\/serrinha\/wp-json\/wp\/v2\/pages\/5844"}],"collection":[{"href":"https:\/\/www.ifbaiano.edu.br\/unidades\/serrinha\/wp-json\/wp\/v2\/pages"}],"about":[{"href":"https:\/\/www.ifbaiano.edu.br\/unidades\/serrinha\/wp-json\/wp\/v2\/types\/page"}],"author":[{"embeddable":true,"href":"https:\/\/www.ifbaiano.edu.br\/unidades\/serrinha\/wp-json\/wp\/v2\/users\/186"}],"replies":[{"embeddable":true,"href":"https:\/\/www.ifbaiano.edu.br\/unidades\/serrinha\/wp-json\/wp\/v2\/comments?post=5844"}],"version-history":[{"count":18,"href":"https:\/\/www.ifbaiano.edu.br\/unidades\/serrinha\/wp-json\/wp\/v2\/pages\/5844\/revisions"}],"predecessor-version":[{"id":8733,"href":"https:\/\/www.ifbaiano.edu.br\/unidades\/serrinha\/wp-json\/wp\/v2\/pages\/5844\/revisions\/8733"}],"wp:attachment":[{"href":"https:\/\/www.ifbaiano.edu.br\/unidades\/serrinha\/wp-json\/wp\/v2\/media?parent=5844"}],"curies":[{"name":"wp","href":"https:\/\/api.w.org\/{rel}","templated":true}]}}