{"id":5892,"date":"2022-04-01T09:07:50","date_gmt":"2022-04-01T12:07:50","guid":{"rendered":"https:\/\/www.ifbaiano.edu.br\/unidades\/serrinha\/?page_id=5892"},"modified":"2024-11-11T12:27:58","modified_gmt":"2024-11-11T15:27:58","slug":"pos-graduacao-em-alfabetizacao-e-letramento","status":"publish","type":"page","link":"https:\/\/www.ifbaiano.edu.br\/unidades\/serrinha\/pos-graduacao-em-alfabetizacao-e-letramento\/","title":{"rendered":"P\u00f3s em Alfabetiza\u00e7\u00e3o e Letramento"},"content":{"rendered":"\n<div id=\"TituloMenu\" class=\"dnone\">CURSO<\/div>\n\n\n\n<p>P\u00f3s-Gradua\u00e7\u00e3o em Alfabetiza\u00e7\u00e3o e Letramento<\/p>\n\n\n\n<p>Coordena\u00e7\u00e3o: Professora Marcela Farias<\/p>\n\n\n\n<p>E-mail:&nbsp;pos.alet@serrinha.ifbaiano.edu.br<\/p>\n\n\n\n<p align=\"justify\">Curso de P\u00f3s-Gradua\u00e7\u00e3o lato sensu em Alfabetiza\u00e7\u00e3o e Letramento, do IF BAIANO, Campus Serrinha, tem por finalidade formar, de modo reflexivo e proativo, professores alfabetizadores capazes de, atrav\u00e9s da intercomunica\u00e7\u00e3o teoria\/pr\u00e1tica, realizar transposi\u00e7\u00e3o did\u00e1tica de temas, conte\u00fados e habilidades que possibilitem um ensino discursivo da l\u00edngua escrita, num paradigma que visa a alfabetizar letrando.<\/p>\n\n\n\n<div id=\"TituloMenu\" class=\"dnone\">MATRIZ CURRICULAR <\/div>\n\n\n\n<div style=\"height:31px\" aria-hidden=\"true\" class=\"wp-block-spacer\"><\/div>\n\n\n<div class=\"wp-block-image\">\n<figure class=\"aligncenter size-full\"><a href=\"https:\/\/www.ifbaiano.edu.br\/unidades\/serrinha\/files\/2022\/04\/Matriz-Curricular.png\"><img decoding=\"async\" loading=\"lazy\" width=\"614\" height=\"528\" src=\"https:\/\/www.ifbaiano.edu.br\/unidades\/serrinha\/files\/2022\/04\/Matriz-Curricular.png\" alt=\"\" class=\"wp-image-5894\" \/><\/a><\/figure><\/div>\n\n\n<div id=\"TituloMenu\" class=\"dnone\">DOCENTES <\/div>\n\n\n\n<div style=\"height:31px\" aria-hidden=\"true\" class=\"wp-block-spacer\"><\/div>\n\n\n\n\n<table id=\"tablepress-10\" class=\"tablepress tablepress-id-10\">\n<thead>\n<tr class=\"row-1 odd\">\n\t<th class=\"column-1\">NOME<\/th><th class=\"column-2\">TITULA\u00c7\u00c3O M\u00c1XIMA<\/th><th class=\"column-3\">INSTITUI\u00c7\u00c3O DE V\u00cdNCULO<\/th><th class=\"column-4\">CURR\u00cdCULO LATTES<\/th><th class=\"column-5\"><\/th><th class=\"column-6\"><\/th>\n<\/tr>\n<\/thead>\n<tbody class=\"row-hover\">\n<tr class=\"row-2 even\">\n\t<td class=\"column-1\">Cassiana Mendes dos Santos Almeida<\/td><td class=\"column-2\">Mestre em Educa\u00e7\u00e3o do Campo<\/td><td class=\"column-3\">IFBAIANO, Campus Serrinha<\/td><td class=\"column-4\"><div align=\"center\"><a href=\"http:\/\/lattes.cnpq.br\/1277467418554841\" target=\"_blank\" rel=\"noopener\">Curr\u00edculo Lates<\/a><\/div><\/td><td class=\"column-5\"><\/td><td class=\"column-6\"><\/td>\n<\/tr>\n<tr class=\"row-3 odd\">\n\t<td class=\"column-1\">Edeil Reis do Esp\u00edrito Santo<\/td><td class=\"column-2\">Mestre em Educa\u00e7\u00e3o, Sociedade e Culturas<\/td><td class=\"column-3\">IFBAIANO, Campus Senhor do Bonfim<\/td><td class=\"column-4\"><div align=\"center\"><a href=\"http:\/\/lattes.cnpq.br\/5884957979749036\" target=\"_blank\" rel=\"noopener\">Curr\u00edculo Lates<\/a><\/div><\/td><td class=\"column-5\"><\/td><td class=\"column-6\"><\/td>\n<\/tr>\n<tr class=\"row-4 even\">\n\t<td class=\"column-1\">Edna Maria de Oliveira Ferreira<\/td><td class=\"column-2\">Mestre em Educa\u00e7\u00e3o Agr\u00edcola<\/td><td class=\"column-3\">IFBAIANO, Campus Senhor do Bonfim<\/td><td class=\"column-4\"><div align=\"center\"><a href=\"http:\/\/lattes.cnpq.br\/1251875896052186\" target=\"_blank\" rel=\"noopener\">Curr\u00edculo Lates<\/a><\/div><\/td><td class=\"column-5\"><\/td><td class=\"column-6\"><\/td>\n<\/tr>\n<tr class=\"row-5 odd\">\n\t<td class=\"column-1\">Eudes Oliveira Cunha<\/td><td class=\"column-2\">Doutor em Educa\u00e7\u00e3o<\/td><td class=\"column-3\">IFBAIANO, Campus Serrinha<\/td><td class=\"column-4\"><div align=\"center\"><a href=\"http:\/\/lattes.cnpq.br\/0412180516817093\" target=\"_blank\" rel=\"noopener\">Curr\u00edculo Lates<\/a><\/div><\/td><td class=\"column-5\"><\/td><td class=\"column-6\"><\/td>\n<\/tr>\n<tr class=\"row-6 even\">\n\t<td class=\"column-1\">Geov\u00e2nio Silva do Nascimento<\/td><td class=\"column-2\">Mestre em Estudos Lingu\u00edsticos<\/td><td class=\"column-3\">IFBAIANO, Campus Serrinha<\/td><td class=\"column-4\"><div align=\"center\"><a href=\"http:\/\/lattes.cnpq.br\/5715542602208595\" target=\"_blank\" rel=\"noopener\">Curr\u00edculo Lates<\/a><\/div><\/td><td class=\"column-5\"><\/td><td class=\"column-6\"><\/td>\n<\/tr>\n<tr class=\"row-7 odd\">\n\t<td class=\"column-1\">Illa Pires de Azevedo<\/td><td class=\"column-2\">Doutora em Lingu\u00edstica<\/td><td class=\"column-3\">IFBAIANO, Campus Serrinha<\/td><td class=\"column-4\"><div align=\"center\"><a href=\"\" target=\"_blank\" rel=\"noopener\">Curr\u00edculo Lates<\/a><\/div><\/td><td class=\"column-5\"><\/td><td class=\"column-6\"><\/td>\n<\/tr>\n<tr class=\"row-8 even\">\n\t<td class=\"column-1\">Marcela de Souza Farias<\/td><td class=\"column-2\">Mestre em Educa\u00e7\u00e3o de Jovens e Adultos.<\/td><td class=\"column-3\">IFBAIANO, Campus Serrinha<\/td><td class=\"column-4\"><div align=\"center\"><a href=\"http:\/\/lattes.cnpq.br\/0062795258095532\" target=\"_blank\" rel=\"noopener\">Curr\u00edculo Lates<\/a><\/div><\/td><td class=\"column-5\"><\/td><td class=\"column-6\"><\/td>\n<\/tr>\n<tr class=\"row-9 odd\">\n\t<td class=\"column-1\">Neyla Reis dos Santos Silva<\/td><td class=\"column-2\">Mestre em Educa\u00e7\u00e3o de Jovens e Adultos<\/td><td class=\"column-3\">IFBAIANO, Campus Serrinha<\/td><td class=\"column-4\"><div align=\"center\"><a href=\"http:\/\/lattes.cnpq.br\/7513748085916455\" target=\"_blank\" rel=\"noopener\">Curr\u00edculo Lates<\/a><\/div><\/td><td class=\"column-5\"><\/td><td class=\"column-6\"><\/td>\n<\/tr>\n<tr class=\"row-10 even\">\n\t<td class=\"column-1\">Osvaldo Barreto Oliveira J\u00fanior<\/td><td class=\"column-2\">Doutor em Educa\u00e7\u00e3o<\/td><td class=\"column-3\">IFBAIANO, Campus Serrinha<\/td><td class=\"column-4\"><div align=\"center\"><a href=\"http:\/\/lattes.cnpq.br\/0370251790921846\" target=\"_blank\" rel=\"noopener\">Curr\u00edculo Lates<\/a><\/div><\/td><td class=\"column-5\"><\/td><td class=\"column-6\"><\/td>\n<\/tr>\n<tr class=\"row-11 odd\">\n\t<td class=\"column-1\">Patr\u00edcia Zuti\u00e3o<\/td><td class=\"column-2\">Doutora em Educa\u00e7\u00e3o Especial<\/td><td class=\"column-3\">IFBAIANO, Campus Serrinha<\/td><td class=\"column-4\"><div align=\"center\"><a href=\"http:\/\/lattes.cnpq.br\/0128895328177900\" target=\"_blank\" rel=\"noopener\">Curr\u00edculo Lates<\/a><\/div><\/td><td class=\"column-5\"><\/td><td class=\"column-6\"><\/td>\n<\/tr>\n<\/tbody>\n<\/table>\n<!-- #tablepress-10 from cache -->\n\n\n\n<div id=\"TituloMenu\" class=\"dnone\">GRUPOS DE PESQUISA<\/div>\n\n\n\n<p>Educa\u00e7\u00e3o, Linguagens e Intera\u00e7\u00f5es Digitais do IF Baiano<br>Link:&nbsp;<a target=\"_blank\" href=\"http:\/\/dgp.cnpq.br\/dgp\/espelhogrupo\/603347\" rel=\"noreferrer noopener\">http:\/\/dgp.cnpq.br\/dgp\/espelhogrupo\/603347<\/a><\/p>\n\n\n\n<div id=\"TituloMenu\" class=\"dnone\">DOCUMENTOS<\/div>\n\n\n\n<div style=\"height:31px\" aria-hidden=\"true\" class=\"wp-block-spacer\"><\/div>\n\n\n\n<div class=\"wp-block-file\"><a id=\"wp-block-file--media-2d467fec-ed6a-41f1-a1f9-3de05e951a3c\" href=\"https:\/\/www.ifbaiano.edu.br\/unidades\/serrinha\/files\/2024\/11\/Cronograma-da-Pos-_modulo-4.pdf\">Cronograma de aulas M\u00f3dulo 4<\/a><a href=\"https:\/\/www.ifbaiano.edu.br\/unidades\/serrinha\/files\/2024\/11\/Cronograma-da-Pos-_modulo-4.pdf\" class=\"wp-block-file__button wp-element-button\" download aria-describedby=\"wp-block-file--media-2d467fec-ed6a-41f1-a1f9-3de05e951a3c\">Baixar<\/a><\/div>\n\n\n\n<div class=\"wp-block-file\"><a id=\"wp-block-file--media-66c45b1f-c829-4732-ad52-c1c32c710018\" href=\"https:\/\/www.ifbaiano.edu.br\/unidades\/serrinha\/files\/2024\/07\/ALET_Cronograma-Modulo-3_alterado_posgreve.pdf\" target=\"_blank\" rel=\"noreferrer noopener\">Cronograma de aulas M\u00f3dulo 3_- Alterado<\/a><\/div>\n\n\n\n<div class=\"wp-block-file\"><a id=\"wp-block-file--media-c9d20966-c6a0-4e3f-a012-9d1159c55ce4\" href=\"https:\/\/www.ifbaiano.edu.br\/unidades\/serrinha\/files\/2024\/03\/Cronograma-de-aulas_Turma-2023_-Modulo-2-e-3.pdf\" target=\"_blank\" rel=\"noreferrer noopener\">Cronograma de aulas_Turma 2023_ M\u00f3dulo 2 e 3<\/a><\/div>\n\n\n\n<div class=\"wp-block-file\"><a id=\"wp-block-file--media-30ea06c9-da3c-4351-9a57-d5788fb12989\" href=\"https:\/\/www.ifbaiano.edu.br\/unidades\/serrinha\/files\/2022\/08\/Programacao-Aula-Inaugural.pdf\" target=\"_blank\" rel=\"noreferrer noopener\">Programa\u00e7\u00e3o Aula Inaugural<\/a><\/div>\n\n\n\n<div class=\"wp-block-file\"><a href=\"https:\/\/www.ifbaiano.edu.br\/unidades\/serrinha\/files\/2022\/08\/2022.pdf\" target=\"_blank\" rel=\"noreferrer noopener\"><a rel=\"noreferrer noopener\" href=\"https:\/\/www.ifbaiano.edu.br\/unidades\/serrinha\/files\/2022\/08\/2022.pdf\" target=\"_blank\">Programa\u00e7\u00e3o das Aulas \u2013 Turma 2022.1<\/a><\/a><\/div>\n\n\n\n<div class=\"wp-block-file\"><a id=\"wp-block-file--media-b1d1d0aa-93c4-44d1-896e-82fd60e2f3b3\" href=\"https:\/\/www.ifbaiano.edu.br\/unidades\/serrinha\/files\/2022\/04\/PPC-apos-CONSUP.pdf\" target=\"_blank\" rel=\"noreferrer noopener\">Projeto Pedag\u00f3gico do Curso <\/a><\/div>\n\n\n\n<div class=\"wp-block-file\"><a id=\"wp-block-file--media-35d138ea-6a83-43e6-85b0-7064b33ae669\" href=\"https:\/\/www.ifbaiano.edu.br\/unidades\/serrinha\/files\/2022\/04\/Regimento-apos-CONSUP.pdf\" target=\"_blank\" rel=\"noreferrer noopener\">Regimento <\/a><\/div>\n\n\n\n<div class=\"wp-block-file\"><a id=\"wp-block-file--media-25c4eb08-1e7c-4fb9-b252-c8f991aebe53\" href=\"https:\/\/www.ifbaiano.edu.br\/unidades\/serrinha\/files\/2022\/04\/Resolucao-de-Autorizacao-do-Curso.pdf\" target=\"_blank\" rel=\"noreferrer noopener\">Resolu\u00e7\u00e3o de Autoriza\u00e7\u00e3o do Curso<\/a><\/div>\n\n\n\n<div class=\"wp-block-file\"><a id=\"wp-block-file--media-0f3602d5-6ece-44cf-8143-69faa4ebe98d\" href=\"https:\/\/www.ifbaiano.edu.br\/unidades\/serrinha\/files\/2022\/04\/Portaria-da-Coordenacao-do-Curso.pdf\" target=\"_blank\" rel=\"noreferrer noopener\">Portaria de Designa\u00e7\u00e3o do Coordenador do Curso <\/a><\/div>\n\n\n\n<div class=\"wp-block-file\"><a id=\"wp-block-file--media-105f8345-b060-48d4-b07b-86cc636c386d\" href=\"https:\/\/www.ifbaiano.edu.br\/unidades\/serrinha\/files\/2022\/04\/Portaria-Colegiado-do-Curso.pdf\" target=\"_blank\" rel=\"noreferrer noopener\">Portaria de Constitui\u00e7\u00e3o do Colegiado do Curso <\/a><\/div>\n","protected":false},"excerpt":{"rendered":"<p>CURSO P\u00f3s-Gradua\u00e7\u00e3o em Alfabetiza\u00e7\u00e3o e Letramento Coordena\u00e7\u00e3o: Professora Marcela Farias E-mail:&nbsp;pos.alet@serrinha.ifbaiano.edu.br Curso de P\u00f3s-Gradua\u00e7\u00e3o lato sensu em Alfabetiza\u00e7\u00e3o e Letramento, do IF BAIANO, Campus Serrinha, tem por finalidade formar, de modo reflexivo e proativo, professores alfabetizadores capazes de, atrav\u00e9s da intercomunica\u00e7\u00e3o teoria\/pr\u00e1tica, realizar transposi\u00e7\u00e3o did\u00e1tica de temas, conte\u00fados e habilidades que possibilitem um ensino discursivo [&hellip;]<\/p>\n","protected":false},"author":186,"featured_media":0,"parent":0,"menu_order":0,"comment_status":"closed","ping_status":"closed","template":"","meta":[],"_links":{"self":[{"href":"https:\/\/www.ifbaiano.edu.br\/unidades\/serrinha\/wp-json\/wp\/v2\/pages\/5892"}],"collection":[{"href":"https:\/\/www.ifbaiano.edu.br\/unidades\/serrinha\/wp-json\/wp\/v2\/pages"}],"about":[{"href":"https:\/\/www.ifbaiano.edu.br\/unidades\/serrinha\/wp-json\/wp\/v2\/types\/page"}],"author":[{"embeddable":true,"href":"https:\/\/www.ifbaiano.edu.br\/unidades\/serrinha\/wp-json\/wp\/v2\/users\/186"}],"replies":[{"embeddable":true,"href":"https:\/\/www.ifbaiano.edu.br\/unidades\/serrinha\/wp-json\/wp\/v2\/comments?post=5892"}],"version-history":[{"count":18,"href":"https:\/\/www.ifbaiano.edu.br\/unidades\/serrinha\/wp-json\/wp\/v2\/pages\/5892\/revisions"}],"predecessor-version":[{"id":8484,"href":"https:\/\/www.ifbaiano.edu.br\/unidades\/serrinha\/wp-json\/wp\/v2\/pages\/5892\/revisions\/8484"}],"wp:attachment":[{"href":"https:\/\/www.ifbaiano.edu.br\/unidades\/serrinha\/wp-json\/wp\/v2\/media?parent=5892"}],"curies":[{"name":"wp","href":"https:\/\/api.w.org\/{rel}","templated":true}]}}