{"id":59,"date":"2015-10-11T01:39:23","date_gmt":"2015-10-11T01:39:23","guid":{"rendered":"http:\/\/www.ifbaiano.edu.br\/unidades\/serrinha\/?page_id=59"},"modified":"2026-04-22T08:41:29","modified_gmt":"2026-04-22T11:41:29","slug":"coordenacao-de-assistencia-estudantil","status":"publish","type":"page","link":"https:\/\/www.ifbaiano.edu.br\/unidades\/serrinha\/coordenacao-de-assistencia-estudantil\/","title":{"rendered":"Coordena\u00e7\u00e3o de Assuntos Estudantis"},"content":{"rendered":"\n<p><b>Coordena\u00e7\u00e3o de Assuntos Estudantis<\/b><\/p>\n\n\n\n<p>Paulo Ricardo da Silva Barbosa<\/p>\n\n\n\n<p>E-mail:\u00a0cae@serrinha.ifbaiano.edu.br<\/p>\n\n\n\n<p>___________________________________________<\/p>\n\n\n\n<p>Clique e acesse a <a href=\"http:\/\/ifbaiano.edu.br\/portal\/ensino\/wp-content\/uploads\/sites\/2\/2016\/03\/resolucao-64-2016-aprova-a-instituicao-da-politica-estudantil.pdf\" target=\"_blank\" rel=\"noopener noreferrer\">Resolu\u00e7\u00e3o n\u00ba 64 de 2016<\/a>, que institui a Pol\u00edtica de Assist\u00eancia Estudantil.<\/p>\n\n\n\n<p>A Assist\u00eancia Estudantil vislumbra o desenvolvimento de programas e linhas de a\u00e7\u00f5es, com vistas \u00e0 implementa\u00e7\u00e3o de uma Pol\u00edtica de Assist\u00eancia Estudantil que assegure ao estudante do IF Baiano acesso, perman\u00eancia e \u00eaxito no seu percurso educacional, enquanto cidad\u00e3o em processo de desenvolvimento, propiciando-lhe o exerc\u00edcio pleno de sua cidadania.<\/p>\n\n\n\n<div class=\"wp-block-file\"><a id=\"wp-block-file--media-8fbf76aa-76db-4249-88b9-a9f5d92fe033\" href=\"https:\/\/www.ifbaiano.edu.br\/unidades\/serrinha\/files\/2022\/10\/cartilha-do-estudante-2022.pdf\" target=\"_blank\" rel=\"noreferrer noopener\">Cartilha do Estudante &#8211; 2022<\/a><\/div>\n\n\n\n<p>___________________________________________<\/p>\n\n\n\n<p>2019<\/p>\n\n\n\n<p><a href=\"http:\/\/www.ifbaiano.edu.br\/unidades\/serrinha\/files\/2019\/04\/Edital-PAISE-2019-Anexos-VIII-e-IX.pdf\">Cronograma e Aux\u00edlio<\/a><\/p>\n\n\n\n<p><a href=\"http:\/\/www.ifbaiano.edu.br\/unidades\/serrinha\/files\/2019\/04\/EDITAL-PAISE-2019.pdf\">EDITAL PAISE 2019<\/a><\/p>\n\n\n\n<p>___________________________________________<\/p>\n\n\n\n<p>2018<\/p>\n\n\n\n<p><a href=\"http:\/\/www.ifbaiano.edu.br\/unidades\/serrinha\/files\/2018\/05\/Retifica\u00e7\u00e3o-Paise.pdf\">Retifica\u00e7\u00e3o Cronograma e Aux\u00edlios<\/a><\/p>\n\n\n\n<p><a href=\"http:\/\/www.ifbaiano.edu.br\/unidades\/serrinha\/files\/2018\/05\/Cronograma-e-Aux\u00edlios.pdf\">Cronograma e Aux\u00edlios<\/a><\/p>\n\n\n\n<p class=\"western\"><a href=\"http:\/\/www.ifbaiano.edu.br\/unidades\/serrinha\/files\/2018\/05\/Edital-n\u00ba-15-2018-PAISE.pdf\">Edital-n\u00ba-15-2018-PAISE<\/a><\/p>\n\n\n\n<p class=\"western\"><a href=\"http:\/\/www.ifbaiano.edu.br\/unidades\/serrinha\/files\/2018\/05\/Edital-n\u00ba-17-2018-PINCEL.pdf\">Edital-n\u00ba-17-2018-PINCEL<\/a><\/p>\n\n\n\n<p class=\"western\"><a href=\"http:\/\/www.ifbaiano.edu.br\/unidades\/serrinha\/files\/2018\/05\/Edital-n\u00ba-18-2018-PROPAC.pdf\">Edital-n\u00ba-18-2018-PROPAC<\/a><\/p>\n\n\n\n<p>___________________________________________<\/p>\n\n\n\n<p>2017<\/p>\n\n\n\n<p><a href=\"http:\/\/www.ifbaiano.edu.br\/unidades\/serrinha\/files\/2015\/10\/Edital-Monitoria-MIC-IF-Baiano-Resultado-2-chamada.pdf\">Edital Monitoria MIC IF Baiano &#8211; Resultado &#8211; 2 chamada<\/a><\/p>\n\n\n\n<p><a href=\"http:\/\/www.ifbaiano.edu.br\/unidades\/serrinha\/files\/2015\/10\/Edital-Monitoria-MIC-IF-Baiano-Resultado.pdf\">Edital Monitoria MIC IF Baiano &#8211; Resultado<\/a><\/p>\n\n\n\n<p><a href=\"http:\/\/www.ifbaiano.edu.br\/unidades\/serrinha\/files\/2015\/10\/Edital-Monitoria-MIC-IF-Baiano-atualizado-1.pdf\">Edital Monitoria MIC IF Baiano<\/a><\/p>\n\n\n\n<p><a href=\"http:\/\/www.ifbaiano.edu.br\/unidades\/serrinha\/files\/2015\/10\/2\u00aa-Chamada.pdf\">Rela\u00e7\u00e3o de candidatos a 2\u00aa Chamada<\/a><\/p>\n\n\n\n<p><a href=\"http:\/\/www.ifbaiano.edu.br\/unidades\/serrinha\/files\/2015\/10\/Comunicado-2\u00aa-Chamada.pdf\">Comunicado 2\u00aa Chamada<\/a><\/p>\n\n\n\n<p><a href=\"http:\/\/www.ifbaiano.edu.br\/unidades\/serrinha\/files\/2015\/10\/Resultado-Final-Paise.pdf\">Resultado Final Paise<\/a><\/p>\n\n\n\n<p><a href=\"https:\/\/mail.ifbaiano.edu.br\/service\/home\/~\/?auth=co&amp;loc=pt_BR&amp;id=4958&amp;part=2\">Memorando PAISE 2017<\/a><\/p>\n\n\n\n<p><a href=\"https:\/\/mail.ifbaiano.edu.br\/service\/home\/~\/?auth=co&amp;loc=pt_BR&amp;id=5021&amp;part=2\">EDITAL PAISE 2017<\/a><\/p>\n\n\n\n<p><a href=\"http:\/\/www.ifbaiano.edu.br\/unidades\/serrinha\/files\/2015\/10\/EDITAL-PROPAC.pdf\">EDITAL PROPAC<\/a><\/p>\n\n\n\n<p><a href=\"http:\/\/www.ifbaiano.edu.br\/unidades\/serrinha\/files\/2015\/10\/Edital-PINCEL.pdf\">EDITAL PINCEL<\/a><\/p>\n\n\n\n<p>____________________________________________<\/p>\n\n\n\n<p>2016<\/p>\n\n\n\n<p><a href=\"http:\/\/www.ifbaiano.edu.br\/unidades\/serrinha\/files\/2015\/10\/Resultado-Final-PAISE.pdf\">Resultado Final PAISE<\/a><br><a href=\"http:\/\/www.ifbaiano.edu.br\/unidades\/serrinha\/files\/2015\/10\/Resultado-recursos-PAISE.pdf\">Resultado recursos PAISE<\/a><br><a href=\"http:\/\/www.ifbaiano.edu.br\/unidades\/serrinha\/files\/2015\/10\/Resultado-Parcial-PAISE-Retificado.pdf\">Resultado Parcial PAISE &#8211; Retificado<\/a><br><a href=\"http:\/\/www.ifbaiano.edu.br\/unidades\/serrinha\/files\/2015\/10\/edital_paise_2016_proen.pdf\">edital_paise_2016_proen<\/a><\/p>\n","protected":false},"excerpt":{"rendered":"<p>Coordena\u00e7\u00e3o de Assuntos Estudantis Paulo Ricardo da Silva Barbosa E-mail:\u00a0cae@serrinha.ifbaiano.edu.br ___________________________________________ Clique e acesse a Resolu\u00e7\u00e3o n\u00ba 64 de 2016, que institui a Pol\u00edtica de Assist\u00eancia Estudantil. A Assist\u00eancia Estudantil vislumbra o desenvolvimento de programas e linhas de a\u00e7\u00f5es, com vistas \u00e0 implementa\u00e7\u00e3o de uma Pol\u00edtica de Assist\u00eancia Estudantil que assegure ao estudante do IF [&hellip;]<\/p>\n","protected":false},"author":70,"featured_media":0,"parent":0,"menu_order":0,"comment_status":"open","ping_status":"open","template":"","meta":[],"_links":{"self":[{"href":"https:\/\/www.ifbaiano.edu.br\/unidades\/serrinha\/wp-json\/wp\/v2\/pages\/59"}],"collection":[{"href":"https:\/\/www.ifbaiano.edu.br\/unidades\/serrinha\/wp-json\/wp\/v2\/pages"}],"about":[{"href":"https:\/\/www.ifbaiano.edu.br\/unidades\/serrinha\/wp-json\/wp\/v2\/types\/page"}],"author":[{"embeddable":true,"href":"https:\/\/www.ifbaiano.edu.br\/unidades\/serrinha\/wp-json\/wp\/v2\/users\/70"}],"replies":[{"embeddable":true,"href":"https:\/\/www.ifbaiano.edu.br\/unidades\/serrinha\/wp-json\/wp\/v2\/comments?post=59"}],"version-history":[{"count":28,"href":"https:\/\/www.ifbaiano.edu.br\/unidades\/serrinha\/wp-json\/wp\/v2\/pages\/59\/revisions"}],"predecessor-version":[{"id":8787,"href":"https:\/\/www.ifbaiano.edu.br\/unidades\/serrinha\/wp-json\/wp\/v2\/pages\/59\/revisions\/8787"}],"wp:attachment":[{"href":"https:\/\/www.ifbaiano.edu.br\/unidades\/serrinha\/wp-json\/wp\/v2\/media?parent=59"}],"curies":[{"name":"wp","href":"https:\/\/api.w.org\/{rel}","templated":true}]}}