{"id":5930,"date":"2022-04-06T09:33:59","date_gmt":"2022-04-06T12:33:59","guid":{"rendered":"https:\/\/www.ifbaiano.edu.br\/unidades\/serrinha\/?page_id=5930"},"modified":"2022-04-06T14:25:35","modified_gmt":"2022-04-06T17:25:35","slug":"pos-graduacao-em-docencia-na-educacao-profissional-e-tecnologica","status":"publish","type":"page","link":"https:\/\/www.ifbaiano.edu.br\/unidades\/serrinha\/pos-graduacao-em-docencia-na-educacao-profissional-e-tecnologica\/","title":{"rendered":"P\u00f3s em Doc\u00eancia na Educa\u00e7\u00e3o Profissional e Tecnol\u00f3gica"},"content":{"rendered":"\n<div id=\"TituloMenu\" class=\"dnone\">CURSO<\/div>\n\n\n\n<p>P\u00f3s-Gradua\u00e7\u00e3o em Doc\u00eancia na Educa\u00e7\u00e3o Profissional e Tecnol\u00f3gica<\/p>\n\n\n\n<p>COORDENA\u00c7\u00c3O: Professor Dr. Carlos N\u00e1ssaro Ara\u00fajo da Paix\u00e3o<\/p>\n\n\n\n<p>e-mail:&nbsp;pos.dept@serrinha.ifbaiano.edu.br<\/p>\n\n\n\n<p>CURSO<\/p>\n\n\n\n<p align=\"justify\">O p\u00fablico-alvo do curso \u00e9 formado, prioritariamente, por professores que atuam na Educa\u00e7\u00e3o Profissional e Tecnol\u00f3gica (EPT), graduados em quaisquer \u00e1reas do conhecimento, n\u00e3o licenciados, pertencentes \u00e0 Rede P\u00fablica de Ensino do Territ\u00f3rio de Identidade do Sisal, no estado da Bahia.<br>O curso de P\u00f3s-Gradua\u00e7\u00e3o em Doc\u00eancia na Educa\u00e7\u00e3o Profissional e Tecnol\u00f3gica tem como objetivo geral realizar forma\u00e7\u00e3o em servi\u00e7o de professores que atuam na Educa\u00e7\u00e3o Profissional e Tecnol\u00f3gica (EPT), a fim de que se habilitem para: compreender as especificidades pedag\u00f3gicas e os aspectos did\u00e1ticos, metodol\u00f3gicos, t\u00e9cnicos, \u00e9ticos e sociopol\u00edticos da doc\u00eancia na EPT; atuar numa perspectiva de educa\u00e7\u00e3o contextualizada, lidando com metodologias de ensino, tecnologias e ci\u00eancias; desenvolver transposi\u00e7\u00f5es did\u00e1ticas que considerem as especificidades desta modalidade de educa\u00e7\u00e3o e as necessidades de seus estudantes.<\/p>\n\n\n\n<div id=\"TituloMenu\" class=\"dnone\">MATRIZ CURRICULAR<\/div>\n\n\n\n<div style=\"height:31px\" aria-hidden=\"true\" class=\"wp-block-spacer\"><\/div>\n\n\n\n<div class=\"wp-block-image\"><figure class=\"aligncenter size-full\"><a href=\"https:\/\/www.ifbaiano.edu.br\/unidades\/serrinha\/files\/2022\/04\/Matriz-Curricular-1.png\"><img decoding=\"async\" loading=\"lazy\" width=\"556\" height=\"464\" src=\"https:\/\/www.ifbaiano.edu.br\/unidades\/serrinha\/files\/2022\/04\/Matriz-Curricular-1.png\" alt=\"\" class=\"wp-image-5953\" \/><\/a><\/figure><\/div>\n\n\n\n<div id=\"TituloMenu\" class=\"dnone\">DOCENTES<\/div>\n\n\n\n<div style=\"height:31px\" aria-hidden=\"true\" class=\"wp-block-spacer\"><\/div>\n\n\n\n<table id=\"tablepress-11\" class=\"tablepress tablepress-id-11\">\n<thead>\n<tr class=\"row-1 odd\">\n\t<th class=\"column-1\">NOME <\/th><th class=\"column-2\">TITULA\u00c7\u00c3O M\u00c1XIMA <\/th><th class=\"column-3\">INSTITUI\u00c7\u00c3O DE V\u00cdNCULO <\/th><th class=\"column-4\">CURR\u00cdCULO LATTES <\/th>\n<\/tr>\n<\/thead>\n<tbody class=\"row-hover\">\n<tr class=\"row-2 even\">\n\t<td class=\"column-1\"> Carlos N\u00e1ssaro Ara\u00fajo da<br \/>\nPaix\u00e3o<br \/>\n<\/td><td class=\"column-2\">Doutor em Mem\u00f3ria:<br \/>\nLinguagem e Sociedade<\/td><td class=\"column-3\">IFBAIANO, Campus Serrinha<br \/>\n<\/td><td class=\"column-4\"><div align=\"center\"><a href=\"http:\/\/lattes.cnpq.br\/8488928828139958\" target=\"_blank\" rel=\"noopener\">Curr\u00edculo Lates<\/a><\/div><br \/>\n<\/td>\n<\/tr>\n<tr class=\"row-3 odd\">\n\t<td class=\"column-1\">Cassiana Mendes dos Santos Almeida <\/td><td class=\"column-2\">Mestre em Educa\u00e7\u00e3o do Campo <\/td><td class=\"column-3\">IFBAIANO, Campus Serrinha <\/td><td class=\"column-4\"><div align=\"center\"><a href=\"http:\/\/lattes.cnpq.br\/1277467418554841\" target=\"_blank\" rel=\"noopener\">Curr\u00edculo Lates<\/a><\/div><\/td>\n<\/tr>\n<tr class=\"row-4 even\">\n\t<td class=\"column-1\">Cleber de Jesus Figueiredo <\/td><td class=\"column-2\">Mestre em Gest\u00e3o e Tecnologias Aplicadas \u00e0 Educa\u00e7\u00e3o <\/td><td class=\"column-3\">IFBAIANO, Campus Serrinha <\/td><td class=\"column-4\"><div align=\"center\"><a href=\"http:\/\/lattes.cnpq.br\/4971096969913236\" target=\"_blank\" rel=\"noopener\">Curr\u00edculo Lates<\/a><\/div><\/td>\n<\/tr>\n<tr class=\"row-5 odd\">\n\t<td class=\"column-1\">Eudes Oliveira Cunha <\/td><td class=\"column-2\">Doutor em Educa\u00e7\u00e3o <\/td><td class=\"column-3\">IFBAIANO, Campus Serrinha <\/td><td class=\"column-4\"><div align=\"center\"><a href=\"http:\/\/lattes.cnpq.br\/0412180516817093\" target=\"_blank\" rel=\"noopener\">Curr\u00edculo Lates<\/a><\/div><\/td>\n<\/tr>\n<tr class=\"row-6 even\">\n\t<td class=\"column-1\">Ginalva Jesus de Carvalho <\/td><td class=\"column-2\">Mestre em Educa\u00e7\u00e3o e Contemporaneidade <\/td><td class=\"column-3\">IFBAIANO, Campus Serrinha <\/td><td class=\"column-4\"><div align=\"center\"><a href=\"http:\/\/lattes.cnpq.br\/6989497231820598\" target=\"_blank\" rel=\"noopener\">Curr\u00edculo Lates<\/a><\/div><\/td>\n<\/tr>\n<tr class=\"row-7 odd\">\n\t<td class=\"column-1\">Marcela de Souza Farias <\/td><td class=\"column-2\">Especialista em Libras e em Educa\u00e7\u00e3o Especial e Inclusiva. <\/td><td class=\"column-3\">IFBAIANO, Campus Serrinha <\/td><td class=\"column-4\"><div align=\"center\"><a href=\"http:\/\/lattes.cnpq.br\/0062795258095532\" target=\"_blank\" rel=\"noopener\">Curr\u00edculo Lates<\/a><\/div><\/td>\n<\/tr>\n<tr class=\"row-8 even\">\n\t<td class=\"column-1\">Maria Aparecida Brito Oliveira <\/td><td class=\"column-2\">Mestre em Geografia <\/td><td class=\"column-3\">IFBAIANO, Campus Serrinha <\/td><td class=\"column-4\"><div align=\"center\"><a href=\"http:\/\/lattes.cnpq.br\/8916707698424177\" target=\"_blank\" rel=\"noopener\">Curr\u00edculo Lates<\/a><\/div><\/td>\n<\/tr>\n<tr class=\"row-9 odd\">\n\t<td class=\"column-1\">Neyla Reis dos Santos Silva <\/td><td class=\"column-2\">Mestre em Educa\u00e7\u00e3o de Jovens e Adultos <\/td><td class=\"column-3\">IFBAIANO, Campus Serrinha <\/td><td class=\"column-4\"><div align=\"center\"><a href=\"http:\/\/lattes.cnpq.br\/7513748085916455\" target=\"_blank\" rel=\"noopener\">Curr\u00edculo Lates<\/a><\/div><\/td>\n<\/tr>\n<tr class=\"row-10 even\">\n\t<td class=\"column-1\">Osvaldo Barreto Oliveira J\u00fanior <\/td><td class=\"column-2\">Doutor em Educa\u00e7\u00e3o <\/td><td class=\"column-3\">IFBAIANO, Campus Serrinha <\/td><td class=\"column-4\"><div align=\"center\"><a href=\"http:\/\/lattes.cnpq.br\/0370251790921846\" target=\"_blank\" rel=\"noopener\">Curr\u00edculo Lates<\/a><\/div><\/td>\n<\/tr>\n<tr class=\"row-11 odd\">\n\t<td class=\"column-1\">Patr\u00edcia Zuti\u00e3o <\/td><td class=\"column-2\">Mestre em Educa\u00e7\u00e3o Especial <\/td><td class=\"column-3\">IFBAIANO, Campus Serrinha <\/td><td class=\"column-4\"><div align=\"center\"><a href=\"http:\/\/lattes.cnpq.br\/0128895328177900\" target=\"_blank\" rel=\"noopener\">Curr\u00edculo Lates<\/a><\/div><\/td>\n<\/tr>\n<\/tbody>\n<\/table>\n<!-- #tablepress-11 from cache -->\n\n\n\n<div id=\"TituloMenu\" class=\"dnone\">DOCUMENTOS<\/div>\n\n\n\n<div style=\"height:31px\" aria-hidden=\"true\" class=\"wp-block-spacer\"><\/div>\n\n\n\n<div class=\"wp-block-file\"><a href=\"https:\/\/www.ifbaiano.edu.br\/unidades\/serrinha\/files\/2022\/04\/Projeto-Pedagogico-do-Curso-de-Pos-Graduacao-em-Docencia-na-EPT-1.pdf\" target=\"_blank\" rel=\"noreferrer noopener\">Projeto Pedag\u00f3gico do Curso de P\u00f3s-Gradua\u00e7\u00e3o em Doc\u00eancia na EPT <\/a><\/div>\n\n\n\n<div class=\"wp-block-file\"><a href=\"https:\/\/www.ifbaiano.edu.br\/unidades\/serrinha\/files\/2022\/04\/Regimento-da-Pos-Graduacao-Lato-Sensu-em-Docencia-na-EPT-Campus-Serrinha-1.pdf\" target=\"_blank\" rel=\"noreferrer noopener\">Regimento da P\u00f3s-Gradua\u00e7\u00e3o Lato Sensu em Doc\u00eancia na EPT<\/a><\/div>\n\n\n\n<div class=\"wp-block-file\"><a href=\"https:\/\/www.ifbaiano.edu.br\/unidades\/serrinha\/files\/2022\/04\/Resolucao-de-Autorizacao-do-Curso-1.pdf\" target=\"_blank\" rel=\"noreferrer noopener\">Resolu\u00e7\u00e3o de Autoriza\u00e7\u00e3o do Curso<\/a><\/div>\n\n\n\n<div class=\"wp-block-file\"><a href=\"https:\/\/www.ifbaiano.edu.br\/unidades\/serrinha\/files\/2022\/04\/Portaria-de-Designacao-de-Coordenacao.pdf\" target=\"_blank\" rel=\"noreferrer noopener\">Portaria de Designa\u00e7\u00e3o  do Coordenador do Curso<\/a><\/div>\n\n\n\n<div class=\"wp-block-file\"><a href=\"https:\/\/www.ifbaiano.edu.br\/unidades\/serrinha\/files\/2022\/04\/Portaria-de-Constituicao-do-Colegiado-do-Curso.pdf\" target=\"_blank\" rel=\"noreferrer noopener\">Portaria de Constitui\u00e7\u00e3o do Colegiado do Curso<\/a><\/div>\n","protected":false},"excerpt":{"rendered":"<p>CURSO P\u00f3s-Gradua\u00e7\u00e3o em Doc\u00eancia na Educa\u00e7\u00e3o Profissional e Tecnol\u00f3gica COORDENA\u00c7\u00c3O: Professor Dr. Carlos N\u00e1ssaro Ara\u00fajo da Paix\u00e3o e-mail:&nbsp;pos.dept@serrinha.ifbaiano.edu.br CURSO O p\u00fablico-alvo do curso \u00e9 formado, prioritariamente, por professores que atuam na Educa\u00e7\u00e3o Profissional e Tecnol\u00f3gica (EPT), graduados em quaisquer \u00e1reas do conhecimento, n\u00e3o licenciados, pertencentes \u00e0 Rede P\u00fablica de Ensino do Territ\u00f3rio de Identidade do [&hellip;]<\/p>\n","protected":false},"author":186,"featured_media":0,"parent":0,"menu_order":0,"comment_status":"closed","ping_status":"closed","template":"","meta":[],"_links":{"self":[{"href":"https:\/\/www.ifbaiano.edu.br\/unidades\/serrinha\/wp-json\/wp\/v2\/pages\/5930"}],"collection":[{"href":"https:\/\/www.ifbaiano.edu.br\/unidades\/serrinha\/wp-json\/wp\/v2\/pages"}],"about":[{"href":"https:\/\/www.ifbaiano.edu.br\/unidades\/serrinha\/wp-json\/wp\/v2\/types\/page"}],"author":[{"embeddable":true,"href":"https:\/\/www.ifbaiano.edu.br\/unidades\/serrinha\/wp-json\/wp\/v2\/users\/186"}],"replies":[{"embeddable":true,"href":"https:\/\/www.ifbaiano.edu.br\/unidades\/serrinha\/wp-json\/wp\/v2\/comments?post=5930"}],"version-history":[{"count":9,"href":"https:\/\/www.ifbaiano.edu.br\/unidades\/serrinha\/wp-json\/wp\/v2\/pages\/5930\/revisions"}],"predecessor-version":[{"id":5955,"href":"https:\/\/www.ifbaiano.edu.br\/unidades\/serrinha\/wp-json\/wp\/v2\/pages\/5930\/revisions\/5955"}],"wp:attachment":[{"href":"https:\/\/www.ifbaiano.edu.br\/unidades\/serrinha\/wp-json\/wp\/v2\/media?parent=5930"}],"curies":[{"name":"wp","href":"https:\/\/api.w.org\/{rel}","templated":true}]}}