{"id":6063,"date":"2022-04-27T15:36:10","date_gmt":"2022-04-27T18:36:10","guid":{"rendered":"https:\/\/www.ifbaiano.edu.br\/unidades\/serrinha\/?page_id=6063"},"modified":"2024-09-16T16:57:43","modified_gmt":"2024-09-16T19:57:43","slug":"coordenacao-de-unidades-educativas-de-campo-cuec","status":"publish","type":"page","link":"https:\/\/www.ifbaiano.edu.br\/unidades\/serrinha\/coordenacao-de-unidades-educativas-de-campo-cuec\/","title":{"rendered":"Coordena\u00e7\u00e3o de Unidades Educativas de Campo &#8211; CUEC"},"content":{"rendered":"\n<p><strong>Coordena\u00e7\u00e3o:<\/strong> Emerson Pereira da Silva<\/p>\n\n\n\n<p>Telefone: (71) 3186-0021 \u2013 Ramal: 321<\/p>\n\n\n\n<p>Endere\u00e7o eletr\u00f4nico: cuec@serrinha.ifbaiano.edu.br<\/p>\n\n\n\n<p><strong>Coordena\u00e7\u00e3o Substituta:<\/strong> Suzana Cardoso Carvalho<\/p>\n\n\n\n<div id=\"TituloMenu\">Sobre<\/div>\n\n\n\n<p>As Unidades Educativas de Campo do IF Baiano t\u00eam por objetivo aprimorar e dinamizar o ensino, apoiando o desenvolvimento de pesquisas e a\u00e7\u00f5es de extens\u00e3o nas diversas \u00e1reas t\u00e9cnicas. Elas est\u00e3o classificadas de acordo as diretrizes do ensino t\u00e9cnico, onde s\u00e3o desenvolvidas atividades relacionadas \u00e0 aprendizagem te\u00f3rica em sala de aula e pondo em pr\u00e1tica no laborat\u00f3rio a c\u00e9u aberto, chamado <strong>UNIDADE EDUCATIVA DE CAMPO<\/strong>, sendo <strong>agricultura<\/strong>, com o preparo de solo, aduba\u00e7\u00e3o, plantio\/cultivo, controle fitossanit\u00e1rio, colheita e tratamento p\u00f3s-colheita, e <strong>zootecnia<\/strong>, com o preparo do local e recep\u00e7\u00e3o de animais, podendo ser de pequeno, m\u00e9dio ou grande porte, atividades rotineiras como fornecimento de ra\u00e7\u00e3o e \u00e1gua, tratamentos sanit\u00e1rios\/preventivos como limpeza e desinfec\u00e7\u00e3o de equipamentos e ambiente, vacina\u00e7\u00e3o, acompanhar crescimento\/desenvolvimento, abate e\/ou venda.<\/p>\n\n\n\n<figure class=\"wp-block-gallery has-nested-images columns-default is-cropped wp-block-gallery-1 is-layout-flex\">\n<figure class=\"wp-block-image size-large\"><a href=\"https:\/\/www.ifbaiano.edu.br\/unidades\/serrinha\/files\/2022\/04\/Figura-2-Aluna-no-preparo-de-solo.jpg\"><img decoding=\"async\" loading=\"lazy\" width=\"3024\" height=\"4032\" data-id=\"6067\"  src=\"https:\/\/www.ifbaiano.edu.br\/unidades\/serrinha\/files\/2022\/04\/Figura-2-Aluna-no-preparo-de-solo.jpg\" alt=\"\" class=\"wp-image-6067\" \/><\/a><figcaption class=\"wp-element-caption\">Figura 1: Aluna no preparo de solo<\/figcaption><\/figure>\n\n\n\n<figure class=\"wp-block-image size-large\"><a href=\"https:\/\/www.ifbaiano.edu.br\/unidades\/serrinha\/files\/2022\/04\/Figura-1-Aluno-abrindo-covas-para-plantio.jpg\"><img decoding=\"async\" loading=\"lazy\" width=\"3024\" height=\"4032\" data-id=\"6066\"  src=\"https:\/\/www.ifbaiano.edu.br\/unidades\/serrinha\/files\/2022\/04\/Figura-1-Aluno-abrindo-covas-para-plantio.jpg\" alt=\"\" class=\"wp-image-6066\" \/><\/a><figcaption class=\"wp-element-caption\">Figura 2: Aluno abrindo covas para plantio<\/figcaption><\/figure>\n\n\n\n<figure class=\"wp-block-image size-large\"><a href=\"https:\/\/www.ifbaiano.edu.br\/unidades\/serrinha\/files\/2022\/04\/Figura-3-Plantio-de-milho-semente-tipo-CRIOULA.jpg\"><img decoding=\"async\" loading=\"lazy\" width=\"3024\" height=\"4032\" data-id=\"6068\"  src=\"https:\/\/www.ifbaiano.edu.br\/unidades\/serrinha\/files\/2022\/04\/Figura-3-Plantio-de-milho-semente-tipo-CRIOULA.jpg\" alt=\"\" class=\"wp-image-6068\" \/><\/a><figcaption class=\"wp-element-caption\">Figura 3: Plantio de milho &#8211; semente tipo CRIOULA<\/figcaption><\/figure>\n\n\n\n<figure class=\"wp-block-image size-large\"><a href=\"https:\/\/www.ifbaiano.edu.br\/unidades\/serrinha\/files\/2022\/04\/Figura-4-Professora-com-a-tec.-em-agropecuaria-aula-para-vacinacao-em-aves.jpg\"><img decoding=\"async\" loading=\"lazy\" width=\"4928\" height=\"3264\" data-id=\"6069\"  src=\"https:\/\/www.ifbaiano.edu.br\/unidades\/serrinha\/files\/2022\/04\/Figura-4-Professora-com-a-tec.-em-agropecuaria-aula-para-vacinacao-em-aves.jpg\" alt=\"\" class=\"wp-image-6069\" \/><\/a><figcaption class=\"wp-element-caption\">Figura 4: Aula de vacina\u00e7\u00e3o<\/figcaption><\/figure>\n\n\n\n<figure class=\"wp-block-image size-large\"><a href=\"https:\/\/www.ifbaiano.edu.br\/unidades\/serrinha\/files\/2022\/04\/Figura-5-Aluna-vacinando-ave.jpg\"><img decoding=\"async\" loading=\"lazy\" width=\"4928\" height=\"3264\" data-id=\"6070\"  src=\"https:\/\/www.ifbaiano.edu.br\/unidades\/serrinha\/files\/2022\/04\/Figura-5-Aluna-vacinando-ave.jpg\" alt=\"\" class=\"wp-image-6070\" \/><\/a><figcaption class=\"wp-element-caption\">Figura 5: Vacina\u00e7\u00e3o<\/figcaption><\/figure>\n\n\n\n<figure class=\"wp-block-image size-large\"><a href=\"https:\/\/www.ifbaiano.edu.br\/unidades\/serrinha\/files\/2022\/04\/Figura-6-Aluna-vacinando-ave.jpg\"><img decoding=\"async\" loading=\"lazy\" width=\"4928\" height=\"3264\" data-id=\"6071\"  src=\"https:\/\/www.ifbaiano.edu.br\/unidades\/serrinha\/files\/2022\/04\/Figura-6-Aluna-vacinando-ave.jpg\" alt=\"\" class=\"wp-image-6071\" \/><\/a><figcaption class=\"wp-element-caption\">Figura 6: Vacina\u00e7\u00e3o<\/figcaption><\/figure>\n<\/figure>\n\n\n\n<p><\/p>\n","protected":false},"excerpt":{"rendered":"<p>Coordena\u00e7\u00e3o: Emerson Pereira da Silva Telefone: (71) 3186-0021 \u2013 Ramal: 321 Endere\u00e7o eletr\u00f4nico: cuec@serrinha.ifbaiano.edu.br Coordena\u00e7\u00e3o Substituta: Suzana Cardoso Carvalho Sobre As Unidades Educativas de Campo do IF Baiano t\u00eam por objetivo aprimorar e dinamizar o ensino, apoiando o desenvolvimento de pesquisas e a\u00e7\u00f5es de extens\u00e3o nas diversas \u00e1reas t\u00e9cnicas. Elas est\u00e3o classificadas de acordo as [&hellip;]<\/p>\n","protected":false},"author":186,"featured_media":0,"parent":0,"menu_order":0,"comment_status":"closed","ping_status":"closed","template":"","meta":[],"_links":{"self":[{"href":"https:\/\/www.ifbaiano.edu.br\/unidades\/serrinha\/wp-json\/wp\/v2\/pages\/6063"}],"collection":[{"href":"https:\/\/www.ifbaiano.edu.br\/unidades\/serrinha\/wp-json\/wp\/v2\/pages"}],"about":[{"href":"https:\/\/www.ifbaiano.edu.br\/unidades\/serrinha\/wp-json\/wp\/v2\/types\/page"}],"author":[{"embeddable":true,"href":"https:\/\/www.ifbaiano.edu.br\/unidades\/serrinha\/wp-json\/wp\/v2\/users\/186"}],"replies":[{"embeddable":true,"href":"https:\/\/www.ifbaiano.edu.br\/unidades\/serrinha\/wp-json\/wp\/v2\/comments?post=6063"}],"version-history":[{"count":11,"href":"https:\/\/www.ifbaiano.edu.br\/unidades\/serrinha\/wp-json\/wp\/v2\/pages\/6063\/revisions"}],"predecessor-version":[{"id":8454,"href":"https:\/\/www.ifbaiano.edu.br\/unidades\/serrinha\/wp-json\/wp\/v2\/pages\/6063\/revisions\/8454"}],"wp:attachment":[{"href":"https:\/\/www.ifbaiano.edu.br\/unidades\/serrinha\/wp-json\/wp\/v2\/media?parent=6063"}],"curies":[{"name":"wp","href":"https:\/\/api.w.org\/{rel}","templated":true}]}}