{"id":62,"date":"2015-10-11T01:39:51","date_gmt":"2015-10-11T01:39:51","guid":{"rendered":"http:\/\/www.ifbaiano.edu.br\/unidades\/serrinha\/?page_id=62"},"modified":"2022-04-26T11:40:08","modified_gmt":"2022-04-26T14:40:08","slug":"nucleo-de-estudos-afro-brasileiros-e-indigenas","status":"publish","type":"page","link":"https:\/\/www.ifbaiano.edu.br\/unidades\/serrinha\/nucleo-de-estudos-afro-brasileiros-e-indigenas\/","title":{"rendered":"N\u00facleo de Estudos Afro-Brasileiros e Ind\u00edgenas"},"content":{"rendered":"\n<div id=\"TituloMenu\" class=\"dnone\">SOBRE<\/div>\n\n\n\n<p>O NEABI \u00e9 um N\u00facleo de Assessoramento de natureza propositiva, consultiva e deliberativa no tocante \u00e0s quest\u00f5es da diversidade na perspectiva dos princ\u00edpios multiculturais, tendo como escopo o fomento a estudos das quest\u00f5es etnicorraciais e o desenvolvimento de a\u00e7\u00f5es de valoriza\u00e7\u00e3o das identidades afro e ind\u00edgena.<\/p>\n\n\n\n<div id=\"TituloMenu\" class=\"dnone\">INFORMES<\/div>\n\n\n\n<p><strong>Eventos 2020<\/strong><\/p>\n\n\n\n<ul><li>Dia internacional da mulher Dialogando sobre o ass\u00e9dio nas suas diferentes faces<\/li><li>Julho das Preta-Ocupar novos lugares sociais \u00e9 preciso<\/li><li>Conversa sobre o curr\u00edculo da Educa\u00e7\u00e3o Quilombola<\/li><li>Novembro Negro \u2013 Palestras -Contextos de Pretos<\/li><\/ul>\n\n\n\n<p><strong>Fotos e Cards<\/strong><\/p>\n\n\n\n<div><figure class=\"wp-block-image size-full is-resized\">\n\n<a href=\"https:\/\/www.ifbaiano.edu.br\/unidades\/serrinha\/files\/2022\/04\/Contextos-de-pretxs.png\"><img decoding=\"async\" loading=\"lazy\" src=\"https:\/\/www.ifbaiano.edu.br\/unidades\/serrinha\/files\/2022\/04\/Contextos-de-pretxs.png\" alt=\"Caderno Macambira\" class=\"wp-image-43\" width=\"300\" height=\"300\"><\/a> \n\n\n<a href=\"https:\/\/www.ifbaiano.edu.br\/unidades\/serrinha\/files\/2022\/04\/Conversa-de-pretas.png\"><img decoding=\"async\" loading=\"lazy\" src=\"https:\/\/www.ifbaiano.edu.br\/unidades\/serrinha\/files\/2022\/04\/Conversa-de-pretas.png\" alt=\"Universidade do Estado da Bahia\" class=\"wp-image-43\" width=\"300\" height=\"300\">\n\n<a href=\"https:\/\/www.ifbaiano.edu.br\/unidades\/serrinha\/files\/2022\/04\/Conversa-sobre-o-curriculo-da-educacao-quilombola.png\"><img decoding=\"async\" loading=\"lazy\" src=\"https:\/\/www.ifbaiano.edu.br\/unidades\/serrinha\/files\/2022\/04\/Conversa-sobre-o-curriculo-da-educacao-quilombola.png\" alt=\"Ekosocial Engenharia\" class=\"wp-image-43\" width=\"300\" height=\"300\"><\/a>\n\n<\/figure><\/div>\n\n\n\n<p><strong>Eventos 2021<\/strong><\/p>\n\n\n\n<ul><li>Palestra (Live)Povos Ind\u00edgenas Exist\u00eancias e Resist\u00eancias (NEA e NEABI)<\/li><li>Evento P\u00f3s Semin\u00e1rio de Sisal \/ Novembro Negro -Palestra e Roda de conversa<\/li><li>Palestra Rela\u00e7\u00f5es e etnias: racismo cultural e diversidade religiosa<\/li><\/ul>\n\n\n\n<p><strong>Fotos e Cards<\/strong><\/p>\n\n\n\n<div><figure class=\"wp-block-image size-full is-resized\">\n\n<a href=\"https:\/\/www.ifbaiano.edu.br\/unidades\/serrinha\/files\/2022\/04\/Live-2021.png\"><img decoding=\"async\" loading=\"lazy\" src=\"https:\/\/www.ifbaiano.edu.br\/unidades\/serrinha\/files\/2022\/04\/Live-2021.png\" alt=\"\" class=\"wp-image-43\" width=\"234\" height=\"162\"><\/a> \n\n\n<a href=\"https:\/\/www.ifbaiano.edu.br\/unidades\/serrinha\/files\/2022\/04\/Pos-evento.png\"><img decoding=\"async\" loading=\"lazy\" src=\"https:\/\/www.ifbaiano.edu.br\/unidades\/serrinha\/files\/2022\/04\/Pos-evento.png\" alt=\"\" class=\"wp-image-43\" width=\"339\" height=\"160\"><\/a>\n\n\n\n<\/figure><\/div>\n\n\n\n<div style=\"height:31px\" aria-hidden=\"true\" class=\"wp-block-spacer\"><\/div>\n\n\n\n<div id=\"TituloMenu\" class=\"dnone\">DOCUMENTOS NORTEADORES<\/div>\n\n\n\n<p><strong>Legisla\u00e7\u00e3o e Documentos<\/strong><br><a href=\"https:\/\/ifbaiano.edu.br\/portal\/neabi\/legislacoes-e-documentos\/\" target=\"_blank\" rel=\"noreferrer noopener\">https:\/\/ifbaiano.edu.br\/portal\/neabi\/legislacoes-e-documentos\/<\/a><\/p>\n\n\n\n<p><strong>Portaria NEABI Serrinha<\/strong><br><a rel=\"noreferrer noopener\" href=\"https:\/\/ifbaiano.edu.br\/portal\/neabi\/wp-content\/uploads\/sites\/97\/2020\/11\/Portaria-Gestao-NEABI-Campus-Serrinha.pdf\" target=\"_blank\">https:\/\/ifbaiano.edu.br\/portal\/neabi\/wp-content\/uploads\/sites\/97\/2020\/11\/Portaria-Gestao-NEABI-Campus-Serrinha.pdf<\/a><\/p>\n\n\n\n<p><strong>Miss\u00e3o e objetivos<\/strong><br><a href=\"https:\/\/ifbaiano.edu.br\/portal\/neabi\/missao-e-objetivos\/\" target=\"_blank\" rel=\"noreferrer noopener\">https:\/\/ifbaiano.edu.br\/portal\/neabi\/missao-e-objetivos\/<\/a><\/p>\n\n\n\n<p><strong>Compet\u00eancias<\/strong><br><a href=\"https:\/\/ifbaiano.edu.br\/portal\/neabi\/competencias-do-neabi\/\" target=\"_blank\" rel=\"noreferrer noopener\">https:\/\/ifbaiano.edu.br\/portal\/neabi\/competencias-do-neabi\/<\/a><\/p>\n\n\n\n<p><strong>Grupo Gestor do NEABI Local<\/strong><br><a href=\"https:\/\/ifbaiano.edu.br\/portal\/neabi\/grupo-gestor-do-neabi-local\/\" target=\"_blank\" rel=\"noreferrer noopener\">https:\/\/ifbaiano.edu.br\/portal\/neabi\/grupo-gestor-do-neabi-local\/<\/a><\/p>\n\n\n\n<p><strong>Membros do NEABI<\/strong><br><a href=\"https:\/\/ifbaiano.edu.br\/portal\/neabi\/membros-do-neabi\/\" target=\"_blank\" rel=\"noreferrer noopener\">https:\/\/ifbaiano.edu.br\/portal\/neabi\/membros-do-neabi\/<\/a><\/p>\n\n\n\n<p><strong>FALE COM O NEABI<\/strong><br>Campus Serrinha:\u00a0neabi@serrinha.ifbaiano.edu.br<\/p>\n","protected":false},"excerpt":{"rendered":"<p>SOBRE O NEABI \u00e9 um N\u00facleo de Assessoramento de natureza propositiva, consultiva e deliberativa no tocante \u00e0s quest\u00f5es da diversidade na perspectiva dos princ\u00edpios multiculturais, tendo como escopo o fomento a estudos das quest\u00f5es etnicorraciais e o desenvolvimento de a\u00e7\u00f5es de valoriza\u00e7\u00e3o das identidades afro e ind\u00edgena. INFORMES Eventos 2020 Dia internacional da mulher Dialogando [&hellip;]<\/p>\n","protected":false},"author":70,"featured_media":0,"parent":0,"menu_order":0,"comment_status":"open","ping_status":"open","template":"","meta":[],"_links":{"self":[{"href":"https:\/\/www.ifbaiano.edu.br\/unidades\/serrinha\/wp-json\/wp\/v2\/pages\/62"}],"collection":[{"href":"https:\/\/www.ifbaiano.edu.br\/unidades\/serrinha\/wp-json\/wp\/v2\/pages"}],"about":[{"href":"https:\/\/www.ifbaiano.edu.br\/unidades\/serrinha\/wp-json\/wp\/v2\/types\/page"}],"author":[{"embeddable":true,"href":"https:\/\/www.ifbaiano.edu.br\/unidades\/serrinha\/wp-json\/wp\/v2\/users\/70"}],"replies":[{"embeddable":true,"href":"https:\/\/www.ifbaiano.edu.br\/unidades\/serrinha\/wp-json\/wp\/v2\/comments?post=62"}],"version-history":[{"count":4,"href":"https:\/\/www.ifbaiano.edu.br\/unidades\/serrinha\/wp-json\/wp\/v2\/pages\/62\/revisions"}],"predecessor-version":[{"id":6062,"href":"https:\/\/www.ifbaiano.edu.br\/unidades\/serrinha\/wp-json\/wp\/v2\/pages\/62\/revisions\/6062"}],"wp:attachment":[{"href":"https:\/\/www.ifbaiano.edu.br\/unidades\/serrinha\/wp-json\/wp\/v2\/media?parent=62"}],"curies":[{"name":"wp","href":"https:\/\/api.w.org\/{rel}","templated":true}]}}