{"id":6207,"date":"2022-05-17T10:16:07","date_gmt":"2022-05-17T13:16:07","guid":{"rendered":"https:\/\/www.ifbaiano.edu.br\/unidades\/serrinha\/?page_id=6207"},"modified":"2024-03-08T15:42:22","modified_gmt":"2024-03-08T18:42:22","slug":"licitacoes-2023","status":"publish","type":"page","link":"https:\/\/www.ifbaiano.edu.br\/unidades\/serrinha\/diretoria-administrativa\/licitacoes-e-contratos\/licitacoes-nova\/licitacoes-2023\/","title":{"rendered":"Licita\u00e7\u00f5es 2023"},"content":{"rendered":"\n<p><a rel=\"noreferrer noopener\" href=\"https:\/\/pncp.gov.br\/app\/pca\/10724903000179\/2023\/8\" target=\"_blank\">PCA &#8211; Plano Anual de Contrata\u00e7\u00f5es do IF Baiano &#8211; Campus Serrinha<\/a><\/p>\n\n\n\n<div id=\"TituloMenu\" class=\"dnone\" align=\"center\">Chamada P\u00fablica<\/div>\n\n\n\n<p><a href=\"https:\/\/www.ifbaiano.edu.br\/unidades\/serrinha\/2023\/09\/12\/edital-31-2023-chamada-publica-01-2023-pnae\/\" target=\"_blank\" rel=\"noreferrer noopener\">Edital 31\/2023 &#8211; Chamada P\u00fablica 01\/2023 &#8211; PNAE<\/a><\/p>\n\n\n\n<div id=\"TituloMenu\" class=\"dnone\" align=\"center\">Preg\u00e3o Eletr\u00f4nico<\/div>\n\n\n\n<div style=\"height:20px\" aria-hidden=\"true\" class=\"wp-block-spacer\"><\/div>\n\n\n\n<p><a href=\"https:\/\/www.ifbaiano.edu.br\/unidades\/serrinha\/pregao-pregao-eletronico-03-2023-contratacao-de-empresa-especializada-em-terceirizacao-apoio-administrativo-para-o-if-baiano-campus-serrinha\/\" target=\"_blank\" rel=\"noreferrer noopener\">Preg\u00e3o Preg\u00e3o Eletr\u00f4nico 03\/2023 &#8211; Contrata\u00e7\u00e3o de empresa Especializada em Terceiriza\u00e7\u00e3o (Apoio Administrativo) para o IF Baiano &#8211; Campus Serrinha<\/a><\/p>\n\n\n\n<p><a rel=\"noreferrer noopener\" href=\"https:\/\/www.ifbaiano.edu.br\/unidades\/serrinha\/files\/2023\/12\/AVISO-DE-LICITACAO-PUBLICADO-NO-D.O.U-PREGAO-ELETRONICO-SRP-01.2023-AQUISICAO-DE-MATERIAIS-PARA-O-NGTI-AEE-CE.pdf\" target=\"_blank\">Preg\u00e3o Eletr\u00f4nico SRP 01\/2023 &#8211; Aquisi\u00e7\u00e3o de Materiais\/Equipamentos para o NGTI &#8211; AEE e CE do IF Baiano &#8211; Campus Serrinha &#8211; Edital N\u00ba45\/2023<\/a>  <\/p>\n\n\n\n<p><a href=\"https:\/\/www.ifbaiano.edu.br\/unidades\/serrinha\/files\/2023\/12\/AVISO-DE-LICITACAO-PUBLICADO-NO-D.O.U-PREGAO-ELETRONICO-SRP-01.2023-AQUISICAO-DE-MATERIAIS-PARA-O-NGTI-AEE-CE.pdf\" target=\"_blank\" rel=\"noreferrer noopener\">Preg\u00e3o Eletr\u00f4nico SRP 01\/2023 &#8211; Aquisi\u00e7\u00e3o de Materiais\/Equipamentos para o NGTI &#8211; AEE e CE do IF Baiano &#8211; Campus Serrinha &#8211; Aviso de Licita\u00e7\u00e3o<\/a><\/p>\n\n\n\n<p><a href=\"https:\/\/www.ifbaiano.edu.br\/unidades\/serrinha\/diretoria-administrativa\/licitacoes-e-contratos\/licitacoes-nova\/licitacoes-2023\/pregao-eletronico-srp-02-2023-contratacao-de-empresa-especializada-no-fornecimento-de-refeicao-para-os-estudantes-do-if-baiano-campus-serrinha\/\" target=\"_blank\" rel=\"noreferrer noopener\">Preg\u00e3o Eletr\u00f4nico SRP 02\/2023 &#8211; Contrata\u00e7\u00e3o de Empresa Especializada no fornecimento de Refei\u00e7\u00e3o para os estudantes do IF Baiano &#8211; Campus Serrinha<\/a><\/p>\n\n\n\n<div class=\"wp-block-file\"><a id=\"wp-block-file--media-70f67128-be12-4a84-a0db-ff38ef40f670\" href=\"https:\/\/www.ifbaiano.edu.br\/unidades\/serrinha\/files\/2023\/04\/Processo-Completo-e-Finalizado-Aquisicao-de-novos-aparelhos-de-ar-condicionado.pdf\" target=\"_blank\" rel=\"noreferrer noopener\">Aquisi\u00e7\u00e3o de novos aparelhos de ar condicionado para salas de aula, \u00d3rg\u00e3o participante do Preg\u00e3o Eletr\u00f4nico SRP 03\/2022 &#8211; \u00d3rg\u00e3o Gerenciador IFBA &#8211; Campus Salvador<\/a><\/div>\n\n\n\n<div id=\"TituloMenu\" class=\"dnone\" align=\"center\">Inexigibilidade de Licita\u00e7\u00e3o<\/div>\n\n\n\n<div style=\"height:20px\" aria-hidden=\"true\" class=\"wp-block-spacer\"><\/div>\n\n\n\n<div class=\"wp-block-file\"><a id=\"wp-block-file--media-44635d5b-b11a-4f4a-aba8-a3dd2017560d\" href=\"https:\/\/www.ifbaiano.edu.br\/unidades\/serrinha\/files\/2023\/07\/Processo-completo-e-finalizado.pdf\" target=\"_blank\" rel=\"noreferrer noopener\">Inexigibilidade de Licita\u00e7\u00e3o 02\/2023 &#8211; Curso de Capacita\u00e7\u00e3o da Nova Lei de Licita\u00e7\u00f5es e Contratos 14.133\/2021 para servidores do IF Baiano Campus Serrinha<\/a><\/div>\n\n\n\n<div class=\"wp-block-file\"><a id=\"wp-block-file--media-e3950059-9543-4124-b149-50bbcf8007d5\" href=\"https:\/\/www.ifbaiano.edu.br\/unidades\/serrinha\/files\/2023\/07\/Proceo-completo-Inexigibilidade-de-licitacao-01.2023-Ferramenta-Banco-de-Precos.pdf\" target=\"_blank\" rel=\"noreferrer noopener\">Inexigibilidade de Licita\u00e7\u00e3o 01\/2023 &#8211; Contrata\u00e7\u00e3o da Ferramenta Banco de Pre\u00e7os<\/a><\/div>\n\n\n\n<div id=\"TituloMenu\" class=\"dnone\" align=\"center\">Dispensa de Licita\u00e7\u00e3o<\/div>\n\n\n\n<div style=\"height:20px\" aria-hidden=\"true\" class=\"wp-block-spacer\"><\/div>\n\n\n\n<div class=\"wp-block-file\"><a id=\"wp-block-file--media-4666aeb2-5084-4012-b9f3-142f7c45f113\" href=\"https:\/\/www.ifbaiano.edu.br\/unidades\/serrinha\/files\/2024\/03\/PROCESSO-COMPLETO-e-FINALIZADO.pdf\" target=\"_blank\" rel=\"noreferrer noopener\">Dispensa de Licita\u00e7\u00e3o 23\/2023. Objeto: Aquisi\u00e7\u00e3o de itens (Emergencial) para atendimento a CUEC<\/a><\/div>\n\n\n\n<p><a href=\"https:\/\/www.ifbaiano.edu.br\/unidades\/serrinha\/files\/2024\/02\/Processo-Completo-e-Finalizado-cuec.pdf\" target=\"_blank\" rel=\"noreferrer noopener\">Dispensa de Licita\u00e7\u00e3o 31\/2023 (23790.251808.2023-02) . Objeto: &#8211; Reparo em Motores El\u00e9tricos &#8211; CUEC<\/a><\/p>\n\n\n\n<p><a href=\"https:\/\/www.ifbaiano.edu.br\/unidades\/serrinha\/files\/2024\/02\/Processo-Completo-e-Finalizado-Mobiliario.pdf\" target=\"_blank\" rel=\"noreferrer noopener\">Dispensa de Licita\u00e7\u00e3o 35\/2023. Objeto: Aquisi\u00e7\u00e3o de mobili\u00e1rio (Sof\u00e1 ,Tv, e Frigobar)<\/a><\/p>\n\n\n\n<p><a href=\"https:\/\/www.ifbaiano.edu.br\/unidades\/serrinha\/files\/2024\/02\/Processo-Completo-e-Finalizado.-Inexigibilidade-03.2023.pdf\" target=\"_blank\" rel=\"noreferrer noopener\">Dispensa de Licita\u00e7\u00e3o 03\/2023. Objeto: Participa\u00e7\u00e3o do Servidor Givaldo Costa no curso Cont\u00e1bil para desenvolvimento de atividades administrativas<\/a><\/p>\n\n\n\n<p><a href=\"https:\/\/www.ifbaiano.edu.br\/unidades\/serrinha\/files\/2024\/02\/Processo-Completo-e-Finalizado-PNAE-30.2023-Iogurte.pdf\" target=\"_blank\" rel=\"noreferrer noopener\">Dispensa de Licita\u00e7\u00e3o 30\/2023. Objeto: &nbsp;Aquisi\u00e7\u00e3o de G\u00eanero Aliment\u00edcio (Iogurte) para estudantes do IF Baiano &#8211; Campus Serrinha<\/a><\/p>\n\n\n\n<p><a href=\"https:\/\/www.ifbaiano.edu.br\/unidades\/serrinha\/aviso-de-dispensa-de-licitacao-eletronica-35-2023-aquisicao-de-mobiliario-sofa-tv-e-frigobar-para-o-if-baiano-campus-serrinha-lei-14-133-2021\/\" target=\"_blank\" rel=\"noreferrer noopener\">Aviso de Dispensa de Licita\u00e7\u00e3o Eletr\u00f4nica 35\/2023 &#8211; Aquisi\u00e7\u00e3o de Mobili\u00e1rio (SOF\u00c1, TV e FRIGOBAR) para o IF Baiano &#8211; Campus Serrinha &#8211; Lei 14.133\/2021<\/a><\/p>\n\n\n\n<p><a href=\"https:\/\/www.ifbaiano.edu.br\/unidades\/serrinha\/aviso-de-dispensa-de-licitacao-eletronica-23-2023-aquisicao-de-materiais-insumos-equipamentos-para-a-cuec-do-if-baiano-campus-serrinha-lei-14-133-2021\/\" target=\"_blank\" rel=\"noreferrer noopener\">Aviso de Dispensa de Licita\u00e7\u00e3o Eletr\u00f4nica 23\/2023 &#8211; Aquisi\u00e7\u00e3o de materiais\/insumos\/equipamentos para a CUEC do IF Baiano &#8211; Campus Serrinha &#8211; Lei 14.133\/2021<\/a><\/p>\n\n\n\n<div class=\"wp-block-file\"><a id=\"wp-block-file--media-969c4620-9870-47a1-8cbb-b425b2cf8762\" href=\"https:\/\/www.ifbaiano.edu.br\/unidades\/serrinha\/files\/2023\/10\/Dispensa-de-Licitacao-20-2023.-Objeto-Contratacao-de-empresa-especializada-na-Elaboracao-de-Projeto-para-Construcao-de-Novo-Predio-Academico-do-IF-Baiano-Campus-Serrinha.pdf\" target=\"_blank\" rel=\"noreferrer noopener\">Dispensa de Licita\u00e7\u00e3o 20\/2023. Objeto: Contrata\u00e7\u00e3o de empresa especializada na Elabora\u00e7\u00e3o de Projeto para Constru\u00e7\u00e3o de Novo Pr\u00e9dio Acad\u00eamico do IF Baiano &#8211; Campus Serrinha<\/a><\/div>\n\n\n\n<div class=\"wp-block-file\"><a id=\"wp-block-file--media-e928fe05-6e00-4abe-9c6e-bd61d94faa4e\" href=\"https:\/\/www.ifbaiano.edu.br\/unidades\/serrinha\/files\/2023\/10\/Dispensa-de-Licitacao-para-Contratacao-de-Empresa-especializada-para-elaboracao-do-projeto-para-construcao-de-novo-predio-academico-do-IF-Baiano-Campus-Serrinha.pdf\" target=\"_blank\" rel=\"noreferrer noopener\">Dispensa de Licita\u00e7\u00e3o para Contrata\u00e7\u00e3o de Empresa especializada para elabora\u00e7\u00e3o do projeto para constru\u00e7\u00e3o de novo pr\u00e9dio acad\u00eamico do IF Baiano &#8211; Campus Serrinha<\/a><\/div>\n\n\n\n<div class=\"wp-block-file\"><a id=\"wp-block-file--media-c8322809-fa7f-497f-bba7-35fb83d254e8\" href=\"https:\/\/www.ifbaiano.edu.br\/unidades\/serrinha\/files\/2023\/09\/Dispensa-de-Licitacao-25-2023.-Objeto-Aquisicao-de-Bancos-de-Concreto-para-o-IF-Baiano-Campus-Serrinha.pdf\" target=\"_blank\" rel=\"noreferrer noopener\">Dispensa de Licita\u00e7\u00e3o 25\/2023. Objeto: Aquisi\u00e7\u00e3o de Bancos de Concreto para o IF Baiano &#8211; Campus Serrinha<\/a><\/div>\n\n\n\n<div class=\"wp-block-file\"><a id=\"wp-block-file--media-12f8229f-f0e4-46ea-ab68-bfa4ee7a4911\" href=\"https:\/\/www.ifbaiano.edu.br\/unidades\/serrinha\/files\/2023\/09\/Dispensa-de-Licitacao-28-2023.-Objeto-Aquisicao-de-Mesa-de-Concreto-para-o-IF-Baiano-Campus-Serrinha.pdf\" target=\"_blank\" rel=\"noreferrer noopener\">Dispensa de Licita\u00e7\u00e3o 28\/2023. Objeto: Aquisi\u00e7\u00e3o de Mesa de Concreto para o IF Baiano &#8211; Campus Serrinha<\/a><\/div>\n\n\n\n<div class=\"wp-block-file\"><a id=\"wp-block-file--media-ed80188b-66b3-47ef-ad93-8a75c05734dc\" href=\"https:\/\/www.ifbaiano.edu.br\/unidades\/serrinha\/files\/2023\/09\/Dispensa-de-Licitacao-26-2023.-Objeto-Servicos-de-Editoracao-e-Publicacao-do-E-Book-Comemorativo-do-IF-Baiano-Campus-Serrinha.pdf\" target=\"_blank\" rel=\"noreferrer noopener\">Dispensa de Licita\u00e7\u00e3o 26\/2023. Objeto: Servi\u00e7os de Editora\u00e7\u00e3o e Publica\u00e7\u00e3o do E &#8211; Book Comemorativo do IF Baiano &#8211; Campus Serrinha<\/a><\/div>\n\n\n\n<div class=\"wp-block-file\"><a id=\"wp-block-file--media-440d2251-17c7-4fc6-8a97-cec997ee3227\" href=\"https:\/\/www.ifbaiano.edu.br\/unidades\/serrinha\/files\/2023\/09\/Dispensa-de-Licitacao-19-2023.-Objeto-Servicos-de-melhoria-de-Iluminacao-no-IF-Baiano-Campus-Serrinha.pdf\" target=\"_blank\" rel=\"noreferrer noopener\">Dispensa de Licita\u00e7\u00e3o 19\/2023. Objeto: Servi\u00e7os de melhoria de Ilumina\u00e7\u00e3o no IF Baiano &#8211; Campus Serrinha<\/a><\/div>\n\n\n\n<div class=\"wp-block-file\"><a id=\"wp-block-file--media-fa06b91c-3b9c-4e86-a827-432096298b1f\" href=\"https:\/\/www.ifbaiano.edu.br\/unidades\/serrinha\/files\/2023\/08\/Processo-completo-e-finalizado-no-SUAP.-Objeto-Confeccao-de-Banners.pdf\" target=\"_blank\" rel=\"noreferrer noopener\">Dispensa de Licita\u00e7\u00e3o 12\/2023. Objeto: Servi\u00e7os Gr\u00e1ficos \u2013 Confec\u00e7\u00e3o de Banners<\/a><\/div>\n\n\n\n<div class=\"wp-block-file\"><a id=\"wp-block-file--media-070bb31d-8092-456c-bbfb-9355aaeec936\" href=\"https:\/\/www.ifbaiano.edu.br\/unidades\/serrinha\/files\/2023\/08\/Sonorizacao.pdf\" target=\"_blank\" rel=\"noreferrer noopener\">Dispensa de Licita\u00e7\u00e3o Tradicional -n\u00ba 21\/2023 &#8211; Lei 8.666\/93. Objeto: Contrata\u00e7\u00e3o de servi\u00e7o de sonoriza\u00e7\u00e3o para o JEIF 2023 no Campus Guanambi<\/a><\/div>\n\n\n\n<div class=\"wp-block-file\"><a id=\"wp-block-file--media-546b8157-b0d0-4803-82ea-999449d73c14\" href=\"https:\/\/www.ifbaiano.edu.br\/unidades\/serrinha\/files\/2023\/08\/Processo-Completos-e-Finalizado.pdf\" target=\"_blank\" rel=\"noreferrer noopener\">Dispensa de Licita\u00e7\u00e3o 22\/2023. Objeto: Servi\u00e7o de impress\u00e3o e aplica\u00e7\u00e3o de adesivos em vidro para as salas de aula do IF Baiano &#8211; Campus Serrinha<\/a><\/div>\n\n\n\n<div class=\"wp-block-file\"><a id=\"wp-block-file--media-f6c7b4c2-9bc3-48cc-aa95-f2be3047bb99\" href=\"https:\/\/www.ifbaiano.edu.br\/unidades\/serrinha\/files\/2023\/08\/Processo-Completo-e-Finalizado.pdf\" target=\"_blank\" rel=\"noreferrer noopener\">Dispensa de Licita\u00e7\u00e3o 14\/2023 &#8211; Instala\u00e7\u00e3o de Projetores<\/a><\/div>\n\n\n\n<div class=\"wp-block-file\"><a id=\"wp-block-file--media-70615eb1-beea-4318-bc3a-0d94a611077d\" href=\"https:\/\/www.ifbaiano.edu.br\/unidades\/serrinha\/files\/2023\/08\/Processo-Completo-e-Finalizado-Dispensa-17.2023-Aquisicao-de-assentos-e-encostos-cadeiras-escolares-Nao-concretizado.pdf\" target=\"_blank\" rel=\"noreferrer noopener\">Dispensa de Licita\u00e7\u00e3o Tradicional 17\/2023 &#8211; Aquisi\u00e7\u00e3o com instala\u00e7\u00e3o de assentos e encostos em cadeiras escolares para o IF Baiano Campus Serrinha<\/a><\/div>\n\n\n\n<div class=\"wp-block-file\"><a id=\"wp-block-file--media-79df4fdd-82bb-44f7-b9d1-2d4048e73e28\" href=\"https:\/\/www.ifbaiano.edu.br\/unidades\/serrinha\/files\/2023\/07\/Processo-Completo-e-Finalizado.pdf\" target=\"_blank\" rel=\"noreferrer noopener\">Dispensa de Licita\u00e7\u00e3o Eletr\u00f4nica 10\/2023 &#8211; Aquisi\u00e7\u00e3o de Material descart\u00e1vel e outros a serem utilizados no curso de T\u00e9cnico em Alimentos<\/a><\/div>\n\n\n\n<div class=\"wp-block-file\"><a id=\"wp-block-file--media-876fa5a8-b898-4513-9f8e-b71869f94b98\" href=\"https:\/\/www.ifbaiano.edu.br\/unidades\/serrinha\/files\/2023\/06\/Processo-Completo-e-Finalizado.-Recarga-de-Extintores.pdf\" target=\"_blank\" rel=\"noreferrer noopener\">Dispensa de Licita\u00e7\u00e3o Eletr\u00f4nica 13\/2023 &#8211; Recarga de Extintores para o IF Baiano Campus Serrinha<\/a><\/div>\n\n\n\n<p class=\"has-small-font-size\"><a href=\"https:\/\/www.ifbaiano.edu.br\/unidades\/serrinha\/files\/2023\/05\/Aviso-de-Dispensa-Eletronica-e-Termo-de-Referencia-2023-Material-Descartavel.pdf\">Dispensa de Licita\u00e7\u00e3o Eletr\u00f4nica 10\/2023 &#8211; Aquisi\u00e7\u00e3o de Material Descart\u00e1vel<\/a><\/p>\n\n\n\n<div class=\"wp-block-file\"><a id=\"wp-block-file--media-b714055f-ef3b-420a-b698-a6cabcb85f04\" href=\"https:\/\/www.ifbaiano.edu.br\/unidades\/serrinha\/files\/2023\/04\/Processo-Completo-e-Finalizado.-Objeto-Recarga-de-Gas.pdf\" target=\"_blank\" rel=\"noreferrer noopener\">Dispensa de Licita\u00e7\u00e3o Eletr\u00f4nica 15\/2022 &#8211; Aquisi\u00e7\u00e3o de Botij\u00e3o e Recarga de G\u00e1s para o IF Baiano Campus Serrinha<\/a><\/div>\n\n\n\n<div class=\"wp-block-file\"><a id=\"wp-block-file--media-088e80d3-dc48-43e6-9009-ade249a35815\" href=\"https:\/\/www.ifbaiano.edu.br\/unidades\/serrinha\/files\/2023\/05\/Aviso-de-Licitacao-do-Inversor-Energia-Solar-Assinado-pelos-Gestores.pdf\" target=\"_blank\" rel=\"noreferrer noopener\">Aviso de Dispensa Eletr\u00f4nica 11\/2023 &#8211; Aquisi\u00e7\u00e3o de Inversor Trif\u00e1sico (Energia Solar)<\/a><\/div>\n\n\n\n<div class=\"wp-block-file\"><a id=\"wp-block-file--media-e707797e-462e-4afe-9da2-8bcd9c0c8f1d\" href=\"https:\/\/www.ifbaiano.edu.br\/unidades\/serrinha\/files\/2023\/04\/Processo-completo-e-finalizado.-Objeto-Prjetor.pdf\" target=\"_blank\" rel=\"noreferrer noopener\">Dispensa de Licita\u00e7\u00e3o Eletr\u00f4nica 08\/2023 &#8211; Aquisi\u00e7\u00e3o de Projetores (Processo completo e finalizado)<\/a><\/div>\n\n\n\n<div class=\"wp-block-file\"><a id=\"wp-block-file--media-ff52852b-d239-4e9f-9304-bc0ac8a6f49c\" href=\"https:\/\/www.ifbaiano.edu.br\/unidades\/serrinha\/files\/2023\/04\/Processo-Completo-e-Finalizado-Confeccao-de-Placa.pdf\" target=\"_blank\" rel=\"noreferrer noopener\">Dispensa de Licita\u00e7\u00e3o 07\/2023 &#8211; Confec\u00e7\u00e3o da Placa em homenagem a Professora Tatiana do Vale, dando nome ao Audit\u00f3rio do IF Baiano Campus Serrinha<\/a><\/div>\n\n\n\n<div class=\"wp-block-file\"><a id=\"wp-block-file--media-0b5bdadf-6a54-42ac-9784-f26cbafe3e4e\" href=\"https:\/\/www.ifbaiano.edu.br\/unidades\/serrinha\/files\/2023\/03\/Processo-Completo-e-Finalizado-Instalacao-e-Desistalacao-de-aparelhos-de-ar-condicionado.pdf\" target=\"_blank\" rel=\"noreferrer noopener\">Dispensa de Licita\u00e7\u00e3o 06\/2023. Objeto: Manuten\u00e7\u00e3o, desinstala\u00e7\u00e3o e instala\u00e7\u00e3o de aparelhos de ar condicionado<\/a><\/div>\n\n\n\n<div class=\"wp-block-file\"><a id=\"wp-block-file--media-80947ed5-fff7-46a8-afc2-89446158014a\" href=\"https:\/\/www.ifbaiano.edu.br\/unidades\/serrinha\/files\/2023\/03\/Processo-Completo-e-Finalizado.pdf\" target=\"_blank\" rel=\"noreferrer noopener\">Dispensa de Licita\u00e7\u00e3o 05\/2023. Objeto: Dedetiza\u00e7\u00e3o\/Controle de Vespas e insetos rasteiros<\/a><\/div>\n\n\n\n<div class=\"wp-block-file\"><a id=\"wp-block-file--media-125577a5-1b51-4563-a2c2-533582e9ba95\" href=\"https:\/\/www.ifbaiano.edu.br\/unidades\/serrinha\/files\/2023\/03\/Processo-Completo-e-Finalizado-Instalacao-de-Energia-Solar.pdf\" target=\"_blank\" rel=\"noreferrer noopener\">Dispensa de Licita\u00e7\u00e3o 04\/2023. Objeto: Instala\u00e7\u00e3o de Energia Solar<\/a><\/div>\n\n\n\n<div class=\"wp-block-file\"><a id=\"wp-block-file--media-4f4935d5-1ef6-45ff-bd0f-d56d0c822488\" href=\"https:\/\/www.ifbaiano.edu.br\/unidades\/serrinha\/files\/2023\/03\/Processo-completo-Dispensa-de-Licitacao.-Objeto-Outdoor.pdf\" target=\"_blank\" rel=\"noreferrer noopener\">Dispensa de Licita\u00e7\u00e3o 03\/2023. Objeto: Outdoor de Divulga\u00e7\u00e3o<\/a><\/div>\n\n\n\n<div class=\"wp-block-file\"><a id=\"wp-block-file--media-6161e4ad-eb4f-45cc-a3b0-0d888bc8b1d1\" href=\"https:\/\/www.ifbaiano.edu.br\/unidades\/serrinha\/files\/2023\/03\/Processo-completo-Dispensa-de-Licitacao.-Objeto-Aquisicao-de-Farelo-de-Milho.pdf\" target=\"_blank\" rel=\"noreferrer noopener\">Dispensa de Licita\u00e7\u00e3o Eletr\u00f4nica 02\/2023. Objeto: &nbsp;Aquisi\u00e7\u00e3o de Farelo de Milho &#8211; CUEC<\/a><\/div>\n\n\n\n<div class=\"wp-block-file\"><a id=\"wp-block-file--media-7b9857ee-4802-4f6d-bd74-8299a81e32f4\" href=\"https:\/\/www.ifbaiano.edu.br\/unidades\/serrinha\/files\/2023\/03\/Processo-Completo-e-Finalizado-1.pdf\" target=\"_blank\" rel=\"noreferrer noopener\">Dispensa de Licita\u00e7\u00e3o 01\/2023. Objeto: Aquisi\u00e7\u00e3o de \u00c1gua Mineral e Garraf\u00f5es<\/a><\/div>\n","protected":false},"excerpt":{"rendered":"<p>PCA &#8211; Plano Anual de Contrata\u00e7\u00f5es do IF Baiano &#8211; Campus Serrinha Chamada P\u00fablica Edital 31\/2023 &#8211; Chamada P\u00fablica 01\/2023 &#8211; PNAE Preg\u00e3o Eletr\u00f4nico Preg\u00e3o Preg\u00e3o Eletr\u00f4nico 03\/2023 &#8211; Contrata\u00e7\u00e3o de empresa Especializada em Terceiriza\u00e7\u00e3o (Apoio Administrativo) para o IF Baiano &#8211; Campus Serrinha Preg\u00e3o Eletr\u00f4nico SRP 01\/2023 &#8211; Aquisi\u00e7\u00e3o de Materiais\/Equipamentos para o NGTI [&hellip;]<\/p>\n","protected":false},"author":186,"featured_media":0,"parent":5803,"menu_order":0,"comment_status":"closed","ping_status":"closed","template":"","meta":[],"_links":{"self":[{"href":"https:\/\/www.ifbaiano.edu.br\/unidades\/serrinha\/wp-json\/wp\/v2\/pages\/6207"}],"collection":[{"href":"https:\/\/www.ifbaiano.edu.br\/unidades\/serrinha\/wp-json\/wp\/v2\/pages"}],"about":[{"href":"https:\/\/www.ifbaiano.edu.br\/unidades\/serrinha\/wp-json\/wp\/v2\/types\/page"}],"author":[{"embeddable":true,"href":"https:\/\/www.ifbaiano.edu.br\/unidades\/serrinha\/wp-json\/wp\/v2\/users\/186"}],"replies":[{"embeddable":true,"href":"https:\/\/www.ifbaiano.edu.br\/unidades\/serrinha\/wp-json\/wp\/v2\/comments?post=6207"}],"version-history":[{"count":44,"href":"https:\/\/www.ifbaiano.edu.br\/unidades\/serrinha\/wp-json\/wp\/v2\/pages\/6207\/revisions"}],"predecessor-version":[{"id":8188,"href":"https:\/\/www.ifbaiano.edu.br\/unidades\/serrinha\/wp-json\/wp\/v2\/pages\/6207\/revisions\/8188"}],"up":[{"embeddable":true,"href":"https:\/\/www.ifbaiano.edu.br\/unidades\/serrinha\/wp-json\/wp\/v2\/pages\/5803"}],"wp:attachment":[{"href":"https:\/\/www.ifbaiano.edu.br\/unidades\/serrinha\/wp-json\/wp\/v2\/media?parent=6207"}],"curies":[{"name":"wp","href":"https:\/\/api.w.org\/{rel}","templated":true}]}}