{"id":6211,"date":"2022-05-17T10:47:43","date_gmt":"2022-05-17T13:47:43","guid":{"rendered":"https:\/\/www.ifbaiano.edu.br\/unidades\/serrinha\/?page_id=6211"},"modified":"2022-08-30T13:56:55","modified_gmt":"2022-08-30T16:56:55","slug":"nucleo-de-laboratorios","status":"publish","type":"page","link":"https:\/\/www.ifbaiano.edu.br\/unidades\/serrinha\/nucleo-de-laboratorios\/","title":{"rendered":"N\u00facleo de Laborat\u00f3rios"},"content":{"rendered":"\n<div id=\"TituloMenu\" class=\"dnone\" align=\"center\">Sobre<\/div>\n\n\n\n<p>As aulas pr\u00e1ticas s\u00e3o fundamentais para o aprendizado dos alunos, tanto no ensino b\u00e1sico e t\u00e9cnico, quanto no ensino superior, ajudando a consolidar os conhecimentos te\u00f3ricos. O campus Serrinha disp\u00f5e atualmente de seis laborat\u00f3rios (F\u00edsica; Agroind\u00fastria; Ci\u00eancias Agr\u00e1rias; Biologia; Qu\u00edmica; Inform\u00e1tica) destinados ao desenvolvimento das atividades de ensino, pesquisa e extens\u00e3o, atendendo aos cursos: T\u00e9cnico em Agropecu\u00e1ria Subsequente, T\u00e9cnico em Agroecologia Integrado, T\u00e9cnico em Agroind\u00fastria Integrado (PROEJA), T\u00e9cnico em Alimentos Integrado, Licenciatura em Ci\u00eancias Biol\u00f3gicas e Tecnologia em Gest\u00e3o de Cooperativas.<\/p>\n\n\n\n<p>O N\u00facleo, atualmente, disp\u00f5e de tr\u00eas t\u00e9cnicos de laborat\u00f3rio:<\/p>\n\n\n\n<p>Hort\u00eancia Araujo Soares &#8211; T\u00e9cnico de Laborat\u00f3rio de Biologia<\/p>\n\n\n\n<p>Jorge Luiz Peixoto Bispo &#8211; T\u00e9cnico de Alimentos e Latic\u00ednios<\/p>\n\n\n\n<p>Rodrigo Almeida Sampaio &#8211; T\u00e9cnico de Laborat\u00f3rio de Inform\u00e1tica<\/p>\n\n\n\n<div id=\"TituloMenu\" class=\"dnone\" align=\"center\">Documentos<\/div>\n\n\n\n<div style=\"height:31px\" aria-hidden=\"true\" class=\"wp-block-spacer\"><\/div>\n\n\n\n<div class=\"wp-block-file\"><a href=\"https:\/\/www.ifbaiano.edu.br\/unidades\/serrinha\/files\/2022\/05\/Normas-gerais-para-usuarios-dos-laboratorios-atualizado-2022-versao-final.pdf\" target=\"_blank\" rel=\"noreferrer noopener\">Normas gerais para usu\u00e1rios dos laborat\u00f3rios &#8211; Atualizado 2022<\/a><\/div>\n\n\n\n<div class=\"wp-block-file\"><a href=\"https:\/\/www.ifbaiano.edu.br\/unidades\/serrinha\/files\/2022\/05\/Ficha-de-utilizacao-dos-laboratorios.odt\"><strong>ANEXO I \u2013 FICHA DE AGENDAMENTO DE UTILIZA\u00c7\u00c3O DOS LABORAT\u00d3RIOS<\/strong><\/a><\/div>\n\n\n\n<div class=\"wp-block-file\"><a href=\"https:\/\/www.ifbaiano.edu.br\/unidades\/serrinha\/files\/2022\/05\/ANEXO-II-\u2013-FICHA-DE-EMPRESTIMO-DE-EQUIPAMENTOS-MATERIAIS-E-REAGENTES-DE-LABORATORIOS.pdf\" target=\"_blank\" rel=\"noreferrer noopener\">ANEXO II \u2013 FICHA DE EMPR\u00c9STIMO DE EQUIPAMENTOS, MATERIAIS E REAGENTES DE LABORAT\u00d3RIOS<\/a><\/div>\n\n\n\n<div class=\"wp-block-file\"><a href=\"https:\/\/www.ifbaiano.edu.br\/unidades\/serrinha\/files\/2022\/05\/ANEXO-III-\u2013-FICHA-DE-CADASTRO-DE-USUARIOS.pdf\" target=\"_blank\" rel=\"noreferrer noopener\">ANEXO III \u2013 FICHA DE CADASTRO DE USU\u00c1RIOS<\/a><\/div>\n\n\n\n<div class=\"wp-block-file\"><a href=\"https:\/\/www.ifbaiano.edu.br\/unidades\/serrinha\/files\/2022\/08\/Plano-de-Expansao-dos-Laboratorios.pdf\" target=\"_blank\" rel=\"noreferrer noopener\">Plano de Atualiza\u00e7\u00e3o e Expans\u00e3o dos Laborat\u00f3rios<\/a><\/div>\n\n\n\n<div class=\"wp-block-file\"><a href=\"https:\/\/www.ifbaiano.edu.br\/unidades\/serrinha\/files\/2022\/05\/Tutorial-para-Reserva-de-salas.pdf\" target=\"_blank\" rel=\"noreferrer noopener\">Tutorial para Reserva dos Laborat\u00f3rios<\/a><\/div>\n","protected":false},"excerpt":{"rendered":"<p>Sobre As aulas pr\u00e1ticas s\u00e3o fundamentais para o aprendizado dos alunos, tanto no ensino b\u00e1sico e t\u00e9cnico, quanto no ensino superior, ajudando a consolidar os conhecimentos te\u00f3ricos. O campus Serrinha disp\u00f5e atualmente de seis laborat\u00f3rios (F\u00edsica; Agroind\u00fastria; Ci\u00eancias Agr\u00e1rias; Biologia; Qu\u00edmica; Inform\u00e1tica) destinados ao desenvolvimento das atividades de ensino, pesquisa e extens\u00e3o, atendendo aos cursos: [&hellip;]<\/p>\n","protected":false},"author":186,"featured_media":0,"parent":0,"menu_order":0,"comment_status":"closed","ping_status":"closed","template":"","meta":[],"_links":{"self":[{"href":"https:\/\/www.ifbaiano.edu.br\/unidades\/serrinha\/wp-json\/wp\/v2\/pages\/6211"}],"collection":[{"href":"https:\/\/www.ifbaiano.edu.br\/unidades\/serrinha\/wp-json\/wp\/v2\/pages"}],"about":[{"href":"https:\/\/www.ifbaiano.edu.br\/unidades\/serrinha\/wp-json\/wp\/v2\/types\/page"}],"author":[{"embeddable":true,"href":"https:\/\/www.ifbaiano.edu.br\/unidades\/serrinha\/wp-json\/wp\/v2\/users\/186"}],"replies":[{"embeddable":true,"href":"https:\/\/www.ifbaiano.edu.br\/unidades\/serrinha\/wp-json\/wp\/v2\/comments?post=6211"}],"version-history":[{"count":9,"href":"https:\/\/www.ifbaiano.edu.br\/unidades\/serrinha\/wp-json\/wp\/v2\/pages\/6211\/revisions"}],"predecessor-version":[{"id":6684,"href":"https:\/\/www.ifbaiano.edu.br\/unidades\/serrinha\/wp-json\/wp\/v2\/pages\/6211\/revisions\/6684"}],"wp:attachment":[{"href":"https:\/\/www.ifbaiano.edu.br\/unidades\/serrinha\/wp-json\/wp\/v2\/media?parent=6211"}],"curies":[{"name":"wp","href":"https:\/\/api.w.org\/{rel}","templated":true}]}}