{"id":6282,"date":"2022-06-07T11:21:07","date_gmt":"2022-06-07T14:21:07","guid":{"rendered":"https:\/\/www.ifbaiano.edu.br\/unidades\/serrinha\/?page_id=6282"},"modified":"2022-06-07T11:21:08","modified_gmt":"2022-06-07T14:21:08","slug":"pregao-eletronico-01-2022-aquisicao-de-instrumentos-musicais-setor-de-musica-diretoria-academica","status":"publish","type":"page","link":"https:\/\/www.ifbaiano.edu.br\/unidades\/serrinha\/diretoria-administrativa\/licitacoes-e-contratos\/licitacoes\/licitacoes-2022\/pregao-eletronico-01-2022-aquisicao-de-instrumentos-musicais-setor-de-musica-diretoria-academica\/","title":{"rendered":"Preg\u00e3o Eletr\u00f4nico 01\/2022 &#8211; Aquisi\u00e7\u00e3o de Instrumentos Musicais &#8211; Setor de M\u00fasica &#8211; Diretoria Acad\u00eamica"},"content":{"rendered":"\n<div class=\"wp-block-file\"><a href=\"https:\/\/www.ifbaiano.edu.br\/unidades\/serrinha\/files\/2022\/06\/AVISO-DE-LICITACAO-DOU-07.06.2022.pdf\" target=\"_blank\" rel=\"noreferrer noopener\">AVISO DE LICITA\u00c7\u00c3O DOU 07.06.2022<\/a><\/div>\n\n\n\n<div class=\"wp-block-file\"><a href=\"https:\/\/www.ifbaiano.edu.br\/unidades\/serrinha\/files\/2022\/06\/EDITAL-16.2022.pdf\" target=\"_blank\" rel=\"noreferrer noopener\">EDITAL 16.2022<\/a><\/div>\n\n\n\n<div class=\"wp-block-file\"><a href=\"https:\/\/www.ifbaiano.edu.br\/unidades\/serrinha\/files\/2022\/06\/Anexo-I-Termo-de-Referencia-Pregao-01.2022.pdf\" target=\"_blank\" rel=\"noreferrer noopener\">Anexo I &#8211; Termo de Refer\u00eancia &#8211; Preg\u00e3o 01.2022<\/a><\/div>\n\n\n\n<div class=\"wp-block-file\"><a href=\"https:\/\/www.ifbaiano.edu.br\/unidades\/serrinha\/files\/2022\/06\/Anexo-II-Ata-SRP.pdf\" target=\"_blank\" rel=\"noreferrer noopener\">Anexo II &#8211; Ata SRP<\/a><\/div>\n\n\n\n<p> <\/p>\n","protected":false},"excerpt":{"rendered":"","protected":false},"author":186,"featured_media":0,"parent":5750,"menu_order":0,"comment_status":"closed","ping_status":"closed","template":"","meta":[],"_links":{"self":[{"href":"https:\/\/www.ifbaiano.edu.br\/unidades\/serrinha\/wp-json\/wp\/v2\/pages\/6282"}],"collection":[{"href":"https:\/\/www.ifbaiano.edu.br\/unidades\/serrinha\/wp-json\/wp\/v2\/pages"}],"about":[{"href":"https:\/\/www.ifbaiano.edu.br\/unidades\/serrinha\/wp-json\/wp\/v2\/types\/page"}],"author":[{"embeddable":true,"href":"https:\/\/www.ifbaiano.edu.br\/unidades\/serrinha\/wp-json\/wp\/v2\/users\/186"}],"replies":[{"embeddable":true,"href":"https:\/\/www.ifbaiano.edu.br\/unidades\/serrinha\/wp-json\/wp\/v2\/comments?post=6282"}],"version-history":[{"count":4,"href":"https:\/\/www.ifbaiano.edu.br\/unidades\/serrinha\/wp-json\/wp\/v2\/pages\/6282\/revisions"}],"predecessor-version":[{"id":6290,"href":"https:\/\/www.ifbaiano.edu.br\/unidades\/serrinha\/wp-json\/wp\/v2\/pages\/6282\/revisions\/6290"}],"up":[{"embeddable":true,"href":"https:\/\/www.ifbaiano.edu.br\/unidades\/serrinha\/wp-json\/wp\/v2\/pages\/5750"}],"wp:attachment":[{"href":"https:\/\/www.ifbaiano.edu.br\/unidades\/serrinha\/wp-json\/wp\/v2\/media?parent=6282"}],"curies":[{"name":"wp","href":"https:\/\/api.w.org\/{rel}","templated":true}]}}