{"id":6311,"date":"2022-06-07T13:58:24","date_gmt":"2022-06-07T16:58:24","guid":{"rendered":"https:\/\/www.ifbaiano.edu.br\/unidades\/serrinha\/?page_id=6311"},"modified":"2022-06-07T13:58:41","modified_gmt":"2022-06-07T16:58:41","slug":"minicurso-por-dentro-da-licitacao-a-importancia-da-pesquisa-de-precos","status":"publish","type":"page","link":"https:\/\/www.ifbaiano.edu.br\/unidades\/serrinha\/if-acontece\/minicurso-por-dentro-da-licitacao-a-importancia-da-pesquisa-de-precos\/","title":{"rendered":"Minicurso &#8220;Por dentro da Licita\u00e7\u00e3o \u2013 A import\u00e2ncia da Pesquisa de Pre\u00e7os&#8221;"},"content":{"rendered":"\n<div class=\"wp-block-image\"><figure class=\"aligncenter size-full is-resized\"><a href=\"https:\/\/www.ifbaiano.edu.br\/unidades\/serrinha\/files\/2022\/06\/WhatsApp-Image-2022-06-07-at-10.10.06-2.jpeg\"><img decoding=\"async\" loading=\"lazy\" src=\"https:\/\/www.ifbaiano.edu.br\/unidades\/serrinha\/files\/2022\/06\/WhatsApp-Image-2022-06-07-at-10.10.06-2.jpeg\" alt=\"\" class=\"wp-image-6318\" width=\"396\" height=\"297\" \/><\/a><\/figure><\/div>\n\n\n\n<p>No dia 12 de maio de 2022, o IF Baiano \u2013 Campus Serrinha, atrav\u00e9s do Setor de Compras e Licita\u00e7\u00f5es, promoveu o minicurso intitulado \u201c Por dentro da Licita\u00e7\u00e3o \u2013 A import\u00e2ncia da Pesquisa de Pre\u00e7os\u201d, tendo como publico alvo todos os servidores do Campus Serrinha, objetivando esclarecer a import\u00e2ncia da licita\u00e7\u00e3o nas compras p\u00fabicas com planejamento adequado e, o papel fundamental dos servidores que s\u00e3o e que podem ser requisitantes para compras e solicita\u00e7\u00e3o de servi\u00e7os, promovendo uma aquisi\u00e7\u00e3o vantajosa para a Administra\u00e7\u00e3o, com eficacia e efici\u00eancia em rela\u00e7\u00e3o aos gastos p\u00fablicos, em conformidade com a lei 8.666\/93 e a 14.133\/2021. Agradecemos a todos que compareceram, demonstrando assim o compromisso no desenvolvimento institucional em todas as suas fases.<\/p>\n\n\n\n<div style=\"height:31px\" aria-hidden=\"true\" class=\"wp-block-spacer\"><\/div>\n\n\n\n<p><em>\r\n\t<div class=\"slideshow_container slideshow_container_style-dark\" style=\"height: 400px; \" data-slideshow-id=\"6322\" data-style-name=\"style-dark\" data-style-version=\"2.3.1\" >\r\n\r\n\t\t\t\t\t<div class=\"slideshow_loading_icon\"><\/div>\r\n\t\t\r\n\t\t<div class=\"slideshow_content\" style=\"display: none;\">\r\n\r\n\t\t\t<div class=\"slideshow_view\">\r\n\t\t\t\t<div class=\"slideshow_slide slideshow_slide_image\">\r\n\t\t\t\t\t\t\t\t\t\t\t<img src=\"https:\/\/www.ifbaiano.edu.br\/unidades\/serrinha\/files\/2022\/06\/WhatsApp-Image-2022-06-07-at-10.10.06-1.jpeg\" alt=\"WhatsApp Image 2022-06-07 at 10.10.06 (1)\" width=\"960\" height=\"1280\" \/>\r\n\t\t\t\t\t\t\t\t\t\t<div class=\"slideshow_description_box slideshow_transparent\">\r\n\t\t\t\t\t\t<div class=\"slideshow_title\">WhatsApp Image 2022-06-07 at 10.10.06 (1)<\/div>\t\t\t\t\t\t\t\t\t\t\t<\/div>\r\n\t\t\t\t<\/div>\r\n\r\n\t\t\t\t\t\t<div style=\"clear: both;\"><\/div><\/div><div class=\"slideshow_view\">\r\n\t\t\t\t<div class=\"slideshow_slide slideshow_slide_image\">\r\n\t\t\t\t\t\t\t\t\t\t\t<img src=\"https:\/\/www.ifbaiano.edu.br\/unidades\/serrinha\/files\/2022\/06\/WhatsApp-Image-2022-06-07-at-10.10.04.jpeg\" alt=\"WhatsApp Image 2022-06-07 at 10.10.04\" width=\"1280\" height=\"960\" \/>\r\n\t\t\t\t\t\t\t\t\t\t<div class=\"slideshow_description_box slideshow_transparent\">\r\n\t\t\t\t\t\t<div class=\"slideshow_title\">WhatsApp Image 2022-06-07 at 10.10.04<\/div>\t\t\t\t\t\t\t\t\t\t\t<\/div>\r\n\t\t\t\t<\/div>\r\n\r\n\t\t\t\t\t\t<div style=\"clear: both;\"><\/div><\/div><div class=\"slideshow_view\">\r\n\t\t\t\t<div class=\"slideshow_slide slideshow_slide_image\">\r\n\t\t\t\t\t\t\t\t\t\t\t<img src=\"https:\/\/www.ifbaiano.edu.br\/unidades\/serrinha\/files\/2022\/06\/WhatsApp-Image-2022-06-07-at-10.10.05.jpeg\" alt=\"WhatsApp Image 2022-06-07 at 10.10.05\" width=\"1280\" height=\"960\" \/>\r\n\t\t\t\t\t\t\t\t\t\t<div class=\"slideshow_description_box slideshow_transparent\">\r\n\t\t\t\t\t\t<div class=\"slideshow_title\">WhatsApp Image 2022-06-07 at 10.10.05<\/div>\t\t\t\t\t\t\t\t\t\t\t<\/div>\r\n\t\t\t\t<\/div>\r\n\r\n\t\t\t\t\t\t<div style=\"clear: both;\"><\/div><\/div><div class=\"slideshow_view\">\r\n\t\t\t\t<div class=\"slideshow_slide slideshow_slide_image\">\r\n\t\t\t\t\t\t\t\t\t\t\t<img src=\"https:\/\/www.ifbaiano.edu.br\/unidades\/serrinha\/files\/2022\/06\/WhatsApp-Image-2022-06-07-at-10.10.06.jpeg\" alt=\"WhatsApp Image 2022-06-07 at 10.10.06\" width=\"960\" height=\"1280\" \/>\r\n\t\t\t\t\t\t\t\t\t\t<div class=\"slideshow_description_box slideshow_transparent\">\r\n\t\t\t\t\t\t<div class=\"slideshow_title\">WhatsApp Image 2022-06-07 at 10.10.06<\/div>\t\t\t\t\t\t\t\t\t\t\t<\/div>\r\n\t\t\t\t<\/div>\r\n\r\n\t\t\t\t\t\t<div style=\"clear: both;\"><\/div><\/div><div class=\"slideshow_view\">\r\n\t\t\t\t<div class=\"slideshow_slide slideshow_slide_image\">\r\n\t\t\t\t\t\t\t\t\t\t\t<img src=\"https:\/\/www.ifbaiano.edu.br\/unidades\/serrinha\/files\/2022\/06\/Foto1.jpeg\" alt=\"Foto1\" width=\"1280\" height=\"960\" \/>\r\n\t\t\t\t\t\t\t\t\t\t<div class=\"slideshow_description_box slideshow_transparent\">\r\n\t\t\t\t\t\t<div class=\"slideshow_title\">Foto1<\/div>\t\t\t\t\t\t\t\t\t\t\t<\/div>\r\n\t\t\t\t<\/div>\r\n\r\n\t\t\t\t\t\t<div style=\"clear: both;\"><\/div><\/div>\r\n\t\t<\/div>\r\n\r\n\t\t<div class=\"slideshow_controlPanel slideshow_transparent\" style=\"display: none;\"><ul><li class=\"slideshow_togglePlay\" data-play-text=\"Acionar\" data-pause-text=\"Pausar\"><\/li><\/ul><\/div>\r\n\r\n\t\t<div class=\"slideshow_button slideshow_previous slideshow_transparent\" role=\"button\" data-previous-text=\"Anterior\" style=\"display: none;\"><\/div>\r\n\t\t<div class=\"slideshow_button slideshow_next slideshow_transparent\" role=\"button\" data-next-text=\"Pr\u00f3ximo\" style=\"display: none;\"><\/div>\r\n\r\n\t\t<div class=\"slideshow_pagination\" style=\"display: none;\" data-go-to-text=\"Ir para o slide\"><div class=\"slideshow_pagination_center\"><\/div><\/div>\r\n\r\n\t\t<!-- WordPress Slideshow Version 2.3.1 -->\r\n\r\n\t\t\t<\/div>\r\n\r\n<\/em><\/p>\n","protected":false},"excerpt":{"rendered":"<p>No dia 12 de maio de 2022, o IF Baiano \u2013 Campus Serrinha, atrav\u00e9s do Setor de Compras e Licita\u00e7\u00f5es, promoveu o minicurso intitulado \u201c Por dentro da Licita\u00e7\u00e3o \u2013 A import\u00e2ncia da Pesquisa de Pre\u00e7os\u201d, tendo como publico alvo todos os servidores do Campus Serrinha, objetivando esclarecer a import\u00e2ncia da licita\u00e7\u00e3o nas compras p\u00fabicas [&hellip;]<\/p>\n","protected":false},"author":186,"featured_media":0,"parent":6292,"menu_order":0,"comment_status":"closed","ping_status":"closed","template":"","meta":[],"_links":{"self":[{"href":"https:\/\/www.ifbaiano.edu.br\/unidades\/serrinha\/wp-json\/wp\/v2\/pages\/6311"}],"collection":[{"href":"https:\/\/www.ifbaiano.edu.br\/unidades\/serrinha\/wp-json\/wp\/v2\/pages"}],"about":[{"href":"https:\/\/www.ifbaiano.edu.br\/unidades\/serrinha\/wp-json\/wp\/v2\/types\/page"}],"author":[{"embeddable":true,"href":"https:\/\/www.ifbaiano.edu.br\/unidades\/serrinha\/wp-json\/wp\/v2\/users\/186"}],"replies":[{"embeddable":true,"href":"https:\/\/www.ifbaiano.edu.br\/unidades\/serrinha\/wp-json\/wp\/v2\/comments?post=6311"}],"version-history":[{"count":5,"href":"https:\/\/www.ifbaiano.edu.br\/unidades\/serrinha\/wp-json\/wp\/v2\/pages\/6311\/revisions"}],"predecessor-version":[{"id":6324,"href":"https:\/\/www.ifbaiano.edu.br\/unidades\/serrinha\/wp-json\/wp\/v2\/pages\/6311\/revisions\/6324"}],"up":[{"embeddable":true,"href":"https:\/\/www.ifbaiano.edu.br\/unidades\/serrinha\/wp-json\/wp\/v2\/pages\/6292"}],"wp:attachment":[{"href":"https:\/\/www.ifbaiano.edu.br\/unidades\/serrinha\/wp-json\/wp\/v2\/media?parent=6311"}],"curies":[{"name":"wp","href":"https:\/\/api.w.org\/{rel}","templated":true}]}}