{"id":6391,"date":"2022-06-20T09:15:47","date_gmt":"2022-06-20T12:15:47","guid":{"rendered":"https:\/\/www.ifbaiano.edu.br\/unidades\/serrinha\/?page_id=6391"},"modified":"2024-03-15T10:31:15","modified_gmt":"2024-03-15T13:31:15","slug":"vendas","status":"publish","type":"page","link":"https:\/\/www.ifbaiano.edu.br\/unidades\/serrinha\/vendas\/","title":{"rendered":"Curso T\u00e9cnico Subsequente em Vendas"},"content":{"rendered":"\n<div class=\"wp-block-file\"><a id=\"wp-block-file--media-58f291d4-56b6-47ec-b1fb-6f438321b120\" href=\"https:\/\/www.ifbaiano.edu.br\/unidades\/serrinha\/files\/2024\/03\/PPC-Tecnico-Vendas-Subsequente-2022-alterado-em-tramitacao.pdf\" target=\"_blank\" rel=\"noreferrer noopener\">PROJETO PEDAG\u00d3GICO DO CURSO (PPC) T\u00c9CNICO EM SECRETARIA ESCOLAR<\/a><\/div>\n\n\n\n<p>O Curso T\u00e9cnico Subsequente em Vendas, na modalidade EAD, funciona no campus Serrinha, com um encontro presencial por semana, no turno noturno. A Coordenadora do curso T\u00e9cnico em Vendas \u00e9 a Professora Ariana Reis e o e-mail para contato: <a href=\"mailto:curso.vendas.ser@ead.ifbaiano.edu.br\">curso.vendas.ser@ead.ifbaiano.edu.br<\/a>.<\/p>\n\n\n\n<p>O Curso T\u00e9cnico Subsequente em Vendas dever\u00e1 \u201cformar profissionais habilitados para atuar junto ao setor comercial e \u00e1reas afins, com compet\u00eancia para promover o estudo dos produtos e servi\u00e7os das diversas organiza\u00e7\u00f5es, ocupar fun\u00e7\u00e3o de vendedor ou correlatas e empreender, fundamentados em princ\u00edpios \u00e9ticos, humanos, sociais e ambientais.\u201d As disciplinas do Curso T\u00e9cnico Subsequente em Vendas est\u00e3o organizadas em semestres letivos com componentes curriculares ofertados em blocos bimestrais, organizados em 04 blocos, sendo 80% do curso EAD e 20% presencial. Ao final do curso, \u201co\/a egresso\/a ter\u00e1 condi\u00e7\u00e3o de atender e ocupar fun\u00e7\u00f5es de auxiliar administrativo, auxiliar de cr\u00e9dito e cobran\u00e7a, auxiliar de faturamento, comprador, operador de supermercado, representante comercial, vendedor, estoquista, promotor de vendas e operador de caixa. Esse profissional dever\u00e1 ser capaz de atuar no com\u00e9rcio (inclusive eletr\u00f4nico) atacadista ou varejista, em ind\u00fastrias e\/ou de servi\u00e7os, como assalariado ou de maneira aut\u00f4noma.\u201d<\/p>\n\n\n\n<p>Informa\u00e7\u00f5es retiradas do PPC do Curso T\u00e9cnico Subsequente em Vendas.<\/p>\n","protected":false},"excerpt":{"rendered":"<p>O Curso T\u00e9cnico Subsequente em Vendas, na modalidade EAD, funciona no campus Serrinha, com um encontro presencial por semana, no turno noturno. A Coordenadora do curso T\u00e9cnico em Vendas \u00e9 a Professora Ariana Reis e o e-mail para contato: curso.vendas.ser@ead.ifbaiano.edu.br. O Curso T\u00e9cnico Subsequente em Vendas dever\u00e1 \u201cformar profissionais habilitados para atuar junto ao setor [&hellip;]<\/p>\n","protected":false},"author":186,"featured_media":0,"parent":0,"menu_order":0,"comment_status":"closed","ping_status":"closed","template":"","meta":[],"_links":{"self":[{"href":"https:\/\/www.ifbaiano.edu.br\/unidades\/serrinha\/wp-json\/wp\/v2\/pages\/6391"}],"collection":[{"href":"https:\/\/www.ifbaiano.edu.br\/unidades\/serrinha\/wp-json\/wp\/v2\/pages"}],"about":[{"href":"https:\/\/www.ifbaiano.edu.br\/unidades\/serrinha\/wp-json\/wp\/v2\/types\/page"}],"author":[{"embeddable":true,"href":"https:\/\/www.ifbaiano.edu.br\/unidades\/serrinha\/wp-json\/wp\/v2\/users\/186"}],"replies":[{"embeddable":true,"href":"https:\/\/www.ifbaiano.edu.br\/unidades\/serrinha\/wp-json\/wp\/v2\/comments?post=6391"}],"version-history":[{"count":4,"href":"https:\/\/www.ifbaiano.edu.br\/unidades\/serrinha\/wp-json\/wp\/v2\/pages\/6391\/revisions"}],"predecessor-version":[{"id":8211,"href":"https:\/\/www.ifbaiano.edu.br\/unidades\/serrinha\/wp-json\/wp\/v2\/pages\/6391\/revisions\/8211"}],"wp:attachment":[{"href":"https:\/\/www.ifbaiano.edu.br\/unidades\/serrinha\/wp-json\/wp\/v2\/media?parent=6391"}],"curies":[{"name":"wp","href":"https:\/\/api.w.org\/{rel}","templated":true}]}}