{"id":6393,"date":"2022-06-20T09:17:59","date_gmt":"2022-06-20T12:17:59","guid":{"rendered":"https:\/\/www.ifbaiano.edu.br\/unidades\/serrinha\/?page_id=6393"},"modified":"2024-03-15T10:26:31","modified_gmt":"2024-03-15T13:26:31","slug":"multimeios-didaticos-polo-araci","status":"publish","type":"page","link":"https:\/\/www.ifbaiano.edu.br\/unidades\/serrinha\/multimeios-didaticos-polo-araci\/","title":{"rendered":"Curso T\u00e9cnico Subsequente em Multimeios Did\u00e1ticos"},"content":{"rendered":"\n<div class=\"wp-block-file\"><a id=\"wp-block-file--media-28ccd9d6-2070-45d4-befc-dd3f840a2dae\" href=\"https:\/\/www.ifbaiano.edu.br\/unidades\/serrinha\/files\/2024\/03\/Projeto-Pedagogico-do-Curso-de-MD_alteracao-NAP-2022_versao-final-sem-destaque.pdf\" target=\"_blank\" rel=\"noreferrer noopener\">PROJETO PEDAG\u00d3GICO DO CURSO (PPC) T\u00c9CNICO EM MULTIMEIOS DID\u00c1TICOS<\/a><\/div>\n\n\n\n<p>O Curso T\u00e9cnico Subsequente em Multimeios Did\u00e1ticos, na modalidade EAD, funciona no Campus Serrinha, com um encontro presencial por semana, no turno vespertino. A Coordenadora do curso \u00e9 a Professora Maria Aparecida Brito e o e-mail para contato ou mais informa\u00e7\u00f5es \u00e9 <a href=\"mailto:curso.md.ead@serrinha.ifbaiano.edu.br\">curso.md.ead@serrinha.ifbaiano.edu.br<\/a>.<\/p>\n\n\n\n<p>O Curso T\u00e9cnico Subsequente em Multimeios Did\u00e1ticos dever\u00e1 \u201cformar t\u00e9cnicos em Multimeios Did\u00e1ticos capazes de planejar, executar, controlar e avaliar a\u00e7\u00f5es que relacionem tecnologias, comunica\u00e7\u00e3o e aprendizagem no contexto educacional e de associar a infraestrutura tecnol\u00f3gica ao desenvolvimento da pr\u00e1tica educativa em cursos presenciais e a dist\u00e2ncia. O egresso deve associar a infraestrutura tecnol\u00f3gica ao desenvolvimento da a\u00e7\u00e3o educativa em cursos presenciais e a dist\u00e2ncia; orientar a comunidade escolar na utiliza\u00e7\u00e3o de equipamentos tecnol\u00f3gicos; difundir pr\u00e1ticas de utiliza\u00e7\u00e3o de recursos tecnol\u00f3gicos; selecionar recursos tecnol\u00f3gicos para amplia\u00e7\u00e3o e atualiza\u00e7\u00e3o do acervo multimidi\u00e1tico; zelar pela conserva\u00e7\u00e3o dos multimeios did\u00e1ticos; incentivar diferentes possibilidades de aprendizagem mediada por tecnologias; identificar e buscar solu\u00e7\u00f5es para problemas na rela\u00e7\u00e3o com as tecnologias. O curso t\u00e9cnico em Multimeios Did\u00e1ticos Subsequente ao Ensino M\u00e9dio, na modalidade EaD, est\u00e1 estruturado em 1200 horas, distribu\u00eddas em tr\u00eas m\u00f3dulos de 400h, cada um correspondendo a um semestre letivo, sendo 80% do curso EAD e 20% presencial.\u201d<\/p>\n\n\n\n<p>Informa\u00e7\u00f5es retiradas do PPC do Curso T\u00e9cnico Subsequente em Multimeios Did\u00e1ticos.<\/p>\n","protected":false},"excerpt":{"rendered":"<p>O Curso T\u00e9cnico Subsequente em Multimeios Did\u00e1ticos, na modalidade EAD, funciona no Campus Serrinha, com um encontro presencial por semana, no turno vespertino. A Coordenadora do curso \u00e9 a Professora Maria Aparecida Brito e o e-mail para contato ou mais informa\u00e7\u00f5es \u00e9 curso.md.ead@serrinha.ifbaiano.edu.br. O Curso T\u00e9cnico Subsequente em Multimeios Did\u00e1ticos dever\u00e1 \u201cformar t\u00e9cnicos em Multimeios [&hellip;]<\/p>\n","protected":false},"author":186,"featured_media":0,"parent":0,"menu_order":0,"comment_status":"closed","ping_status":"closed","template":"","meta":[],"_links":{"self":[{"href":"https:\/\/www.ifbaiano.edu.br\/unidades\/serrinha\/wp-json\/wp\/v2\/pages\/6393"}],"collection":[{"href":"https:\/\/www.ifbaiano.edu.br\/unidades\/serrinha\/wp-json\/wp\/v2\/pages"}],"about":[{"href":"https:\/\/www.ifbaiano.edu.br\/unidades\/serrinha\/wp-json\/wp\/v2\/types\/page"}],"author":[{"embeddable":true,"href":"https:\/\/www.ifbaiano.edu.br\/unidades\/serrinha\/wp-json\/wp\/v2\/users\/186"}],"replies":[{"embeddable":true,"href":"https:\/\/www.ifbaiano.edu.br\/unidades\/serrinha\/wp-json\/wp\/v2\/comments?post=6393"}],"version-history":[{"count":3,"href":"https:\/\/www.ifbaiano.edu.br\/unidades\/serrinha\/wp-json\/wp\/v2\/pages\/6393\/revisions"}],"predecessor-version":[{"id":8207,"href":"https:\/\/www.ifbaiano.edu.br\/unidades\/serrinha\/wp-json\/wp\/v2\/pages\/6393\/revisions\/8207"}],"wp:attachment":[{"href":"https:\/\/www.ifbaiano.edu.br\/unidades\/serrinha\/wp-json\/wp\/v2\/media?parent=6393"}],"curies":[{"name":"wp","href":"https:\/\/api.w.org\/{rel}","templated":true}]}}