{"id":6404,"date":"2022-06-21T10:51:50","date_gmt":"2022-06-21T13:51:50","guid":{"rendered":"https:\/\/www.ifbaiano.edu.br\/unidades\/serrinha\/?page_id=6404"},"modified":"2026-03-31T13:43:48","modified_gmt":"2026-03-31T16:43:48","slug":"projeto-passarinhar","status":"publish","type":"page","link":"https:\/\/www.ifbaiano.edu.br\/unidades\/serrinha\/projeto-passarinhar\/","title":{"rendered":"PROJETO PASSARINHAR"},"content":{"rendered":"<div class=\"wp-block-image\">\n<figure class=\"aligncenter size-full is-resized\"><a href=\"https:\/\/www.ifbaiano.edu.br\/unidades\/serrinha\/files\/2022\/06\/Logo-do-Projeto-Passarinhar.jpg\"><img decoding=\"async\" loading=\"lazy\" src=\"https:\/\/www.ifbaiano.edu.br\/unidades\/serrinha\/files\/2022\/06\/Logo-do-Projeto-Passarinhar.jpg\" alt=\"\" class=\"wp-image-6410\" width=\"412\" height=\"406\" \/><\/a><\/figure><\/div>\n\n\n<p>O Projeto Passarinhar surgiu em abril de 2021, com o objetivo em disseminar informa\u00e7\u00f5es sobre avifauna, principalmente as ocorrentes no munic\u00edpio de Serrinha\/BA, que apresenta uma vegeta\u00e7\u00e3o predominante do bioma Caatinga. Al\u00e9m de fazer o levantamento das esp\u00e9cies de aves, tamb\u00e9m levamos informa\u00e7\u00f5es, produzimos materiais e a\u00e7\u00f5es para educa\u00e7\u00e3o ambiental, e, principalmente, popularizamos a pr\u00e1tica da observa\u00e7\u00e3o de aves, consequentemente, contribu\u00edmos para conserva\u00e7\u00e3o dos habitats e despertamos a sensibiliza\u00e7\u00e3o da popula\u00e7\u00e3o contra as atividades de captura, ca\u00e7a, e com\u00e9rcio de aves silvestres.<\/p>\n\n\n\n<p>Entre os estudos, podemos destacar o levantamento da Avifauna presente na Reserva Ambiental Barra do Vento, entre abril de 2021 a abril de 2022, registramos 90 esp\u00e9cies de aves e ap\u00f3s o per\u00edodo de julho de 2023 a junho de 2024, registramos 113 esp\u00e9cies de aves, com destaque para as esp\u00e9cies: Jacucaca (<em>Penelope jacucaca<\/em>) e o Chorozinho-de-papo-preto (<em>Herpsilochmus pectoralis<\/em>), esp\u00e9cies atualmente classificadas como vulner\u00e1veis \u00e0 extin\u00e7\u00e3o pela IUCN (Lista Vermelha das Esp\u00e9cies Amea\u00e7adas), e poder\u00e1 entrar na categoria em perigo caso ocorra uma redu\u00e7\u00e3o de seu habitat. Ressaltamos que, nos dois per\u00edodos de estudos, n\u00e3o houve possibilidade de caracterizarmos toda a avifauna da \u00e1rea, pois os registros seguiram inst\u00e1veis, com a ocorr\u00eancia de novas esp\u00e9cies em todas as expedi\u00e7\u00f5es realizadas.<\/p>\n\n\n\n<p>Vale destacar que, a Reserva Barra do Vento \u00e9 uma \u00e1rea particular, pertencente ao Sr. Ant\u00f4nio Carlos Queiroz, e se encontra em processo para se tornar a primeira unidade de conserva\u00e7\u00e3o municipal de Serrinha \u2013 BA. A reserva \u00e9 uma \u00e1rea importante para conserva\u00e7\u00e3o, porque faz parte de dois Biomas (Caatinga e Mata Atl\u00e2ntica). Por apresentar os dois biomas em contato, torna-se uma \u00e1rea ec\u00f3tono, ou seja, ambiente de transi\u00e7\u00e3o entre dois biomas e por isso possui biodiversidade peculiar de ambos biomas. A \u00e1rea \u00e9 bem conservada, e constantemente ocorrem pesquisas, solturas de animais silvestres, espa\u00e7o para quarentenas, entre outras atividades, tornando-se assim \u00e1rea de refer\u00eancia para o Territ\u00f3rio do Sisal.<\/p>\n\n\n\n<p>Outra \u00e1rea de estudo, onde ocorreu o levantamento da Avifauna refere-se ao A\u00e7ude do Gravat\u00e1, um dos principais a\u00e7udes do munic\u00edpio de Serrinha\/BA, que tamb\u00e9m apresenta uma rica biodiversidade. Nessa \u00e1rea entre o per\u00edodo de julho de 2023 a junho de 2024, registramos 77 esp\u00e9cies de aves. Nesse local tamb\u00e9m n\u00e3o foi poss\u00edvel caracterizar toda a avifauna, pois todas as vezes que realizamos as expedi\u00e7\u00f5es, registramos novas esp\u00e9cies.<\/p>\n\n\n\n<p>Ao final de cada estudo e levantamentos realizados, confeccionamos guias-de-campo e banners das esp\u00e9cies presentes em cada \u00e1rea estudada, onde foram utilizados nas a\u00e7\u00f5es de educa\u00e7\u00e3o ambiental, fomentando assim o processo de sensibiliza\u00e7\u00e3o da comunidade. Todo material de estudo \u00e9 disponibilizado para as comunidades nas a\u00e7\u00f5es de extens\u00e3o, institui\u00e7\u00f5es de ensino e \u00f3rg\u00e3os p\u00fablicos, principalmente os respons\u00e1veis pelas decis\u00f5es ambientais.&nbsp;Nesse material \u00e9 poss\u00edvel encontrar as aves registradas nas respectivas \u00e1reas, com imagens detalhadas de cada esp\u00e9cie e nomes cient\u00edficos, al\u00e9m de informa\u00e7\u00f5es diversas sobre o projeto e a pr\u00e1tica de observa\u00e7\u00e3o de aves. Cada arte contida no material utilizado, foi adaptada em arquivo pdf e disponibilizada de maneira <em>on-line<\/em> nesse site.<\/p>\n\n\n\n<p>Com os dados obtidos, al\u00e9m de conhecer a biodiversidade da avifauna das respectivas \u00e1reas de estudos, sensibilizamos a comunidade a partir de a\u00e7\u00f5es de educa\u00e7\u00e3o ambiental por meio de diversas estrat\u00e9gias: Utiliza\u00e7\u00e3o das redes sociais(@projetopassarinhar) para divulga\u00e7\u00e3o de informa\u00e7\u00f5es e populariza\u00e7\u00e3o das esp\u00e9cies e suas fun\u00e7\u00f5es ecol\u00f3gicas; apresenta\u00e7\u00f5es do projeto com encontros, eventos e aulas; realiza\u00e7\u00e3o de observa\u00e7\u00e3o das aves com a comunidade, entre outras pr\u00e1ticas em que possam ser fomentada a import\u00e2ncia da observa\u00e7\u00e3o e levantamento da avifauna, atrelado a import\u00e2ncia da preserva\u00e7\u00e3o de \u00e1reas nativas. Acreditamos que os resultados desse trabalho podem ser de fundamental import\u00e2ncia para futuros estudos e pesquisas de conserva\u00e7\u00e3o desses ambientes, bem como servir\u00e1 de incentivador para implanta\u00e7\u00e3o de futuras \u00e1reas de prote\u00e7\u00e3o ou conserva\u00e7\u00e3o ambiental, al\u00e9m de disseminar a pr\u00e1tica de observa\u00e7\u00e3o de aves.<\/p>\n\n\n\n<p>O Projeto Passarinhar tem como coordenador Jos\u00e9 Alexandre da Silva, mestre em Ci\u00eancias Ambientais (IF Baiano&nbsp;<em>Campus<\/em>&nbsp;Serrinha), e conta com a participa\u00e7\u00e3o de docentes do IF Baiano dos <em>campi<\/em> Serrinha e Valen\u00e7a e discentes do curso de Ci\u00eancias Biol\u00f3gicas do&nbsp;<em>Campus<\/em>&nbsp;Serrinha, al\u00e9m de colaboradores externos.<\/p>\n\n\n\n<p><em>\r\n\t<div class=\"slideshow_container slideshow_container_style-dark\" style=\"height: 400px; \" data-slideshow-id=\"6413\" data-style-name=\"style-dark\" data-style-version=\"2.3.1\" >\r\n\r\n\t\t\t\t\t<div class=\"slideshow_loading_icon\"><\/div>\r\n\t\t\r\n\t\t<div class=\"slideshow_content\" style=\"display: none;\">\r\n\r\n\t\t\t<div class=\"slideshow_view\">\r\n\t\t\t\t<div class=\"slideshow_slide slideshow_slide_image\">\r\n\t\t\t\t\t\t\t\t\t\t\t<img src=\"https:\/\/www.ifbaiano.edu.br\/unidades\/serrinha\/files\/2025\/07\/4651-Observacao-de-Aves-no-Acude-do-Gravata.webp\" alt=\"Observa\u00e7\u00e3o de Aves no A\u00e7ude do Gravat\u00e1\" width=\"1440\" height=\"1080\" \/>\r\n\t\t\t\t\t\t\t\t\t\t<div class=\"slideshow_description_box slideshow_transparent\">\r\n\t\t\t\t\t\t<div class=\"slideshow_title\">Observa\u00e7\u00e3o de Aves no A\u00e7ude do Gravat\u00e1<\/div>\t\t\t\t\t\t\t\t\t\t\t<\/div>\r\n\t\t\t\t<\/div>\r\n\r\n\t\t\t\t\t\t<div style=\"clear: both;\"><\/div><\/div><div class=\"slideshow_view\">\r\n\t\t\t\t<div class=\"slideshow_slide slideshow_slide_image\">\r\n\t\t\t\t\t\t\t\t\t\t\t<img src=\"https:\/\/www.ifbaiano.edu.br\/unidades\/serrinha\/files\/2025\/07\/4655-Reserva-Ambiental-Barra-do-Vento.webp\" alt=\"Reserva Ambiental Barra do Vento\" width=\"1440\" height=\"1080\" \/>\r\n\t\t\t\t\t\t\t\t\t\t<div class=\"slideshow_description_box slideshow_transparent\">\r\n\t\t\t\t\t\t<div class=\"slideshow_title\">Reserva Ambiental Barra do Vento<\/div>\t\t\t\t\t\t\t\t\t\t\t<\/div>\r\n\t\t\t\t<\/div>\r\n\r\n\t\t\t\t\t\t<div style=\"clear: both;\"><\/div><\/div><div class=\"slideshow_view\">\r\n\t\t\t\t<div class=\"slideshow_slide slideshow_slide_image\">\r\n\t\t\t\t\t\t\t\t\t\t\t<img src=\"https:\/\/www.ifbaiano.edu.br\/unidades\/serrinha\/files\/2025\/07\/4658-Entrega-do-Banner-das-aves-presentes-no-Acude-do-Gravata-para-representantes-do-Comite-do-Acude-do-Gravata.webp\" alt=\"Entrega do Banner das aves presentes no A\u00e7ude do Gravat\u00e1 para representantes do Comit\u00ea do A\u00e7ude do Gravat\u00e1,\" width=\"810\" height=\"1080\" \/>\r\n\t\t\t\t\t\t\t\t\t\t<div class=\"slideshow_description_box slideshow_transparent\">\r\n\t\t\t\t\t\t<div class=\"slideshow_title\">Entrega do Banner das aves presentes no A\u00e7ude do Gravat\u00e1 para representantes do Comit\u00ea do A\u00e7ude do Gravat\u00e1,<\/div>\t\t\t\t\t\t\t\t\t\t\t<\/div>\r\n\t\t\t\t<\/div>\r\n\r\n\t\t\t\t\t\t<div style=\"clear: both;\"><\/div><\/div><div class=\"slideshow_view\">\r\n\t\t\t\t<div class=\"slideshow_slide slideshow_slide_image\">\r\n\t\t\t\t\t\t\t\t\t\t\t<img src=\"https:\/\/www.ifbaiano.edu.br\/unidades\/serrinha\/files\/2025\/07\/4663-Acude-do-Gravata.webp\" alt=\"A\u00e7ude do Gravat\u00e1\" width=\"1440\" height=\"1080\" \/>\r\n\t\t\t\t\t\t\t\t\t\t<div class=\"slideshow_description_box slideshow_transparent\">\r\n\t\t\t\t\t\t<div class=\"slideshow_title\">A\u00e7ude do Gravat\u00e1<\/div>\t\t\t\t\t\t\t\t\t\t\t<\/div>\r\n\t\t\t\t<\/div>\r\n\r\n\t\t\t\t\t\t<div style=\"clear: both;\"><\/div><\/div><div class=\"slideshow_view\">\r\n\t\t\t\t<div class=\"slideshow_slide slideshow_slide_image\">\r\n\t\t\t\t\t\t\t\t\t\t\t<img src=\"https:\/\/www.ifbaiano.edu.br\/unidades\/serrinha\/files\/2022\/06\/Figura-2-Limite-e-localizacao-da-area-de-estudo-em-relacao-ao-municipio-de-Serrinha-BA.jpg\" alt=\"Figura 1: Limite e localiza\u00e7\u00e3o da \u00e1rea de estudo em rela\u00e7\u00e3o ao munic\u00edpio de Serrinha-BA\" width=\"1067\" height=\"754\" \/>\r\n\t\t\t\t\t\t\t\t\t\t<div class=\"slideshow_description_box slideshow_transparent\">\r\n\t\t\t\t\t\t<div class=\"slideshow_title\">Figura 1: Limite e localiza\u00e7\u00e3o da \u00e1rea de estudo em rela\u00e7\u00e3o ao munic\u00edpio de Serrinha-BA<\/div>\t\t\t\t\t\t\t\t\t\t\t<\/div>\r\n\t\t\t\t<\/div>\r\n\r\n\t\t\t\t\t\t<div style=\"clear: both;\"><\/div><\/div><div class=\"slideshow_view\">\r\n\t\t\t\t<div class=\"slideshow_slide slideshow_slide_image\">\r\n\t\t\t\t\t\t\t\t\t\t\t<img src=\"https:\/\/www.ifbaiano.edu.br\/unidades\/serrinha\/files\/2022\/06\/Figura-3-Foto-da-especie-destaque-na-area-Chorozinho-de-papo-preto-Herpsilochmus-pectoralis.jpg\" alt=\"Figura 2: Foto da esp\u00e9cie destaque na \u00e1rea Chorozinho-de-papo-preto (Herpsilochmus pectoralis)\" width=\"722\" height=\"542\" \/>\r\n\t\t\t\t\t\t\t\t\t\t<div class=\"slideshow_description_box slideshow_transparent\">\r\n\t\t\t\t\t\t<div class=\"slideshow_title\">Figura 2: Foto da esp\u00e9cie destaque na \u00e1rea Chorozinho-de-papo-preto (Herpsilochmus pectoralis)<\/div>\t\t\t\t\t\t\t\t\t\t\t<\/div>\r\n\t\t\t\t<\/div>\r\n\r\n\t\t\t\t\t\t<div style=\"clear: both;\"><\/div><\/div><div class=\"slideshow_view\">\r\n\t\t\t\t<div class=\"slideshow_slide slideshow_slide_image\">\r\n\t\t\t\t\t\t\t\t\t\t\t<img src=\"https:\/\/www.ifbaiano.edu.br\/unidades\/serrinha\/files\/2022\/06\/Figura-4-predominancia-do-Bioma-Caatinga.jpg\" alt=\"Figura 3: predomin\u00e2ncia do Bioma Caatinga\" width=\"548\" height=\"411\" \/>\r\n\t\t\t\t\t\t\t\t\t\t<div class=\"slideshow_description_box slideshow_transparent\">\r\n\t\t\t\t\t\t<div class=\"slideshow_title\">Figura 3: predomin\u00e2ncia do Bioma Caatinga<\/div>\t\t\t\t\t\t\t\t\t\t\t<\/div>\r\n\t\t\t\t<\/div>\r\n\r\n\t\t\t\t\t\t<div style=\"clear: both;\"><\/div><\/div><div class=\"slideshow_view\">\r\n\t\t\t\t<div class=\"slideshow_slide slideshow_slide_image\">\r\n\t\t\t\t\t\t\t\t\t\t\t<img src=\"https:\/\/www.ifbaiano.edu.br\/unidades\/serrinha\/files\/2022\/06\/Figura-5-Predominancia-do-Bioma-Mata-Atlantica.jpg\" alt=\"Figura 4: Predomin\u00e2ncia do Bioma Mata Atl\u00e2ntica\" width=\"1300\" height=\"975\" \/>\r\n\t\t\t\t\t\t\t\t\t\t<div class=\"slideshow_description_box slideshow_transparent\">\r\n\t\t\t\t\t\t<div class=\"slideshow_title\">Figura 4: Predomin\u00e2ncia do Bioma Mata Atl\u00e2ntica<\/div>\t\t\t\t\t\t\t\t\t\t\t<\/div>\r\n\t\t\t\t<\/div>\r\n\r\n\t\t\t\t\t\t<div style=\"clear: both;\"><\/div><\/div><div class=\"slideshow_view\">\r\n\t\t\t\t<div class=\"slideshow_slide slideshow_slide_image\">\r\n\t\t\t\t\t\t\t\t\t\t\t<img src=\"https:\/\/www.ifbaiano.edu.br\/unidades\/serrinha\/files\/2022\/06\/Figura-6-pratica-de-observacao-de-aves.jpg\" alt=\"Figura 5: pr\u00e1tica de observa\u00e7\u00e3o de aves\" width=\"750\" height=\"701\" \/>\r\n\t\t\t\t\t\t\t\t\t\t<div class=\"slideshow_description_box slideshow_transparent\">\r\n\t\t\t\t\t\t<div class=\"slideshow_title\">Figura 5: pr\u00e1tica de observa\u00e7\u00e3o de aves<\/div>\t\t\t\t\t\t\t\t\t\t\t<\/div>\r\n\t\t\t\t<\/div>\r\n\r\n\t\t\t\t\t\t<div style=\"clear: both;\"><\/div><\/div><div class=\"slideshow_view\">\r\n\t\t\t\t<div class=\"slideshow_slide slideshow_slide_image\">\r\n\t\t\t\t\t\t\t\t\t\t\t<img src=\"https:\/\/www.ifbaiano.edu.br\/unidades\/serrinha\/files\/2022\/09\/Figura-6.jpeg\" alt=\"Figura 6: Entrega do Banner ao Conselho Municipal do Meio Ambiente do Munic\u00edpio de Serrinha - Consema - representado pelo Membro da C\u00e2mara T\u00e9cnica do Conselho do Meio Ambiente seu Ant\u00f4nio Lima Capila\" width=\"1053\" height=\"863\" \/>\r\n\t\t\t\t\t\t\t\t\t\t<div class=\"slideshow_description_box slideshow_transparent\">\r\n\t\t\t\t\t\t<div class=\"slideshow_title\">Figura 6: Entrega do Banner ao Conselho Municipal do Meio Ambiente do Munic\u00edpio de Serrinha - Consema - representado pelo Membro da C\u00e2mara T\u00e9cnica do Conselho do Meio Ambiente seu Ant\u00f4nio Lima Capila<\/div>\t\t\t\t\t\t\t\t\t\t\t<\/div>\r\n\t\t\t\t<\/div>\r\n\r\n\t\t\t\t\t\t<div style=\"clear: both;\"><\/div><\/div><div class=\"slideshow_view\">\r\n\t\t\t\t<div class=\"slideshow_slide slideshow_slide_image\">\r\n\t\t\t\t\t\t\t\t\t\t\t<img src=\"https:\/\/www.ifbaiano.edu.br\/unidades\/serrinha\/files\/2022\/09\/Figura-7-1.jpeg\" alt=\"Figura 7: Entrega do Banner a Secretaria de Desenvolvimento Urbano, Habita\u00e7\u00e3o e Meio Ambiente (SEDHAM), representado pelo Secret\u00e1rio do Meio Ambiente do Munic\u00edpio de Serrinha - Me. Diego Tomaz do Nascimento Queiroz\" width=\"1182\" height=\"1181\" \/>\r\n\t\t\t\t\t\t\t\t\t\t<div class=\"slideshow_description_box slideshow_transparent\">\r\n\t\t\t\t\t\t<div class=\"slideshow_title\">Figura 7: Entrega do Banner a Secretaria de Desenvolvimento Urbano, Habita\u00e7\u00e3o e Meio Ambiente (SEDHAM), representado pelo Secret\u00e1rio do Meio Ambiente do Munic\u00edpio de Serrinha - Me. Diego Tomaz do Nascimento Queiroz<\/div>\t\t\t\t\t\t\t\t\t\t\t<\/div>\r\n\t\t\t\t<\/div>\r\n\r\n\t\t\t\t\t\t<div style=\"clear: both;\"><\/div><\/div><div class=\"slideshow_view\">\r\n\t\t\t\t<div class=\"slideshow_slide slideshow_slide_image\">\r\n\t\t\t\t\t\t\t\t\t\t\t<img src=\"https:\/\/www.ifbaiano.edu.br\/unidades\/serrinha\/files\/2022\/09\/Figura-8.jpeg\" alt=\"Figura 08: Entrega do Banners ao Instituto Federal Baiano Campus Serrinha, representado pelo Bibliotec\u00e1rio Ricardo Santos do Carmo Reis.\" width=\"1280\" height=\"1279\" \/>\r\n\t\t\t\t\t\t\t\t\t\t<div class=\"slideshow_description_box slideshow_transparent\">\r\n\t\t\t\t\t\t<div class=\"slideshow_title\">Figura 08: Entrega do Banners ao Instituto Federal Baiano Campus Serrinha, representado pelo Bibliotec\u00e1rio Ricardo Santos do Carmo Reis.<\/div>\t\t\t\t\t\t\t\t\t\t\t<\/div>\r\n\t\t\t\t<\/div>\r\n\r\n\t\t\t\t\t\t<div style=\"clear: both;\"><\/div><\/div><div class=\"slideshow_view\">\r\n\t\t\t\t<div class=\"slideshow_slide slideshow_slide_image\">\r\n\t\t\t\t\t\t\t\t\t\t\t<img src=\"https:\/\/www.ifbaiano.edu.br\/unidades\/serrinha\/files\/2022\/09\/Figura-9.jpeg\" alt=\"Figura 09 : Presen\u00e7a no evento em comemora\u00e7\u00e3o aos 55 anos da MOC (Movimento de Organiza\u00e7\u00e3o Comunit\u00e1ria), que aconteceu na UEFS em Feira de Santana\/BA\" width=\"622\" height=\"1280\" \/>\r\n\t\t\t\t\t\t\t\t\t\t<div class=\"slideshow_description_box slideshow_transparent\">\r\n\t\t\t\t\t\t<div class=\"slideshow_title\">Figura 09 : Presen\u00e7a no evento em comemora\u00e7\u00e3o aos 55 anos da MOC (Movimento de Organiza\u00e7\u00e3o Comunit\u00e1ria), que aconteceu na UEFS em Feira de Santana\/BA<\/div>\t\t\t\t\t\t\t\t\t\t\t<\/div>\r\n\t\t\t\t<\/div>\r\n\r\n\t\t\t\t\t\t<div style=\"clear: both;\"><\/div><\/div><div class=\"slideshow_view\">\r\n\t\t\t\t<div class=\"slideshow_slide slideshow_slide_image\">\r\n\t\t\t\t\t\t\t\t\t\t\t<img src=\"https:\/\/www.ifbaiano.edu.br\/unidades\/serrinha\/files\/2022\/09\/Figura-10.jpeg\" alt=\"Figura 10: Presen\u00e7a do Projeto Passarinhar no VII Semin\u00e1rio &quot;Caatinga Viva! Conhecer para Preservar&quot;. Evento que aconteceu na Reserva Ambiental Barra do Vento.\" width=\"1080\" height=\"601\" \/>\r\n\t\t\t\t\t\t\t\t\t\t<div class=\"slideshow_description_box slideshow_transparent\">\r\n\t\t\t\t\t\t<div class=\"slideshow_title\">Figura 10: Presen\u00e7a do Projeto Passarinhar no VII Semin\u00e1rio &quot;Caatinga Viva! Conhecer para Preservar&quot;. Evento que aconteceu na Reserva Ambiental Barra do Vento.<\/div>\t\t\t\t\t\t\t\t\t\t\t<\/div>\r\n\t\t\t\t<\/div>\r\n\r\n\t\t\t\t\t\t<div style=\"clear: both;\"><\/div><\/div><div class=\"slideshow_view\">\r\n\t\t\t\t<div class=\"slideshow_slide slideshow_slide_image\">\r\n\t\t\t\t\t\t\t\t\t\t\t<img src=\"https:\/\/www.ifbaiano.edu.br\/unidades\/serrinha\/files\/2022\/09\/Figura-11.jpeg\" alt=\"Figura 11: Crian\u00e7as interagirando de forma l\u00fadica com as esp\u00e9cies contidas no guia, ap\u00f3s apresenta\u00e7\u00e3o do projeto\" width=\"742\" height=\"956\" \/>\r\n\t\t\t\t\t\t\t\t\t\t<div class=\"slideshow_description_box slideshow_transparent\">\r\n\t\t\t\t\t\t<div class=\"slideshow_title\">Figura 11: Crian\u00e7as interagirando de forma l\u00fadica com as esp\u00e9cies contidas no guia, ap\u00f3s apresenta\u00e7\u00e3o do projeto<\/div>\t\t\t\t\t\t\t\t\t\t\t<\/div>\r\n\t\t\t\t<\/div>\r\n\r\n\t\t\t\t\t\t<div style=\"clear: both;\"><\/div><\/div>\r\n\t\t<\/div>\r\n\r\n\t\t<div class=\"slideshow_controlPanel slideshow_transparent\" style=\"display: none;\"><ul><li class=\"slideshow_togglePlay\" data-play-text=\"Acionar\" data-pause-text=\"Pausar\"><\/li><\/ul><\/div>\r\n\r\n\t\t<div class=\"slideshow_button slideshow_previous slideshow_transparent\" role=\"button\" data-previous-text=\"Anterior\" style=\"display: none;\"><\/div>\r\n\t\t<div class=\"slideshow_button slideshow_next slideshow_transparent\" role=\"button\" data-next-text=\"Pr\u00f3ximo\" style=\"display: none;\"><\/div>\r\n\r\n\t\t<div class=\"slideshow_pagination\" style=\"display: none;\" data-go-to-text=\"Ir para o slide\"><div class=\"slideshow_pagination_center\"><\/div><\/div>\r\n\r\n\t\t<!-- WordPress Slideshow Version 2.3.1 -->\r\n\r\n\t\t\t<\/div>\r\n\r\n<\/em><\/p>\n\n\n\n<div class=\"wp-block-file\"><a id=\"wp-block-file--media-dde1f5b2-cc8f-4e03-8fa5-36b9bf4abb63\" href=\"https:\/\/www.ifbaiano.edu.br\/unidades\/serrinha\/files\/2022\/09\/Guia-de-Aves-Reserva-Ambiental-Barra-do-Vento-Serrinha-BA.pdf\" target=\"_blank\" rel=\"noreferrer noopener\">2022 &#8211; Guia de Aves Reserva Ambiental Barra do Vento &#8211; Serrinha &#8211; BA<\/a><\/div>\n\n\n\n<div class=\"wp-block-file\"><a id=\"wp-block-file--media-83cd81d6-78e8-48d5-849f-942fc8da0e21\" href=\"https:\/\/www.ifbaiano.edu.br\/unidades\/serrinha\/files\/2022\/09\/Guia-de-bolso-Guia-de-Aves-Reserva-Ambiental-Barra-do-Vento-Serrinha-BA.pdf\" target=\"_blank\" rel=\"noreferrer noopener\">2022 &#8211; Guia de bolso &#8211; Guia de Aves Reserva Ambiental Barra do Vento &#8211; Serrinha &#8211; BA<\/a><\/div>\n\n\n\n<div class=\"wp-block-file\"><a id=\"wp-block-file--media-90a1e614-c749-46b3-9e6d-826dbe3d8e90\" href=\"https:\/\/www.ifbaiano.edu.br\/unidades\/serrinha\/files\/2022\/09\/Banner-Avifauna-Reserva-Ambiental-Barra-do-Vento-Serrinha-BA.pdf\">2022 &#8211; Banner Avifauna Reserva Ambiental Barra do Vento &#8211; Serrinha &#8211; BA<\/a><\/div>\n\n\n\n<div class=\"wp-block-file\"><a id=\"wp-block-file--media-90a1e614-c749-46b3-9e6d-826dbe3d8e90\" href=\"https:\/\/www.ifbaiano.edu.br\/unidades\/serrinha\/files\/2025\/05\/2024-Banner-Acude-do-Gravata.pdf\">2024 &#8211; Banner A\u00e7ude do Gravat\u00e1 &#8211; Serrinha-BA<\/a><\/div>\n\n\n\n<div class=\"wp-block-file\"><a id=\"wp-block-file--media-90a1e614-c749-46b3-9e6d-826dbe3d8e90\" href=\"https:\/\/www.ifbaiano.edu.br\/unidades\/serrinha\/files\/2025\/05\/2024-Banner-Avifauna-Reserva-Ambiental-Barra-do-Vento-Serrinha-BA.pdf\">2024 &#8211; Banner Avifauna Reserva Ambiental Barra do Vento &#8211; Serrinha &#8211; BA<\/a><\/div>\n\n\n\n<div class=\"wp-block-file\"><a id=\"wp-block-file--media-90a1e614-c749-46b3-9e6d-826dbe3d8e90\" href=\"https:\/\/www.ifbaiano.edu.br\/unidades\/serrinha\/files\/2025\/05\/2024-Guia-de-bolso-Guia-de-Aves-Reserva-Ambiental-Barra-do-Vento-Serrinha-BA.pdf\">2024 &#8211; Guia de bolso &#8211; Guia de Aves Reserva Ambiental Barra do Vento &#8211; Serrinha &#8211; BA<\/a><\/div>\n\n\n\n<div class=\"wp-block-file\"><a id=\"wp-block-file--media-90a1e614-c749-46b3-9e6d-826dbe3d8e90\" href=\"https:\/\/www.ifbaiano.edu.br\/unidades\/serrinha\/files\/2026\/03\/2026-Aves-Urbanas-e-Dicas-para-Passarinhar.pdf\" target=\"_blank\" rel=\"noreferrer noopener\">2026-Aves-Urbanas-e-Dicas-para-Passarinhar<\/a><\/div>\n","protected":false},"excerpt":{"rendered":"<p>O Projeto Passarinhar surgiu em abril de 2021, com o objetivo em disseminar informa\u00e7\u00f5es sobre avifauna, principalmente as ocorrentes no munic\u00edpio de Serrinha\/BA, que apresenta uma vegeta\u00e7\u00e3o predominante do bioma Caatinga. Al\u00e9m de fazer o levantamento das esp\u00e9cies de aves, tamb\u00e9m levamos informa\u00e7\u00f5es, produzimos materiais e a\u00e7\u00f5es para educa\u00e7\u00e3o ambiental, e, principalmente, popularizamos a pr\u00e1tica [&hellip;]<\/p>\n","protected":false},"author":186,"featured_media":0,"parent":0,"menu_order":0,"comment_status":"closed","ping_status":"closed","template":"","meta":[],"_links":{"self":[{"href":"https:\/\/www.ifbaiano.edu.br\/unidades\/serrinha\/wp-json\/wp\/v2\/pages\/6404"}],"collection":[{"href":"https:\/\/www.ifbaiano.edu.br\/unidades\/serrinha\/wp-json\/wp\/v2\/pages"}],"about":[{"href":"https:\/\/www.ifbaiano.edu.br\/unidades\/serrinha\/wp-json\/wp\/v2\/types\/page"}],"author":[{"embeddable":true,"href":"https:\/\/www.ifbaiano.edu.br\/unidades\/serrinha\/wp-json\/wp\/v2\/users\/186"}],"replies":[{"embeddable":true,"href":"https:\/\/www.ifbaiano.edu.br\/unidades\/serrinha\/wp-json\/wp\/v2\/comments?post=6404"}],"version-history":[{"count":8,"href":"https:\/\/www.ifbaiano.edu.br\/unidades\/serrinha\/wp-json\/wp\/v2\/pages\/6404\/revisions"}],"predecessor-version":[{"id":8756,"href":"https:\/\/www.ifbaiano.edu.br\/unidades\/serrinha\/wp-json\/wp\/v2\/pages\/6404\/revisions\/8756"}],"wp:attachment":[{"href":"https:\/\/www.ifbaiano.edu.br\/unidades\/serrinha\/wp-json\/wp\/v2\/media?parent=6404"}],"curies":[{"name":"wp","href":"https:\/\/api.w.org\/{rel}","templated":true}]}}