{"id":6934,"date":"2022-10-27T10:54:42","date_gmt":"2022-10-27T13:54:42","guid":{"rendered":"https:\/\/www.ifbaiano.edu.br\/unidades\/serrinha\/?page_id=6934"},"modified":"2022-10-27T10:54:42","modified_gmt":"2022-10-27T13:54:42","slug":"pregao-eletronico-03-2022-aquisicao-de-materiais-e-servicos-graficos-para-o-programa-eja-integrada","status":"publish","type":"page","link":"https:\/\/www.ifbaiano.edu.br\/unidades\/serrinha\/pregao-eletronico-03-2022-aquisicao-de-materiais-e-servicos-graficos-para-o-programa-eja-integrada\/","title":{"rendered":"Preg\u00e3o Eletr\u00f4nico 03\/2022 &#8211; Aquisi\u00e7\u00e3o de materiais e servi\u00e7os gr\u00e1ficos para o Programa EJA Integrada"},"content":{"rendered":"\n<div class=\"wp-block-file\"><a href=\"https:\/\/www.ifbaiano.edu.br\/unidades\/serrinha\/files\/2022\/10\/Aviso-de-licitacao.pdf\" target=\"_blank\" rel=\"noreferrer noopener\">Aviso de licita\u00e7\u00e3o<\/a><\/div>\n\n\n\n<div class=\"wp-block-file\"><a href=\"https:\/\/www.ifbaiano.edu.br\/unidades\/serrinha\/files\/2022\/10\/1-Edital-31.2022-Pregao-SRP-03.2022.pdf\" target=\"_blank\" rel=\"noreferrer noopener\">1 &#8211; Edital 31.2022 &#8211; Preg\u00e3o SRP 03.2022<\/a><\/div>\n\n\n\n<div class=\"wp-block-file\"><a href=\"https:\/\/www.ifbaiano.edu.br\/unidades\/serrinha\/files\/2022\/10\/2-ANEXO-I-Termo-de-Referencia.pdf\" target=\"_blank\" rel=\"noreferrer noopener\">2 &#8211; ANEXO I &#8211; Termo de Refer\u00eancia<\/a><\/div>\n\n\n\n<div class=\"wp-block-file\"><a href=\"https:\/\/www.ifbaiano.edu.br\/unidades\/serrinha\/files\/2022\/10\/3-ANEXO-A-do-Termo-de-Referencia.pdf\" target=\"_blank\" rel=\"noreferrer noopener\">3 &#8211; ANEXO A do Termo de Refer\u00eancia<\/a><\/div>\n\n\n\n<div class=\"wp-block-file\"><a href=\"https:\/\/www.ifbaiano.edu.br\/unidades\/serrinha\/files\/2022\/10\/4-ANEXO-II-Ata-SRP.pdf\" target=\"_blank\" rel=\"noreferrer noopener\">4 &#8211; ANEXO II &#8211; Ata SRP<\/a><\/div>\n","protected":false},"excerpt":{"rendered":"","protected":false},"author":186,"featured_media":0,"parent":0,"menu_order":0,"comment_status":"closed","ping_status":"closed","template":"","meta":[],"_links":{"self":[{"href":"https:\/\/www.ifbaiano.edu.br\/unidades\/serrinha\/wp-json\/wp\/v2\/pages\/6934"}],"collection":[{"href":"https:\/\/www.ifbaiano.edu.br\/unidades\/serrinha\/wp-json\/wp\/v2\/pages"}],"about":[{"href":"https:\/\/www.ifbaiano.edu.br\/unidades\/serrinha\/wp-json\/wp\/v2\/types\/page"}],"author":[{"embeddable":true,"href":"https:\/\/www.ifbaiano.edu.br\/unidades\/serrinha\/wp-json\/wp\/v2\/users\/186"}],"replies":[{"embeddable":true,"href":"https:\/\/www.ifbaiano.edu.br\/unidades\/serrinha\/wp-json\/wp\/v2\/comments?post=6934"}],"version-history":[{"count":1,"href":"https:\/\/www.ifbaiano.edu.br\/unidades\/serrinha\/wp-json\/wp\/v2\/pages\/6934\/revisions"}],"predecessor-version":[{"id":6940,"href":"https:\/\/www.ifbaiano.edu.br\/unidades\/serrinha\/wp-json\/wp\/v2\/pages\/6934\/revisions\/6940"}],"wp:attachment":[{"href":"https:\/\/www.ifbaiano.edu.br\/unidades\/serrinha\/wp-json\/wp\/v2\/media?parent=6934"}],"curies":[{"name":"wp","href":"https:\/\/api.w.org\/{rel}","templated":true}]}}