{"id":7144,"date":"2023-02-27T14:02:47","date_gmt":"2023-02-27T17:02:47","guid":{"rendered":"https:\/\/www.ifbaiano.edu.br\/unidades\/serrinha\/?page_id=7144"},"modified":"2023-02-27T14:02:48","modified_gmt":"2023-02-27T17:02:48","slug":"dispensa-eletronica-01-2023-aquisicao-de-agua-mineral-e-garrafoes","status":"publish","type":"page","link":"https:\/\/www.ifbaiano.edu.br\/unidades\/serrinha\/dispensa-eletronica-01-2023-aquisicao-de-agua-mineral-e-garrafoes\/","title":{"rendered":"Dispensa Eletr\u00f4nica 01\/2023 &#8211; Aquisi\u00e7\u00e3o de \u00c1gua Mineral e Garraf\u00f5es"},"content":{"rendered":"\n<div class=\"wp-block-file\"><a href=\"https:\/\/www.ifbaiano.edu.br\/unidades\/serrinha\/files\/2023\/02\/Aviso-de-Dispensa-Eletronica-e-Termo-de-Referencia-2022-Sessao-Publica-06.03.2023.pdf\" target=\"_blank\" rel=\"noreferrer noopener\">Aviso de Dispensa Eletr\u00f4nica e Termo de Referencia 2022 &#8211; Sess\u00e3o Publica 06.03.2023<\/a><\/div>\n\n\n\n<div class=\"wp-block-file\"><a href=\"https:\/\/www.ifbaiano.edu.br\/unidades\/serrinha\/files\/2023\/02\/Portal-Nacional-de-Contratacoes-Publicas-Comprovante-de-Publicacao-27.02.2023-Aquisicao-de-Agua-Mineral-e-Garrofoes.pdf\" target=\"_blank\" rel=\"noreferrer noopener\">Portal Nacional de Contrata\u00e7\u00f5es P\u00fablicas &#8211; Comprovante de Publica\u00e7\u00e3o 27.02.2023 &#8211; Aquisi\u00e7\u00e3o de Agua Mineral e Garrofoes<\/a><\/div>\n","protected":false},"excerpt":{"rendered":"","protected":false},"author":186,"featured_media":0,"parent":0,"menu_order":0,"comment_status":"closed","ping_status":"closed","template":"","meta":[],"_links":{"self":[{"href":"https:\/\/www.ifbaiano.edu.br\/unidades\/serrinha\/wp-json\/wp\/v2\/pages\/7144"}],"collection":[{"href":"https:\/\/www.ifbaiano.edu.br\/unidades\/serrinha\/wp-json\/wp\/v2\/pages"}],"about":[{"href":"https:\/\/www.ifbaiano.edu.br\/unidades\/serrinha\/wp-json\/wp\/v2\/types\/page"}],"author":[{"embeddable":true,"href":"https:\/\/www.ifbaiano.edu.br\/unidades\/serrinha\/wp-json\/wp\/v2\/users\/186"}],"replies":[{"embeddable":true,"href":"https:\/\/www.ifbaiano.edu.br\/unidades\/serrinha\/wp-json\/wp\/v2\/comments?post=7144"}],"version-history":[{"count":1,"href":"https:\/\/www.ifbaiano.edu.br\/unidades\/serrinha\/wp-json\/wp\/v2\/pages\/7144\/revisions"}],"predecessor-version":[{"id":7147,"href":"https:\/\/www.ifbaiano.edu.br\/unidades\/serrinha\/wp-json\/wp\/v2\/pages\/7144\/revisions\/7147"}],"wp:attachment":[{"href":"https:\/\/www.ifbaiano.edu.br\/unidades\/serrinha\/wp-json\/wp\/v2\/media?parent=7144"}],"curies":[{"name":"wp","href":"https:\/\/api.w.org\/{rel}","templated":true}]}}