{"id":7587,"date":"2023-08-17T14:03:25","date_gmt":"2023-08-17T17:03:25","guid":{"rendered":"https:\/\/www.ifbaiano.edu.br\/unidades\/serrinha\/?page_id=7587"},"modified":"2023-08-17T14:03:25","modified_gmt":"2023-08-17T17:03:25","slug":"documentos-norteadores-eptnm","status":"publish","type":"page","link":"https:\/\/www.ifbaiano.edu.br\/unidades\/serrinha\/documentos-norteadores-eptnm\/","title":{"rendered":"Documentos Norteadores &#8211; EPTNM"},"content":{"rendered":"\n<div class=\"wp-block-file\"><a id=\"wp-block-file--media-6888bed9-13c9-4d8b-88b6-f8ed9462dcbe\" href=\"https:\/\/www.ifbaiano.edu.br\/unidades\/serrinha\/files\/2023\/08\/Organizacao-didatica-atualizada-cursos-EPTNM.pdf\" target=\"_blank\" rel=\"noreferrer noopener\">Organiza\u00e7\u00e3o did\u00e1tica Cursos EPTNM &#8211; Vig\u00eancia a partir de 01\/08\/23<\/a><\/div>\n","protected":false},"excerpt":{"rendered":"","protected":false},"author":186,"featured_media":0,"parent":0,"menu_order":0,"comment_status":"closed","ping_status":"closed","template":"","meta":[],"_links":{"self":[{"href":"https:\/\/www.ifbaiano.edu.br\/unidades\/serrinha\/wp-json\/wp\/v2\/pages\/7587"}],"collection":[{"href":"https:\/\/www.ifbaiano.edu.br\/unidades\/serrinha\/wp-json\/wp\/v2\/pages"}],"about":[{"href":"https:\/\/www.ifbaiano.edu.br\/unidades\/serrinha\/wp-json\/wp\/v2\/types\/page"}],"author":[{"embeddable":true,"href":"https:\/\/www.ifbaiano.edu.br\/unidades\/serrinha\/wp-json\/wp\/v2\/users\/186"}],"replies":[{"embeddable":true,"href":"https:\/\/www.ifbaiano.edu.br\/unidades\/serrinha\/wp-json\/wp\/v2\/comments?post=7587"}],"version-history":[{"count":1,"href":"https:\/\/www.ifbaiano.edu.br\/unidades\/serrinha\/wp-json\/wp\/v2\/pages\/7587\/revisions"}],"predecessor-version":[{"id":7589,"href":"https:\/\/www.ifbaiano.edu.br\/unidades\/serrinha\/wp-json\/wp\/v2\/pages\/7587\/revisions\/7589"}],"wp:attachment":[{"href":"https:\/\/www.ifbaiano.edu.br\/unidades\/serrinha\/wp-json\/wp\/v2\/media?parent=7587"}],"curies":[{"name":"wp","href":"https:\/\/api.w.org\/{rel}","templated":true}]}}