{"id":7712,"date":"2023-10-06T14:50:01","date_gmt":"2023-10-06T17:50:01","guid":{"rendered":"https:\/\/www.ifbaiano.edu.br\/unidades\/serrinha\/?page_id=7712"},"modified":"2024-07-25T15:12:02","modified_gmt":"2024-07-25T18:12:02","slug":"ingresso-de-estudantes-2024-serrinha","status":"publish","type":"page","link":"https:\/\/www.ifbaiano.edu.br\/unidades\/serrinha\/ingresso-de-estudantes-2024-serrinha\/","title":{"rendered":"Ingresso de Estudantes 2024"},"content":{"rendered":"\n<p><em>PROCESSO SELETIVO PARA INGRESSO DE ESTUDANTES NOS CURSOS DA EDUCA\u00c7\u00c3O PROFISSIONAL T\u00c9CNICA DE N\u00cdVEL M\u00c9DIO, NA FORMA INTEGRADA AO ENSINO M\u00c9DIO, SUBSEQUENTE<\/em>&nbsp;E EaD<\/p>\n\n\n\n<p><strong>A DIRETORA-GERAL&nbsp; DO INSTITUTO FEDERAL DE EDUCA\u00c7\u00c3O, CI\u00caNCIA E TECNOLOGIA BAIANO \u2013 CAMPUS SERRINHA<\/strong>, no uso de suas atribui\u00e7\u00f5es legais torna p\u00fablica a abertura das inscri\u00e7\u00f5es do processo seletivo para ingresso em 2024. S\u00e3o ofertadas vagas para cursos de Educa\u00e7\u00e3o Profissional T\u00e9cnica para alunos que terminaram o ensino fundamental como tamb\u00e9m para concluintes do n\u00edvel m\u00e9dio e cursos na modalidade EaD.<\/p>\n\n\n\n<div id=\"TituloMenu\" class=\"dnone\" align=\"center\">NOSSOS CURSOS<\/div>\n\n\n\n<div style=\"height:20px\" aria-hidden=\"true\" class=\"wp-block-spacer\"><\/div>\n\n\n\n<div id=\"TituloMenu\" class=\"dnone\" align=\"center\">Cursos na modalidade Subsequente ao Ensino M\u00e9dio<\/div>\n\n\n\n<p><strong>Per\u00edodo de Inscri\u00e7\u00f5es: 01\/08\/2024 a 15\/08\/202<\/strong>4\u00a0(at\u00e9 \u00e0s\u00a0<strong>23h59<\/strong>, para as inscri\u00e7\u00f5es realizadas de forma\u00a0<strong>online<\/strong>, e at\u00e9 \u00e0s\u00a0<strong>14h<\/strong>, para as inscri\u00e7\u00f5es realizadas de forma\u00a0<strong>presencial<\/strong>\u00a0no Campus Serrinha).<\/p>\n\n\n\n<ul>\n<li><strong>Instrumento Musical\u00a0<\/strong>\u2013 20 vagas<\/li>\n\n\n\n<li><strong>Agropecu\u00e1ria\u00a0<\/strong>\u2013 40 vagas<\/li>\n<\/ul>\n\n\n\n<div class=\"wp-block-buttons is-layout-flex\">\n<div class=\"wp-block-button is-style-outline\"><a class=\"wp-block-button__link has-text-color wp-element-button\" href=\"https:\/\/concurso.ifbaiano.edu.br\/portal\/ingresso-subsequente-serrinha-julho-2024\/\" style=\"color:#03651a\" target=\"_blank\" rel=\"noreferrer noopener\"><strong>CLIQUE PARA INSCRI\u00c7\u00c3O E ACOMPANHAMENTO<\/strong><\/a><\/div>\n<\/div>\n\n\n\n<div style=\"height:20px\" aria-hidden=\"true\" class=\"wp-block-spacer\"><\/div>\n\n\n\n<div id=\"TituloMenu\" class=\"dnone\" align=\"center\">Cursos na modalidade Integrada ao Ensino M\u00e9dio<\/div>\n\n\n\n<p><strong>Per\u00edodo de Inscri\u00e7\u00f5es: 17\/10\/2023 a 05\/01\/202<\/strong>4&nbsp;(at\u00e9 \u00e0s&nbsp;<strong>23h59<\/strong>, para as inscri\u00e7\u00f5es realizadas de forma&nbsp;<strong>online<\/strong>, e at\u00e9 \u00e0s&nbsp;<strong>14h<\/strong>, para as inscri\u00e7\u00f5es realizadas de forma&nbsp;<strong>presencial<\/strong>&nbsp;no Campus Serrinha).<\/p>\n\n\n\n<ul>\n<li><strong>Agroecologia&nbsp;<\/strong>\u2013 40 vagas<\/li>\n\n\n\n<li><strong>Alimentos&nbsp;<\/strong>\u2013 40 vagas<\/li>\n<\/ul>\n\n\n\n<div class=\"wp-block-buttons is-layout-flex\">\n<div class=\"wp-block-button is-style-outline\"><a class=\"wp-block-button__link has-text-color wp-element-button\" href=\"https:\/\/concurso.ifbaiano.edu.br\/portal\/ingresso-2024-integrado-serrinha\/\" style=\"color:#03651a\" target=\"_blank\" rel=\"noreferrer noopener\"><strong>CLIQUE AQUI PARA INSCRI\u00c7\u00c3O E ACOMPANHAMENTO<\/strong><\/a><\/div>\n<\/div>\n\n\n\n<div style=\"height:20px\" aria-hidden=\"true\" class=\"wp-block-spacer\"><\/div>\n\n\n\n<div class=\"wp-block-buttons is-layout-flex\"><\/div>\n\n\n\n<div style=\"height:20px\" aria-hidden=\"true\" class=\"wp-block-spacer\"><\/div>\n\n\n\n<div id=\"TituloMenu\" class=\"dnone\" align=\"center\">Cursos na modalidade EaD (Educa\u00e7\u00e3o a Dist\u00e2ncia)<\/div>\n\n\n\n<p><strong>Per\u00edodo de Inscri\u00e7\u00f5es: 17\/10\/2023 a 17\/11\/2023<\/strong>&nbsp;(at\u00e9 \u00e0s&nbsp;<strong>23h59<\/strong>, para as inscri\u00e7\u00f5es realizadas de forma&nbsp;<strong>online<\/strong>, e at\u00e9 \u00e0s&nbsp;<strong>14h<\/strong>, para as inscri\u00e7\u00f5es realizadas de forma&nbsp;<strong>presencial<\/strong>&nbsp;no Campus Serrinha).<\/p>\n\n\n\n<ul>\n<li><strong>T\u00e9cnico em Secretaria Escolar (Polo Serrinha) &#8211; 40 Vagas<\/strong><\/li>\n\n\n\n<li><strong>T\u00e9cnico em Vendas<\/strong> <strong>(Polo Serrinha) &#8211; 40 Vagas<\/strong><\/li>\n\n\n\n<li><strong>T\u00e9cnico em Multimeios Did\u00e1ticos<\/strong> <strong>(Polo Serrinha) &#8211; 40 Vagas<\/strong><\/li>\n\n\n\n<li><strong>T\u00e9cnico em Inform\u00e1tica<\/strong> <strong>(Polo Serrinha) &#8211; 40 Vagas<\/strong><\/li>\n\n\n\n<li><strong>T\u00e9cnico em Secretaria Escolar (Polo Araci) &#8211; 40 Vagas<\/strong><\/li>\n<\/ul>\n\n\n\n<div class=\"wp-block-buttons is-layout-flex wp-container-4\">\n<div class=\"wp-block-button is-style-outline\"><a class=\"wp-block-button__link has-text-color wp-element-button\" href=\"https:\/\/concurso.ifbaiano.edu.br\/portal\/ingresso-2024-subsequente-ead-serrinha\/\" style=\"color:#03651a\" target=\"_blank\" rel=\"noreferrer noopener\"><strong>CLIQUE AQUI PARA INSCRI\u00c7\u00c3O E ACOMPANHAMENTO<\/strong><\/a><\/div>\n\n\n\n<div class=\"wp-block-button is-style-outline\"><a class=\"wp-block-button__link has-text-color wp-element-button\" href=\"https:\/\/concurso.ifbaiano.edu.br\/portal\/vagas-subsequente-ead-serrinha-fevereiro-2024\/\" style=\"color:#03651a\" target=\"_blank\" rel=\"noreferrer noopener\"><strong>CLIQUE AQUI PARA SE INSCREVER E ACOMPANHAR O EDITAL DE VAGAS REMANESCENTES<\/strong><\/a><\/div>\n<\/div>\n\n\n\n<div class=\"wp-block-buttons is-layout-flex\"><\/div>\n","protected":false},"excerpt":{"rendered":"<p>PROCESSO SELETIVO PARA INGRESSO DE ESTUDANTES NOS CURSOS DA EDUCA\u00c7\u00c3O PROFISSIONAL T\u00c9CNICA DE N\u00cdVEL M\u00c9DIO, NA FORMA INTEGRADA AO ENSINO M\u00c9DIO, SUBSEQUENTE&nbsp;E EaD A DIRETORA-GERAL&nbsp; DO INSTITUTO FEDERAL DE EDUCA\u00c7\u00c3O, CI\u00caNCIA E TECNOLOGIA BAIANO \u2013 CAMPUS SERRINHA, no uso de suas atribui\u00e7\u00f5es legais torna p\u00fablica a abertura das inscri\u00e7\u00f5es do processo seletivo para ingresso em [&hellip;]<\/p>\n","protected":false},"author":186,"featured_media":0,"parent":0,"menu_order":0,"comment_status":"closed","ping_status":"closed","template":"","meta":[],"_links":{"self":[{"href":"https:\/\/www.ifbaiano.edu.br\/unidades\/serrinha\/wp-json\/wp\/v2\/pages\/7712"}],"collection":[{"href":"https:\/\/www.ifbaiano.edu.br\/unidades\/serrinha\/wp-json\/wp\/v2\/pages"}],"about":[{"href":"https:\/\/www.ifbaiano.edu.br\/unidades\/serrinha\/wp-json\/wp\/v2\/types\/page"}],"author":[{"embeddable":true,"href":"https:\/\/www.ifbaiano.edu.br\/unidades\/serrinha\/wp-json\/wp\/v2\/users\/186"}],"replies":[{"embeddable":true,"href":"https:\/\/www.ifbaiano.edu.br\/unidades\/serrinha\/wp-json\/wp\/v2\/comments?post=7712"}],"version-history":[{"count":22,"href":"https:\/\/www.ifbaiano.edu.br\/unidades\/serrinha\/wp-json\/wp\/v2\/pages\/7712\/revisions"}],"predecessor-version":[{"id":8329,"href":"https:\/\/www.ifbaiano.edu.br\/unidades\/serrinha\/wp-json\/wp\/v2\/pages\/7712\/revisions\/8329"}],"wp:attachment":[{"href":"https:\/\/www.ifbaiano.edu.br\/unidades\/serrinha\/wp-json\/wp\/v2\/media?parent=7712"}],"curies":[{"name":"wp","href":"https:\/\/api.w.org\/{rel}","templated":true}]}}